{"id":411,"date":"2026-01-19T17:05:34","date_gmt":"2026-01-19T17:05:34","guid":{"rendered":"https:\/\/rialtohotel.ms3.decms.eu\/?page_id=411"},"modified":"2026-02-13T10:24:21","modified_gmt":"2026-02-13T10:24:21","slug":"camera-tripla","status":"publish","type":"page","link":"https:\/\/www.rialtohotel.com\/it\/ca-rialto-house\/camera-tripla\/","title":{"rendered":"Camera Tripla"},"content":{"rendered":"<p style=\"text-align: center;\">La Camera Tripla \u00e8 pensata per famiglie o amici che desiderano vivere Venezia insieme, senza rinunciare alla comodit\u00e0 e al fascino di una dimora storica.<\/p>\n<p style=\"text-align: center;\">Situata al primo piano con ingresso indipendente (senza ascensore), combina ampiezza e armonia con l\u2019eleganza dello stile veneziano del XVII secolo. Gli ambienti sono curati nei dettagli e offrono un\u2019atmosfera accogliente, ideale per condividere il soggiorno mantenendo comfort e funzionalit\u00e0.<\/p>\n<p style=\"text-align: center;\">Una soluzione pratica ma ricca di personalit\u00e0, perfetta per chi vuole sentirsi parte della citt\u00e0, non solo visitarla. La colazione non \u00e8 servita e non \u00e8 disponibile.<\/p>\n","protected":false},"excerpt":{"rendered":"<p>La Camera Tripla \u00e8 pensata per famiglie o amici che desiderano vivere Venezia insieme, senza rinunciare alla comodit\u00e0 e al fascino di una dimora storica. Situata al primo piano con ingresso indipendente (senza ascensore), combina ampiezza e armonia con l\u2019eleganza dello stile veneziano del XVII secolo. Gli ambienti sono curati nei dettagli e offrono un\u2019atmosfera [&hellip;]<\/p>\n","protected":false},"author":6,"featured_media":0,"parent":333,"menu_order":30,"comment_status":"closed","ping_status":"closed","template":"template-single-room.php","meta":{"footnotes":""},"class_list":["post-411","page","type-page","status-publish","hentry"],"yoast_head":"<!-- This site is optimized with the Yoast SEO plugin v26.9 - https:\/\/yoast.com\/product\/yoast-seo-wordpress\/ -->\n<title>Camera Tripla - Hotel Rialto -<\/title>\n<meta name=\"description\" content=\"La Camera Tripla \u00e8 pensata per famiglie o amici che desiderano vivere Venezia insieme, senza rinunciare alla comodit\u00e0 e al fascino di una dimora storica. Situata al primo piano con ingresso indipendente (senza ascensore), combina ampiezza e armonia con l\u2019eleganza dello stile veneziano del XVII secolo. Gli ambienti sono curati nei dettagli e offrono un\u2019atmosfera accogliente, ideale per condividere il soggiorno mantenendo comfort e funzionalit\u00e0. Una soluzione pratica ma ricca di personalit\u00e0, perfetta per chi vuole sentirsi parte della citt\u00e0, non solo visitarla\" \/>\n<meta name=\"robots\" content=\"index, follow, max-snippet:-1, max-image-preview:large, max-video-preview:-1\" \/>\n<link rel=\"canonical\" href=\"https:\/\/www.rialtohotel.com\/it\/ca-rialto-house\/camera-tripla\/\" \/>\n<meta property=\"og:locale\" content=\"it_IT\" \/>\n<meta property=\"og:type\" content=\"article\" \/>\n<meta property=\"og:title\" content=\"Camera Tripla - Hotel Rialto -\" \/>\n<meta property=\"og:description\" content=\"La Camera Tripla \u00e8 pensata per famiglie o amici che desiderano vivere Venezia insieme, senza rinunciare alla comodit\u00e0 e al fascino di una dimora storica. Situata al primo piano con ingresso indipendente (senza ascensore), combina ampiezza e armonia con l\u2019eleganza dello stile veneziano del XVII secolo. Gli ambienti sono curati nei dettagli e offrono un\u2019atmosfera accogliente, ideale per condividere il soggiorno mantenendo comfort e funzionalit\u00e0. Una soluzione pratica ma ricca di personalit\u00e0, perfetta per chi vuole sentirsi parte della citt\u00e0, non solo visitarla\" \/>\n<meta property=\"og:url\" content=\"https:\/\/www.rialtohotel.com\/it\/ca-rialto-house\/camera-tripla\/\" \/>\n<meta property=\"og:site_name\" content=\"Hotel Rialto\" \/>\n<meta property=\"article:modified_time\" content=\"2026-02-13T10:24:21+00:00\" \/>\n<meta name=\"twitter:card\" content=\"summary_large_image\" \/>\n<meta name=\"twitter:label1\" content=\"Est. reading time\" \/>\n\t<meta name=\"twitter:data1\" content=\"1 minuto\" \/>\n<script type=\"application\/ld+json\" class=\"yoast-schema-graph\">{\"@context\":\"https:\/\/schema.org\",\"@graph\":[{\"@type\":\"WebPage\",\"@id\":\"https:\/\/www.rialtohotel.com\/it\/ca-rialto-house\/camera-tripla\/\",\"url\":\"https:\/\/www.rialtohotel.com\/it\/ca-rialto-house\/camera-tripla\/\",\"name\":\"Camera Tripla - Hotel Rialto -\",\"isPartOf\":{\"@id\":\"https:\/\/www.rialtohotel.com\/it\/#website\"},\"datePublished\":\"2026-01-19T17:05:34+00:00\",\"dateModified\":\"2026-02-13T10:24:21+00:00\",\"description\":\"La Camera Tripla \u00e8 pensata per famiglie o amici che desiderano vivere Venezia insieme, senza rinunciare alla comodit\u00e0 e al fascino di una dimora storica. Situata al primo piano con ingresso indipendente (senza ascensore), combina ampiezza e armonia con l\u2019eleganza dello stile veneziano del XVII secolo. Gli ambienti sono curati nei dettagli e offrono un\u2019atmosfera accogliente, ideale per condividere il soggiorno mantenendo comfort e funzionalit\u00e0. Una soluzione pratica ma ricca di personalit\u00e0, perfetta per chi vuole sentirsi parte della citt\u00e0, non solo visitarla\",\"breadcrumb\":{\"@id\":\"https:\/\/www.rialtohotel.com\/it\/ca-rialto-house\/camera-tripla\/#breadcrumb\"},\"inLanguage\":\"it-IT\",\"potentialAction\":[{\"@type\":\"ReadAction\",\"target\":[\"https:\/\/www.rialtohotel.com\/it\/ca-rialto-house\/camera-tripla\/\"]}]},{\"@type\":\"BreadcrumbList\",\"@id\":\"https:\/\/www.rialtohotel.com\/it\/ca-rialto-house\/camera-tripla\/#breadcrumb\",\"itemListElement\":[{\"@type\":\"ListItem\",\"position\":1,\"name\":\"Home\",\"item\":\"https:\/\/www.rialtohotel.com\/it\/\"},{\"@type\":\"ListItem\",\"position\":2,\"name\":\"C\u00e0 Rialto House\",\"item\":\"https:\/\/www.rialtohotel.com\/it\/ca-rialto-house\/\"},{\"@type\":\"ListItem\",\"position\":3,\"name\":\"Camera Tripla\"}]},{\"@type\":\"WebSite\",\"@id\":\"https:\/\/www.rialtohotel.com\/it\/#website\",\"url\":\"https:\/\/www.rialtohotel.com\/it\/\",\"name\":\"Hotel Rialto\",\"description\":\"\",\"publisher\":{\"@id\":\"https:\/\/www.rialtohotel.com\/it\/#organization\"},\"potentialAction\":[{\"@type\":\"SearchAction\",\"target\":{\"@type\":\"EntryPoint\",\"urlTemplate\":\"https:\/\/www.rialtohotel.com\/it\/?s={search_term_string}\"},\"query-input\":{\"@type\":\"PropertyValueSpecification\",\"valueRequired\":true,\"valueName\":\"search_term_string\"}}],\"inLanguage\":\"it-IT\"},{\"@type\":\"Organization\",\"@id\":\"https:\/\/www.rialtohotel.com\/it\/#organization\",\"name\":\"Hotel Rialto\",\"url\":\"https:\/\/www.rialtohotel.com\/it\/\",\"logo\":{\"@type\":\"ImageObject\",\"inLanguage\":\"it-IT\",\"@id\":\"https:\/\/www.rialtohotel.com\/it\/#\/schema\/logo\/image\/\",\"url\":\"https:\/\/www.rialtohotel.com\/wp-content\/uploads\/sites\/47\/2026\/01\/hotel_rialto_logo_c.svg\",\"contentUrl\":\"https:\/\/www.rialtohotel.com\/wp-content\/uploads\/sites\/47\/2026\/01\/hotel_rialto_logo_c.svg\",\"width\":511,\"height\":193,\"caption\":\"Hotel Rialto\"},\"image\":{\"@id\":\"https:\/\/www.rialtohotel.com\/it\/#\/schema\/logo\/image\/\"}}]}<\/script>\n<!-- \/ Yoast SEO plugin. -->","yoast_head_json":{"title":"Camera Tripla - Hotel Rialto -","description":"La Camera Tripla \u00e8 pensata per famiglie o amici che desiderano vivere Venezia insieme, senza rinunciare alla comodit\u00e0 e al fascino di una dimora storica. Situata al primo piano con ingresso indipendente (senza ascensore), combina ampiezza e armonia con l\u2019eleganza dello stile veneziano del XVII secolo. Gli ambienti sono curati nei dettagli e offrono un\u2019atmosfera accogliente, ideale per condividere il soggiorno mantenendo comfort e funzionalit\u00e0. Una soluzione pratica ma ricca di personalit\u00e0, perfetta per chi vuole sentirsi parte della citt\u00e0, non solo visitarla","robots":{"index":"index","follow":"follow","max-snippet":"max-snippet:-1","max-image-preview":"max-image-preview:large","max-video-preview":"max-video-preview:-1"},"canonical":"https:\/\/www.rialtohotel.com\/it\/ca-rialto-house\/camera-tripla\/","og_locale":"it_IT","og_type":"article","og_title":"Camera Tripla - Hotel Rialto -","og_description":"La Camera Tripla \u00e8 pensata per famiglie o amici che desiderano vivere Venezia insieme, senza rinunciare alla comodit\u00e0 e al fascino di una dimora storica. Situata al primo piano con ingresso indipendente (senza ascensore), combina ampiezza e armonia con l\u2019eleganza dello stile veneziano del XVII secolo. Gli ambienti sono curati nei dettagli e offrono un\u2019atmosfera accogliente, ideale per condividere il soggiorno mantenendo comfort e funzionalit\u00e0. Una soluzione pratica ma ricca di personalit\u00e0, perfetta per chi vuole sentirsi parte della citt\u00e0, non solo visitarla","og_url":"https:\/\/www.rialtohotel.com\/it\/ca-rialto-house\/camera-tripla\/","og_site_name":"Hotel Rialto","article_modified_time":"2026-02-13T10:24:21+00:00","twitter_card":"summary_large_image","twitter_misc":{"Est. reading time":"1 minuto"},"schema":{"@context":"https:\/\/schema.org","@graph":[{"@type":"WebPage","@id":"https:\/\/www.rialtohotel.com\/it\/ca-rialto-house\/camera-tripla\/","url":"https:\/\/www.rialtohotel.com\/it\/ca-rialto-house\/camera-tripla\/","name":"Camera Tripla - Hotel Rialto -","isPartOf":{"@id":"https:\/\/www.rialtohotel.com\/it\/#website"},"datePublished":"2026-01-19T17:05:34+00:00","dateModified":"2026-02-13T10:24:21+00:00","description":"La Camera Tripla \u00e8 pensata per famiglie o amici che desiderano vivere Venezia insieme, senza rinunciare alla comodit\u00e0 e al fascino di una dimora storica. Situata al primo piano con ingresso indipendente (senza ascensore), combina ampiezza e armonia con l\u2019eleganza dello stile veneziano del XVII secolo. Gli ambienti sono curati nei dettagli e offrono un\u2019atmosfera accogliente, ideale per condividere il soggiorno mantenendo comfort e funzionalit\u00e0. Una soluzione pratica ma ricca di personalit\u00e0, perfetta per chi vuole sentirsi parte della citt\u00e0, non solo visitarla","breadcrumb":{"@id":"https:\/\/www.rialtohotel.com\/it\/ca-rialto-house\/camera-tripla\/#breadcrumb"},"inLanguage":"it-IT","potentialAction":[{"@type":"ReadAction","target":["https:\/\/www.rialtohotel.com\/it\/ca-rialto-house\/camera-tripla\/"]}]},{"@type":"BreadcrumbList","@id":"https:\/\/www.rialtohotel.com\/it\/ca-rialto-house\/camera-tripla\/#breadcrumb","itemListElement":[{"@type":"ListItem","position":1,"name":"Home","item":"https:\/\/www.rialtohotel.com\/it\/"},{"@type":"ListItem","position":2,"name":"C\u00e0 Rialto House","item":"https:\/\/www.rialtohotel.com\/it\/ca-rialto-house\/"},{"@type":"ListItem","position":3,"name":"Camera Tripla"}]},{"@type":"WebSite","@id":"https:\/\/www.rialtohotel.com\/it\/#website","url":"https:\/\/www.rialtohotel.com\/it\/","name":"Hotel Rialto","description":"","publisher":{"@id":"https:\/\/www.rialtohotel.com\/it\/#organization"},"potentialAction":[{"@type":"SearchAction","target":{"@type":"EntryPoint","urlTemplate":"https:\/\/www.rialtohotel.com\/it\/?s={search_term_string}"},"query-input":{"@type":"PropertyValueSpecification","valueRequired":true,"valueName":"search_term_string"}}],"inLanguage":"it-IT"},{"@type":"Organization","@id":"https:\/\/www.rialtohotel.com\/it\/#organization","name":"Hotel Rialto","url":"https:\/\/www.rialtohotel.com\/it\/","logo":{"@type":"ImageObject","inLanguage":"it-IT","@id":"https:\/\/www.rialtohotel.com\/it\/#\/schema\/logo\/image\/","url":"https:\/\/www.rialtohotel.com\/wp-content\/uploads\/sites\/47\/2026\/01\/hotel_rialto_logo_c.svg","contentUrl":"https:\/\/www.rialtohotel.com\/wp-content\/uploads\/sites\/47\/2026\/01\/hotel_rialto_logo_c.svg","width":511,"height":193,"caption":"Hotel Rialto"},"image":{"@id":"https:\/\/www.rialtohotel.com\/it\/#\/schema\/logo\/image\/"}}]}},"acf":[],"_links":{"self":[{"href":"https:\/\/www.rialtohotel.com\/it\/wp-json\/wp\/v2\/pages\/411","targetHints":{"allow":["GET"]}}],"collection":[{"href":"https:\/\/www.rialtohotel.com\/it\/wp-json\/wp\/v2\/pages"}],"about":[{"href":"https:\/\/www.rialtohotel.com\/it\/wp-json\/wp\/v2\/types\/page"}],"author":[{"embeddable":true,"href":"https:\/\/www.rialtohotel.com\/it\/wp-json\/wp\/v2\/users\/6"}],"replies":[{"embeddable":true,"href":"https:\/\/www.rialtohotel.com\/it\/wp-json\/wp\/v2\/comments?post=411"}],"version-history":[{"count":0,"href":"https:\/\/www.rialtohotel.com\/it\/wp-json\/wp\/v2\/pages\/411\/revisions"}],"up":[{"embeddable":true,"href":"https:\/\/www.rialtohotel.com\/it\/wp-json\/wp\/v2\/pages\/333"}],"wp:attachment":[{"href":"https:\/\/www.rialtohotel.com\/it\/wp-json\/wp\/v2\/media?parent=411"}],"curies":[{"name":"wp","href":"https:\/\/api.w.org\/{rel}","templated":true}]}}