{"id":400,"date":"2026-01-27T16:38:12","date_gmt":"2026-01-27T16:38:12","guid":{"rendered":"https:\/\/rialtohotel.ms3.decms.eu\/?page_id=400"},"modified":"2026-02-13T10:24:24","modified_gmt":"2026-02-13T10:24:24","slug":"camera-singola","status":"publish","type":"page","link":"https:\/\/www.rialtohotel.com\/it\/ca-rialto-house\/camera-singola\/","title":{"rendered":"Camera Singola"},"content":{"rendered":"<p style=\"text-align: center;\">La Camera Singola di Ca\u2019 Rialto House \u00e8 pensata per chi viaggia da solo e desidera un ambiente raccolto, silenzioso e ricco di carattere. Situata al primo piano con ingresso indipendente (senza ascensore), conserva il fascino dello stile veneziano del XVII secolo, con dettagli eleganti e un\u2019atmosfera intima.<\/p>\n<p style=\"text-align: center;\">\u00c8 la scelta ideale per soggiorni brevi, viaggi di lavoro o per chi ama esplorare la citt\u00e0 in autonomia, rientrando la sera in uno spazio accogliente e riservato. La colazione non \u00e8 servita e non \u00e8 disponibile.<\/p>\n","protected":false},"excerpt":{"rendered":"<p>La Camera Singola di Ca\u2019 Rialto House \u00e8 pensata per chi viaggia da solo e desidera un ambiente raccolto, silenzioso e ricco di carattere. Situata al primo piano con ingresso indipendente (senza ascensore), conserva il fascino dello stile veneziano del XVII secolo, con dettagli eleganti e un\u2019atmosfera intima. \u00c8 la scelta ideale per soggiorni brevi, [&hellip;]<\/p>\n","protected":false},"author":6,"featured_media":0,"parent":333,"menu_order":10,"comment_status":"closed","ping_status":"closed","template":"template-single-room.php","meta":{"footnotes":""},"class_list":["post-400","page","type-page","status-publish","hentry"],"yoast_head":"<!-- This site is optimized with the Yoast SEO plugin v26.9 - https:\/\/yoast.com\/product\/yoast-seo-wordpress\/ -->\n<title>Camera Singola - Hotel Rialto -<\/title>\n<meta name=\"description\" content=\"La Camera Singola di Ca\u2019 Rialto House \u00e8 pensata per chi viaggia da solo e desidera un ambiente raccolto, silenzioso e ricco di carattere. Situata al primo piano con ingresso indipendente (senza ascensore), conserva il fascino dello stile veneziano del XVII secolo, con dettagli eleganti e un\u2019atmosfera intima. \u00c8 la scelta ideale per soggiorni brevi, viaggi di lavoro o per chi ama esplorare la citt\u00e0 in autonomia, rientrando la sera in uno spazio accogliente e riservato\" \/>\n<meta name=\"robots\" content=\"index, follow, max-snippet:-1, max-image-preview:large, max-video-preview:-1\" \/>\n<link rel=\"canonical\" href=\"https:\/\/www.rialtohotel.com\/it\/ca-rialto-house\/camera-singola\/\" \/>\n<meta property=\"og:locale\" content=\"it_IT\" \/>\n<meta property=\"og:type\" content=\"article\" \/>\n<meta property=\"og:title\" content=\"Camera Singola - Hotel Rialto -\" \/>\n<meta property=\"og:description\" content=\"La Camera Singola di Ca\u2019 Rialto House \u00e8 pensata per chi viaggia da solo e desidera un ambiente raccolto, silenzioso e ricco di carattere. Situata al primo piano con ingresso indipendente (senza ascensore), conserva il fascino dello stile veneziano del XVII secolo, con dettagli eleganti e un\u2019atmosfera intima. \u00c8 la scelta ideale per soggiorni brevi, viaggi di lavoro o per chi ama esplorare la citt\u00e0 in autonomia, rientrando la sera in uno spazio accogliente e riservato\" \/>\n<meta property=\"og:url\" content=\"https:\/\/www.rialtohotel.com\/it\/ca-rialto-house\/camera-singola\/\" \/>\n<meta property=\"og:site_name\" content=\"Hotel Rialto\" \/>\n<meta property=\"article:modified_time\" content=\"2026-02-13T10:24:24+00:00\" \/>\n<meta name=\"twitter:card\" content=\"summary_large_image\" \/>\n<meta name=\"twitter:label1\" content=\"Est. reading time\" \/>\n\t<meta name=\"twitter:data1\" content=\"1 minuto\" \/>\n<script type=\"application\/ld+json\" class=\"yoast-schema-graph\">{\"@context\":\"https:\/\/schema.org\",\"@graph\":[{\"@type\":\"WebPage\",\"@id\":\"https:\/\/www.rialtohotel.com\/it\/ca-rialto-house\/camera-singola\/\",\"url\":\"https:\/\/www.rialtohotel.com\/it\/ca-rialto-house\/camera-singola\/\",\"name\":\"Camera Singola - Hotel Rialto -\",\"isPartOf\":{\"@id\":\"https:\/\/www.rialtohotel.com\/it\/#website\"},\"datePublished\":\"2026-01-27T16:38:12+00:00\",\"dateModified\":\"2026-02-13T10:24:24+00:00\",\"description\":\"La Camera Singola di Ca\u2019 Rialto House \u00e8 pensata per chi viaggia da solo e desidera un ambiente raccolto, silenzioso e ricco di carattere. Situata al primo piano con ingresso indipendente (senza ascensore), conserva il fascino dello stile veneziano del XVII secolo, con dettagli eleganti e un\u2019atmosfera intima. \u00c8 la scelta ideale per soggiorni brevi, viaggi di lavoro o per chi ama esplorare la citt\u00e0 in autonomia, rientrando la sera in uno spazio accogliente e riservato\",\"breadcrumb\":{\"@id\":\"https:\/\/www.rialtohotel.com\/it\/ca-rialto-house\/camera-singola\/#breadcrumb\"},\"inLanguage\":\"it-IT\",\"potentialAction\":[{\"@type\":\"ReadAction\",\"target\":[\"https:\/\/www.rialtohotel.com\/it\/ca-rialto-house\/camera-singola\/\"]}]},{\"@type\":\"BreadcrumbList\",\"@id\":\"https:\/\/www.rialtohotel.com\/it\/ca-rialto-house\/camera-singola\/#breadcrumb\",\"itemListElement\":[{\"@type\":\"ListItem\",\"position\":1,\"name\":\"Home\",\"item\":\"https:\/\/www.rialtohotel.com\/it\/\"},{\"@type\":\"ListItem\",\"position\":2,\"name\":\"C\u00e0 Rialto House\",\"item\":\"https:\/\/www.rialtohotel.com\/it\/ca-rialto-house\/\"},{\"@type\":\"ListItem\",\"position\":3,\"name\":\"Camera Singola\"}]},{\"@type\":\"WebSite\",\"@id\":\"https:\/\/www.rialtohotel.com\/it\/#website\",\"url\":\"https:\/\/www.rialtohotel.com\/it\/\",\"name\":\"Hotel Rialto\",\"description\":\"\",\"publisher\":{\"@id\":\"https:\/\/www.rialtohotel.com\/it\/#organization\"},\"potentialAction\":[{\"@type\":\"SearchAction\",\"target\":{\"@type\":\"EntryPoint\",\"urlTemplate\":\"https:\/\/www.rialtohotel.com\/it\/?s={search_term_string}\"},\"query-input\":{\"@type\":\"PropertyValueSpecification\",\"valueRequired\":true,\"valueName\":\"search_term_string\"}}],\"inLanguage\":\"it-IT\"},{\"@type\":\"Organization\",\"@id\":\"https:\/\/www.rialtohotel.com\/it\/#organization\",\"name\":\"Hotel Rialto\",\"url\":\"https:\/\/www.rialtohotel.com\/it\/\",\"logo\":{\"@type\":\"ImageObject\",\"inLanguage\":\"it-IT\",\"@id\":\"https:\/\/www.rialtohotel.com\/it\/#\/schema\/logo\/image\/\",\"url\":\"https:\/\/www.rialtohotel.com\/wp-content\/uploads\/sites\/47\/2026\/01\/hotel_rialto_logo_c.svg\",\"contentUrl\":\"https:\/\/www.rialtohotel.com\/wp-content\/uploads\/sites\/47\/2026\/01\/hotel_rialto_logo_c.svg\",\"width\":511,\"height\":193,\"caption\":\"Hotel Rialto\"},\"image\":{\"@id\":\"https:\/\/www.rialtohotel.com\/it\/#\/schema\/logo\/image\/\"}}]}<\/script>\n<!-- \/ Yoast SEO plugin. -->","yoast_head_json":{"title":"Camera Singola - Hotel Rialto -","description":"La Camera Singola di Ca\u2019 Rialto House \u00e8 pensata per chi viaggia da solo e desidera un ambiente raccolto, silenzioso e ricco di carattere. Situata al primo piano con ingresso indipendente (senza ascensore), conserva il fascino dello stile veneziano del XVII secolo, con dettagli eleganti e un\u2019atmosfera intima. \u00c8 la scelta ideale per soggiorni brevi, viaggi di lavoro o per chi ama esplorare la citt\u00e0 in autonomia, rientrando la sera in uno spazio accogliente e riservato","robots":{"index":"index","follow":"follow","max-snippet":"max-snippet:-1","max-image-preview":"max-image-preview:large","max-video-preview":"max-video-preview:-1"},"canonical":"https:\/\/www.rialtohotel.com\/it\/ca-rialto-house\/camera-singola\/","og_locale":"it_IT","og_type":"article","og_title":"Camera Singola - Hotel Rialto -","og_description":"La Camera Singola di Ca\u2019 Rialto House \u00e8 pensata per chi viaggia da solo e desidera un ambiente raccolto, silenzioso e ricco di carattere. Situata al primo piano con ingresso indipendente (senza ascensore), conserva il fascino dello stile veneziano del XVII secolo, con dettagli eleganti e un\u2019atmosfera intima. \u00c8 la scelta ideale per soggiorni brevi, viaggi di lavoro o per chi ama esplorare la citt\u00e0 in autonomia, rientrando la sera in uno spazio accogliente e riservato","og_url":"https:\/\/www.rialtohotel.com\/it\/ca-rialto-house\/camera-singola\/","og_site_name":"Hotel Rialto","article_modified_time":"2026-02-13T10:24:24+00:00","twitter_card":"summary_large_image","twitter_misc":{"Est. reading time":"1 minuto"},"schema":{"@context":"https:\/\/schema.org","@graph":[{"@type":"WebPage","@id":"https:\/\/www.rialtohotel.com\/it\/ca-rialto-house\/camera-singola\/","url":"https:\/\/www.rialtohotel.com\/it\/ca-rialto-house\/camera-singola\/","name":"Camera Singola - Hotel Rialto -","isPartOf":{"@id":"https:\/\/www.rialtohotel.com\/it\/#website"},"datePublished":"2026-01-27T16:38:12+00:00","dateModified":"2026-02-13T10:24:24+00:00","description":"La Camera Singola di Ca\u2019 Rialto House \u00e8 pensata per chi viaggia da solo e desidera un ambiente raccolto, silenzioso e ricco di carattere. Situata al primo piano con ingresso indipendente (senza ascensore), conserva il fascino dello stile veneziano del XVII secolo, con dettagli eleganti e un\u2019atmosfera intima. \u00c8 la scelta ideale per soggiorni brevi, viaggi di lavoro o per chi ama esplorare la citt\u00e0 in autonomia, rientrando la sera in uno spazio accogliente e riservato","breadcrumb":{"@id":"https:\/\/www.rialtohotel.com\/it\/ca-rialto-house\/camera-singola\/#breadcrumb"},"inLanguage":"it-IT","potentialAction":[{"@type":"ReadAction","target":["https:\/\/www.rialtohotel.com\/it\/ca-rialto-house\/camera-singola\/"]}]},{"@type":"BreadcrumbList","@id":"https:\/\/www.rialtohotel.com\/it\/ca-rialto-house\/camera-singola\/#breadcrumb","itemListElement":[{"@type":"ListItem","position":1,"name":"Home","item":"https:\/\/www.rialtohotel.com\/it\/"},{"@type":"ListItem","position":2,"name":"C\u00e0 Rialto House","item":"https:\/\/www.rialtohotel.com\/it\/ca-rialto-house\/"},{"@type":"ListItem","position":3,"name":"Camera Singola"}]},{"@type":"WebSite","@id":"https:\/\/www.rialtohotel.com\/it\/#website","url":"https:\/\/www.rialtohotel.com\/it\/","name":"Hotel Rialto","description":"","publisher":{"@id":"https:\/\/www.rialtohotel.com\/it\/#organization"},"potentialAction":[{"@type":"SearchAction","target":{"@type":"EntryPoint","urlTemplate":"https:\/\/www.rialtohotel.com\/it\/?s={search_term_string}"},"query-input":{"@type":"PropertyValueSpecification","valueRequired":true,"valueName":"search_term_string"}}],"inLanguage":"it-IT"},{"@type":"Organization","@id":"https:\/\/www.rialtohotel.com\/it\/#organization","name":"Hotel Rialto","url":"https:\/\/www.rialtohotel.com\/it\/","logo":{"@type":"ImageObject","inLanguage":"it-IT","@id":"https:\/\/www.rialtohotel.com\/it\/#\/schema\/logo\/image\/","url":"https:\/\/www.rialtohotel.com\/wp-content\/uploads\/sites\/47\/2026\/01\/hotel_rialto_logo_c.svg","contentUrl":"https:\/\/www.rialtohotel.com\/wp-content\/uploads\/sites\/47\/2026\/01\/hotel_rialto_logo_c.svg","width":511,"height":193,"caption":"Hotel Rialto"},"image":{"@id":"https:\/\/www.rialtohotel.com\/it\/#\/schema\/logo\/image\/"}}]}},"acf":[],"_links":{"self":[{"href":"https:\/\/www.rialtohotel.com\/it\/wp-json\/wp\/v2\/pages\/400","targetHints":{"allow":["GET"]}}],"collection":[{"href":"https:\/\/www.rialtohotel.com\/it\/wp-json\/wp\/v2\/pages"}],"about":[{"href":"https:\/\/www.rialtohotel.com\/it\/wp-json\/wp\/v2\/types\/page"}],"author":[{"embeddable":true,"href":"https:\/\/www.rialtohotel.com\/it\/wp-json\/wp\/v2\/users\/6"}],"replies":[{"embeddable":true,"href":"https:\/\/www.rialtohotel.com\/it\/wp-json\/wp\/v2\/comments?post=400"}],"version-history":[{"count":0,"href":"https:\/\/www.rialtohotel.com\/it\/wp-json\/wp\/v2\/pages\/400\/revisions"}],"up":[{"embeddable":true,"href":"https:\/\/www.rialtohotel.com\/it\/wp-json\/wp\/v2\/pages\/333"}],"wp:attachment":[{"href":"https:\/\/www.rialtohotel.com\/it\/wp-json\/wp\/v2\/media?parent=400"}],"curies":[{"name":"wp","href":"https:\/\/api.w.org\/{rel}","templated":true}]}}