{"id":348,"date":"2026-02-04T09:43:49","date_gmt":"2026-02-04T09:43:49","guid":{"rendered":"https:\/\/rialtohotel.ms3.decms.eu\/?page_id=348"},"modified":"2026-02-11T10:10:36","modified_gmt":"2026-02-11T10:10:36","slug":"studio-executive","status":"publish","type":"page","link":"https:\/\/www.rialtohotel.com\/it\/rialto-studios\/studio-executive\/","title":{"rendered":"Studio Executive"},"content":{"rendered":"<p>Accoglienti e lussuosi appartamenti vacanza a Venezia, con vista sulla calle, coccolati da tutti i comfort: cosa c\u2019\u00e8 di meglio per una fuga romantica nella citt\u00e0 pi\u00f9 bella del mondo?<\/p>\n<p>Prenotate subito, in questi appartamenti di lusso farete innamorare la vostra Lei o il vostro Lui.<\/p>\n<p>Miglior prezzo online garantito!<\/p>\n<p>Caratteristiche e dotazioni: Appartamenti per due persone, 47 mq, composti da soggiorno con angolo cottura, camera da letto, bagno con vasca.<\/p>\n","protected":false},"excerpt":{"rendered":"<p>Accoglienti e lussuosi appartamenti vacanza a Venezia, con vista sulla calle, coccolati da tutti i comfort: cosa c\u2019\u00e8 di meglio per una fuga romantica nella citt\u00e0 pi\u00f9 bella del mondo? Prenotate subito, in questi appartamenti di lusso farete innamorare la vostra Lei o il vostro Lui. Miglior prezzo online garantito! Caratteristiche e dotazioni: Appartamenti per [&hellip;]<\/p>\n","protected":false},"author":6,"featured_media":0,"parent":338,"menu_order":10,"comment_status":"closed","ping_status":"closed","template":"template-single-room.php","meta":{"footnotes":""},"class_list":["post-348","page","type-page","status-publish","hentry"],"yoast_head":"<!-- This site is optimized with the Yoast SEO plugin v26.9 - https:\/\/yoast.com\/product\/yoast-seo-wordpress\/ -->\n<title>Studio Executive - Hotel Rialto -<\/title>\n<meta name=\"description\" content=\"Accoglienti e lussuosi appartamenti vacanza a Venezia, con vista sulla calle, coccolati da tutti i comfort: cosa c\u2019\u00e8 di meglio per una fuga romantica nella citt\u00e0 pi\u00f9 bella del mondo?  Prenotate subito, in questi appartamenti di lusso farete innamorare la vostra Lei o il vostro Lui.  Miglior prezzo online garantito!  Caratteristiche e dotazioni: Appartamenti per due persone, 47 mq, composti da soggiorno con angolo cottura, camera da letto, bagno con vasca..\" \/>\n<meta name=\"robots\" content=\"index, follow, max-snippet:-1, max-image-preview:large, max-video-preview:-1\" \/>\n<link rel=\"canonical\" href=\"https:\/\/www.rialtohotel.com\/it\/rialto-studios\/studio-executive\/\" \/>\n<meta property=\"og:locale\" content=\"it_IT\" \/>\n<meta property=\"og:type\" content=\"article\" \/>\n<meta property=\"og:title\" content=\"Studio Executive - Hotel Rialto -\" \/>\n<meta property=\"og:description\" content=\"Accoglienti e lussuosi appartamenti vacanza a Venezia, con vista sulla calle, coccolati da tutti i comfort: cosa c\u2019\u00e8 di meglio per una fuga romantica nella citt\u00e0 pi\u00f9 bella del mondo?  Prenotate subito, in questi appartamenti di lusso farete innamorare la vostra Lei o il vostro Lui.  Miglior prezzo online garantito!  Caratteristiche e dotazioni: Appartamenti per due persone, 47 mq, composti da soggiorno con angolo cottura, camera da letto, bagno con vasca..\" \/>\n<meta property=\"og:url\" content=\"https:\/\/www.rialtohotel.com\/it\/rialto-studios\/studio-executive\/\" \/>\n<meta property=\"og:site_name\" content=\"Hotel Rialto\" \/>\n<meta property=\"article:modified_time\" content=\"2026-02-11T10:10:36+00:00\" \/>\n<meta name=\"twitter:card\" content=\"summary_large_image\" \/>\n<meta name=\"twitter:label1\" content=\"Est. reading time\" \/>\n\t<meta name=\"twitter:data1\" content=\"1 minuto\" \/>\n<script type=\"application\/ld+json\" class=\"yoast-schema-graph\">{\"@context\":\"https:\/\/schema.org\",\"@graph\":[{\"@type\":\"WebPage\",\"@id\":\"https:\/\/www.rialtohotel.com\/it\/rialto-studios\/studio-executive\/\",\"url\":\"https:\/\/www.rialtohotel.com\/it\/rialto-studios\/studio-executive\/\",\"name\":\"Studio Executive - Hotel Rialto -\",\"isPartOf\":{\"@id\":\"https:\/\/www.rialtohotel.com\/it\/#website\"},\"datePublished\":\"2026-02-04T09:43:49+00:00\",\"dateModified\":\"2026-02-11T10:10:36+00:00\",\"description\":\"Accoglienti e lussuosi appartamenti vacanza a Venezia, con vista sulla calle, coccolati da tutti i comfort: cosa c\u2019\u00e8 di meglio per una fuga romantica nella citt\u00e0 pi\u00f9 bella del mondo? Prenotate subito, in questi appartamenti di lusso farete innamorare la vostra Lei o il vostro Lui. Miglior prezzo online garantito! Caratteristiche e dotazioni: Appartamenti per due persone, 47 mq, composti da soggiorno con angolo cottura, camera da letto, bagno con vasca..\",\"breadcrumb\":{\"@id\":\"https:\/\/www.rialtohotel.com\/it\/rialto-studios\/studio-executive\/#breadcrumb\"},\"inLanguage\":\"it-IT\",\"potentialAction\":[{\"@type\":\"ReadAction\",\"target\":[\"https:\/\/www.rialtohotel.com\/it\/rialto-studios\/studio-executive\/\"]}]},{\"@type\":\"BreadcrumbList\",\"@id\":\"https:\/\/www.rialtohotel.com\/it\/rialto-studios\/studio-executive\/#breadcrumb\",\"itemListElement\":[{\"@type\":\"ListItem\",\"position\":1,\"name\":\"Home\",\"item\":\"https:\/\/www.rialtohotel.com\/it\/\"},{\"@type\":\"ListItem\",\"position\":2,\"name\":\"Rialto Studios\",\"item\":\"https:\/\/www.rialtohotel.com\/it\/rialto-studios\/\"},{\"@type\":\"ListItem\",\"position\":3,\"name\":\"Studio Executive\"}]},{\"@type\":\"WebSite\",\"@id\":\"https:\/\/www.rialtohotel.com\/it\/#website\",\"url\":\"https:\/\/www.rialtohotel.com\/it\/\",\"name\":\"Hotel Rialto\",\"description\":\"\",\"publisher\":{\"@id\":\"https:\/\/www.rialtohotel.com\/it\/#organization\"},\"potentialAction\":[{\"@type\":\"SearchAction\",\"target\":{\"@type\":\"EntryPoint\",\"urlTemplate\":\"https:\/\/www.rialtohotel.com\/it\/?s={search_term_string}\"},\"query-input\":{\"@type\":\"PropertyValueSpecification\",\"valueRequired\":true,\"valueName\":\"search_term_string\"}}],\"inLanguage\":\"it-IT\"},{\"@type\":\"Organization\",\"@id\":\"https:\/\/www.rialtohotel.com\/it\/#organization\",\"name\":\"Hotel Rialto\",\"url\":\"https:\/\/www.rialtohotel.com\/it\/\",\"logo\":{\"@type\":\"ImageObject\",\"inLanguage\":\"it-IT\",\"@id\":\"https:\/\/www.rialtohotel.com\/it\/#\/schema\/logo\/image\/\",\"url\":\"https:\/\/www.rialtohotel.com\/wp-content\/uploads\/sites\/47\/2026\/01\/hotel_rialto_logo_c.svg\",\"contentUrl\":\"https:\/\/www.rialtohotel.com\/wp-content\/uploads\/sites\/47\/2026\/01\/hotel_rialto_logo_c.svg\",\"width\":511,\"height\":193,\"caption\":\"Hotel Rialto\"},\"image\":{\"@id\":\"https:\/\/www.rialtohotel.com\/it\/#\/schema\/logo\/image\/\"}}]}<\/script>\n<!-- \/ Yoast SEO plugin. -->","yoast_head_json":{"title":"Studio Executive - Hotel Rialto -","description":"Accoglienti e lussuosi appartamenti vacanza a Venezia, con vista sulla calle, coccolati da tutti i comfort: cosa c\u2019\u00e8 di meglio per una fuga romantica nella citt\u00e0 pi\u00f9 bella del mondo?  Prenotate subito, in questi appartamenti di lusso farete innamorare la vostra Lei o il vostro Lui.  Miglior prezzo online garantito!  Caratteristiche e dotazioni: Appartamenti per due persone, 47 mq, composti da soggiorno con angolo cottura, camera da letto, bagno con vasca..","robots":{"index":"index","follow":"follow","max-snippet":"max-snippet:-1","max-image-preview":"max-image-preview:large","max-video-preview":"max-video-preview:-1"},"canonical":"https:\/\/www.rialtohotel.com\/it\/rialto-studios\/studio-executive\/","og_locale":"it_IT","og_type":"article","og_title":"Studio Executive - Hotel Rialto -","og_description":"Accoglienti e lussuosi appartamenti vacanza a Venezia, con vista sulla calle, coccolati da tutti i comfort: cosa c\u2019\u00e8 di meglio per una fuga romantica nella citt\u00e0 pi\u00f9 bella del mondo?  Prenotate subito, in questi appartamenti di lusso farete innamorare la vostra Lei o il vostro Lui.  Miglior prezzo online garantito!  Caratteristiche e dotazioni: Appartamenti per due persone, 47 mq, composti da soggiorno con angolo cottura, camera da letto, bagno con vasca..","og_url":"https:\/\/www.rialtohotel.com\/it\/rialto-studios\/studio-executive\/","og_site_name":"Hotel Rialto","article_modified_time":"2026-02-11T10:10:36+00:00","twitter_card":"summary_large_image","twitter_misc":{"Est. reading time":"1 minuto"},"schema":{"@context":"https:\/\/schema.org","@graph":[{"@type":"WebPage","@id":"https:\/\/www.rialtohotel.com\/it\/rialto-studios\/studio-executive\/","url":"https:\/\/www.rialtohotel.com\/it\/rialto-studios\/studio-executive\/","name":"Studio Executive - Hotel Rialto -","isPartOf":{"@id":"https:\/\/www.rialtohotel.com\/it\/#website"},"datePublished":"2026-02-04T09:43:49+00:00","dateModified":"2026-02-11T10:10:36+00:00","description":"Accoglienti e lussuosi appartamenti vacanza a Venezia, con vista sulla calle, coccolati da tutti i comfort: cosa c\u2019\u00e8 di meglio per una fuga romantica nella citt\u00e0 pi\u00f9 bella del mondo? Prenotate subito, in questi appartamenti di lusso farete innamorare la vostra Lei o il vostro Lui. Miglior prezzo online garantito! Caratteristiche e dotazioni: Appartamenti per due persone, 47 mq, composti da soggiorno con angolo cottura, camera da letto, bagno con vasca..","breadcrumb":{"@id":"https:\/\/www.rialtohotel.com\/it\/rialto-studios\/studio-executive\/#breadcrumb"},"inLanguage":"it-IT","potentialAction":[{"@type":"ReadAction","target":["https:\/\/www.rialtohotel.com\/it\/rialto-studios\/studio-executive\/"]}]},{"@type":"BreadcrumbList","@id":"https:\/\/www.rialtohotel.com\/it\/rialto-studios\/studio-executive\/#breadcrumb","itemListElement":[{"@type":"ListItem","position":1,"name":"Home","item":"https:\/\/www.rialtohotel.com\/it\/"},{"@type":"ListItem","position":2,"name":"Rialto Studios","item":"https:\/\/www.rialtohotel.com\/it\/rialto-studios\/"},{"@type":"ListItem","position":3,"name":"Studio Executive"}]},{"@type":"WebSite","@id":"https:\/\/www.rialtohotel.com\/it\/#website","url":"https:\/\/www.rialtohotel.com\/it\/","name":"Hotel Rialto","description":"","publisher":{"@id":"https:\/\/www.rialtohotel.com\/it\/#organization"},"potentialAction":[{"@type":"SearchAction","target":{"@type":"EntryPoint","urlTemplate":"https:\/\/www.rialtohotel.com\/it\/?s={search_term_string}"},"query-input":{"@type":"PropertyValueSpecification","valueRequired":true,"valueName":"search_term_string"}}],"inLanguage":"it-IT"},{"@type":"Organization","@id":"https:\/\/www.rialtohotel.com\/it\/#organization","name":"Hotel Rialto","url":"https:\/\/www.rialtohotel.com\/it\/","logo":{"@type":"ImageObject","inLanguage":"it-IT","@id":"https:\/\/www.rialtohotel.com\/it\/#\/schema\/logo\/image\/","url":"https:\/\/www.rialtohotel.com\/wp-content\/uploads\/sites\/47\/2026\/01\/hotel_rialto_logo_c.svg","contentUrl":"https:\/\/www.rialtohotel.com\/wp-content\/uploads\/sites\/47\/2026\/01\/hotel_rialto_logo_c.svg","width":511,"height":193,"caption":"Hotel Rialto"},"image":{"@id":"https:\/\/www.rialtohotel.com\/it\/#\/schema\/logo\/image\/"}}]}},"acf":[],"_links":{"self":[{"href":"https:\/\/www.rialtohotel.com\/it\/wp-json\/wp\/v2\/pages\/348","targetHints":{"allow":["GET"]}}],"collection":[{"href":"https:\/\/www.rialtohotel.com\/it\/wp-json\/wp\/v2\/pages"}],"about":[{"href":"https:\/\/www.rialtohotel.com\/it\/wp-json\/wp\/v2\/types\/page"}],"author":[{"embeddable":true,"href":"https:\/\/www.rialtohotel.com\/it\/wp-json\/wp\/v2\/users\/6"}],"replies":[{"embeddable":true,"href":"https:\/\/www.rialtohotel.com\/it\/wp-json\/wp\/v2\/comments?post=348"}],"version-history":[{"count":0,"href":"https:\/\/www.rialtohotel.com\/it\/wp-json\/wp\/v2\/pages\/348\/revisions"}],"up":[{"embeddable":true,"href":"https:\/\/www.rialtohotel.com\/it\/wp-json\/wp\/v2\/pages\/338"}],"wp:attachment":[{"href":"https:\/\/www.rialtohotel.com\/it\/wp-json\/wp\/v2\/media?parent=348"}],"curies":[{"name":"wp","href":"https:\/\/api.w.org\/{rel}","templated":true}]}}