{"id":421,"date":"2026-01-19T17:03:03","date_gmt":"2026-01-19T17:03:03","guid":{"rendered":"https:\/\/rialtohotel.ms3.decms.eu\/?page_id=421"},"modified":"2026-02-13T08:13:03","modified_gmt":"2026-02-13T08:13:03","slug":"junior-suite","status":"publish","type":"page","link":"https:\/\/www.rialtohotel.com\/fr\/hotel-rialto\/junior-suite\/","title":{"rendered":"Junior Suite"},"content":{"rendered":"<p style=\"text-align: center;\">Espace et confort se fondent dans cette chambre au souffle noble.<\/p>\n<p style=\"text-align: center;\">Hommage \u00e0 l&rsquo;esth\u00e9tique v\u00e9nitienne, c&rsquo;est le nid parfait pour se reposer dans une \u00e9l\u00e9gance intemporelle, face aux calli caract\u00e9ristiques.<\/p>\n","protected":false},"excerpt":{"rendered":"<p>Espace et confort se fondent dans cette chambre au souffle noble. Hommage \u00e0 l&rsquo;esth\u00e9tique v\u00e9nitienne, c&rsquo;est le nid parfait pour se reposer dans une \u00e9l\u00e9gance intemporelle, face aux calli caract\u00e9ristiques.<\/p>\n","protected":false},"author":6,"featured_media":0,"parent":278,"menu_order":20,"comment_status":"closed","ping_status":"closed","template":"template-single-room.php","meta":{"footnotes":""},"class_list":["post-421","page","type-page","status-publish","hentry"],"yoast_head":"<!-- This site is optimized with the Yoast SEO plugin v26.9 - https:\/\/yoast.com\/product\/yoast-seo-wordpress\/ -->\n<title>Junior Suite - Hotel Rialto -<\/title>\n<meta name=\"description\" content=\"Espace et confort se fondent dans cette chambre au souffle noble. Hommage \u00e0 l&#039;esth\u00e9tique v\u00e9nitienne, c&#039;est le nid parfait pour se reposer dans une \u00e9l\u00e9gance intemporelle, face aux calli caract\u00e9ristiques..\" \/>\n<meta name=\"robots\" content=\"index, follow, max-snippet:-1, max-image-preview:large, max-video-preview:-1\" \/>\n<link rel=\"canonical\" href=\"https:\/\/www.rialtohotel.com\/fr\/hotel-rialto\/junior-suite\/\" \/>\n<meta property=\"og:locale\" content=\"fr_FR\" \/>\n<meta property=\"og:type\" content=\"article\" \/>\n<meta property=\"og:title\" content=\"Junior Suite - Hotel Rialto -\" \/>\n<meta property=\"og:description\" content=\"Espace et confort se fondent dans cette chambre au souffle noble. Hommage \u00e0 l&#039;esth\u00e9tique v\u00e9nitienne, c&#039;est le nid parfait pour se reposer dans une \u00e9l\u00e9gance intemporelle, face aux calli caract\u00e9ristiques..\" \/>\n<meta property=\"og:url\" content=\"https:\/\/www.rialtohotel.com\/fr\/hotel-rialto\/junior-suite\/\" \/>\n<meta property=\"og:site_name\" content=\"Hotel Rialto\" \/>\n<meta property=\"article:modified_time\" content=\"2026-02-13T08:13:03+00:00\" \/>\n<meta name=\"twitter:card\" content=\"summary_large_image\" \/>\n<meta name=\"twitter:label1\" content=\"Est. reading time\" \/>\n\t<meta name=\"twitter:data1\" content=\"1 minute\" \/>\n<script type=\"application\/ld+json\" class=\"yoast-schema-graph\">{\"@context\":\"https:\/\/schema.org\",\"@graph\":[{\"@type\":\"WebPage\",\"@id\":\"https:\/\/www.rialtohotel.com\/fr\/hotel-rialto\/junior-suite\/\",\"url\":\"https:\/\/www.rialtohotel.com\/fr\/hotel-rialto\/junior-suite\/\",\"name\":\"Junior Suite - Hotel Rialto -\",\"isPartOf\":{\"@id\":\"https:\/\/www.rialtohotel.com\/fr\/#website\"},\"datePublished\":\"2026-01-19T17:03:03+00:00\",\"dateModified\":\"2026-02-13T08:13:03+00:00\",\"description\":\"Espace et confort se fondent dans cette chambre au souffle noble. Hommage \u00e0 l'esth\u00e9tique v\u00e9nitienne, c'est le nid parfait pour se reposer dans une \u00e9l\u00e9gance intemporelle, face aux calli caract\u00e9ristiques. .\",\"breadcrumb\":{\"@id\":\"https:\/\/www.rialtohotel.com\/fr\/hotel-rialto\/junior-suite\/#breadcrumb\"},\"inLanguage\":\"fr-FR\",\"potentialAction\":[{\"@type\":\"ReadAction\",\"target\":[\"https:\/\/www.rialtohotel.com\/fr\/hotel-rialto\/junior-suite\/\"]}]},{\"@type\":\"BreadcrumbList\",\"@id\":\"https:\/\/www.rialtohotel.com\/fr\/hotel-rialto\/junior-suite\/#breadcrumb\",\"itemListElement\":[{\"@type\":\"ListItem\",\"position\":1,\"name\":\"Home\",\"item\":\"https:\/\/www.rialtohotel.com\/fr\/\"},{\"@type\":\"ListItem\",\"position\":2,\"name\":\"H\u00f4tel Rialto\",\"item\":\"https:\/\/www.rialtohotel.com\/fr\/hotel-rialto\/\"},{\"@type\":\"ListItem\",\"position\":3,\"name\":\"Junior Suite\"}]},{\"@type\":\"WebSite\",\"@id\":\"https:\/\/www.rialtohotel.com\/fr\/#website\",\"url\":\"https:\/\/www.rialtohotel.com\/fr\/\",\"name\":\"Hotel Rialto\",\"description\":\"\",\"publisher\":{\"@id\":\"https:\/\/www.rialtohotel.com\/fr\/#organization\"},\"potentialAction\":[{\"@type\":\"SearchAction\",\"target\":{\"@type\":\"EntryPoint\",\"urlTemplate\":\"https:\/\/www.rialtohotel.com\/fr\/?s={search_term_string}\"},\"query-input\":{\"@type\":\"PropertyValueSpecification\",\"valueRequired\":true,\"valueName\":\"search_term_string\"}}],\"inLanguage\":\"fr-FR\"},{\"@type\":\"Organization\",\"@id\":\"https:\/\/www.rialtohotel.com\/fr\/#organization\",\"name\":\"Hotel Rialto\",\"url\":\"https:\/\/www.rialtohotel.com\/fr\/\",\"logo\":{\"@type\":\"ImageObject\",\"inLanguage\":\"fr-FR\",\"@id\":\"https:\/\/www.rialtohotel.com\/fr\/#\/schema\/logo\/image\/\",\"url\":\"https:\/\/www.rialtohotel.com\/wp-content\/uploads\/sites\/47\/2026\/01\/hotel_rialto_logo_c.svg\",\"contentUrl\":\"https:\/\/www.rialtohotel.com\/wp-content\/uploads\/sites\/47\/2026\/01\/hotel_rialto_logo_c.svg\",\"width\":511,\"height\":193,\"caption\":\"Hotel Rialto\"},\"image\":{\"@id\":\"https:\/\/www.rialtohotel.com\/fr\/#\/schema\/logo\/image\/\"}}]}<\/script>\n<!-- \/ Yoast SEO plugin. -->","yoast_head_json":{"title":"Junior Suite - Hotel Rialto -","description":"Espace et confort se fondent dans cette chambre au souffle noble. Hommage \u00e0 l'esth\u00e9tique v\u00e9nitienne, c'est le nid parfait pour se reposer dans une \u00e9l\u00e9gance intemporelle, face aux calli caract\u00e9ristiques..","robots":{"index":"index","follow":"follow","max-snippet":"max-snippet:-1","max-image-preview":"max-image-preview:large","max-video-preview":"max-video-preview:-1"},"canonical":"https:\/\/www.rialtohotel.com\/fr\/hotel-rialto\/junior-suite\/","og_locale":"fr_FR","og_type":"article","og_title":"Junior Suite - Hotel Rialto -","og_description":"Espace et confort se fondent dans cette chambre au souffle noble. Hommage \u00e0 l'esth\u00e9tique v\u00e9nitienne, c'est le nid parfait pour se reposer dans une \u00e9l\u00e9gance intemporelle, face aux calli caract\u00e9ristiques..","og_url":"https:\/\/www.rialtohotel.com\/fr\/hotel-rialto\/junior-suite\/","og_site_name":"Hotel Rialto","article_modified_time":"2026-02-13T08:13:03+00:00","twitter_card":"summary_large_image","twitter_misc":{"Est. reading time":"1 minute"},"schema":{"@context":"https:\/\/schema.org","@graph":[{"@type":"WebPage","@id":"https:\/\/www.rialtohotel.com\/fr\/hotel-rialto\/junior-suite\/","url":"https:\/\/www.rialtohotel.com\/fr\/hotel-rialto\/junior-suite\/","name":"Junior Suite - Hotel Rialto -","isPartOf":{"@id":"https:\/\/www.rialtohotel.com\/fr\/#website"},"datePublished":"2026-01-19T17:03:03+00:00","dateModified":"2026-02-13T08:13:03+00:00","description":"Espace et confort se fondent dans cette chambre au souffle noble. Hommage \u00e0 l'esth\u00e9tique v\u00e9nitienne, c'est le nid parfait pour se reposer dans une \u00e9l\u00e9gance intemporelle, face aux calli caract\u00e9ristiques. .","breadcrumb":{"@id":"https:\/\/www.rialtohotel.com\/fr\/hotel-rialto\/junior-suite\/#breadcrumb"},"inLanguage":"fr-FR","potentialAction":[{"@type":"ReadAction","target":["https:\/\/www.rialtohotel.com\/fr\/hotel-rialto\/junior-suite\/"]}]},{"@type":"BreadcrumbList","@id":"https:\/\/www.rialtohotel.com\/fr\/hotel-rialto\/junior-suite\/#breadcrumb","itemListElement":[{"@type":"ListItem","position":1,"name":"Home","item":"https:\/\/www.rialtohotel.com\/fr\/"},{"@type":"ListItem","position":2,"name":"H\u00f4tel Rialto","item":"https:\/\/www.rialtohotel.com\/fr\/hotel-rialto\/"},{"@type":"ListItem","position":3,"name":"Junior Suite"}]},{"@type":"WebSite","@id":"https:\/\/www.rialtohotel.com\/fr\/#website","url":"https:\/\/www.rialtohotel.com\/fr\/","name":"Hotel Rialto","description":"","publisher":{"@id":"https:\/\/www.rialtohotel.com\/fr\/#organization"},"potentialAction":[{"@type":"SearchAction","target":{"@type":"EntryPoint","urlTemplate":"https:\/\/www.rialtohotel.com\/fr\/?s={search_term_string}"},"query-input":{"@type":"PropertyValueSpecification","valueRequired":true,"valueName":"search_term_string"}}],"inLanguage":"fr-FR"},{"@type":"Organization","@id":"https:\/\/www.rialtohotel.com\/fr\/#organization","name":"Hotel Rialto","url":"https:\/\/www.rialtohotel.com\/fr\/","logo":{"@type":"ImageObject","inLanguage":"fr-FR","@id":"https:\/\/www.rialtohotel.com\/fr\/#\/schema\/logo\/image\/","url":"https:\/\/www.rialtohotel.com\/wp-content\/uploads\/sites\/47\/2026\/01\/hotel_rialto_logo_c.svg","contentUrl":"https:\/\/www.rialtohotel.com\/wp-content\/uploads\/sites\/47\/2026\/01\/hotel_rialto_logo_c.svg","width":511,"height":193,"caption":"Hotel Rialto"},"image":{"@id":"https:\/\/www.rialtohotel.com\/fr\/#\/schema\/logo\/image\/"}}]}},"acf":[],"_links":{"self":[{"href":"https:\/\/www.rialtohotel.com\/fr\/wp-json\/wp\/v2\/pages\/421","targetHints":{"allow":["GET"]}}],"collection":[{"href":"https:\/\/www.rialtohotel.com\/fr\/wp-json\/wp\/v2\/pages"}],"about":[{"href":"https:\/\/www.rialtohotel.com\/fr\/wp-json\/wp\/v2\/types\/page"}],"author":[{"embeddable":true,"href":"https:\/\/www.rialtohotel.com\/fr\/wp-json\/wp\/v2\/users\/6"}],"replies":[{"embeddable":true,"href":"https:\/\/www.rialtohotel.com\/fr\/wp-json\/wp\/v2\/comments?post=421"}],"version-history":[{"count":0,"href":"https:\/\/www.rialtohotel.com\/fr\/wp-json\/wp\/v2\/pages\/421\/revisions"}],"up":[{"embeddable":true,"href":"https:\/\/www.rialtohotel.com\/fr\/wp-json\/wp\/v2\/pages\/278"}],"wp:attachment":[{"href":"https:\/\/www.rialtohotel.com\/fr\/wp-json\/wp\/v2\/media?parent=421"}],"curies":[{"name":"wp","href":"https:\/\/api.w.org\/{rel}","templated":true}]}}