{"id":403,"date":"2026-01-19T17:05:18","date_gmt":"2026-01-19T17:05:18","guid":{"rendered":"https:\/\/rialtohotel.ms3.decms.eu\/?page_id=403"},"modified":"2026-02-13T11:01:25","modified_gmt":"2026-02-13T11:01:25","slug":"chambre-double","status":"publish","type":"page","link":"https:\/\/www.rialtohotel.com\/fr\/ca-rialto-house\/chambre-double\/","title":{"rendered":"Chambre double"},"content":{"rendered":"<p style=\"text-align: center;\">Au premier \u00e9tage avec entr\u00e9e ind\u00e9pendante (sans ascenseur), elle combine charme historique et confort moderne.<\/p>\n<p style=\"text-align: center;\">Parfaite pour un s\u00e9jour \u00e0 deux. Le petit-d\u00e9jeuner n\u2019est pas servi.<\/p>\n","protected":false},"excerpt":{"rendered":"<p>Au premier \u00e9tage avec entr\u00e9e ind\u00e9pendante (sans ascenseur), elle combine charme historique et confort moderne. Parfaite pour un s\u00e9jour \u00e0 deux. Le petit-d\u00e9jeuner n\u2019est pas servi.<\/p>\n","protected":false},"author":6,"featured_media":0,"parent":328,"menu_order":20,"comment_status":"closed","ping_status":"closed","template":"template-single-room.php","meta":{"footnotes":""},"class_list":["post-403","page","type-page","status-publish","hentry"],"yoast_head":"<!-- This site is optimized with the Yoast SEO plugin v26.9 - https:\/\/yoast.com\/product\/yoast-seo-wordpress\/ -->\n<title>Chambre double - Hotel Rialto -<\/title>\n<meta name=\"description\" content=\"Au premier \u00e9tage avec entr\u00e9e ind\u00e9pendante (sans ascenseur), elle combine charme historique et confort moderne. Parfaite pour un s\u00e9jour \u00e0 deux. Le petit-d\u00e9jeuner n\u2019est pas servi.\" \/>\n<meta name=\"robots\" content=\"index, follow, max-snippet:-1, max-image-preview:large, max-video-preview:-1\" \/>\n<link rel=\"canonical\" href=\"https:\/\/www.rialtohotel.com\/fr\/ca-rialto-house\/chambre-double\/\" \/>\n<meta property=\"og:locale\" content=\"fr_FR\" \/>\n<meta property=\"og:type\" content=\"article\" \/>\n<meta property=\"og:title\" content=\"Chambre double - Hotel Rialto -\" \/>\n<meta property=\"og:description\" content=\"Au premier \u00e9tage avec entr\u00e9e ind\u00e9pendante (sans ascenseur), elle combine charme historique et confort moderne. Parfaite pour un s\u00e9jour \u00e0 deux. Le petit-d\u00e9jeuner n\u2019est pas servi.\" \/>\n<meta property=\"og:url\" content=\"https:\/\/www.rialtohotel.com\/fr\/ca-rialto-house\/chambre-double\/\" \/>\n<meta property=\"og:site_name\" content=\"Hotel Rialto\" \/>\n<meta property=\"article:modified_time\" content=\"2026-02-13T11:01:25+00:00\" \/>\n<meta name=\"twitter:card\" content=\"summary_large_image\" \/>\n<meta name=\"twitter:label1\" content=\"Est. reading time\" \/>\n\t<meta name=\"twitter:data1\" content=\"1 minute\" \/>\n<script type=\"application\/ld+json\" class=\"yoast-schema-graph\">{\"@context\":\"https:\/\/schema.org\",\"@graph\":[{\"@type\":\"WebPage\",\"@id\":\"https:\/\/www.rialtohotel.com\/fr\/ca-rialto-house\/chambre-double\/\",\"url\":\"https:\/\/www.rialtohotel.com\/fr\/ca-rialto-house\/chambre-double\/\",\"name\":\"Chambre double - Hotel Rialto -\",\"isPartOf\":{\"@id\":\"https:\/\/www.rialtohotel.com\/fr\/#website\"},\"datePublished\":\"2026-01-19T17:05:18+00:00\",\"dateModified\":\"2026-02-13T11:01:25+00:00\",\"description\":\"Au premier \u00e9tage avec entr\u00e9e ind\u00e9pendante (sans ascenseur), elle combine charme historique et confort moderne. Parfaite pour un s\u00e9jour \u00e0 deux. Le petit-d\u00e9jeuner n\u2019est pas servi.\",\"breadcrumb\":{\"@id\":\"https:\/\/www.rialtohotel.com\/fr\/ca-rialto-house\/chambre-double\/#breadcrumb\"},\"inLanguage\":\"fr-FR\",\"potentialAction\":[{\"@type\":\"ReadAction\",\"target\":[\"https:\/\/www.rialtohotel.com\/fr\/ca-rialto-house\/chambre-double\/\"]}]},{\"@type\":\"BreadcrumbList\",\"@id\":\"https:\/\/www.rialtohotel.com\/fr\/ca-rialto-house\/chambre-double\/#breadcrumb\",\"itemListElement\":[{\"@type\":\"ListItem\",\"position\":1,\"name\":\"Home\",\"item\":\"https:\/\/www.rialtohotel.com\/fr\/\"},{\"@type\":\"ListItem\",\"position\":2,\"name\":\"C\u00e0 Rialto House\",\"item\":\"https:\/\/www.rialtohotel.com\/fr\/ca-rialto-house\/\"},{\"@type\":\"ListItem\",\"position\":3,\"name\":\"Chambre double\"}]},{\"@type\":\"WebSite\",\"@id\":\"https:\/\/www.rialtohotel.com\/fr\/#website\",\"url\":\"https:\/\/www.rialtohotel.com\/fr\/\",\"name\":\"Hotel Rialto\",\"description\":\"\",\"publisher\":{\"@id\":\"https:\/\/www.rialtohotel.com\/fr\/#organization\"},\"potentialAction\":[{\"@type\":\"SearchAction\",\"target\":{\"@type\":\"EntryPoint\",\"urlTemplate\":\"https:\/\/www.rialtohotel.com\/fr\/?s={search_term_string}\"},\"query-input\":{\"@type\":\"PropertyValueSpecification\",\"valueRequired\":true,\"valueName\":\"search_term_string\"}}],\"inLanguage\":\"fr-FR\"},{\"@type\":\"Organization\",\"@id\":\"https:\/\/www.rialtohotel.com\/fr\/#organization\",\"name\":\"Hotel Rialto\",\"url\":\"https:\/\/www.rialtohotel.com\/fr\/\",\"logo\":{\"@type\":\"ImageObject\",\"inLanguage\":\"fr-FR\",\"@id\":\"https:\/\/www.rialtohotel.com\/fr\/#\/schema\/logo\/image\/\",\"url\":\"https:\/\/www.rialtohotel.com\/wp-content\/uploads\/sites\/47\/2026\/01\/hotel_rialto_logo_c.svg\",\"contentUrl\":\"https:\/\/www.rialtohotel.com\/wp-content\/uploads\/sites\/47\/2026\/01\/hotel_rialto_logo_c.svg\",\"width\":511,\"height\":193,\"caption\":\"Hotel Rialto\"},\"image\":{\"@id\":\"https:\/\/www.rialtohotel.com\/fr\/#\/schema\/logo\/image\/\"}}]}<\/script>\n<!-- \/ Yoast SEO plugin. -->","yoast_head_json":{"title":"Chambre double - Hotel Rialto -","description":"Au premier \u00e9tage avec entr\u00e9e ind\u00e9pendante (sans ascenseur), elle combine charme historique et confort moderne. Parfaite pour un s\u00e9jour \u00e0 deux. Le petit-d\u00e9jeuner n\u2019est pas servi.","robots":{"index":"index","follow":"follow","max-snippet":"max-snippet:-1","max-image-preview":"max-image-preview:large","max-video-preview":"max-video-preview:-1"},"canonical":"https:\/\/www.rialtohotel.com\/fr\/ca-rialto-house\/chambre-double\/","og_locale":"fr_FR","og_type":"article","og_title":"Chambre double - Hotel Rialto -","og_description":"Au premier \u00e9tage avec entr\u00e9e ind\u00e9pendante (sans ascenseur), elle combine charme historique et confort moderne. Parfaite pour un s\u00e9jour \u00e0 deux. Le petit-d\u00e9jeuner n\u2019est pas servi.","og_url":"https:\/\/www.rialtohotel.com\/fr\/ca-rialto-house\/chambre-double\/","og_site_name":"Hotel Rialto","article_modified_time":"2026-02-13T11:01:25+00:00","twitter_card":"summary_large_image","twitter_misc":{"Est. reading time":"1 minute"},"schema":{"@context":"https:\/\/schema.org","@graph":[{"@type":"WebPage","@id":"https:\/\/www.rialtohotel.com\/fr\/ca-rialto-house\/chambre-double\/","url":"https:\/\/www.rialtohotel.com\/fr\/ca-rialto-house\/chambre-double\/","name":"Chambre double - Hotel Rialto -","isPartOf":{"@id":"https:\/\/www.rialtohotel.com\/fr\/#website"},"datePublished":"2026-01-19T17:05:18+00:00","dateModified":"2026-02-13T11:01:25+00:00","description":"Au premier \u00e9tage avec entr\u00e9e ind\u00e9pendante (sans ascenseur), elle combine charme historique et confort moderne. Parfaite pour un s\u00e9jour \u00e0 deux. Le petit-d\u00e9jeuner n\u2019est pas servi.","breadcrumb":{"@id":"https:\/\/www.rialtohotel.com\/fr\/ca-rialto-house\/chambre-double\/#breadcrumb"},"inLanguage":"fr-FR","potentialAction":[{"@type":"ReadAction","target":["https:\/\/www.rialtohotel.com\/fr\/ca-rialto-house\/chambre-double\/"]}]},{"@type":"BreadcrumbList","@id":"https:\/\/www.rialtohotel.com\/fr\/ca-rialto-house\/chambre-double\/#breadcrumb","itemListElement":[{"@type":"ListItem","position":1,"name":"Home","item":"https:\/\/www.rialtohotel.com\/fr\/"},{"@type":"ListItem","position":2,"name":"C\u00e0 Rialto House","item":"https:\/\/www.rialtohotel.com\/fr\/ca-rialto-house\/"},{"@type":"ListItem","position":3,"name":"Chambre double"}]},{"@type":"WebSite","@id":"https:\/\/www.rialtohotel.com\/fr\/#website","url":"https:\/\/www.rialtohotel.com\/fr\/","name":"Hotel Rialto","description":"","publisher":{"@id":"https:\/\/www.rialtohotel.com\/fr\/#organization"},"potentialAction":[{"@type":"SearchAction","target":{"@type":"EntryPoint","urlTemplate":"https:\/\/www.rialtohotel.com\/fr\/?s={search_term_string}"},"query-input":{"@type":"PropertyValueSpecification","valueRequired":true,"valueName":"search_term_string"}}],"inLanguage":"fr-FR"},{"@type":"Organization","@id":"https:\/\/www.rialtohotel.com\/fr\/#organization","name":"Hotel Rialto","url":"https:\/\/www.rialtohotel.com\/fr\/","logo":{"@type":"ImageObject","inLanguage":"fr-FR","@id":"https:\/\/www.rialtohotel.com\/fr\/#\/schema\/logo\/image\/","url":"https:\/\/www.rialtohotel.com\/wp-content\/uploads\/sites\/47\/2026\/01\/hotel_rialto_logo_c.svg","contentUrl":"https:\/\/www.rialtohotel.com\/wp-content\/uploads\/sites\/47\/2026\/01\/hotel_rialto_logo_c.svg","width":511,"height":193,"caption":"Hotel Rialto"},"image":{"@id":"https:\/\/www.rialtohotel.com\/fr\/#\/schema\/logo\/image\/"}}]}},"acf":[],"_links":{"self":[{"href":"https:\/\/www.rialtohotel.com\/fr\/wp-json\/wp\/v2\/pages\/403","targetHints":{"allow":["GET"]}}],"collection":[{"href":"https:\/\/www.rialtohotel.com\/fr\/wp-json\/wp\/v2\/pages"}],"about":[{"href":"https:\/\/www.rialtohotel.com\/fr\/wp-json\/wp\/v2\/types\/page"}],"author":[{"embeddable":true,"href":"https:\/\/www.rialtohotel.com\/fr\/wp-json\/wp\/v2\/users\/6"}],"replies":[{"embeddable":true,"href":"https:\/\/www.rialtohotel.com\/fr\/wp-json\/wp\/v2\/comments?post=403"}],"version-history":[{"count":0,"href":"https:\/\/www.rialtohotel.com\/fr\/wp-json\/wp\/v2\/pages\/403\/revisions"}],"up":[{"embeddable":true,"href":"https:\/\/www.rialtohotel.com\/fr\/wp-json\/wp\/v2\/pages\/328"}],"wp:attachment":[{"href":"https:\/\/www.rialtohotel.com\/fr\/wp-json\/wp\/v2\/media?parent=403"}],"curies":[{"name":"wp","href":"https:\/\/api.w.org\/{rel}","templated":true}]}}