{"id":379,"date":"2026-01-19T17:04:26","date_gmt":"2026-01-19T17:04:26","guid":{"rendered":"https:\/\/rialtohotel.ms3.decms.eu\/?page_id=379"},"modified":"2026-02-20T21:36:59","modified_gmt":"2026-02-20T21:36:59","slug":"chambre-double-economique","status":"publish","type":"page","link":"https:\/\/www.rialtohotel.com\/fr\/hotel-rialto\/chambre-double-economique\/","title":{"rendered":"Chambre Double \u00c9conomique"},"content":{"rendered":"<p style=\"text-align: center;\">Essentielle et fonctionnelle. Id\u00e9ale pour la praticit\u00e9 au centre-ville, elle dispose d&rsquo;un lit de 140 cm.<\/p>\n<p style=\"text-align: center;\">Un espace calme donnant sur les cours int\u00e9rieures, \u00e0 quelques pas du march\u00e9 du Rialto.<\/p>\n","protected":false},"excerpt":{"rendered":"<p>Essentielle et fonctionnelle. Id\u00e9ale pour la praticit\u00e9 au centre-ville, elle dispose d&rsquo;un lit de 140 cm. Un espace calme donnant sur les cours int\u00e9rieures, \u00e0 quelques pas du march\u00e9 du Rialto.<\/p>\n","protected":false},"author":6,"featured_media":0,"parent":278,"menu_order":60,"comment_status":"closed","ping_status":"closed","template":"template-single-room.php","meta":{"footnotes":""},"class_list":["post-379","page","type-page","status-publish","hentry"],"yoast_head":"<!-- This site is optimized with the Yoast SEO plugin v26.9 - https:\/\/yoast.com\/product\/yoast-seo-wordpress\/ -->\n<title>Chambre Double \u00c9conomique - Hotel Rialto -<\/title>\n<meta name=\"description\" content=\"Essentielle et fonctionnelle. Id\u00e9ale pour la praticit\u00e9 au centre-ville, elle dispose d&#039;un lit de 140 cm. Un espace calme donnant sur les cours int\u00e9rieures, \u00e0 quelques pas du march\u00e9 du Rialto.\" \/>\n<meta name=\"robots\" content=\"index, follow, max-snippet:-1, max-image-preview:large, max-video-preview:-1\" \/>\n<link rel=\"canonical\" href=\"https:\/\/www.rialtohotel.com\/fr\/hotel-rialto\/chambre-double-economique\/\" \/>\n<meta property=\"og:locale\" content=\"fr_FR\" \/>\n<meta property=\"og:type\" content=\"article\" \/>\n<meta property=\"og:title\" content=\"Chambre Double \u00c9conomique - Hotel Rialto -\" \/>\n<meta property=\"og:description\" content=\"Essentielle et fonctionnelle. Id\u00e9ale pour la praticit\u00e9 au centre-ville, elle dispose d&#039;un lit de 140 cm. Un espace calme donnant sur les cours int\u00e9rieures, \u00e0 quelques pas du march\u00e9 du Rialto.\" \/>\n<meta property=\"og:url\" content=\"https:\/\/www.rialtohotel.com\/fr\/hotel-rialto\/chambre-double-economique\/\" \/>\n<meta property=\"og:site_name\" content=\"Hotel Rialto\" \/>\n<meta property=\"article:modified_time\" content=\"2026-02-20T21:36:59+00:00\" \/>\n<meta name=\"twitter:card\" content=\"summary_large_image\" \/>\n<meta name=\"twitter:label1\" content=\"Est. reading time\" \/>\n\t<meta name=\"twitter:data1\" content=\"1 minute\" \/>\n<script type=\"application\/ld+json\" class=\"yoast-schema-graph\">{\"@context\":\"https:\/\/schema.org\",\"@graph\":[{\"@type\":\"WebPage\",\"@id\":\"https:\/\/www.rialtohotel.com\/fr\/hotel-rialto\/chambre-double-economique\/\",\"url\":\"https:\/\/www.rialtohotel.com\/fr\/hotel-rialto\/chambre-double-economique\/\",\"name\":\"Chambre Double \u00c9conomique - Hotel Rialto -\",\"isPartOf\":{\"@id\":\"https:\/\/www.rialtohotel.com\/fr\/#website\"},\"datePublished\":\"2026-01-19T17:04:26+00:00\",\"dateModified\":\"2026-02-20T21:36:59+00:00\",\"description\":\"Essentielle et fonctionnelle. Id\u00e9ale pour la praticit\u00e9 au centre-ville, elle dispose d'un lit de 140 cm. Un espace calme donnant sur les cours int\u00e9rieures, \u00e0 quelques pas du march\u00e9 du Rialto.\",\"breadcrumb\":{\"@id\":\"https:\/\/www.rialtohotel.com\/fr\/hotel-rialto\/chambre-double-economique\/#breadcrumb\"},\"inLanguage\":\"fr-FR\",\"potentialAction\":[{\"@type\":\"ReadAction\",\"target\":[\"https:\/\/www.rialtohotel.com\/fr\/hotel-rialto\/chambre-double-economique\/\"]}]},{\"@type\":\"BreadcrumbList\",\"@id\":\"https:\/\/www.rialtohotel.com\/fr\/hotel-rialto\/chambre-double-economique\/#breadcrumb\",\"itemListElement\":[{\"@type\":\"ListItem\",\"position\":1,\"name\":\"Home\",\"item\":\"https:\/\/www.rialtohotel.com\/fr\/\"},{\"@type\":\"ListItem\",\"position\":2,\"name\":\"H\u00f4tel Rialto\",\"item\":\"https:\/\/www.rialtohotel.com\/fr\/hotel-rialto\/\"},{\"@type\":\"ListItem\",\"position\":3,\"name\":\"Chambre Double \u00c9conomique\"}]},{\"@type\":\"WebSite\",\"@id\":\"https:\/\/www.rialtohotel.com\/fr\/#website\",\"url\":\"https:\/\/www.rialtohotel.com\/fr\/\",\"name\":\"Hotel Rialto\",\"description\":\"\",\"publisher\":{\"@id\":\"https:\/\/www.rialtohotel.com\/fr\/#organization\"},\"potentialAction\":[{\"@type\":\"SearchAction\",\"target\":{\"@type\":\"EntryPoint\",\"urlTemplate\":\"https:\/\/www.rialtohotel.com\/fr\/?s={search_term_string}\"},\"query-input\":{\"@type\":\"PropertyValueSpecification\",\"valueRequired\":true,\"valueName\":\"search_term_string\"}}],\"inLanguage\":\"fr-FR\"},{\"@type\":\"Organization\",\"@id\":\"https:\/\/www.rialtohotel.com\/fr\/#organization\",\"name\":\"Hotel Rialto\",\"url\":\"https:\/\/www.rialtohotel.com\/fr\/\",\"logo\":{\"@type\":\"ImageObject\",\"inLanguage\":\"fr-FR\",\"@id\":\"https:\/\/www.rialtohotel.com\/fr\/#\/schema\/logo\/image\/\",\"url\":\"https:\/\/www.rialtohotel.com\/wp-content\/uploads\/sites\/47\/2026\/01\/hotel_rialto_logo_c.svg\",\"contentUrl\":\"https:\/\/www.rialtohotel.com\/wp-content\/uploads\/sites\/47\/2026\/01\/hotel_rialto_logo_c.svg\",\"width\":511,\"height\":193,\"caption\":\"Hotel Rialto\"},\"image\":{\"@id\":\"https:\/\/www.rialtohotel.com\/fr\/#\/schema\/logo\/image\/\"}}]}<\/script>\n<!-- \/ Yoast SEO plugin. -->","yoast_head_json":{"title":"Chambre Double \u00c9conomique - Hotel Rialto -","description":"Essentielle et fonctionnelle. Id\u00e9ale pour la praticit\u00e9 au centre-ville, elle dispose d'un lit de 140 cm. Un espace calme donnant sur les cours int\u00e9rieures, \u00e0 quelques pas du march\u00e9 du Rialto.","robots":{"index":"index","follow":"follow","max-snippet":"max-snippet:-1","max-image-preview":"max-image-preview:large","max-video-preview":"max-video-preview:-1"},"canonical":"https:\/\/www.rialtohotel.com\/fr\/hotel-rialto\/chambre-double-economique\/","og_locale":"fr_FR","og_type":"article","og_title":"Chambre Double \u00c9conomique - Hotel Rialto -","og_description":"Essentielle et fonctionnelle. Id\u00e9ale pour la praticit\u00e9 au centre-ville, elle dispose d'un lit de 140 cm. Un espace calme donnant sur les cours int\u00e9rieures, \u00e0 quelques pas du march\u00e9 du Rialto.","og_url":"https:\/\/www.rialtohotel.com\/fr\/hotel-rialto\/chambre-double-economique\/","og_site_name":"Hotel Rialto","article_modified_time":"2026-02-20T21:36:59+00:00","twitter_card":"summary_large_image","twitter_misc":{"Est. reading time":"1 minute"},"schema":{"@context":"https:\/\/schema.org","@graph":[{"@type":"WebPage","@id":"https:\/\/www.rialtohotel.com\/fr\/hotel-rialto\/chambre-double-economique\/","url":"https:\/\/www.rialtohotel.com\/fr\/hotel-rialto\/chambre-double-economique\/","name":"Chambre Double \u00c9conomique - Hotel Rialto -","isPartOf":{"@id":"https:\/\/www.rialtohotel.com\/fr\/#website"},"datePublished":"2026-01-19T17:04:26+00:00","dateModified":"2026-02-20T21:36:59+00:00","description":"Essentielle et fonctionnelle. Id\u00e9ale pour la praticit\u00e9 au centre-ville, elle dispose d'un lit de 140 cm. Un espace calme donnant sur les cours int\u00e9rieures, \u00e0 quelques pas du march\u00e9 du Rialto.","breadcrumb":{"@id":"https:\/\/www.rialtohotel.com\/fr\/hotel-rialto\/chambre-double-economique\/#breadcrumb"},"inLanguage":"fr-FR","potentialAction":[{"@type":"ReadAction","target":["https:\/\/www.rialtohotel.com\/fr\/hotel-rialto\/chambre-double-economique\/"]}]},{"@type":"BreadcrumbList","@id":"https:\/\/www.rialtohotel.com\/fr\/hotel-rialto\/chambre-double-economique\/#breadcrumb","itemListElement":[{"@type":"ListItem","position":1,"name":"Home","item":"https:\/\/www.rialtohotel.com\/fr\/"},{"@type":"ListItem","position":2,"name":"H\u00f4tel Rialto","item":"https:\/\/www.rialtohotel.com\/fr\/hotel-rialto\/"},{"@type":"ListItem","position":3,"name":"Chambre Double \u00c9conomique"}]},{"@type":"WebSite","@id":"https:\/\/www.rialtohotel.com\/fr\/#website","url":"https:\/\/www.rialtohotel.com\/fr\/","name":"Hotel Rialto","description":"","publisher":{"@id":"https:\/\/www.rialtohotel.com\/fr\/#organization"},"potentialAction":[{"@type":"SearchAction","target":{"@type":"EntryPoint","urlTemplate":"https:\/\/www.rialtohotel.com\/fr\/?s={search_term_string}"},"query-input":{"@type":"PropertyValueSpecification","valueRequired":true,"valueName":"search_term_string"}}],"inLanguage":"fr-FR"},{"@type":"Organization","@id":"https:\/\/www.rialtohotel.com\/fr\/#organization","name":"Hotel Rialto","url":"https:\/\/www.rialtohotel.com\/fr\/","logo":{"@type":"ImageObject","inLanguage":"fr-FR","@id":"https:\/\/www.rialtohotel.com\/fr\/#\/schema\/logo\/image\/","url":"https:\/\/www.rialtohotel.com\/wp-content\/uploads\/sites\/47\/2026\/01\/hotel_rialto_logo_c.svg","contentUrl":"https:\/\/www.rialtohotel.com\/wp-content\/uploads\/sites\/47\/2026\/01\/hotel_rialto_logo_c.svg","width":511,"height":193,"caption":"Hotel Rialto"},"image":{"@id":"https:\/\/www.rialtohotel.com\/fr\/#\/schema\/logo\/image\/"}}]}},"acf":[],"_links":{"self":[{"href":"https:\/\/www.rialtohotel.com\/fr\/wp-json\/wp\/v2\/pages\/379","targetHints":{"allow":["GET"]}}],"collection":[{"href":"https:\/\/www.rialtohotel.com\/fr\/wp-json\/wp\/v2\/pages"}],"about":[{"href":"https:\/\/www.rialtohotel.com\/fr\/wp-json\/wp\/v2\/types\/page"}],"author":[{"embeddable":true,"href":"https:\/\/www.rialtohotel.com\/fr\/wp-json\/wp\/v2\/users\/6"}],"replies":[{"embeddable":true,"href":"https:\/\/www.rialtohotel.com\/fr\/wp-json\/wp\/v2\/comments?post=379"}],"version-history":[{"count":0,"href":"https:\/\/www.rialtohotel.com\/fr\/wp-json\/wp\/v2\/pages\/379\/revisions"}],"up":[{"embeddable":true,"href":"https:\/\/www.rialtohotel.com\/fr\/wp-json\/wp\/v2\/pages\/278"}],"wp:attachment":[{"href":"https:\/\/www.rialtohotel.com\/fr\/wp-json\/wp\/v2\/media?parent=379"}],"curies":[{"name":"wp","href":"https:\/\/api.w.org\/{rel}","templated":true}]}}