{"id":361,"date":"2026-02-04T09:47:45","date_gmt":"2026-02-04T09:47:45","guid":{"rendered":"https:\/\/rialtohotel.ms3.decms.eu\/?page_id=361"},"modified":"2026-02-11T10:34:48","modified_gmt":"2026-02-11T10:34:48","slug":"appartement-studio-de-luxe-avec-terrasse","status":"publish","type":"page","link":"https:\/\/www.rialtohotel.com\/fr\/rialto-studios\/appartement-studio-de-luxe-avec-terrasse\/","title":{"rendered":"Appartement Studio de Luxe avec Terrasse"},"content":{"rendered":"<p>Si vous souhaitez vivre une exp\u00e9rience unique, choisissez l&rsquo;Appartements Vacances \u00e0 Venise de luxe Attico.<\/p>\n<p>Les fen\u00eatres panoramiques offrent une vue spectaculaire sur le Pont du Rialto et le Grand Canal.<\/p>\n<p>La vue de l&rsquo;appartement vous permet d&rsquo;admirer un paysage qui change avec le passage des heures jusqu&rsquo;au coucher du soleil, lorsque Venise est encore plus belle et romantique !<\/p>\n<p>L&rsquo;appartement de luxe Attico est le plus spacieux et le plus demand\u00e9, d\u00e9p\u00eachez-vous de r\u00e9server pour vivre une exp\u00e9rience unique \u00e0 Venise.<\/p>\n<p>Caract\u00e9ristiques et \u00e9quipements : appartement pour deux personnes, 79 m\u00b2, compos\u00e9 d&rsquo;une salle de s\u00e9jour avec coin cuisine, chambre, salle de bains avec douche.<\/p>\n","protected":false},"excerpt":{"rendered":"<p>Si vous souhaitez vivre une exp\u00e9rience unique, choisissez l&rsquo;Appartements Vacances \u00e0 Venise de luxe Attico. Les fen\u00eatres panoramiques offrent une vue spectaculaire sur le Pont du Rialto et le Grand Canal. La vue de l&rsquo;appartement vous permet d&rsquo;admirer un paysage qui change avec le passage des heures jusqu&rsquo;au coucher du soleil, lorsque Venise est encore [&hellip;]<\/p>\n","protected":false},"author":6,"featured_media":0,"parent":337,"menu_order":30,"comment_status":"closed","ping_status":"closed","template":"template-single-room.php","meta":{"footnotes":""},"class_list":["post-361","page","type-page","status-publish","hentry"],"yoast_head":"<!-- This site is optimized with the Yoast SEO plugin v26.9 - https:\/\/yoast.com\/product\/yoast-seo-wordpress\/ -->\n<title>Appartement Studio de Luxe avec Terrasse - Hotel Rialto -<\/title>\n<meta name=\"description\" content=\"Si vous souhaitez vivre une exp\u00e9rience unique, choisissez l&#039;Appartements Vacances \u00e0 Venise de luxe Attico.  Les fen\u00eatres panoramiques offrent une vue spectaculaire sur le Pont du Rialto et le Grand Canal.  La vue de l&#039;appartement vous permet d&#039;admirer un paysage qui change avec le passage des heures jusqu&#039;au coucher du soleil, lorsque Venise est encore plus belle et romantique !  L&#039;appartement de luxe Attico est le plus spacieux et le plus demand\u00e9, d\u00e9p\u00eachez-vous de r\u00e9server pour vivre une exp\u00e9rience unique \u00e0 Venise.  Caract\u00e9ristiques et \u00e9quipements : appartement pour deux personnes, 79 m\u00b2, compos\u00e9 d&#039;une salle de s\u00e9jour avec coin cuisine, chambre, salle de bains avec douche..\" \/>\n<meta name=\"robots\" content=\"index, follow, max-snippet:-1, max-image-preview:large, max-video-preview:-1\" \/>\n<link rel=\"canonical\" href=\"https:\/\/www.rialtohotel.com\/fr\/rialto-studios\/appartement-studio-de-luxe-avec-terrasse\/\" \/>\n<meta property=\"og:locale\" content=\"fr_FR\" \/>\n<meta property=\"og:type\" content=\"article\" \/>\n<meta property=\"og:title\" content=\"Appartement Studio de Luxe avec Terrasse - Hotel Rialto -\" \/>\n<meta property=\"og:description\" content=\"Si vous souhaitez vivre une exp\u00e9rience unique, choisissez l&#039;Appartements Vacances \u00e0 Venise de luxe Attico.  Les fen\u00eatres panoramiques offrent une vue spectaculaire sur le Pont du Rialto et le Grand Canal.  La vue de l&#039;appartement vous permet d&#039;admirer un paysage qui change avec le passage des heures jusqu&#039;au coucher du soleil, lorsque Venise est encore plus belle et romantique !  L&#039;appartement de luxe Attico est le plus spacieux et le plus demand\u00e9, d\u00e9p\u00eachez-vous de r\u00e9server pour vivre une exp\u00e9rience unique \u00e0 Venise.  Caract\u00e9ristiques et \u00e9quipements : appartement pour deux personnes, 79 m\u00b2, compos\u00e9 d&#039;une salle de s\u00e9jour avec coin cuisine, chambre, salle de bains avec douche..\" \/>\n<meta property=\"og:url\" content=\"https:\/\/www.rialtohotel.com\/fr\/rialto-studios\/appartement-studio-de-luxe-avec-terrasse\/\" \/>\n<meta property=\"og:site_name\" content=\"Hotel Rialto\" \/>\n<meta property=\"article:modified_time\" content=\"2026-02-11T10:34:48+00:00\" \/>\n<meta name=\"twitter:card\" content=\"summary_large_image\" \/>\n<meta name=\"twitter:label1\" content=\"Est. reading time\" \/>\n\t<meta name=\"twitter:data1\" content=\"1 minute\" \/>\n<script type=\"application\/ld+json\" class=\"yoast-schema-graph\">{\"@context\":\"https:\/\/schema.org\",\"@graph\":[{\"@type\":\"WebPage\",\"@id\":\"https:\/\/www.rialtohotel.com\/fr\/rialto-studios\/appartement-studio-de-luxe-avec-terrasse\/\",\"url\":\"https:\/\/www.rialtohotel.com\/fr\/rialto-studios\/appartement-studio-de-luxe-avec-terrasse\/\",\"name\":\"Appartement Studio de Luxe avec Terrasse - Hotel Rialto -\",\"isPartOf\":{\"@id\":\"https:\/\/www.rialtohotel.com\/fr\/#website\"},\"datePublished\":\"2026-02-04T09:47:45+00:00\",\"dateModified\":\"2026-02-11T10:34:48+00:00\",\"description\":\"Si vous souhaitez vivre une exp\u00e9rience unique, choisissez l'Appartements Vacances \u00e0 Venise de luxe Attico. Les fen\u00eatres panoramiques offrent une vue spectaculaire sur le Pont du Rialto et le Grand Canal. La vue de l'appartement vous permet d'admirer un paysage qui change avec le passage des heures jusqu'au coucher du soleil, lorsque Venise est encore plus belle et romantique ! L'appartement de luxe Attico est le plus spacieux et le plus demand\u00e9, d\u00e9p\u00eachez-vous de r\u00e9server pour vivre une exp\u00e9rience unique \u00e0 Venise. Caract\u00e9ristiques et \u00e9quipements : appartement pour deux personnes, 79 m\u00b2, compos\u00e9 d'une salle de s\u00e9jour avec coin cuisine, chambre, salle de bains avec douche..\",\"breadcrumb\":{\"@id\":\"https:\/\/www.rialtohotel.com\/fr\/rialto-studios\/appartement-studio-de-luxe-avec-terrasse\/#breadcrumb\"},\"inLanguage\":\"fr-FR\",\"potentialAction\":[{\"@type\":\"ReadAction\",\"target\":[\"https:\/\/www.rialtohotel.com\/fr\/rialto-studios\/appartement-studio-de-luxe-avec-terrasse\/\"]}]},{\"@type\":\"BreadcrumbList\",\"@id\":\"https:\/\/www.rialtohotel.com\/fr\/rialto-studios\/appartement-studio-de-luxe-avec-terrasse\/#breadcrumb\",\"itemListElement\":[{\"@type\":\"ListItem\",\"position\":1,\"name\":\"Home\",\"item\":\"https:\/\/www.rialtohotel.com\/fr\/\"},{\"@type\":\"ListItem\",\"position\":2,\"name\":\"Rialto Studios\",\"item\":\"https:\/\/www.rialtohotel.com\/fr\/rialto-studios\/\"},{\"@type\":\"ListItem\",\"position\":3,\"name\":\"Appartement Studio de Luxe avec Terrasse\"}]},{\"@type\":\"WebSite\",\"@id\":\"https:\/\/www.rialtohotel.com\/fr\/#website\",\"url\":\"https:\/\/www.rialtohotel.com\/fr\/\",\"name\":\"Hotel Rialto\",\"description\":\"\",\"publisher\":{\"@id\":\"https:\/\/www.rialtohotel.com\/fr\/#organization\"},\"potentialAction\":[{\"@type\":\"SearchAction\",\"target\":{\"@type\":\"EntryPoint\",\"urlTemplate\":\"https:\/\/www.rialtohotel.com\/fr\/?s={search_term_string}\"},\"query-input\":{\"@type\":\"PropertyValueSpecification\",\"valueRequired\":true,\"valueName\":\"search_term_string\"}}],\"inLanguage\":\"fr-FR\"},{\"@type\":\"Organization\",\"@id\":\"https:\/\/www.rialtohotel.com\/fr\/#organization\",\"name\":\"Hotel Rialto\",\"url\":\"https:\/\/www.rialtohotel.com\/fr\/\",\"logo\":{\"@type\":\"ImageObject\",\"inLanguage\":\"fr-FR\",\"@id\":\"https:\/\/www.rialtohotel.com\/fr\/#\/schema\/logo\/image\/\",\"url\":\"https:\/\/www.rialtohotel.com\/wp-content\/uploads\/sites\/47\/2026\/01\/hotel_rialto_logo_c.svg\",\"contentUrl\":\"https:\/\/www.rialtohotel.com\/wp-content\/uploads\/sites\/47\/2026\/01\/hotel_rialto_logo_c.svg\",\"width\":511,\"height\":193,\"caption\":\"Hotel Rialto\"},\"image\":{\"@id\":\"https:\/\/www.rialtohotel.com\/fr\/#\/schema\/logo\/image\/\"}}]}<\/script>\n<!-- \/ Yoast SEO plugin. -->","yoast_head_json":{"title":"Appartement Studio de Luxe avec Terrasse - Hotel Rialto -","description":"Si vous souhaitez vivre une exp\u00e9rience unique, choisissez l'Appartements Vacances \u00e0 Venise de luxe Attico.  Les fen\u00eatres panoramiques offrent une vue spectaculaire sur le Pont du Rialto et le Grand Canal.  La vue de l'appartement vous permet d'admirer un paysage qui change avec le passage des heures jusqu'au coucher du soleil, lorsque Venise est encore plus belle et romantique !  L'appartement de luxe Attico est le plus spacieux et le plus demand\u00e9, d\u00e9p\u00eachez-vous de r\u00e9server pour vivre une exp\u00e9rience unique \u00e0 Venise.  Caract\u00e9ristiques et \u00e9quipements : appartement pour deux personnes, 79 m\u00b2, compos\u00e9 d'une salle de s\u00e9jour avec coin cuisine, chambre, salle de bains avec douche..","robots":{"index":"index","follow":"follow","max-snippet":"max-snippet:-1","max-image-preview":"max-image-preview:large","max-video-preview":"max-video-preview:-1"},"canonical":"https:\/\/www.rialtohotel.com\/fr\/rialto-studios\/appartement-studio-de-luxe-avec-terrasse\/","og_locale":"fr_FR","og_type":"article","og_title":"Appartement Studio de Luxe avec Terrasse - Hotel Rialto -","og_description":"Si vous souhaitez vivre une exp\u00e9rience unique, choisissez l'Appartements Vacances \u00e0 Venise de luxe Attico.  Les fen\u00eatres panoramiques offrent une vue spectaculaire sur le Pont du Rialto et le Grand Canal.  La vue de l'appartement vous permet d'admirer un paysage qui change avec le passage des heures jusqu'au coucher du soleil, lorsque Venise est encore plus belle et romantique !  L'appartement de luxe Attico est le plus spacieux et le plus demand\u00e9, d\u00e9p\u00eachez-vous de r\u00e9server pour vivre une exp\u00e9rience unique \u00e0 Venise.  Caract\u00e9ristiques et \u00e9quipements : appartement pour deux personnes, 79 m\u00b2, compos\u00e9 d'une salle de s\u00e9jour avec coin cuisine, chambre, salle de bains avec douche..","og_url":"https:\/\/www.rialtohotel.com\/fr\/rialto-studios\/appartement-studio-de-luxe-avec-terrasse\/","og_site_name":"Hotel Rialto","article_modified_time":"2026-02-11T10:34:48+00:00","twitter_card":"summary_large_image","twitter_misc":{"Est. reading time":"1 minute"},"schema":{"@context":"https:\/\/schema.org","@graph":[{"@type":"WebPage","@id":"https:\/\/www.rialtohotel.com\/fr\/rialto-studios\/appartement-studio-de-luxe-avec-terrasse\/","url":"https:\/\/www.rialtohotel.com\/fr\/rialto-studios\/appartement-studio-de-luxe-avec-terrasse\/","name":"Appartement Studio de Luxe avec Terrasse - Hotel Rialto -","isPartOf":{"@id":"https:\/\/www.rialtohotel.com\/fr\/#website"},"datePublished":"2026-02-04T09:47:45+00:00","dateModified":"2026-02-11T10:34:48+00:00","description":"Si vous souhaitez vivre une exp\u00e9rience unique, choisissez l'Appartements Vacances \u00e0 Venise de luxe Attico. Les fen\u00eatres panoramiques offrent une vue spectaculaire sur le Pont du Rialto et le Grand Canal. La vue de l'appartement vous permet d'admirer un paysage qui change avec le passage des heures jusqu'au coucher du soleil, lorsque Venise est encore plus belle et romantique ! L'appartement de luxe Attico est le plus spacieux et le plus demand\u00e9, d\u00e9p\u00eachez-vous de r\u00e9server pour vivre une exp\u00e9rience unique \u00e0 Venise. Caract\u00e9ristiques et \u00e9quipements : appartement pour deux personnes, 79 m\u00b2, compos\u00e9 d'une salle de s\u00e9jour avec coin cuisine, chambre, salle de bains avec douche..","breadcrumb":{"@id":"https:\/\/www.rialtohotel.com\/fr\/rialto-studios\/appartement-studio-de-luxe-avec-terrasse\/#breadcrumb"},"inLanguage":"fr-FR","potentialAction":[{"@type":"ReadAction","target":["https:\/\/www.rialtohotel.com\/fr\/rialto-studios\/appartement-studio-de-luxe-avec-terrasse\/"]}]},{"@type":"BreadcrumbList","@id":"https:\/\/www.rialtohotel.com\/fr\/rialto-studios\/appartement-studio-de-luxe-avec-terrasse\/#breadcrumb","itemListElement":[{"@type":"ListItem","position":1,"name":"Home","item":"https:\/\/www.rialtohotel.com\/fr\/"},{"@type":"ListItem","position":2,"name":"Rialto Studios","item":"https:\/\/www.rialtohotel.com\/fr\/rialto-studios\/"},{"@type":"ListItem","position":3,"name":"Appartement Studio de Luxe avec Terrasse"}]},{"@type":"WebSite","@id":"https:\/\/www.rialtohotel.com\/fr\/#website","url":"https:\/\/www.rialtohotel.com\/fr\/","name":"Hotel Rialto","description":"","publisher":{"@id":"https:\/\/www.rialtohotel.com\/fr\/#organization"},"potentialAction":[{"@type":"SearchAction","target":{"@type":"EntryPoint","urlTemplate":"https:\/\/www.rialtohotel.com\/fr\/?s={search_term_string}"},"query-input":{"@type":"PropertyValueSpecification","valueRequired":true,"valueName":"search_term_string"}}],"inLanguage":"fr-FR"},{"@type":"Organization","@id":"https:\/\/www.rialtohotel.com\/fr\/#organization","name":"Hotel Rialto","url":"https:\/\/www.rialtohotel.com\/fr\/","logo":{"@type":"ImageObject","inLanguage":"fr-FR","@id":"https:\/\/www.rialtohotel.com\/fr\/#\/schema\/logo\/image\/","url":"https:\/\/www.rialtohotel.com\/wp-content\/uploads\/sites\/47\/2026\/01\/hotel_rialto_logo_c.svg","contentUrl":"https:\/\/www.rialtohotel.com\/wp-content\/uploads\/sites\/47\/2026\/01\/hotel_rialto_logo_c.svg","width":511,"height":193,"caption":"Hotel Rialto"},"image":{"@id":"https:\/\/www.rialtohotel.com\/fr\/#\/schema\/logo\/image\/"}}]}},"acf":[],"_links":{"self":[{"href":"https:\/\/www.rialtohotel.com\/fr\/wp-json\/wp\/v2\/pages\/361","targetHints":{"allow":["GET"]}}],"collection":[{"href":"https:\/\/www.rialtohotel.com\/fr\/wp-json\/wp\/v2\/pages"}],"about":[{"href":"https:\/\/www.rialtohotel.com\/fr\/wp-json\/wp\/v2\/types\/page"}],"author":[{"embeddable":true,"href":"https:\/\/www.rialtohotel.com\/fr\/wp-json\/wp\/v2\/users\/6"}],"replies":[{"embeddable":true,"href":"https:\/\/www.rialtohotel.com\/fr\/wp-json\/wp\/v2\/comments?post=361"}],"version-history":[{"count":0,"href":"https:\/\/www.rialtohotel.com\/fr\/wp-json\/wp\/v2\/pages\/361\/revisions"}],"up":[{"embeddable":true,"href":"https:\/\/www.rialtohotel.com\/fr\/wp-json\/wp\/v2\/pages\/337"}],"wp:attachment":[{"href":"https:\/\/www.rialtohotel.com\/fr\/wp-json\/wp\/v2\/media?parent=361"}],"curies":[{"name":"wp","href":"https:\/\/api.w.org\/{rel}","templated":true}]}}