{"id":352,"date":"2026-02-04T09:44:53","date_gmt":"2026-02-04T09:44:53","guid":{"rendered":"https:\/\/rialtohotel.ms3.decms.eu\/?page_id=352"},"modified":"2026-02-11T10:24:57","modified_gmt":"2026-02-11T10:24:57","slug":"studio-deluxe","status":"publish","type":"page","link":"https:\/\/www.rialtohotel.com\/fr\/rialto-studios\/studio-deluxe\/","title":{"rendered":"Studio Deluxe"},"content":{"rendered":"<p>Des studios avec vue sur le pont du Rialto et le Grand Canal, vous pouvez profiter d&rsquo;un paysage vraiment sensationnel.<\/p>\n<p>Devant vous sur le tron\u00e7on du Grand Canal qui comprend le pont du Rialto, les boutiques pittoresques et les all\u00e9es et venues des gondoles et des embarcations sur les eaux du canal le plus c\u00e9l\u00e8bre du monde.<\/p>\n<p>\u00c9quip\u00e9s du confort et des services les plus modernes, les appartements de luxe avec vue, sont l&rsquo;id\u00e9al pour une escapade romantique en couple \u00e0 Venise.<\/p>\n<p>R\u00e9servez d\u00e8s maintenant pour obtenir les meilleurs tarifs en ligne !<\/p>\n<p>Caract\u00e9ristiques et \u00e9quipements : appartements pour deux personnes, 46-59 m\u00b2, compos\u00e9s d&rsquo;une salle de s\u00e9jour avec coin cuisine, chambre, salle de bains avec baignoire.<\/p>\n","protected":false},"excerpt":{"rendered":"<p>Des studios avec vue sur le pont du Rialto et le Grand Canal, vous pouvez profiter d&rsquo;un paysage vraiment sensationnel. Devant vous sur le tron\u00e7on du Grand Canal qui comprend le pont du Rialto, les boutiques pittoresques et les all\u00e9es et venues des gondoles et des embarcations sur les eaux du canal le plus c\u00e9l\u00e8bre [&hellip;]<\/p>\n","protected":false},"author":6,"featured_media":0,"parent":337,"menu_order":20,"comment_status":"closed","ping_status":"closed","template":"template-single-room.php","meta":{"footnotes":""},"class_list":["post-352","page","type-page","status-publish","hentry"],"yoast_head":"<!-- This site is optimized with the Yoast SEO plugin v26.9 - https:\/\/yoast.com\/product\/yoast-seo-wordpress\/ -->\n<title>Studio Deluxe - Hotel Rialto -<\/title>\n<meta name=\"description\" content=\"Des studios avec vue sur le pont du Rialto et le Grand Canal, vous pouvez profiter d&#039;un paysage vraiment sensationnel.  Devant vous sur le tron\u00e7on du Grand Canal qui comprend le pont du Rialto, les boutiques pittoresques et les all\u00e9es et venues des gondoles et des embarcations sur les eaux du canal le plus c\u00e9l\u00e8bre du monde.  \u00c9quip\u00e9s du confort et des services les plus modernes, les appartements de luxe avec vue, sont l&#039;id\u00e9al pour une escapade romantique en couple \u00e0 Venise.  R\u00e9servez d\u00e8s maintenant pour obtenir les meilleurs tarifs en ligne !  Caract\u00e9ristiques et \u00e9quipements : appartements pour deux personnes, 46-59 m\u00b2, compos\u00e9s d&#039;une salle de s\u00e9jour avec coin cuisine, chambre, salle de bains avec baignoire..\" \/>\n<meta name=\"robots\" content=\"index, follow, max-snippet:-1, max-image-preview:large, max-video-preview:-1\" \/>\n<link rel=\"canonical\" href=\"https:\/\/www.rialtohotel.com\/fr\/rialto-studios\/studio-deluxe\/\" \/>\n<meta property=\"og:locale\" content=\"fr_FR\" \/>\n<meta property=\"og:type\" content=\"article\" \/>\n<meta property=\"og:title\" content=\"Studio Deluxe - Hotel Rialto -\" \/>\n<meta property=\"og:description\" content=\"Des studios avec vue sur le pont du Rialto et le Grand Canal, vous pouvez profiter d&#039;un paysage vraiment sensationnel.  Devant vous sur le tron\u00e7on du Grand Canal qui comprend le pont du Rialto, les boutiques pittoresques et les all\u00e9es et venues des gondoles et des embarcations sur les eaux du canal le plus c\u00e9l\u00e8bre du monde.  \u00c9quip\u00e9s du confort et des services les plus modernes, les appartements de luxe avec vue, sont l&#039;id\u00e9al pour une escapade romantique en couple \u00e0 Venise.  R\u00e9servez d\u00e8s maintenant pour obtenir les meilleurs tarifs en ligne !  Caract\u00e9ristiques et \u00e9quipements : appartements pour deux personnes, 46-59 m\u00b2, compos\u00e9s d&#039;une salle de s\u00e9jour avec coin cuisine, chambre, salle de bains avec baignoire..\" \/>\n<meta property=\"og:url\" content=\"https:\/\/www.rialtohotel.com\/fr\/rialto-studios\/studio-deluxe\/\" \/>\n<meta property=\"og:site_name\" content=\"Hotel Rialto\" \/>\n<meta property=\"article:modified_time\" content=\"2026-02-11T10:24:57+00:00\" \/>\n<meta name=\"twitter:card\" content=\"summary_large_image\" \/>\n<meta name=\"twitter:label1\" content=\"Est. reading time\" \/>\n\t<meta name=\"twitter:data1\" content=\"1 minute\" \/>\n<script type=\"application\/ld+json\" class=\"yoast-schema-graph\">{\"@context\":\"https:\/\/schema.org\",\"@graph\":[{\"@type\":\"WebPage\",\"@id\":\"https:\/\/www.rialtohotel.com\/fr\/rialto-studios\/studio-deluxe\/\",\"url\":\"https:\/\/www.rialtohotel.com\/fr\/rialto-studios\/studio-deluxe\/\",\"name\":\"Studio Deluxe - Hotel Rialto -\",\"isPartOf\":{\"@id\":\"https:\/\/www.rialtohotel.com\/fr\/#website\"},\"datePublished\":\"2026-02-04T09:44:53+00:00\",\"dateModified\":\"2026-02-11T10:24:57+00:00\",\"description\":\"Des studios avec vue sur le pont du Rialto et le Grand Canal, vous pouvez profiter d'un paysage vraiment sensationnel. Devant vous sur le tron\u00e7on du Grand Canal qui comprend le pont du Rialto, les boutiques pittoresques et les all\u00e9es et venues des gondoles et des embarcations sur les eaux du canal le plus c\u00e9l\u00e8bre du monde. \u00c9quip\u00e9s du confort et des services les plus modernes, les appartements de luxe avec vue, sont l'id\u00e9al pour une escapade romantique en couple \u00e0 Venise. R\u00e9servez d\u00e8s maintenant pour obtenir les meilleurs tarifs en ligne ! Caract\u00e9ristiques et \u00e9quipements : appartements pour deux personnes, 46-59 m\u00b2, compos\u00e9s d'une salle de s\u00e9jour avec coin cuisine, chambre, salle de bains avec baignoire..\",\"breadcrumb\":{\"@id\":\"https:\/\/www.rialtohotel.com\/fr\/rialto-studios\/studio-deluxe\/#breadcrumb\"},\"inLanguage\":\"fr-FR\",\"potentialAction\":[{\"@type\":\"ReadAction\",\"target\":[\"https:\/\/www.rialtohotel.com\/fr\/rialto-studios\/studio-deluxe\/\"]}]},{\"@type\":\"BreadcrumbList\",\"@id\":\"https:\/\/www.rialtohotel.com\/fr\/rialto-studios\/studio-deluxe\/#breadcrumb\",\"itemListElement\":[{\"@type\":\"ListItem\",\"position\":1,\"name\":\"Home\",\"item\":\"https:\/\/www.rialtohotel.com\/fr\/\"},{\"@type\":\"ListItem\",\"position\":2,\"name\":\"Rialto Studios\",\"item\":\"https:\/\/www.rialtohotel.com\/fr\/rialto-studios\/\"},{\"@type\":\"ListItem\",\"position\":3,\"name\":\"Studio Deluxe\"}]},{\"@type\":\"WebSite\",\"@id\":\"https:\/\/www.rialtohotel.com\/fr\/#website\",\"url\":\"https:\/\/www.rialtohotel.com\/fr\/\",\"name\":\"Hotel Rialto\",\"description\":\"\",\"publisher\":{\"@id\":\"https:\/\/www.rialtohotel.com\/fr\/#organization\"},\"potentialAction\":[{\"@type\":\"SearchAction\",\"target\":{\"@type\":\"EntryPoint\",\"urlTemplate\":\"https:\/\/www.rialtohotel.com\/fr\/?s={search_term_string}\"},\"query-input\":{\"@type\":\"PropertyValueSpecification\",\"valueRequired\":true,\"valueName\":\"search_term_string\"}}],\"inLanguage\":\"fr-FR\"},{\"@type\":\"Organization\",\"@id\":\"https:\/\/www.rialtohotel.com\/fr\/#organization\",\"name\":\"Hotel Rialto\",\"url\":\"https:\/\/www.rialtohotel.com\/fr\/\",\"logo\":{\"@type\":\"ImageObject\",\"inLanguage\":\"fr-FR\",\"@id\":\"https:\/\/www.rialtohotel.com\/fr\/#\/schema\/logo\/image\/\",\"url\":\"https:\/\/www.rialtohotel.com\/wp-content\/uploads\/sites\/47\/2026\/01\/hotel_rialto_logo_c.svg\",\"contentUrl\":\"https:\/\/www.rialtohotel.com\/wp-content\/uploads\/sites\/47\/2026\/01\/hotel_rialto_logo_c.svg\",\"width\":511,\"height\":193,\"caption\":\"Hotel Rialto\"},\"image\":{\"@id\":\"https:\/\/www.rialtohotel.com\/fr\/#\/schema\/logo\/image\/\"}}]}<\/script>\n<!-- \/ Yoast SEO plugin. -->","yoast_head_json":{"title":"Studio Deluxe - Hotel Rialto -","description":"Des studios avec vue sur le pont du Rialto et le Grand Canal, vous pouvez profiter d'un paysage vraiment sensationnel.  Devant vous sur le tron\u00e7on du Grand Canal qui comprend le pont du Rialto, les boutiques pittoresques et les all\u00e9es et venues des gondoles et des embarcations sur les eaux du canal le plus c\u00e9l\u00e8bre du monde.  \u00c9quip\u00e9s du confort et des services les plus modernes, les appartements de luxe avec vue, sont l'id\u00e9al pour une escapade romantique en couple \u00e0 Venise.  R\u00e9servez d\u00e8s maintenant pour obtenir les meilleurs tarifs en ligne !  Caract\u00e9ristiques et \u00e9quipements : appartements pour deux personnes, 46-59 m\u00b2, compos\u00e9s d'une salle de s\u00e9jour avec coin cuisine, chambre, salle de bains avec baignoire..","robots":{"index":"index","follow":"follow","max-snippet":"max-snippet:-1","max-image-preview":"max-image-preview:large","max-video-preview":"max-video-preview:-1"},"canonical":"https:\/\/www.rialtohotel.com\/fr\/rialto-studios\/studio-deluxe\/","og_locale":"fr_FR","og_type":"article","og_title":"Studio Deluxe - Hotel Rialto -","og_description":"Des studios avec vue sur le pont du Rialto et le Grand Canal, vous pouvez profiter d'un paysage vraiment sensationnel.  Devant vous sur le tron\u00e7on du Grand Canal qui comprend le pont du Rialto, les boutiques pittoresques et les all\u00e9es et venues des gondoles et des embarcations sur les eaux du canal le plus c\u00e9l\u00e8bre du monde.  \u00c9quip\u00e9s du confort et des services les plus modernes, les appartements de luxe avec vue, sont l'id\u00e9al pour une escapade romantique en couple \u00e0 Venise.  R\u00e9servez d\u00e8s maintenant pour obtenir les meilleurs tarifs en ligne !  Caract\u00e9ristiques et \u00e9quipements : appartements pour deux personnes, 46-59 m\u00b2, compos\u00e9s d'une salle de s\u00e9jour avec coin cuisine, chambre, salle de bains avec baignoire..","og_url":"https:\/\/www.rialtohotel.com\/fr\/rialto-studios\/studio-deluxe\/","og_site_name":"Hotel Rialto","article_modified_time":"2026-02-11T10:24:57+00:00","twitter_card":"summary_large_image","twitter_misc":{"Est. reading time":"1 minute"},"schema":{"@context":"https:\/\/schema.org","@graph":[{"@type":"WebPage","@id":"https:\/\/www.rialtohotel.com\/fr\/rialto-studios\/studio-deluxe\/","url":"https:\/\/www.rialtohotel.com\/fr\/rialto-studios\/studio-deluxe\/","name":"Studio Deluxe - Hotel Rialto -","isPartOf":{"@id":"https:\/\/www.rialtohotel.com\/fr\/#website"},"datePublished":"2026-02-04T09:44:53+00:00","dateModified":"2026-02-11T10:24:57+00:00","description":"Des studios avec vue sur le pont du Rialto et le Grand Canal, vous pouvez profiter d'un paysage vraiment sensationnel. Devant vous sur le tron\u00e7on du Grand Canal qui comprend le pont du Rialto, les boutiques pittoresques et les all\u00e9es et venues des gondoles et des embarcations sur les eaux du canal le plus c\u00e9l\u00e8bre du monde. \u00c9quip\u00e9s du confort et des services les plus modernes, les appartements de luxe avec vue, sont l'id\u00e9al pour une escapade romantique en couple \u00e0 Venise. R\u00e9servez d\u00e8s maintenant pour obtenir les meilleurs tarifs en ligne ! Caract\u00e9ristiques et \u00e9quipements : appartements pour deux personnes, 46-59 m\u00b2, compos\u00e9s d'une salle de s\u00e9jour avec coin cuisine, chambre, salle de bains avec baignoire..","breadcrumb":{"@id":"https:\/\/www.rialtohotel.com\/fr\/rialto-studios\/studio-deluxe\/#breadcrumb"},"inLanguage":"fr-FR","potentialAction":[{"@type":"ReadAction","target":["https:\/\/www.rialtohotel.com\/fr\/rialto-studios\/studio-deluxe\/"]}]},{"@type":"BreadcrumbList","@id":"https:\/\/www.rialtohotel.com\/fr\/rialto-studios\/studio-deluxe\/#breadcrumb","itemListElement":[{"@type":"ListItem","position":1,"name":"Home","item":"https:\/\/www.rialtohotel.com\/fr\/"},{"@type":"ListItem","position":2,"name":"Rialto Studios","item":"https:\/\/www.rialtohotel.com\/fr\/rialto-studios\/"},{"@type":"ListItem","position":3,"name":"Studio Deluxe"}]},{"@type":"WebSite","@id":"https:\/\/www.rialtohotel.com\/fr\/#website","url":"https:\/\/www.rialtohotel.com\/fr\/","name":"Hotel Rialto","description":"","publisher":{"@id":"https:\/\/www.rialtohotel.com\/fr\/#organization"},"potentialAction":[{"@type":"SearchAction","target":{"@type":"EntryPoint","urlTemplate":"https:\/\/www.rialtohotel.com\/fr\/?s={search_term_string}"},"query-input":{"@type":"PropertyValueSpecification","valueRequired":true,"valueName":"search_term_string"}}],"inLanguage":"fr-FR"},{"@type":"Organization","@id":"https:\/\/www.rialtohotel.com\/fr\/#organization","name":"Hotel Rialto","url":"https:\/\/www.rialtohotel.com\/fr\/","logo":{"@type":"ImageObject","inLanguage":"fr-FR","@id":"https:\/\/www.rialtohotel.com\/fr\/#\/schema\/logo\/image\/","url":"https:\/\/www.rialtohotel.com\/wp-content\/uploads\/sites\/47\/2026\/01\/hotel_rialto_logo_c.svg","contentUrl":"https:\/\/www.rialtohotel.com\/wp-content\/uploads\/sites\/47\/2026\/01\/hotel_rialto_logo_c.svg","width":511,"height":193,"caption":"Hotel Rialto"},"image":{"@id":"https:\/\/www.rialtohotel.com\/fr\/#\/schema\/logo\/image\/"}}]}},"acf":[],"_links":{"self":[{"href":"https:\/\/www.rialtohotel.com\/fr\/wp-json\/wp\/v2\/pages\/352","targetHints":{"allow":["GET"]}}],"collection":[{"href":"https:\/\/www.rialtohotel.com\/fr\/wp-json\/wp\/v2\/pages"}],"about":[{"href":"https:\/\/www.rialtohotel.com\/fr\/wp-json\/wp\/v2\/types\/page"}],"author":[{"embeddable":true,"href":"https:\/\/www.rialtohotel.com\/fr\/wp-json\/wp\/v2\/users\/6"}],"replies":[{"embeddable":true,"href":"https:\/\/www.rialtohotel.com\/fr\/wp-json\/wp\/v2\/comments?post=352"}],"version-history":[{"count":0,"href":"https:\/\/www.rialtohotel.com\/fr\/wp-json\/wp\/v2\/pages\/352\/revisions"}],"up":[{"embeddable":true,"href":"https:\/\/www.rialtohotel.com\/fr\/wp-json\/wp\/v2\/pages\/337"}],"wp:attachment":[{"href":"https:\/\/www.rialtohotel.com\/fr\/wp-json\/wp\/v2\/media?parent=352"}],"curies":[{"name":"wp","href":"https:\/\/api.w.org\/{rel}","templated":true}]}}