{"id":346,"date":"2026-02-04T09:43:49","date_gmt":"2026-02-04T09:43:49","guid":{"rendered":"https:\/\/rialtohotel.ms3.decms.eu\/?page_id=346"},"modified":"2026-02-11T10:12:21","modified_gmt":"2026-02-11T10:12:21","slug":"studio-executif","status":"publish","type":"page","link":"https:\/\/www.rialtohotel.com\/fr\/rialto-studios\/studio-executif\/","title":{"rendered":"Studio Ex\u00e9cutif"},"content":{"rendered":"<p>Appartements Vacances \u00e0 Venise, donnant sur la rue, \u00e9quip\u00e9s tout confort: qu&rsquo;y a-t-il de mieux pour une escapade romantique dans la plus belle ville du monde ?<\/p>\n<p>R\u00e9servez d\u00e8s maintenant, dans ces appartements de luxe l&rsquo;\u00e9lu(e) de votre c\u0153ur ne pourra vous r\u00e9sister.<\/p>\n<p>Meilleur prix en ligne garanti !<\/p>\n<p>Caract\u00e9ristiques et \u00e9quipements : appartements pour deux personnes, 47 m\u00b2, compos\u00e9s d&rsquo;une salle de s\u00e9jour avec coin cuisine, chambre, salle de bains avec baignoire.<\/p>\n","protected":false},"excerpt":{"rendered":"<p>Appartements Vacances \u00e0 Venise, donnant sur la rue, \u00e9quip\u00e9s tout confort: qu&rsquo;y a-t-il de mieux pour une escapade romantique dans la plus belle ville du monde ? R\u00e9servez d\u00e8s maintenant, dans ces appartements de luxe l&rsquo;\u00e9lu(e) de votre c\u0153ur ne pourra vous r\u00e9sister. Meilleur prix en ligne garanti ! Caract\u00e9ristiques et \u00e9quipements : appartements pour [&hellip;]<\/p>\n","protected":false},"author":6,"featured_media":0,"parent":337,"menu_order":10,"comment_status":"closed","ping_status":"closed","template":"template-single-room.php","meta":{"footnotes":""},"class_list":["post-346","page","type-page","status-publish","hentry"],"yoast_head":"<!-- This site is optimized with the Yoast SEO plugin v26.9 - https:\/\/yoast.com\/product\/yoast-seo-wordpress\/ -->\n<title>Studio Ex\u00e9cutif - Hotel Rialto -<\/title>\n<meta name=\"description\" content=\"Appartements Vacances \u00e0 Venise, donnant sur la rue, \u00e9quip\u00e9s tout confort: qu&#039;y a-t-il de mieux pour une escapade romantique dans la plus belle ville du monde ?  R\u00e9servez d\u00e8s maintenant, dans ces appartements de luxe l&#039;\u00e9lu(e) de votre c\u0153ur ne pourra vous r\u00e9sister.  Meilleur prix en ligne garanti !  Caract\u00e9ristiques et \u00e9quipements : appartements pour deux personnes, 47 m\u00b2, compos\u00e9s d&#039;une salle de s\u00e9jour avec coin cuisine, chambre, salle de bains avec baignoire..\" \/>\n<meta name=\"robots\" content=\"index, follow, max-snippet:-1, max-image-preview:large, max-video-preview:-1\" \/>\n<link rel=\"canonical\" href=\"https:\/\/www.rialtohotel.com\/fr\/rialto-studios\/studio-executif\/\" \/>\n<meta property=\"og:locale\" content=\"fr_FR\" \/>\n<meta property=\"og:type\" content=\"article\" \/>\n<meta property=\"og:title\" content=\"Studio Ex\u00e9cutif - Hotel Rialto -\" \/>\n<meta property=\"og:description\" content=\"Appartements Vacances \u00e0 Venise, donnant sur la rue, \u00e9quip\u00e9s tout confort: qu&#039;y a-t-il de mieux pour une escapade romantique dans la plus belle ville du monde ?  R\u00e9servez d\u00e8s maintenant, dans ces appartements de luxe l&#039;\u00e9lu(e) de votre c\u0153ur ne pourra vous r\u00e9sister.  Meilleur prix en ligne garanti !  Caract\u00e9ristiques et \u00e9quipements : appartements pour deux personnes, 47 m\u00b2, compos\u00e9s d&#039;une salle de s\u00e9jour avec coin cuisine, chambre, salle de bains avec baignoire..\" \/>\n<meta property=\"og:url\" content=\"https:\/\/www.rialtohotel.com\/fr\/rialto-studios\/studio-executif\/\" \/>\n<meta property=\"og:site_name\" content=\"Hotel Rialto\" \/>\n<meta property=\"article:modified_time\" content=\"2026-02-11T10:12:21+00:00\" \/>\n<meta name=\"twitter:card\" content=\"summary_large_image\" \/>\n<meta name=\"twitter:label1\" content=\"Est. reading time\" \/>\n\t<meta name=\"twitter:data1\" content=\"1 minute\" \/>\n<script type=\"application\/ld+json\" class=\"yoast-schema-graph\">{\"@context\":\"https:\/\/schema.org\",\"@graph\":[{\"@type\":\"WebPage\",\"@id\":\"https:\/\/www.rialtohotel.com\/fr\/rialto-studios\/studio-executif\/\",\"url\":\"https:\/\/www.rialtohotel.com\/fr\/rialto-studios\/studio-executif\/\",\"name\":\"Studio Ex\u00e9cutif - Hotel Rialto -\",\"isPartOf\":{\"@id\":\"https:\/\/www.rialtohotel.com\/fr\/#website\"},\"datePublished\":\"2026-02-04T09:43:49+00:00\",\"dateModified\":\"2026-02-11T10:12:21+00:00\",\"description\":\"Appartements Vacances \u00e0 Venise, donnant sur la rue, \u00e9quip\u00e9s tout confort: qu'y a-t-il de mieux pour une escapade romantique dans la plus belle ville du monde ? R\u00e9servez d\u00e8s maintenant, dans ces appartements de luxe l'\u00e9lu(e) de votre c\u0153ur ne pourra vous r\u00e9sister. Meilleur prix en ligne garanti ! Caract\u00e9ristiques et \u00e9quipements : appartements pour deux personnes, 47 m\u00b2, compos\u00e9s d'une salle de s\u00e9jour avec coin cuisine, chambre, salle de bains avec baignoire..\",\"breadcrumb\":{\"@id\":\"https:\/\/www.rialtohotel.com\/fr\/rialto-studios\/studio-executif\/#breadcrumb\"},\"inLanguage\":\"fr-FR\",\"potentialAction\":[{\"@type\":\"ReadAction\",\"target\":[\"https:\/\/www.rialtohotel.com\/fr\/rialto-studios\/studio-executif\/\"]}]},{\"@type\":\"BreadcrumbList\",\"@id\":\"https:\/\/www.rialtohotel.com\/fr\/rialto-studios\/studio-executif\/#breadcrumb\",\"itemListElement\":[{\"@type\":\"ListItem\",\"position\":1,\"name\":\"Home\",\"item\":\"https:\/\/www.rialtohotel.com\/fr\/\"},{\"@type\":\"ListItem\",\"position\":2,\"name\":\"Rialto Studios\",\"item\":\"https:\/\/www.rialtohotel.com\/fr\/rialto-studios\/\"},{\"@type\":\"ListItem\",\"position\":3,\"name\":\"Studio Ex\u00e9cutif\"}]},{\"@type\":\"WebSite\",\"@id\":\"https:\/\/www.rialtohotel.com\/fr\/#website\",\"url\":\"https:\/\/www.rialtohotel.com\/fr\/\",\"name\":\"Hotel Rialto\",\"description\":\"\",\"publisher\":{\"@id\":\"https:\/\/www.rialtohotel.com\/fr\/#organization\"},\"potentialAction\":[{\"@type\":\"SearchAction\",\"target\":{\"@type\":\"EntryPoint\",\"urlTemplate\":\"https:\/\/www.rialtohotel.com\/fr\/?s={search_term_string}\"},\"query-input\":{\"@type\":\"PropertyValueSpecification\",\"valueRequired\":true,\"valueName\":\"search_term_string\"}}],\"inLanguage\":\"fr-FR\"},{\"@type\":\"Organization\",\"@id\":\"https:\/\/www.rialtohotel.com\/fr\/#organization\",\"name\":\"Hotel Rialto\",\"url\":\"https:\/\/www.rialtohotel.com\/fr\/\",\"logo\":{\"@type\":\"ImageObject\",\"inLanguage\":\"fr-FR\",\"@id\":\"https:\/\/www.rialtohotel.com\/fr\/#\/schema\/logo\/image\/\",\"url\":\"https:\/\/www.rialtohotel.com\/wp-content\/uploads\/sites\/47\/2026\/01\/hotel_rialto_logo_c.svg\",\"contentUrl\":\"https:\/\/www.rialtohotel.com\/wp-content\/uploads\/sites\/47\/2026\/01\/hotel_rialto_logo_c.svg\",\"width\":511,\"height\":193,\"caption\":\"Hotel Rialto\"},\"image\":{\"@id\":\"https:\/\/www.rialtohotel.com\/fr\/#\/schema\/logo\/image\/\"}}]}<\/script>\n<!-- \/ Yoast SEO plugin. -->","yoast_head_json":{"title":"Studio Ex\u00e9cutif - Hotel Rialto -","description":"Appartements Vacances \u00e0 Venise, donnant sur la rue, \u00e9quip\u00e9s tout confort: qu'y a-t-il de mieux pour une escapade romantique dans la plus belle ville du monde ?  R\u00e9servez d\u00e8s maintenant, dans ces appartements de luxe l'\u00e9lu(e) de votre c\u0153ur ne pourra vous r\u00e9sister.  Meilleur prix en ligne garanti !  Caract\u00e9ristiques et \u00e9quipements : appartements pour deux personnes, 47 m\u00b2, compos\u00e9s d'une salle de s\u00e9jour avec coin cuisine, chambre, salle de bains avec baignoire..","robots":{"index":"index","follow":"follow","max-snippet":"max-snippet:-1","max-image-preview":"max-image-preview:large","max-video-preview":"max-video-preview:-1"},"canonical":"https:\/\/www.rialtohotel.com\/fr\/rialto-studios\/studio-executif\/","og_locale":"fr_FR","og_type":"article","og_title":"Studio Ex\u00e9cutif - Hotel Rialto -","og_description":"Appartements Vacances \u00e0 Venise, donnant sur la rue, \u00e9quip\u00e9s tout confort: qu'y a-t-il de mieux pour une escapade romantique dans la plus belle ville du monde ?  R\u00e9servez d\u00e8s maintenant, dans ces appartements de luxe l'\u00e9lu(e) de votre c\u0153ur ne pourra vous r\u00e9sister.  Meilleur prix en ligne garanti !  Caract\u00e9ristiques et \u00e9quipements : appartements pour deux personnes, 47 m\u00b2, compos\u00e9s d'une salle de s\u00e9jour avec coin cuisine, chambre, salle de bains avec baignoire..","og_url":"https:\/\/www.rialtohotel.com\/fr\/rialto-studios\/studio-executif\/","og_site_name":"Hotel Rialto","article_modified_time":"2026-02-11T10:12:21+00:00","twitter_card":"summary_large_image","twitter_misc":{"Est. reading time":"1 minute"},"schema":{"@context":"https:\/\/schema.org","@graph":[{"@type":"WebPage","@id":"https:\/\/www.rialtohotel.com\/fr\/rialto-studios\/studio-executif\/","url":"https:\/\/www.rialtohotel.com\/fr\/rialto-studios\/studio-executif\/","name":"Studio Ex\u00e9cutif - Hotel Rialto -","isPartOf":{"@id":"https:\/\/www.rialtohotel.com\/fr\/#website"},"datePublished":"2026-02-04T09:43:49+00:00","dateModified":"2026-02-11T10:12:21+00:00","description":"Appartements Vacances \u00e0 Venise, donnant sur la rue, \u00e9quip\u00e9s tout confort: qu'y a-t-il de mieux pour une escapade romantique dans la plus belle ville du monde ? R\u00e9servez d\u00e8s maintenant, dans ces appartements de luxe l'\u00e9lu(e) de votre c\u0153ur ne pourra vous r\u00e9sister. Meilleur prix en ligne garanti ! Caract\u00e9ristiques et \u00e9quipements : appartements pour deux personnes, 47 m\u00b2, compos\u00e9s d'une salle de s\u00e9jour avec coin cuisine, chambre, salle de bains avec baignoire..","breadcrumb":{"@id":"https:\/\/www.rialtohotel.com\/fr\/rialto-studios\/studio-executif\/#breadcrumb"},"inLanguage":"fr-FR","potentialAction":[{"@type":"ReadAction","target":["https:\/\/www.rialtohotel.com\/fr\/rialto-studios\/studio-executif\/"]}]},{"@type":"BreadcrumbList","@id":"https:\/\/www.rialtohotel.com\/fr\/rialto-studios\/studio-executif\/#breadcrumb","itemListElement":[{"@type":"ListItem","position":1,"name":"Home","item":"https:\/\/www.rialtohotel.com\/fr\/"},{"@type":"ListItem","position":2,"name":"Rialto Studios","item":"https:\/\/www.rialtohotel.com\/fr\/rialto-studios\/"},{"@type":"ListItem","position":3,"name":"Studio Ex\u00e9cutif"}]},{"@type":"WebSite","@id":"https:\/\/www.rialtohotel.com\/fr\/#website","url":"https:\/\/www.rialtohotel.com\/fr\/","name":"Hotel Rialto","description":"","publisher":{"@id":"https:\/\/www.rialtohotel.com\/fr\/#organization"},"potentialAction":[{"@type":"SearchAction","target":{"@type":"EntryPoint","urlTemplate":"https:\/\/www.rialtohotel.com\/fr\/?s={search_term_string}"},"query-input":{"@type":"PropertyValueSpecification","valueRequired":true,"valueName":"search_term_string"}}],"inLanguage":"fr-FR"},{"@type":"Organization","@id":"https:\/\/www.rialtohotel.com\/fr\/#organization","name":"Hotel Rialto","url":"https:\/\/www.rialtohotel.com\/fr\/","logo":{"@type":"ImageObject","inLanguage":"fr-FR","@id":"https:\/\/www.rialtohotel.com\/fr\/#\/schema\/logo\/image\/","url":"https:\/\/www.rialtohotel.com\/wp-content\/uploads\/sites\/47\/2026\/01\/hotel_rialto_logo_c.svg","contentUrl":"https:\/\/www.rialtohotel.com\/wp-content\/uploads\/sites\/47\/2026\/01\/hotel_rialto_logo_c.svg","width":511,"height":193,"caption":"Hotel Rialto"},"image":{"@id":"https:\/\/www.rialtohotel.com\/fr\/#\/schema\/logo\/image\/"}}]}},"acf":[],"_links":{"self":[{"href":"https:\/\/www.rialtohotel.com\/fr\/wp-json\/wp\/v2\/pages\/346","targetHints":{"allow":["GET"]}}],"collection":[{"href":"https:\/\/www.rialtohotel.com\/fr\/wp-json\/wp\/v2\/pages"}],"about":[{"href":"https:\/\/www.rialtohotel.com\/fr\/wp-json\/wp\/v2\/types\/page"}],"author":[{"embeddable":true,"href":"https:\/\/www.rialtohotel.com\/fr\/wp-json\/wp\/v2\/users\/6"}],"replies":[{"embeddable":true,"href":"https:\/\/www.rialtohotel.com\/fr\/wp-json\/wp\/v2\/comments?post=346"}],"version-history":[{"count":0,"href":"https:\/\/www.rialtohotel.com\/fr\/wp-json\/wp\/v2\/pages\/346\/revisions"}],"up":[{"embeddable":true,"href":"https:\/\/www.rialtohotel.com\/fr\/wp-json\/wp\/v2\/pages\/337"}],"wp:attachment":[{"href":"https:\/\/www.rialtohotel.com\/fr\/wp-json\/wp\/v2\/media?parent=346"}],"curies":[{"name":"wp","href":"https:\/\/api.w.org\/{rel}","templated":true}]}}