{"id":337,"date":"2026-02-04T09:43:39","date_gmt":"2026-02-04T09:43:39","guid":{"rendered":"https:\/\/rialtohotel.ms3.decms.eu\/?page_id=337"},"modified":"2026-02-20T22:18:22","modified_gmt":"2026-02-20T22:18:22","slug":"rialto-studios","status":"publish","type":"page","link":"https:\/\/www.rialtohotel.com\/fr\/rialto-studios\/","title":{"rendered":"Rialto Studios"},"content":{"rendered":"<p>Rialto Luxury Studios propose des appartements vacances \u00e0 Venise avec des finitions de luxe et certains avec une vue spectaculaire sur le pont du Rialto.<br \/>\nNos appartements de luxe sont l&rsquo;id\u00e9al pour un s\u00e9jour romantique \u00e0 Venise : ils sont situ\u00e9s au dernier \u00e9tage d&rsquo;une demeure noble avec vue sur le pont du Rialto et le Grand Canal.<\/p>\n<p>Un cadre enchanteur pour profiter de la magie que seul un s\u00e9jour dans un appartement de vacances \u00e0 Venise peut offrir.<br \/>\nMeubl\u00e9s avec un style contemporain, les studios sont orn\u00e9s de d\u00e9tails luxueux et offrent une atmosph\u00e8re chaleureuse et relaxante qui les rend parfaits pour un s\u00e9jour romantique \u00e0 Venise.<\/p>\n","protected":false},"excerpt":{"rendered":"<p>Rialto Luxury Studios propose des appartements vacances \u00e0 Venise avec des finitions de luxe et certains avec une vue spectaculaire sur le pont du Rialto. Nos appartements de luxe sont l&rsquo;id\u00e9al pour un s\u00e9jour romantique \u00e0 Venise : ils sont situ\u00e9s au dernier \u00e9tage d&rsquo;une demeure noble avec vue sur le pont du Rialto et [&hellip;]<\/p>\n","protected":false},"author":6,"featured_media":0,"parent":0,"menu_order":40,"comment_status":"closed","ping_status":"closed","template":"template-studios.php","meta":{"footnotes":""},"class_list":["post-337","page","type-page","status-publish","hentry"],"yoast_head":"<!-- This site is optimized with the Yoast SEO plugin v26.9 - https:\/\/yoast.com\/product\/yoast-seo-wordpress\/ -->\n<title>Rialto Studios - Hotel Rialto -<\/title>\n<meta name=\"description\" content=\"Rialto Luxury Studios propose des appartements vacances \u00e0 Venise avec des finitions de luxe et certains avec une vue spectaculaire sur le pont du Rialto. Nos appartements de luxe sont l&#039;id\u00e9al pour un s\u00e9jour romantique \u00e0 Venise : ils sont situ\u00e9s au dernier \u00e9tage d&#039;une demeure noble avec vue sur le pont du Rialto et le Grand Canal.  Un cadre enchanteur pour profiter de la magie que seul un s\u00e9jour dans un appartement de vacances \u00e0 Venise peut offrir. Meubl\u00e9s avec un style contemporain, les studios sont orn\u00e9s de d\u00e9tails luxueux et offrent une atmosph\u00e8re chaleureuse et relaxante qui les rend parfaits pour un s\u00e9jour romantique \u00e0 Venise..\" \/>\n<meta name=\"robots\" content=\"index, follow, max-snippet:-1, max-image-preview:large, max-video-preview:-1\" \/>\n<link rel=\"canonical\" href=\"https:\/\/www.rialtohotel.com\/fr\/rialto-studios\/\" \/>\n<meta property=\"og:locale\" content=\"fr_FR\" \/>\n<meta property=\"og:type\" content=\"article\" \/>\n<meta property=\"og:title\" content=\"Rialto Studios - Hotel Rialto -\" \/>\n<meta property=\"og:description\" content=\"Rialto Luxury Studios propose des appartements vacances \u00e0 Venise avec des finitions de luxe et certains avec une vue spectaculaire sur le pont du Rialto. Nos appartements de luxe sont l&#039;id\u00e9al pour un s\u00e9jour romantique \u00e0 Venise : ils sont situ\u00e9s au dernier \u00e9tage d&#039;une demeure noble avec vue sur le pont du Rialto et le Grand Canal.  Un cadre enchanteur pour profiter de la magie que seul un s\u00e9jour dans un appartement de vacances \u00e0 Venise peut offrir. Meubl\u00e9s avec un style contemporain, les studios sont orn\u00e9s de d\u00e9tails luxueux et offrent une atmosph\u00e8re chaleureuse et relaxante qui les rend parfaits pour un s\u00e9jour romantique \u00e0 Venise..\" \/>\n<meta property=\"og:url\" content=\"https:\/\/www.rialtohotel.com\/fr\/rialto-studios\/\" \/>\n<meta property=\"og:site_name\" content=\"Hotel Rialto\" \/>\n<meta property=\"article:modified_time\" content=\"2026-02-20T22:18:22+00:00\" \/>\n<meta name=\"twitter:card\" content=\"summary_large_image\" \/>\n<meta name=\"twitter:label1\" content=\"Est. reading time\" \/>\n\t<meta name=\"twitter:data1\" content=\"1 minute\" \/>\n<script type=\"application\/ld+json\" class=\"yoast-schema-graph\">{\"@context\":\"https:\/\/schema.org\",\"@graph\":[{\"@type\":\"WebPage\",\"@id\":\"https:\/\/www.rialtohotel.com\/fr\/rialto-studios\/\",\"url\":\"https:\/\/www.rialtohotel.com\/fr\/rialto-studios\/\",\"name\":\"Rialto Studios - Hotel Rialto -\",\"isPartOf\":{\"@id\":\"https:\/\/www.rialtohotel.com\/fr\/#website\"},\"datePublished\":\"2026-02-04T09:43:39+00:00\",\"dateModified\":\"2026-02-20T22:18:22+00:00\",\"description\":\"Rialto Luxury Studios propose des appartements vacances \u00e0 Venise avec des finitions de luxe et certains avec une vue spectaculaire sur le pont du Rialto. Nos appartements de luxe sont l'id\u00e9al pour un s\u00e9jour romantique \u00e0 Venise : ils sont situ\u00e9s au dernier \u00e9tage d'une demeure noble avec vue sur le pont du Rialto et le Grand Canal. Un cadre enchanteur pour profiter de la magie que seul un s\u00e9jour dans un appartement de vacances \u00e0 Venise peut offrir. Meubl\u00e9s avec un style contemporain, les studios sont orn\u00e9s de d\u00e9tails luxueux et offrent une atmosph\u00e8re chaleureuse et relaxante qui les rend parfaits pour un s\u00e9jour romantique \u00e0 Venise..\",\"breadcrumb\":{\"@id\":\"https:\/\/www.rialtohotel.com\/fr\/rialto-studios\/#breadcrumb\"},\"inLanguage\":\"fr-FR\",\"potentialAction\":[{\"@type\":\"ReadAction\",\"target\":[\"https:\/\/www.rialtohotel.com\/fr\/rialto-studios\/\"]}]},{\"@type\":\"BreadcrumbList\",\"@id\":\"https:\/\/www.rialtohotel.com\/fr\/rialto-studios\/#breadcrumb\",\"itemListElement\":[{\"@type\":\"ListItem\",\"position\":1,\"name\":\"Home\",\"item\":\"https:\/\/www.rialtohotel.com\/fr\/\"},{\"@type\":\"ListItem\",\"position\":2,\"name\":\"Rialto Studios\"}]},{\"@type\":\"WebSite\",\"@id\":\"https:\/\/www.rialtohotel.com\/fr\/#website\",\"url\":\"https:\/\/www.rialtohotel.com\/fr\/\",\"name\":\"Hotel Rialto\",\"description\":\"\",\"publisher\":{\"@id\":\"https:\/\/www.rialtohotel.com\/fr\/#organization\"},\"potentialAction\":[{\"@type\":\"SearchAction\",\"target\":{\"@type\":\"EntryPoint\",\"urlTemplate\":\"https:\/\/www.rialtohotel.com\/fr\/?s={search_term_string}\"},\"query-input\":{\"@type\":\"PropertyValueSpecification\",\"valueRequired\":true,\"valueName\":\"search_term_string\"}}],\"inLanguage\":\"fr-FR\"},{\"@type\":\"Organization\",\"@id\":\"https:\/\/www.rialtohotel.com\/fr\/#organization\",\"name\":\"Hotel Rialto\",\"url\":\"https:\/\/www.rialtohotel.com\/fr\/\",\"logo\":{\"@type\":\"ImageObject\",\"inLanguage\":\"fr-FR\",\"@id\":\"https:\/\/www.rialtohotel.com\/fr\/#\/schema\/logo\/image\/\",\"url\":\"https:\/\/www.rialtohotel.com\/wp-content\/uploads\/sites\/47\/2026\/01\/hotel_rialto_logo_c.svg\",\"contentUrl\":\"https:\/\/www.rialtohotel.com\/wp-content\/uploads\/sites\/47\/2026\/01\/hotel_rialto_logo_c.svg\",\"width\":511,\"height\":193,\"caption\":\"Hotel Rialto\"},\"image\":{\"@id\":\"https:\/\/www.rialtohotel.com\/fr\/#\/schema\/logo\/image\/\"}}]}<\/script>\n<!-- \/ Yoast SEO plugin. -->","yoast_head_json":{"title":"Rialto Studios - Hotel Rialto -","description":"Rialto Luxury Studios propose des appartements vacances \u00e0 Venise avec des finitions de luxe et certains avec une vue spectaculaire sur le pont du Rialto. Nos appartements de luxe sont l'id\u00e9al pour un s\u00e9jour romantique \u00e0 Venise : ils sont situ\u00e9s au dernier \u00e9tage d'une demeure noble avec vue sur le pont du Rialto et le Grand Canal.  Un cadre enchanteur pour profiter de la magie que seul un s\u00e9jour dans un appartement de vacances \u00e0 Venise peut offrir. Meubl\u00e9s avec un style contemporain, les studios sont orn\u00e9s de d\u00e9tails luxueux et offrent une atmosph\u00e8re chaleureuse et relaxante qui les rend parfaits pour un s\u00e9jour romantique \u00e0 Venise..","robots":{"index":"index","follow":"follow","max-snippet":"max-snippet:-1","max-image-preview":"max-image-preview:large","max-video-preview":"max-video-preview:-1"},"canonical":"https:\/\/www.rialtohotel.com\/fr\/rialto-studios\/","og_locale":"fr_FR","og_type":"article","og_title":"Rialto Studios - Hotel Rialto -","og_description":"Rialto Luxury Studios propose des appartements vacances \u00e0 Venise avec des finitions de luxe et certains avec une vue spectaculaire sur le pont du Rialto. Nos appartements de luxe sont l'id\u00e9al pour un s\u00e9jour romantique \u00e0 Venise : ils sont situ\u00e9s au dernier \u00e9tage d'une demeure noble avec vue sur le pont du Rialto et le Grand Canal.  Un cadre enchanteur pour profiter de la magie que seul un s\u00e9jour dans un appartement de vacances \u00e0 Venise peut offrir. Meubl\u00e9s avec un style contemporain, les studios sont orn\u00e9s de d\u00e9tails luxueux et offrent une atmosph\u00e8re chaleureuse et relaxante qui les rend parfaits pour un s\u00e9jour romantique \u00e0 Venise..","og_url":"https:\/\/www.rialtohotel.com\/fr\/rialto-studios\/","og_site_name":"Hotel Rialto","article_modified_time":"2026-02-20T22:18:22+00:00","twitter_card":"summary_large_image","twitter_misc":{"Est. reading time":"1 minute"},"schema":{"@context":"https:\/\/schema.org","@graph":[{"@type":"WebPage","@id":"https:\/\/www.rialtohotel.com\/fr\/rialto-studios\/","url":"https:\/\/www.rialtohotel.com\/fr\/rialto-studios\/","name":"Rialto Studios - Hotel Rialto -","isPartOf":{"@id":"https:\/\/www.rialtohotel.com\/fr\/#website"},"datePublished":"2026-02-04T09:43:39+00:00","dateModified":"2026-02-20T22:18:22+00:00","description":"Rialto Luxury Studios propose des appartements vacances \u00e0 Venise avec des finitions de luxe et certains avec une vue spectaculaire sur le pont du Rialto. Nos appartements de luxe sont l'id\u00e9al pour un s\u00e9jour romantique \u00e0 Venise : ils sont situ\u00e9s au dernier \u00e9tage d'une demeure noble avec vue sur le pont du Rialto et le Grand Canal. Un cadre enchanteur pour profiter de la magie que seul un s\u00e9jour dans un appartement de vacances \u00e0 Venise peut offrir. Meubl\u00e9s avec un style contemporain, les studios sont orn\u00e9s de d\u00e9tails luxueux et offrent une atmosph\u00e8re chaleureuse et relaxante qui les rend parfaits pour un s\u00e9jour romantique \u00e0 Venise..","breadcrumb":{"@id":"https:\/\/www.rialtohotel.com\/fr\/rialto-studios\/#breadcrumb"},"inLanguage":"fr-FR","potentialAction":[{"@type":"ReadAction","target":["https:\/\/www.rialtohotel.com\/fr\/rialto-studios\/"]}]},{"@type":"BreadcrumbList","@id":"https:\/\/www.rialtohotel.com\/fr\/rialto-studios\/#breadcrumb","itemListElement":[{"@type":"ListItem","position":1,"name":"Home","item":"https:\/\/www.rialtohotel.com\/fr\/"},{"@type":"ListItem","position":2,"name":"Rialto Studios"}]},{"@type":"WebSite","@id":"https:\/\/www.rialtohotel.com\/fr\/#website","url":"https:\/\/www.rialtohotel.com\/fr\/","name":"Hotel Rialto","description":"","publisher":{"@id":"https:\/\/www.rialtohotel.com\/fr\/#organization"},"potentialAction":[{"@type":"SearchAction","target":{"@type":"EntryPoint","urlTemplate":"https:\/\/www.rialtohotel.com\/fr\/?s={search_term_string}"},"query-input":{"@type":"PropertyValueSpecification","valueRequired":true,"valueName":"search_term_string"}}],"inLanguage":"fr-FR"},{"@type":"Organization","@id":"https:\/\/www.rialtohotel.com\/fr\/#organization","name":"Hotel Rialto","url":"https:\/\/www.rialtohotel.com\/fr\/","logo":{"@type":"ImageObject","inLanguage":"fr-FR","@id":"https:\/\/www.rialtohotel.com\/fr\/#\/schema\/logo\/image\/","url":"https:\/\/www.rialtohotel.com\/wp-content\/uploads\/sites\/47\/2026\/01\/hotel_rialto_logo_c.svg","contentUrl":"https:\/\/www.rialtohotel.com\/wp-content\/uploads\/sites\/47\/2026\/01\/hotel_rialto_logo_c.svg","width":511,"height":193,"caption":"Hotel Rialto"},"image":{"@id":"https:\/\/www.rialtohotel.com\/fr\/#\/schema\/logo\/image\/"}}]}},"acf":[],"_links":{"self":[{"href":"https:\/\/www.rialtohotel.com\/fr\/wp-json\/wp\/v2\/pages\/337","targetHints":{"allow":["GET"]}}],"collection":[{"href":"https:\/\/www.rialtohotel.com\/fr\/wp-json\/wp\/v2\/pages"}],"about":[{"href":"https:\/\/www.rialtohotel.com\/fr\/wp-json\/wp\/v2\/types\/page"}],"author":[{"embeddable":true,"href":"https:\/\/www.rialtohotel.com\/fr\/wp-json\/wp\/v2\/users\/6"}],"replies":[{"embeddable":true,"href":"https:\/\/www.rialtohotel.com\/fr\/wp-json\/wp\/v2\/comments?post=337"}],"version-history":[{"count":0,"href":"https:\/\/www.rialtohotel.com\/fr\/wp-json\/wp\/v2\/pages\/337\/revisions"}],"wp:attachment":[{"href":"https:\/\/www.rialtohotel.com\/fr\/wp-json\/wp\/v2\/media?parent=337"}],"curies":[{"name":"wp","href":"https:\/\/api.w.org\/{rel}","templated":true}]}}