{"id":328,"date":"2026-01-19T16:00:00","date_gmt":"2026-01-19T16:00:00","guid":{"rendered":"https:\/\/rialtohotel.ms3.decms.eu\/?page_id=328"},"modified":"2026-02-20T22:12:55","modified_gmt":"2026-02-20T22:12:55","slug":"ca-rialto-house","status":"publish","type":"page","link":"https:\/\/www.rialtohotel.com\/fr\/ca-rialto-house\/","title":{"rendered":"C\u00e0 Rialto House"},"content":{"rendered":"<p>Adjacent \u00e0 l&rsquo;H\u00f4tel Rialto, mais avec une entr\u00e9e s\u00e9par\u00e9e, la <strong>Ca&rsquo; Rialto House<\/strong> propose <strong>de splendides Chambres Vacances Venise dans le style du XVIII<sup>e<\/sup> s<\/strong>.\u00a0Des chambres chaleureuses pour se d\u00e9tendre, soign\u00e9es dans les moindres d\u00e9tails, o\u00f9 vous pourrez respirer l&rsquo;atmosph\u00e8re de la\u00a0<b>Venise<\/b>\u00a0la plus authentique pour des\u00a0<b>vacances romantiques<\/b>\u00a0et inoubliables.<\/p>\n<p>Vastes, dot\u00e9es de tout le <b>confort le plus moderne<\/b> et caract\u00e9ris\u00e9es par de hauts plafonds, les chambres sont disponibles en versions simple, double et triple,et se trouvent \u00e0 quelques m\u00e8tres du magnifique pont du Rialto et du Grand Canal, dans l&rsquo;un des quartiers les plus fascinants de\u00a0<b>Venise<\/b>, permettant de rejoindre facilement les principaux sites de la ville.\u00a0Toutes les chambres sont \u00e9quip\u00e9es d&rsquo;une baignoire ou d&rsquo;une douche, de la <b>climatisation<\/b>, d&rsquo;une ligne t\u00e9l\u00e9phonique directe, de la <b>t\u00e9l\u00e9vision satellite<\/b>, d&rsquo;un minibar et d&rsquo;un s\u00e8che-cheveux. Les chambres sont situ\u00e9es au 1er \u00e9tage. Sans ascenseur.<\/p>\n","protected":false},"excerpt":{"rendered":"<p>Adjacent \u00e0 l&rsquo;H\u00f4tel Rialto, mais avec une entr\u00e9e s\u00e9par\u00e9e, la Ca&rsquo; Rialto House propose de splendides Chambres Vacances Venise dans le style du XVIIIe s.\u00a0Des chambres chaleureuses pour se d\u00e9tendre, soign\u00e9es dans les moindres d\u00e9tails, o\u00f9 vous pourrez respirer l&rsquo;atmosph\u00e8re de la\u00a0Venise\u00a0la plus authentique pour des\u00a0vacances romantiques\u00a0et inoubliables. Vastes, dot\u00e9es de tout le confort le [&hellip;]<\/p>\n","protected":false},"author":6,"featured_media":0,"parent":0,"menu_order":30,"comment_status":"closed","ping_status":"closed","template":"template-rooms.php","meta":{"footnotes":""},"class_list":["post-328","page","type-page","status-publish","hentry"],"yoast_head":"<!-- This site is optimized with the Yoast SEO plugin v26.9 - https:\/\/yoast.com\/product\/yoast-seo-wordpress\/ -->\n<title>C\u00e0 Rialto House - Hotel Rialto -<\/title>\n<meta name=\"description\" content=\"Adjacent \u00e0 l&#039;H\u00f4tel Rialto, mais avec une entr\u00e9e s\u00e9par\u00e9e, la Ca&#039; Rialto House propose de splendides Chambres Vacances Venise dans le style du XVIIIe s.\u00a0Des chambres chaleureuses pour se d\u00e9tendre, soign\u00e9es dans les moindres d\u00e9tails, o\u00f9 vous pourrez respirer l&#039;atmosph\u00e8re de la\u00a0Venise\u00a0la plus authentique pour des\u00a0vacances romantiques\u00a0et inoubliables.  Vastes, dot\u00e9es de tout le confort le plus moderne et caract\u00e9ris\u00e9es par de hauts plafonds, les chambres sont disponibles en versions simple, double et triple,et se trouvent \u00e0 quelques m\u00e8tres du magnifique pont du Rialto et du Grand Canal, dans l&#039;un des quartiers les plus fascinants de\u00a0Venise, permettant de rejoindre facilement les principaux sites de la ville.\u00a0Toutes les chambres sont \u00e9quip\u00e9es d&#039;une baignoire ou d&#039;une douche, de la climatisation, d&#039;une ligne t\u00e9l\u00e9phonique directe, de la t\u00e9l\u00e9vision satellite, d&#039;un minibar et d&#039;un s\u00e8che-cheveux. Les chambres sont situ\u00e9es au 1er \u00e9tage\" \/>\n<meta name=\"robots\" content=\"index, follow, max-snippet:-1, max-image-preview:large, max-video-preview:-1\" \/>\n<link rel=\"canonical\" href=\"https:\/\/www.rialtohotel.com\/fr\/ca-rialto-house\/\" \/>\n<meta property=\"og:locale\" content=\"fr_FR\" \/>\n<meta property=\"og:type\" content=\"article\" \/>\n<meta property=\"og:title\" content=\"C\u00e0 Rialto House - Hotel Rialto -\" \/>\n<meta property=\"og:description\" content=\"Adjacent \u00e0 l&#039;H\u00f4tel Rialto, mais avec une entr\u00e9e s\u00e9par\u00e9e, la Ca&#039; Rialto House propose de splendides Chambres Vacances Venise dans le style du XVIIIe s.\u00a0Des chambres chaleureuses pour se d\u00e9tendre, soign\u00e9es dans les moindres d\u00e9tails, o\u00f9 vous pourrez respirer l&#039;atmosph\u00e8re de la\u00a0Venise\u00a0la plus authentique pour des\u00a0vacances romantiques\u00a0et inoubliables.  Vastes, dot\u00e9es de tout le confort le plus moderne et caract\u00e9ris\u00e9es par de hauts plafonds, les chambres sont disponibles en versions simple, double et triple,et se trouvent \u00e0 quelques m\u00e8tres du magnifique pont du Rialto et du Grand Canal, dans l&#039;un des quartiers les plus fascinants de\u00a0Venise, permettant de rejoindre facilement les principaux sites de la ville.\u00a0Toutes les chambres sont \u00e9quip\u00e9es d&#039;une baignoire ou d&#039;une douche, de la climatisation, d&#039;une ligne t\u00e9l\u00e9phonique directe, de la t\u00e9l\u00e9vision satellite, d&#039;un minibar et d&#039;un s\u00e8che-cheveux. Les chambres sont situ\u00e9es au 1er \u00e9tage\" \/>\n<meta property=\"og:url\" content=\"https:\/\/www.rialtohotel.com\/fr\/ca-rialto-house\/\" \/>\n<meta property=\"og:site_name\" content=\"Hotel Rialto\" \/>\n<meta property=\"article:modified_time\" content=\"2026-02-20T22:12:55+00:00\" \/>\n<meta name=\"twitter:card\" content=\"summary_large_image\" \/>\n<meta name=\"twitter:label1\" content=\"Est. reading time\" \/>\n\t<meta name=\"twitter:data1\" content=\"1 minute\" \/>\n<script type=\"application\/ld+json\" class=\"yoast-schema-graph\">{\"@context\":\"https:\/\/schema.org\",\"@graph\":[{\"@type\":\"WebPage\",\"@id\":\"https:\/\/www.rialtohotel.com\/fr\/ca-rialto-house\/\",\"url\":\"https:\/\/www.rialtohotel.com\/fr\/ca-rialto-house\/\",\"name\":\"C\u00e0 Rialto House - Hotel Rialto -\",\"isPartOf\":{\"@id\":\"https:\/\/www.rialtohotel.com\/fr\/#website\"},\"datePublished\":\"2026-01-19T16:00:00+00:00\",\"dateModified\":\"2026-02-20T22:12:55+00:00\",\"description\":\"Adjacent \u00e0 l'H\u00f4tel Rialto, mais avec une entr\u00e9e s\u00e9par\u00e9e, la Ca' Rialto House propose de splendides Chambres Vacances Venise dans le style du XVIIIe s.\u00a0Des chambres chaleureuses pour se d\u00e9tendre, soign\u00e9es dans les moindres d\u00e9tails, o\u00f9 vous pourrez respirer l'atmosph\u00e8re de la\u00a0Venise\u00a0la plus authentique pour des\u00a0vacances romantiques\u00a0et inoubliables. Vastes, dot\u00e9es de tout le confort le plus moderne et caract\u00e9ris\u00e9es par de hauts plafonds, les chambres sont disponibles en versions simple, double et triple,et se trouvent \u00e0 quelques m\u00e8tres du magnifique pont du Rialto et du Grand Canal, dans l'un des quartiers les plus fascinants de\u00a0Venise, permettant de rejoindre facilement les principaux sites de la ville.\u00a0Toutes les chambres sont \u00e9quip\u00e9es d'une baignoire ou d'une douche, de la climatisation, d'une ligne t\u00e9l\u00e9phonique directe, de la t\u00e9l\u00e9vision satellite, d'un minibar et d'un s\u00e8che-cheveux. Les chambres sont situ\u00e9es au 1er \u00e9tage\",\"breadcrumb\":{\"@id\":\"https:\/\/www.rialtohotel.com\/fr\/ca-rialto-house\/#breadcrumb\"},\"inLanguage\":\"fr-FR\",\"potentialAction\":[{\"@type\":\"ReadAction\",\"target\":[\"https:\/\/www.rialtohotel.com\/fr\/ca-rialto-house\/\"]}]},{\"@type\":\"BreadcrumbList\",\"@id\":\"https:\/\/www.rialtohotel.com\/fr\/ca-rialto-house\/#breadcrumb\",\"itemListElement\":[{\"@type\":\"ListItem\",\"position\":1,\"name\":\"Home\",\"item\":\"https:\/\/www.rialtohotel.com\/fr\/\"},{\"@type\":\"ListItem\",\"position\":2,\"name\":\"C\u00e0 Rialto House\"}]},{\"@type\":\"WebSite\",\"@id\":\"https:\/\/www.rialtohotel.com\/fr\/#website\",\"url\":\"https:\/\/www.rialtohotel.com\/fr\/\",\"name\":\"Hotel Rialto\",\"description\":\"\",\"publisher\":{\"@id\":\"https:\/\/www.rialtohotel.com\/fr\/#organization\"},\"potentialAction\":[{\"@type\":\"SearchAction\",\"target\":{\"@type\":\"EntryPoint\",\"urlTemplate\":\"https:\/\/www.rialtohotel.com\/fr\/?s={search_term_string}\"},\"query-input\":{\"@type\":\"PropertyValueSpecification\",\"valueRequired\":true,\"valueName\":\"search_term_string\"}}],\"inLanguage\":\"fr-FR\"},{\"@type\":\"Organization\",\"@id\":\"https:\/\/www.rialtohotel.com\/fr\/#organization\",\"name\":\"Hotel Rialto\",\"url\":\"https:\/\/www.rialtohotel.com\/fr\/\",\"logo\":{\"@type\":\"ImageObject\",\"inLanguage\":\"fr-FR\",\"@id\":\"https:\/\/www.rialtohotel.com\/fr\/#\/schema\/logo\/image\/\",\"url\":\"https:\/\/www.rialtohotel.com\/wp-content\/uploads\/sites\/47\/2026\/01\/hotel_rialto_logo_c.svg\",\"contentUrl\":\"https:\/\/www.rialtohotel.com\/wp-content\/uploads\/sites\/47\/2026\/01\/hotel_rialto_logo_c.svg\",\"width\":511,\"height\":193,\"caption\":\"Hotel Rialto\"},\"image\":{\"@id\":\"https:\/\/www.rialtohotel.com\/fr\/#\/schema\/logo\/image\/\"}}]}<\/script>\n<!-- \/ Yoast SEO plugin. -->","yoast_head_json":{"title":"C\u00e0 Rialto House - Hotel Rialto -","description":"Adjacent \u00e0 l'H\u00f4tel Rialto, mais avec une entr\u00e9e s\u00e9par\u00e9e, la Ca' Rialto House propose de splendides Chambres Vacances Venise dans le style du XVIIIe s.\u00a0Des chambres chaleureuses pour se d\u00e9tendre, soign\u00e9es dans les moindres d\u00e9tails, o\u00f9 vous pourrez respirer l'atmosph\u00e8re de la\u00a0Venise\u00a0la plus authentique pour des\u00a0vacances romantiques\u00a0et inoubliables.  Vastes, dot\u00e9es de tout le confort le plus moderne et caract\u00e9ris\u00e9es par de hauts plafonds, les chambres sont disponibles en versions simple, double et triple,et se trouvent \u00e0 quelques m\u00e8tres du magnifique pont du Rialto et du Grand Canal, dans l'un des quartiers les plus fascinants de\u00a0Venise, permettant de rejoindre facilement les principaux sites de la ville.\u00a0Toutes les chambres sont \u00e9quip\u00e9es d'une baignoire ou d'une douche, de la climatisation, d'une ligne t\u00e9l\u00e9phonique directe, de la t\u00e9l\u00e9vision satellite, d'un minibar et d'un s\u00e8che-cheveux. Les chambres sont situ\u00e9es au 1er \u00e9tage","robots":{"index":"index","follow":"follow","max-snippet":"max-snippet:-1","max-image-preview":"max-image-preview:large","max-video-preview":"max-video-preview:-1"},"canonical":"https:\/\/www.rialtohotel.com\/fr\/ca-rialto-house\/","og_locale":"fr_FR","og_type":"article","og_title":"C\u00e0 Rialto House - Hotel Rialto -","og_description":"Adjacent \u00e0 l'H\u00f4tel Rialto, mais avec une entr\u00e9e s\u00e9par\u00e9e, la Ca' Rialto House propose de splendides Chambres Vacances Venise dans le style du XVIIIe s.\u00a0Des chambres chaleureuses pour se d\u00e9tendre, soign\u00e9es dans les moindres d\u00e9tails, o\u00f9 vous pourrez respirer l'atmosph\u00e8re de la\u00a0Venise\u00a0la plus authentique pour des\u00a0vacances romantiques\u00a0et inoubliables.  Vastes, dot\u00e9es de tout le confort le plus moderne et caract\u00e9ris\u00e9es par de hauts plafonds, les chambres sont disponibles en versions simple, double et triple,et se trouvent \u00e0 quelques m\u00e8tres du magnifique pont du Rialto et du Grand Canal, dans l'un des quartiers les plus fascinants de\u00a0Venise, permettant de rejoindre facilement les principaux sites de la ville.\u00a0Toutes les chambres sont \u00e9quip\u00e9es d'une baignoire ou d'une douche, de la climatisation, d'une ligne t\u00e9l\u00e9phonique directe, de la t\u00e9l\u00e9vision satellite, d'un minibar et d'un s\u00e8che-cheveux. Les chambres sont situ\u00e9es au 1er \u00e9tage","og_url":"https:\/\/www.rialtohotel.com\/fr\/ca-rialto-house\/","og_site_name":"Hotel Rialto","article_modified_time":"2026-02-20T22:12:55+00:00","twitter_card":"summary_large_image","twitter_misc":{"Est. reading time":"1 minute"},"schema":{"@context":"https:\/\/schema.org","@graph":[{"@type":"WebPage","@id":"https:\/\/www.rialtohotel.com\/fr\/ca-rialto-house\/","url":"https:\/\/www.rialtohotel.com\/fr\/ca-rialto-house\/","name":"C\u00e0 Rialto House - Hotel Rialto -","isPartOf":{"@id":"https:\/\/www.rialtohotel.com\/fr\/#website"},"datePublished":"2026-01-19T16:00:00+00:00","dateModified":"2026-02-20T22:12:55+00:00","description":"Adjacent \u00e0 l'H\u00f4tel Rialto, mais avec une entr\u00e9e s\u00e9par\u00e9e, la Ca' Rialto House propose de splendides Chambres Vacances Venise dans le style du XVIIIe s.\u00a0Des chambres chaleureuses pour se d\u00e9tendre, soign\u00e9es dans les moindres d\u00e9tails, o\u00f9 vous pourrez respirer l'atmosph\u00e8re de la\u00a0Venise\u00a0la plus authentique pour des\u00a0vacances romantiques\u00a0et inoubliables. Vastes, dot\u00e9es de tout le confort le plus moderne et caract\u00e9ris\u00e9es par de hauts plafonds, les chambres sont disponibles en versions simple, double et triple,et se trouvent \u00e0 quelques m\u00e8tres du magnifique pont du Rialto et du Grand Canal, dans l'un des quartiers les plus fascinants de\u00a0Venise, permettant de rejoindre facilement les principaux sites de la ville.\u00a0Toutes les chambres sont \u00e9quip\u00e9es d'une baignoire ou d'une douche, de la climatisation, d'une ligne t\u00e9l\u00e9phonique directe, de la t\u00e9l\u00e9vision satellite, d'un minibar et d'un s\u00e8che-cheveux. Les chambres sont situ\u00e9es au 1er \u00e9tage","breadcrumb":{"@id":"https:\/\/www.rialtohotel.com\/fr\/ca-rialto-house\/#breadcrumb"},"inLanguage":"fr-FR","potentialAction":[{"@type":"ReadAction","target":["https:\/\/www.rialtohotel.com\/fr\/ca-rialto-house\/"]}]},{"@type":"BreadcrumbList","@id":"https:\/\/www.rialtohotel.com\/fr\/ca-rialto-house\/#breadcrumb","itemListElement":[{"@type":"ListItem","position":1,"name":"Home","item":"https:\/\/www.rialtohotel.com\/fr\/"},{"@type":"ListItem","position":2,"name":"C\u00e0 Rialto House"}]},{"@type":"WebSite","@id":"https:\/\/www.rialtohotel.com\/fr\/#website","url":"https:\/\/www.rialtohotel.com\/fr\/","name":"Hotel Rialto","description":"","publisher":{"@id":"https:\/\/www.rialtohotel.com\/fr\/#organization"},"potentialAction":[{"@type":"SearchAction","target":{"@type":"EntryPoint","urlTemplate":"https:\/\/www.rialtohotel.com\/fr\/?s={search_term_string}"},"query-input":{"@type":"PropertyValueSpecification","valueRequired":true,"valueName":"search_term_string"}}],"inLanguage":"fr-FR"},{"@type":"Organization","@id":"https:\/\/www.rialtohotel.com\/fr\/#organization","name":"Hotel Rialto","url":"https:\/\/www.rialtohotel.com\/fr\/","logo":{"@type":"ImageObject","inLanguage":"fr-FR","@id":"https:\/\/www.rialtohotel.com\/fr\/#\/schema\/logo\/image\/","url":"https:\/\/www.rialtohotel.com\/wp-content\/uploads\/sites\/47\/2026\/01\/hotel_rialto_logo_c.svg","contentUrl":"https:\/\/www.rialtohotel.com\/wp-content\/uploads\/sites\/47\/2026\/01\/hotel_rialto_logo_c.svg","width":511,"height":193,"caption":"Hotel Rialto"},"image":{"@id":"https:\/\/www.rialtohotel.com\/fr\/#\/schema\/logo\/image\/"}}]}},"acf":[],"_links":{"self":[{"href":"https:\/\/www.rialtohotel.com\/fr\/wp-json\/wp\/v2\/pages\/328","targetHints":{"allow":["GET"]}}],"collection":[{"href":"https:\/\/www.rialtohotel.com\/fr\/wp-json\/wp\/v2\/pages"}],"about":[{"href":"https:\/\/www.rialtohotel.com\/fr\/wp-json\/wp\/v2\/types\/page"}],"author":[{"embeddable":true,"href":"https:\/\/www.rialtohotel.com\/fr\/wp-json\/wp\/v2\/users\/6"}],"replies":[{"embeddable":true,"href":"https:\/\/www.rialtohotel.com\/fr\/wp-json\/wp\/v2\/comments?post=328"}],"version-history":[{"count":0,"href":"https:\/\/www.rialtohotel.com\/fr\/wp-json\/wp\/v2\/pages\/328\/revisions"}],"wp:attachment":[{"href":"https:\/\/www.rialtohotel.com\/fr\/wp-json\/wp\/v2\/media?parent=328"}],"curies":[{"name":"wp","href":"https:\/\/api.w.org\/{rel}","templated":true}]}}