{"id":245,"date":"2026-01-13T14:16:42","date_gmt":"2026-01-13T14:16:42","guid":{"rendered":"https:\/\/rialtohotel.ms3.decms.eu\/?page_id=245"},"modified":"2026-02-24T06:59:03","modified_gmt":"2026-02-24T06:59:03","slug":"hotel-rialto-ca-rialto-house","status":"publish","type":"page","link":"https:\/\/www.rialtohotel.com\/fr\/","title":{"rendered":"H\u00f4tel Rialto &#038; C\u00e0 Rialto House"},"content":{"rendered":"<p>Enfin \u00e0 Venise, enfin au Rialto pour vivre la magie de Venise, un lieu unique.<br \/>\nAu c\u0153ur de Venise, en face du pont du Rialto, avec la plus belle ville du monde qui n&rsquo;attend qu&rsquo;\u00e0 \u00eatre connue.<br \/>\nRialto Unique Experience est heureux d&rsquo;offrir trois formules diff\u00e9rentes de s\u00e9jour, pour que nos h\u00f4tes vivent leurs vacances dans un h\u00f4tel de Venise selon leurs propres r\u00eaves et d\u00e9sirs.<\/p>\n","protected":false},"excerpt":{"rendered":"<p>Enfin \u00e0 Venise, enfin au Rialto pour vivre la magie de Venise, un lieu unique. Au c\u0153ur de Venise, en face du pont du Rialto, avec la plus belle ville du monde qui n&rsquo;attend qu&rsquo;\u00e0 \u00eatre connue. Rialto Unique Experience est heureux d&rsquo;offrir trois formules diff\u00e9rentes de s\u00e9jour, pour que nos h\u00f4tes vivent leurs vacances [&hellip;]<\/p>\n","protected":false},"author":6,"featured_media":0,"parent":0,"menu_order":10,"comment_status":"closed","ping_status":"closed","template":"","meta":{"footnotes":""},"class_list":["post-245","page","type-page","status-publish","hentry"],"yoast_head":"<!-- This site is optimized with the Yoast SEO plugin v26.9 - https:\/\/yoast.com\/product\/yoast-seo-wordpress\/ -->\n<title>H\u00f4tel Rialto &amp; C\u00e0 Rialto House - Hotel Rialto -<\/title>\n<meta name=\"description\" content=\"Enfin \u00e0 Venise, enfin au Rialto pour vivre la magie de Venise, un lieu unique. Au c\u0153ur de Venise, en face du pont du Rialto, avec la plus belle ville du monde qui n&#039;attend qu&#039;\u00e0 \u00eatre connue. Rialto Unique Experience est heureux d&#039;offrir trois formules diff\u00e9rentes de s\u00e9jour, pour que nos h\u00f4tes vivent leurs vacances dans un h\u00f4tel de Venise selon leurs propres r\u00eaves et d\u00e9sirs..\" \/>\n<meta name=\"robots\" content=\"index, follow, max-snippet:-1, max-image-preview:large, max-video-preview:-1\" \/>\n<link rel=\"canonical\" href=\"https:\/\/www.rialtohotel.com\/fr\/\" \/>\n<meta property=\"og:locale\" content=\"fr_FR\" \/>\n<meta property=\"og:type\" content=\"article\" \/>\n<meta property=\"og:title\" content=\"H\u00f4tel Rialto &amp; C\u00e0 Rialto House - Hotel Rialto -\" \/>\n<meta property=\"og:description\" content=\"Enfin \u00e0 Venise, enfin au Rialto pour vivre la magie de Venise, un lieu unique. Au c\u0153ur de Venise, en face du pont du Rialto, avec la plus belle ville du monde qui n&#039;attend qu&#039;\u00e0 \u00eatre connue. Rialto Unique Experience est heureux d&#039;offrir trois formules diff\u00e9rentes de s\u00e9jour, pour que nos h\u00f4tes vivent leurs vacances dans un h\u00f4tel de Venise selon leurs propres r\u00eaves et d\u00e9sirs..\" \/>\n<meta property=\"og:url\" content=\"https:\/\/www.rialtohotel.com\/fr\/\" \/>\n<meta property=\"og:site_name\" content=\"Hotel Rialto\" \/>\n<meta property=\"article:modified_time\" content=\"2026-02-24T06:59:03+00:00\" \/>\n<meta name=\"twitter:card\" content=\"summary_large_image\" \/>\n<meta name=\"twitter:label1\" content=\"Est. reading time\" \/>\n\t<meta name=\"twitter:data1\" content=\"1 minute\" \/>\n<script type=\"application\/ld+json\" class=\"yoast-schema-graph\">{\"@context\":\"https:\/\/schema.org\",\"@graph\":[{\"@type\":\"WebPage\",\"@id\":\"https:\/\/www.rialtohotel.com\/fr\/\",\"url\":\"https:\/\/www.rialtohotel.com\/fr\/\",\"name\":\"H\u00f4tel Rialto & C\u00e0 Rialto House - Hotel Rialto -\",\"isPartOf\":{\"@id\":\"https:\/\/www.rialtohotel.com\/fr\/#website\"},\"datePublished\":\"2026-01-13T14:16:42+00:00\",\"dateModified\":\"2026-02-24T06:59:03+00:00\",\"description\":\"Enfin \u00e0 Venise, enfin au Rialto pour vivre la magie de Venise, un lieu unique. Au c\u0153ur de Venise, en face du pont du Rialto, avec la plus belle ville du monde qui n'attend qu'\u00e0 \u00eatre connue. Rialto Unique Experience est heureux d'offrir trois formules diff\u00e9rentes de s\u00e9jour, pour que nos h\u00f4tes vivent leurs vacances dans un h\u00f4tel de Venise selon leurs propres r\u00eaves et d\u00e9sirs..\",\"breadcrumb\":{\"@id\":\"https:\/\/www.rialtohotel.com\/fr\/#breadcrumb\"},\"inLanguage\":\"fr-FR\",\"potentialAction\":[{\"@type\":\"ReadAction\",\"target\":[\"https:\/\/www.rialtohotel.com\/fr\/\"]}]},{\"@type\":\"BreadcrumbList\",\"@id\":\"https:\/\/www.rialtohotel.com\/fr\/#breadcrumb\",\"itemListElement\":[{\"@type\":\"ListItem\",\"position\":1,\"name\":\"Home\",\"item\":\"https:\/\/www.rialtohotel.com\/fr\/\"},{\"@type\":\"ListItem\",\"position\":2,\"name\":\"H\u00f4tel Rialto &#038; C\u00e0 Rialto House\"}]},{\"@type\":\"WebSite\",\"@id\":\"https:\/\/www.rialtohotel.com\/fr\/#website\",\"url\":\"https:\/\/www.rialtohotel.com\/fr\/\",\"name\":\"Hotel Rialto\",\"description\":\"\",\"publisher\":{\"@id\":\"https:\/\/www.rialtohotel.com\/fr\/#organization\"},\"potentialAction\":[{\"@type\":\"SearchAction\",\"target\":{\"@type\":\"EntryPoint\",\"urlTemplate\":\"https:\/\/www.rialtohotel.com\/fr\/?s={search_term_string}\"},\"query-input\":{\"@type\":\"PropertyValueSpecification\",\"valueRequired\":true,\"valueName\":\"search_term_string\"}}],\"inLanguage\":\"fr-FR\"},{\"@type\":\"Organization\",\"@id\":\"https:\/\/www.rialtohotel.com\/fr\/#organization\",\"name\":\"Hotel Rialto\",\"url\":\"https:\/\/www.rialtohotel.com\/fr\/\",\"logo\":{\"@type\":\"ImageObject\",\"inLanguage\":\"fr-FR\",\"@id\":\"https:\/\/www.rialtohotel.com\/fr\/#\/schema\/logo\/image\/\",\"url\":\"https:\/\/www.rialtohotel.com\/wp-content\/uploads\/sites\/47\/2026\/01\/hotel_rialto_logo_c.svg\",\"contentUrl\":\"https:\/\/www.rialtohotel.com\/wp-content\/uploads\/sites\/47\/2026\/01\/hotel_rialto_logo_c.svg\",\"width\":511,\"height\":193,\"caption\":\"Hotel Rialto\"},\"image\":{\"@id\":\"https:\/\/www.rialtohotel.com\/fr\/#\/schema\/logo\/image\/\"}}]}<\/script>\n<!-- \/ Yoast SEO plugin. -->","yoast_head_json":{"title":"H\u00f4tel Rialto & C\u00e0 Rialto House - Hotel Rialto -","description":"Enfin \u00e0 Venise, enfin au Rialto pour vivre la magie de Venise, un lieu unique. Au c\u0153ur de Venise, en face du pont du Rialto, avec la plus belle ville du monde qui n'attend qu'\u00e0 \u00eatre connue. Rialto Unique Experience est heureux d'offrir trois formules diff\u00e9rentes de s\u00e9jour, pour que nos h\u00f4tes vivent leurs vacances dans un h\u00f4tel de Venise selon leurs propres r\u00eaves et d\u00e9sirs..","robots":{"index":"index","follow":"follow","max-snippet":"max-snippet:-1","max-image-preview":"max-image-preview:large","max-video-preview":"max-video-preview:-1"},"canonical":"https:\/\/www.rialtohotel.com\/fr\/","og_locale":"fr_FR","og_type":"article","og_title":"H\u00f4tel Rialto & C\u00e0 Rialto House - Hotel Rialto -","og_description":"Enfin \u00e0 Venise, enfin au Rialto pour vivre la magie de Venise, un lieu unique. Au c\u0153ur de Venise, en face du pont du Rialto, avec la plus belle ville du monde qui n'attend qu'\u00e0 \u00eatre connue. Rialto Unique Experience est heureux d'offrir trois formules diff\u00e9rentes de s\u00e9jour, pour que nos h\u00f4tes vivent leurs vacances dans un h\u00f4tel de Venise selon leurs propres r\u00eaves et d\u00e9sirs..","og_url":"https:\/\/www.rialtohotel.com\/fr\/","og_site_name":"Hotel Rialto","article_modified_time":"2026-02-24T06:59:03+00:00","twitter_card":"summary_large_image","twitter_misc":{"Est. reading time":"1 minute"},"schema":{"@context":"https:\/\/schema.org","@graph":[{"@type":"WebPage","@id":"https:\/\/www.rialtohotel.com\/fr\/","url":"https:\/\/www.rialtohotel.com\/fr\/","name":"H\u00f4tel Rialto & C\u00e0 Rialto House - Hotel Rialto -","isPartOf":{"@id":"https:\/\/www.rialtohotel.com\/fr\/#website"},"datePublished":"2026-01-13T14:16:42+00:00","dateModified":"2026-02-24T06:59:03+00:00","description":"Enfin \u00e0 Venise, enfin au Rialto pour vivre la magie de Venise, un lieu unique. Au c\u0153ur de Venise, en face du pont du Rialto, avec la plus belle ville du monde qui n'attend qu'\u00e0 \u00eatre connue. Rialto Unique Experience est heureux d'offrir trois formules diff\u00e9rentes de s\u00e9jour, pour que nos h\u00f4tes vivent leurs vacances dans un h\u00f4tel de Venise selon leurs propres r\u00eaves et d\u00e9sirs..","breadcrumb":{"@id":"https:\/\/www.rialtohotel.com\/fr\/#breadcrumb"},"inLanguage":"fr-FR","potentialAction":[{"@type":"ReadAction","target":["https:\/\/www.rialtohotel.com\/fr\/"]}]},{"@type":"BreadcrumbList","@id":"https:\/\/www.rialtohotel.com\/fr\/#breadcrumb","itemListElement":[{"@type":"ListItem","position":1,"name":"Home","item":"https:\/\/www.rialtohotel.com\/fr\/"},{"@type":"ListItem","position":2,"name":"H\u00f4tel Rialto &#038; C\u00e0 Rialto House"}]},{"@type":"WebSite","@id":"https:\/\/www.rialtohotel.com\/fr\/#website","url":"https:\/\/www.rialtohotel.com\/fr\/","name":"Hotel Rialto","description":"","publisher":{"@id":"https:\/\/www.rialtohotel.com\/fr\/#organization"},"potentialAction":[{"@type":"SearchAction","target":{"@type":"EntryPoint","urlTemplate":"https:\/\/www.rialtohotel.com\/fr\/?s={search_term_string}"},"query-input":{"@type":"PropertyValueSpecification","valueRequired":true,"valueName":"search_term_string"}}],"inLanguage":"fr-FR"},{"@type":"Organization","@id":"https:\/\/www.rialtohotel.com\/fr\/#organization","name":"Hotel Rialto","url":"https:\/\/www.rialtohotel.com\/fr\/","logo":{"@type":"ImageObject","inLanguage":"fr-FR","@id":"https:\/\/www.rialtohotel.com\/fr\/#\/schema\/logo\/image\/","url":"https:\/\/www.rialtohotel.com\/wp-content\/uploads\/sites\/47\/2026\/01\/hotel_rialto_logo_c.svg","contentUrl":"https:\/\/www.rialtohotel.com\/wp-content\/uploads\/sites\/47\/2026\/01\/hotel_rialto_logo_c.svg","width":511,"height":193,"caption":"Hotel Rialto"},"image":{"@id":"https:\/\/www.rialtohotel.com\/fr\/#\/schema\/logo\/image\/"}}]}},"acf":[],"_links":{"self":[{"href":"https:\/\/www.rialtohotel.com\/fr\/wp-json\/wp\/v2\/pages\/245","targetHints":{"allow":["GET"]}}],"collection":[{"href":"https:\/\/www.rialtohotel.com\/fr\/wp-json\/wp\/v2\/pages"}],"about":[{"href":"https:\/\/www.rialtohotel.com\/fr\/wp-json\/wp\/v2\/types\/page"}],"author":[{"embeddable":true,"href":"https:\/\/www.rialtohotel.com\/fr\/wp-json\/wp\/v2\/users\/6"}],"replies":[{"embeddable":true,"href":"https:\/\/www.rialtohotel.com\/fr\/wp-json\/wp\/v2\/comments?post=245"}],"version-history":[{"count":0,"href":"https:\/\/www.rialtohotel.com\/fr\/wp-json\/wp\/v2\/pages\/245\/revisions"}],"wp:attachment":[{"href":"https:\/\/www.rialtohotel.com\/fr\/wp-json\/wp\/v2\/media?parent=245"}],"curies":[{"name":"wp","href":"https:\/\/api.w.org\/{rel}","templated":true}]}}