{"id":396,"date":"2026-01-19T17:03:28","date_gmt":"2026-01-19T17:03:28","guid":{"rendered":"https:\/\/rialtohotel.ms3.decms.eu\/?page_id=396"},"modified":"2026-02-20T22:00:37","modified_gmt":"2026-02-20T22:00:37","slug":"habitacion-doble-con-vistas-al-gran-canal","status":"publish","type":"page","link":"https:\/\/www.rialtohotel.com\/es\/hotel-rialto\/habitacion-doble-con-vistas-al-gran-canal\/","title":{"rendered":"Habitaci\u00f3n Doble con vistas al Gran Canal"},"content":{"rendered":"<p style=\"text-align: center;\">El coraz\u00f3n de Venecia ante sus ojos.<\/p>\n<p style=\"text-align: center;\">Imagine despertar admirando el majestuoso Puente de Rialto: el paso de las g\u00f3ndolas y el reflejo del Gran Canal. Una habitaci\u00f3n que es un asiento en primera fila ante la historia. Observe el vaiv\u00e9n de las embarcaciones en la v\u00eda de agua m\u00e1s bella del mundo. Alojarte en el Hotel Rialto significa estar en el centro de todo: la cercana parada de vaporetto convierte a toda la ciudad en una extensi\u00f3n del hotel.<\/p>\n","protected":false},"excerpt":{"rendered":"<p>El coraz\u00f3n de Venecia ante sus ojos. Imagine despertar admirando el majestuoso Puente de Rialto: el paso de las g\u00f3ndolas y el reflejo del Gran Canal. Una habitaci\u00f3n que es un asiento en primera fila ante la historia. Observe el vaiv\u00e9n de las embarcaciones en la v\u00eda de agua m\u00e1s bella del mundo. Alojarte en [&hellip;]<\/p>\n","protected":false},"author":6,"featured_media":0,"parent":276,"menu_order":30,"comment_status":"closed","ping_status":"closed","template":"template-single-room.php","meta":{"footnotes":""},"class_list":["post-396","page","type-page","status-publish","hentry"],"yoast_head":"<!-- This site is optimized with the Yoast SEO plugin v26.9 - https:\/\/yoast.com\/product\/yoast-seo-wordpress\/ -->\n<title>Habitaci\u00f3n Doble con vistas al Gran Canal - Hotel Rialto -<\/title>\n<meta name=\"description\" content=\"El coraz\u00f3n de Venecia ante sus ojos. Imagine despertar admirando el majestuoso Puente de Rialto: el paso de las g\u00f3ndolas y el reflejo del Gran Canal. Una habitaci\u00f3n que es un asiento en primera fila ante la historia\" \/>\n<meta name=\"robots\" content=\"index, follow, max-snippet:-1, max-image-preview:large, max-video-preview:-1\" \/>\n<link rel=\"canonical\" href=\"https:\/\/www.rialtohotel.com\/es\/hotel-rialto\/habitacion-doble-con-vistas-al-gran-canal\/\" \/>\n<meta property=\"og:locale\" content=\"es_ES\" \/>\n<meta property=\"og:type\" content=\"article\" \/>\n<meta property=\"og:title\" content=\"Habitaci\u00f3n Doble con vistas al Gran Canal - Hotel Rialto -\" \/>\n<meta property=\"og:description\" content=\"El coraz\u00f3n de Venecia ante sus ojos. Imagine despertar admirando el majestuoso Puente de Rialto: el paso de las g\u00f3ndolas y el reflejo del Gran Canal. Una habitaci\u00f3n que es un asiento en primera fila ante la historia\" \/>\n<meta property=\"og:url\" content=\"https:\/\/www.rialtohotel.com\/es\/hotel-rialto\/habitacion-doble-con-vistas-al-gran-canal\/\" \/>\n<meta property=\"og:site_name\" content=\"Hotel Rialto\" \/>\n<meta property=\"article:modified_time\" content=\"2026-02-20T22:00:37+00:00\" \/>\n<meta name=\"twitter:card\" content=\"summary_large_image\" \/>\n<meta name=\"twitter:label1\" content=\"Est. reading time\" \/>\n\t<meta name=\"twitter:data1\" content=\"1 minuto\" \/>\n<script type=\"application\/ld+json\" class=\"yoast-schema-graph\">{\"@context\":\"https:\/\/schema.org\",\"@graph\":[{\"@type\":\"WebPage\",\"@id\":\"https:\/\/www.rialtohotel.com\/es\/hotel-rialto\/habitacion-doble-con-vistas-al-gran-canal\/\",\"url\":\"https:\/\/www.rialtohotel.com\/es\/hotel-rialto\/habitacion-doble-con-vistas-al-gran-canal\/\",\"name\":\"Habitaci\u00f3n Doble con vistas al Gran Canal - Hotel Rialto -\",\"isPartOf\":{\"@id\":\"https:\/\/www.rialtohotel.com\/es\/#website\"},\"datePublished\":\"2026-01-19T17:03:28+00:00\",\"dateModified\":\"2026-02-20T22:00:37+00:00\",\"description\":\"El coraz\u00f3n de Venecia ante sus ojos. Imagine despertar admirando el majestuoso Puente de Rialto: el paso de las g\u00f3ndolas y el reflejo del Gran Canal. Una habitaci\u00f3n que es un asiento en primera fila ante la historia\",\"breadcrumb\":{\"@id\":\"https:\/\/www.rialtohotel.com\/es\/hotel-rialto\/habitacion-doble-con-vistas-al-gran-canal\/#breadcrumb\"},\"inLanguage\":\"es\",\"potentialAction\":[{\"@type\":\"ReadAction\",\"target\":[\"https:\/\/www.rialtohotel.com\/es\/hotel-rialto\/habitacion-doble-con-vistas-al-gran-canal\/\"]}]},{\"@type\":\"BreadcrumbList\",\"@id\":\"https:\/\/www.rialtohotel.com\/es\/hotel-rialto\/habitacion-doble-con-vistas-al-gran-canal\/#breadcrumb\",\"itemListElement\":[{\"@type\":\"ListItem\",\"position\":1,\"name\":\"Home\",\"item\":\"https:\/\/www.rialtohotel.com\/es\/\"},{\"@type\":\"ListItem\",\"position\":2,\"name\":\"Hotel Rialto\",\"item\":\"https:\/\/www.rialtohotel.com\/es\/hotel-rialto\/\"},{\"@type\":\"ListItem\",\"position\":3,\"name\":\"Habitaci\u00f3n Doble con vistas al Gran Canal\"}]},{\"@type\":\"WebSite\",\"@id\":\"https:\/\/www.rialtohotel.com\/es\/#website\",\"url\":\"https:\/\/www.rialtohotel.com\/es\/\",\"name\":\"Hotel Rialto\",\"description\":\"\",\"publisher\":{\"@id\":\"https:\/\/www.rialtohotel.com\/es\/#organization\"},\"potentialAction\":[{\"@type\":\"SearchAction\",\"target\":{\"@type\":\"EntryPoint\",\"urlTemplate\":\"https:\/\/www.rialtohotel.com\/es\/?s={search_term_string}\"},\"query-input\":{\"@type\":\"PropertyValueSpecification\",\"valueRequired\":true,\"valueName\":\"search_term_string\"}}],\"inLanguage\":\"es\"},{\"@type\":\"Organization\",\"@id\":\"https:\/\/www.rialtohotel.com\/es\/#organization\",\"name\":\"Hotel Rialto\",\"url\":\"https:\/\/www.rialtohotel.com\/es\/\",\"logo\":{\"@type\":\"ImageObject\",\"inLanguage\":\"es\",\"@id\":\"https:\/\/www.rialtohotel.com\/es\/#\/schema\/logo\/image\/\",\"url\":\"https:\/\/www.rialtohotel.com\/wp-content\/uploads\/sites\/47\/2026\/01\/hotel_rialto_logo_c.svg\",\"contentUrl\":\"https:\/\/www.rialtohotel.com\/wp-content\/uploads\/sites\/47\/2026\/01\/hotel_rialto_logo_c.svg\",\"width\":511,\"height\":193,\"caption\":\"Hotel Rialto\"},\"image\":{\"@id\":\"https:\/\/www.rialtohotel.com\/es\/#\/schema\/logo\/image\/\"}}]}<\/script>\n<!-- \/ Yoast SEO plugin. -->","yoast_head_json":{"title":"Habitaci\u00f3n Doble con vistas al Gran Canal - Hotel Rialto -","description":"El coraz\u00f3n de Venecia ante sus ojos. Imagine despertar admirando el majestuoso Puente de Rialto: el paso de las g\u00f3ndolas y el reflejo del Gran Canal. Una habitaci\u00f3n que es un asiento en primera fila ante la historia","robots":{"index":"index","follow":"follow","max-snippet":"max-snippet:-1","max-image-preview":"max-image-preview:large","max-video-preview":"max-video-preview:-1"},"canonical":"https:\/\/www.rialtohotel.com\/es\/hotel-rialto\/habitacion-doble-con-vistas-al-gran-canal\/","og_locale":"es_ES","og_type":"article","og_title":"Habitaci\u00f3n Doble con vistas al Gran Canal - Hotel Rialto -","og_description":"El coraz\u00f3n de Venecia ante sus ojos. Imagine despertar admirando el majestuoso Puente de Rialto: el paso de las g\u00f3ndolas y el reflejo del Gran Canal. Una habitaci\u00f3n que es un asiento en primera fila ante la historia","og_url":"https:\/\/www.rialtohotel.com\/es\/hotel-rialto\/habitacion-doble-con-vistas-al-gran-canal\/","og_site_name":"Hotel Rialto","article_modified_time":"2026-02-20T22:00:37+00:00","twitter_card":"summary_large_image","twitter_misc":{"Est. reading time":"1 minuto"},"schema":{"@context":"https:\/\/schema.org","@graph":[{"@type":"WebPage","@id":"https:\/\/www.rialtohotel.com\/es\/hotel-rialto\/habitacion-doble-con-vistas-al-gran-canal\/","url":"https:\/\/www.rialtohotel.com\/es\/hotel-rialto\/habitacion-doble-con-vistas-al-gran-canal\/","name":"Habitaci\u00f3n Doble con vistas al Gran Canal - Hotel Rialto -","isPartOf":{"@id":"https:\/\/www.rialtohotel.com\/es\/#website"},"datePublished":"2026-01-19T17:03:28+00:00","dateModified":"2026-02-20T22:00:37+00:00","description":"El coraz\u00f3n de Venecia ante sus ojos. Imagine despertar admirando el majestuoso Puente de Rialto: el paso de las g\u00f3ndolas y el reflejo del Gran Canal. Una habitaci\u00f3n que es un asiento en primera fila ante la historia","breadcrumb":{"@id":"https:\/\/www.rialtohotel.com\/es\/hotel-rialto\/habitacion-doble-con-vistas-al-gran-canal\/#breadcrumb"},"inLanguage":"es","potentialAction":[{"@type":"ReadAction","target":["https:\/\/www.rialtohotel.com\/es\/hotel-rialto\/habitacion-doble-con-vistas-al-gran-canal\/"]}]},{"@type":"BreadcrumbList","@id":"https:\/\/www.rialtohotel.com\/es\/hotel-rialto\/habitacion-doble-con-vistas-al-gran-canal\/#breadcrumb","itemListElement":[{"@type":"ListItem","position":1,"name":"Home","item":"https:\/\/www.rialtohotel.com\/es\/"},{"@type":"ListItem","position":2,"name":"Hotel Rialto","item":"https:\/\/www.rialtohotel.com\/es\/hotel-rialto\/"},{"@type":"ListItem","position":3,"name":"Habitaci\u00f3n Doble con vistas al Gran Canal"}]},{"@type":"WebSite","@id":"https:\/\/www.rialtohotel.com\/es\/#website","url":"https:\/\/www.rialtohotel.com\/es\/","name":"Hotel Rialto","description":"","publisher":{"@id":"https:\/\/www.rialtohotel.com\/es\/#organization"},"potentialAction":[{"@type":"SearchAction","target":{"@type":"EntryPoint","urlTemplate":"https:\/\/www.rialtohotel.com\/es\/?s={search_term_string}"},"query-input":{"@type":"PropertyValueSpecification","valueRequired":true,"valueName":"search_term_string"}}],"inLanguage":"es"},{"@type":"Organization","@id":"https:\/\/www.rialtohotel.com\/es\/#organization","name":"Hotel Rialto","url":"https:\/\/www.rialtohotel.com\/es\/","logo":{"@type":"ImageObject","inLanguage":"es","@id":"https:\/\/www.rialtohotel.com\/es\/#\/schema\/logo\/image\/","url":"https:\/\/www.rialtohotel.com\/wp-content\/uploads\/sites\/47\/2026\/01\/hotel_rialto_logo_c.svg","contentUrl":"https:\/\/www.rialtohotel.com\/wp-content\/uploads\/sites\/47\/2026\/01\/hotel_rialto_logo_c.svg","width":511,"height":193,"caption":"Hotel Rialto"},"image":{"@id":"https:\/\/www.rialtohotel.com\/es\/#\/schema\/logo\/image\/"}}]}},"acf":[],"_links":{"self":[{"href":"https:\/\/www.rialtohotel.com\/es\/wp-json\/wp\/v2\/pages\/396","targetHints":{"allow":["GET"]}}],"collection":[{"href":"https:\/\/www.rialtohotel.com\/es\/wp-json\/wp\/v2\/pages"}],"about":[{"href":"https:\/\/www.rialtohotel.com\/es\/wp-json\/wp\/v2\/types\/page"}],"author":[{"embeddable":true,"href":"https:\/\/www.rialtohotel.com\/es\/wp-json\/wp\/v2\/users\/6"}],"replies":[{"embeddable":true,"href":"https:\/\/www.rialtohotel.com\/es\/wp-json\/wp\/v2\/comments?post=396"}],"version-history":[{"count":0,"href":"https:\/\/www.rialtohotel.com\/es\/wp-json\/wp\/v2\/pages\/396\/revisions"}],"up":[{"embeddable":true,"href":"https:\/\/www.rialtohotel.com\/es\/wp-json\/wp\/v2\/pages\/276"}],"wp:attachment":[{"href":"https:\/\/www.rialtohotel.com\/es\/wp-json\/wp\/v2\/media?parent=396"}],"curies":[{"name":"wp","href":"https:\/\/api.w.org\/{rel}","templated":true}]}}