{"id":384,"date":"2026-01-19T17:04:11","date_gmt":"2026-01-19T17:04:11","guid":{"rendered":"https:\/\/rialtohotel.ms3.decms.eu\/?page_id=384"},"modified":"2026-02-11T15:18:24","modified_gmt":"2026-02-11T15:18:24","slug":"habitacion-clasica-doble-dos-camas","status":"publish","type":"page","link":"https:\/\/www.rialtohotel.com\/es\/hotel-rialto\/habitacion-clasica-doble-dos-camas\/","title":{"rendered":"Habitaci\u00f3n Cl\u00e1sica Doble \/ Dos camas"},"content":{"rendered":"<p style=\"text-align: center;\">Sum\u00e9rjase en la atm\u00f3sfera de la Serenissima. Con muebles cl\u00e1sicos y detalles cuidados, es la elecci\u00f3n ideal para buscar la esencia de Venecia.<\/p>\n<p style=\"text-align: center;\">Sus ventanas enmarcan vistas de patios escondidos, regalando una estancia de paz y tradici\u00f3n.<\/p>\n","protected":false},"excerpt":{"rendered":"<p>Sum\u00e9rjase en la atm\u00f3sfera de la Serenissima. Con muebles cl\u00e1sicos y detalles cuidados, es la elecci\u00f3n ideal para buscar la esencia de Venecia. Sus ventanas enmarcan vistas de patios escondidos, regalando una estancia de paz y tradici\u00f3n.<\/p>\n","protected":false},"author":6,"featured_media":0,"parent":276,"menu_order":50,"comment_status":"closed","ping_status":"closed","template":"template-single-room.php","meta":{"footnotes":""},"class_list":["post-384","page","type-page","status-publish","hentry"],"yoast_head":"<!-- This site is optimized with the Yoast SEO plugin v26.9 - https:\/\/yoast.com\/product\/yoast-seo-wordpress\/ -->\n<title>Habitaci\u00f3n Cl\u00e1sica Doble \/ Dos camas - Hotel Rialto -<\/title>\n<meta name=\"description\" content=\"Sum\u00e9rjase en la atm\u00f3sfera de la Serenissima. Con muebles cl\u00e1sicos y detalles cuidados, es la elecci\u00f3n ideal para buscar la esencia de Venecia. Sus ventanas enmarcan vistas de patios escondidos, regalando una estancia de paz y tradici\u00f3n.\" \/>\n<meta name=\"robots\" content=\"index, follow, max-snippet:-1, max-image-preview:large, max-video-preview:-1\" \/>\n<link rel=\"canonical\" href=\"https:\/\/www.rialtohotel.com\/es\/hotel-rialto\/habitacion-clasica-doble-dos-camas\/\" \/>\n<meta property=\"og:locale\" content=\"es_ES\" \/>\n<meta property=\"og:type\" content=\"article\" \/>\n<meta property=\"og:title\" content=\"Habitaci\u00f3n Cl\u00e1sica Doble \/ Dos camas - Hotel Rialto -\" \/>\n<meta property=\"og:description\" content=\"Sum\u00e9rjase en la atm\u00f3sfera de la Serenissima. Con muebles cl\u00e1sicos y detalles cuidados, es la elecci\u00f3n ideal para buscar la esencia de Venecia. Sus ventanas enmarcan vistas de patios escondidos, regalando una estancia de paz y tradici\u00f3n.\" \/>\n<meta property=\"og:url\" content=\"https:\/\/www.rialtohotel.com\/es\/hotel-rialto\/habitacion-clasica-doble-dos-camas\/\" \/>\n<meta property=\"og:site_name\" content=\"Hotel Rialto\" \/>\n<meta property=\"article:modified_time\" content=\"2026-02-11T15:18:24+00:00\" \/>\n<meta name=\"twitter:card\" content=\"summary_large_image\" \/>\n<meta name=\"twitter:label1\" content=\"Est. reading time\" \/>\n\t<meta name=\"twitter:data1\" content=\"1 minuto\" \/>\n<script type=\"application\/ld+json\" class=\"yoast-schema-graph\">{\"@context\":\"https:\/\/schema.org\",\"@graph\":[{\"@type\":\"WebPage\",\"@id\":\"https:\/\/www.rialtohotel.com\/es\/hotel-rialto\/habitacion-clasica-doble-dos-camas\/\",\"url\":\"https:\/\/www.rialtohotel.com\/es\/hotel-rialto\/habitacion-clasica-doble-dos-camas\/\",\"name\":\"Habitaci\u00f3n Cl\u00e1sica Doble \/ Dos camas - Hotel Rialto -\",\"isPartOf\":{\"@id\":\"https:\/\/www.rialtohotel.com\/es\/#website\"},\"datePublished\":\"2026-01-19T17:04:11+00:00\",\"dateModified\":\"2026-02-11T15:18:24+00:00\",\"description\":\"Sum\u00e9rjase en la atm\u00f3sfera de la Serenissima. Con muebles cl\u00e1sicos y detalles cuidados, es la elecci\u00f3n ideal para buscar la esencia de Venecia. Sus ventanas enmarcan vistas de patios escondidos, regalando una estancia de paz y tradici\u00f3n.\",\"breadcrumb\":{\"@id\":\"https:\/\/www.rialtohotel.com\/es\/hotel-rialto\/habitacion-clasica-doble-dos-camas\/#breadcrumb\"},\"inLanguage\":\"es\",\"potentialAction\":[{\"@type\":\"ReadAction\",\"target\":[\"https:\/\/www.rialtohotel.com\/es\/hotel-rialto\/habitacion-clasica-doble-dos-camas\/\"]}]},{\"@type\":\"BreadcrumbList\",\"@id\":\"https:\/\/www.rialtohotel.com\/es\/hotel-rialto\/habitacion-clasica-doble-dos-camas\/#breadcrumb\",\"itemListElement\":[{\"@type\":\"ListItem\",\"position\":1,\"name\":\"Home\",\"item\":\"https:\/\/www.rialtohotel.com\/es\/\"},{\"@type\":\"ListItem\",\"position\":2,\"name\":\"Hotel Rialto\",\"item\":\"https:\/\/www.rialtohotel.com\/es\/hotel-rialto\/\"},{\"@type\":\"ListItem\",\"position\":3,\"name\":\"Habitaci\u00f3n Cl\u00e1sica Doble \/ Dos camas\"}]},{\"@type\":\"WebSite\",\"@id\":\"https:\/\/www.rialtohotel.com\/es\/#website\",\"url\":\"https:\/\/www.rialtohotel.com\/es\/\",\"name\":\"Hotel Rialto\",\"description\":\"\",\"publisher\":{\"@id\":\"https:\/\/www.rialtohotel.com\/es\/#organization\"},\"potentialAction\":[{\"@type\":\"SearchAction\",\"target\":{\"@type\":\"EntryPoint\",\"urlTemplate\":\"https:\/\/www.rialtohotel.com\/es\/?s={search_term_string}\"},\"query-input\":{\"@type\":\"PropertyValueSpecification\",\"valueRequired\":true,\"valueName\":\"search_term_string\"}}],\"inLanguage\":\"es\"},{\"@type\":\"Organization\",\"@id\":\"https:\/\/www.rialtohotel.com\/es\/#organization\",\"name\":\"Hotel Rialto\",\"url\":\"https:\/\/www.rialtohotel.com\/es\/\",\"logo\":{\"@type\":\"ImageObject\",\"inLanguage\":\"es\",\"@id\":\"https:\/\/www.rialtohotel.com\/es\/#\/schema\/logo\/image\/\",\"url\":\"https:\/\/www.rialtohotel.com\/wp-content\/uploads\/sites\/47\/2026\/01\/hotel_rialto_logo_c.svg\",\"contentUrl\":\"https:\/\/www.rialtohotel.com\/wp-content\/uploads\/sites\/47\/2026\/01\/hotel_rialto_logo_c.svg\",\"width\":511,\"height\":193,\"caption\":\"Hotel Rialto\"},\"image\":{\"@id\":\"https:\/\/www.rialtohotel.com\/es\/#\/schema\/logo\/image\/\"}}]}<\/script>\n<!-- \/ Yoast SEO plugin. -->","yoast_head_json":{"title":"Habitaci\u00f3n Cl\u00e1sica Doble \/ Dos camas - Hotel Rialto -","description":"Sum\u00e9rjase en la atm\u00f3sfera de la Serenissima. Con muebles cl\u00e1sicos y detalles cuidados, es la elecci\u00f3n ideal para buscar la esencia de Venecia. Sus ventanas enmarcan vistas de patios escondidos, regalando una estancia de paz y tradici\u00f3n.","robots":{"index":"index","follow":"follow","max-snippet":"max-snippet:-1","max-image-preview":"max-image-preview:large","max-video-preview":"max-video-preview:-1"},"canonical":"https:\/\/www.rialtohotel.com\/es\/hotel-rialto\/habitacion-clasica-doble-dos-camas\/","og_locale":"es_ES","og_type":"article","og_title":"Habitaci\u00f3n Cl\u00e1sica Doble \/ Dos camas - Hotel Rialto -","og_description":"Sum\u00e9rjase en la atm\u00f3sfera de la Serenissima. Con muebles cl\u00e1sicos y detalles cuidados, es la elecci\u00f3n ideal para buscar la esencia de Venecia. Sus ventanas enmarcan vistas de patios escondidos, regalando una estancia de paz y tradici\u00f3n.","og_url":"https:\/\/www.rialtohotel.com\/es\/hotel-rialto\/habitacion-clasica-doble-dos-camas\/","og_site_name":"Hotel Rialto","article_modified_time":"2026-02-11T15:18:24+00:00","twitter_card":"summary_large_image","twitter_misc":{"Est. reading time":"1 minuto"},"schema":{"@context":"https:\/\/schema.org","@graph":[{"@type":"WebPage","@id":"https:\/\/www.rialtohotel.com\/es\/hotel-rialto\/habitacion-clasica-doble-dos-camas\/","url":"https:\/\/www.rialtohotel.com\/es\/hotel-rialto\/habitacion-clasica-doble-dos-camas\/","name":"Habitaci\u00f3n Cl\u00e1sica Doble \/ Dos camas - Hotel Rialto -","isPartOf":{"@id":"https:\/\/www.rialtohotel.com\/es\/#website"},"datePublished":"2026-01-19T17:04:11+00:00","dateModified":"2026-02-11T15:18:24+00:00","description":"Sum\u00e9rjase en la atm\u00f3sfera de la Serenissima. Con muebles cl\u00e1sicos y detalles cuidados, es la elecci\u00f3n ideal para buscar la esencia de Venecia. Sus ventanas enmarcan vistas de patios escondidos, regalando una estancia de paz y tradici\u00f3n.","breadcrumb":{"@id":"https:\/\/www.rialtohotel.com\/es\/hotel-rialto\/habitacion-clasica-doble-dos-camas\/#breadcrumb"},"inLanguage":"es","potentialAction":[{"@type":"ReadAction","target":["https:\/\/www.rialtohotel.com\/es\/hotel-rialto\/habitacion-clasica-doble-dos-camas\/"]}]},{"@type":"BreadcrumbList","@id":"https:\/\/www.rialtohotel.com\/es\/hotel-rialto\/habitacion-clasica-doble-dos-camas\/#breadcrumb","itemListElement":[{"@type":"ListItem","position":1,"name":"Home","item":"https:\/\/www.rialtohotel.com\/es\/"},{"@type":"ListItem","position":2,"name":"Hotel Rialto","item":"https:\/\/www.rialtohotel.com\/es\/hotel-rialto\/"},{"@type":"ListItem","position":3,"name":"Habitaci\u00f3n Cl\u00e1sica Doble \/ Dos camas"}]},{"@type":"WebSite","@id":"https:\/\/www.rialtohotel.com\/es\/#website","url":"https:\/\/www.rialtohotel.com\/es\/","name":"Hotel Rialto","description":"","publisher":{"@id":"https:\/\/www.rialtohotel.com\/es\/#organization"},"potentialAction":[{"@type":"SearchAction","target":{"@type":"EntryPoint","urlTemplate":"https:\/\/www.rialtohotel.com\/es\/?s={search_term_string}"},"query-input":{"@type":"PropertyValueSpecification","valueRequired":true,"valueName":"search_term_string"}}],"inLanguage":"es"},{"@type":"Organization","@id":"https:\/\/www.rialtohotel.com\/es\/#organization","name":"Hotel Rialto","url":"https:\/\/www.rialtohotel.com\/es\/","logo":{"@type":"ImageObject","inLanguage":"es","@id":"https:\/\/www.rialtohotel.com\/es\/#\/schema\/logo\/image\/","url":"https:\/\/www.rialtohotel.com\/wp-content\/uploads\/sites\/47\/2026\/01\/hotel_rialto_logo_c.svg","contentUrl":"https:\/\/www.rialtohotel.com\/wp-content\/uploads\/sites\/47\/2026\/01\/hotel_rialto_logo_c.svg","width":511,"height":193,"caption":"Hotel Rialto"},"image":{"@id":"https:\/\/www.rialtohotel.com\/es\/#\/schema\/logo\/image\/"}}]}},"acf":[],"_links":{"self":[{"href":"https:\/\/www.rialtohotel.com\/es\/wp-json\/wp\/v2\/pages\/384","targetHints":{"allow":["GET"]}}],"collection":[{"href":"https:\/\/www.rialtohotel.com\/es\/wp-json\/wp\/v2\/pages"}],"about":[{"href":"https:\/\/www.rialtohotel.com\/es\/wp-json\/wp\/v2\/types\/page"}],"author":[{"embeddable":true,"href":"https:\/\/www.rialtohotel.com\/es\/wp-json\/wp\/v2\/users\/6"}],"replies":[{"embeddable":true,"href":"https:\/\/www.rialtohotel.com\/es\/wp-json\/wp\/v2\/comments?post=384"}],"version-history":[{"count":0,"href":"https:\/\/www.rialtohotel.com\/es\/wp-json\/wp\/v2\/pages\/384\/revisions"}],"up":[{"embeddable":true,"href":"https:\/\/www.rialtohotel.com\/es\/wp-json\/wp\/v2\/pages\/276"}],"wp:attachment":[{"href":"https:\/\/www.rialtohotel.com\/es\/wp-json\/wp\/v2\/media?parent=384"}],"curies":[{"name":"wp","href":"https:\/\/api.w.org\/{rel}","templated":true}]}}