{"id":380,"date":"2026-01-19T17:04:26","date_gmt":"2026-01-19T17:04:26","guid":{"rendered":"https:\/\/rialtohotel.ms3.decms.eu\/?page_id=380"},"modified":"2026-02-20T22:07:33","modified_gmt":"2026-02-20T22:07:33","slug":"habitacion-doble-economica","status":"publish","type":"page","link":"https:\/\/www.rialtohotel.com\/es\/hotel-rialto\/habitacion-doble-economica\/","title":{"rendered":"Habitaci\u00f3n Doble Econ\u00f3mica"},"content":{"rendered":"<p style=\"text-align: center;\">Esencial, acogedora y funcional.<\/p>\n<p style=\"text-align: center;\">Ideal para quien busca practicidad en una ubicaci\u00f3n central, con una c\u00f3moda cama de 140 cm y vistas a patios interiores que garantizan tranquilidad.<\/p>\n","protected":false},"excerpt":{"rendered":"<p>Esencial, acogedora y funcional. Ideal para quien busca practicidad en una ubicaci\u00f3n central, con una c\u00f3moda cama de 140 cm y vistas a patios interiores que garantizan tranquilidad.<\/p>\n","protected":false},"author":6,"featured_media":0,"parent":276,"menu_order":60,"comment_status":"closed","ping_status":"closed","template":"template-single-room.php","meta":{"footnotes":""},"class_list":["post-380","page","type-page","status-publish","hentry"],"yoast_head":"<!-- This site is optimized with the Yoast SEO plugin v26.9 - https:\/\/yoast.com\/product\/yoast-seo-wordpress\/ -->\n<title>Habitaci\u00f3n Doble Econ\u00f3mica - Hotel Rialto -<\/title>\n<meta name=\"description\" content=\"Esencial, acogedora y funcional. Ideal para quien busca practicidad en una ubicaci\u00f3n central, con una c\u00f3moda cama de 140 cm y vistas a patios interiores que garantizan tranquilidad..\" \/>\n<meta name=\"robots\" content=\"index, follow, max-snippet:-1, max-image-preview:large, max-video-preview:-1\" \/>\n<link rel=\"canonical\" href=\"https:\/\/www.rialtohotel.com\/es\/hotel-rialto\/habitacion-doble-economica\/\" \/>\n<meta property=\"og:locale\" content=\"es_ES\" \/>\n<meta property=\"og:type\" content=\"article\" \/>\n<meta property=\"og:title\" content=\"Habitaci\u00f3n Doble Econ\u00f3mica - Hotel Rialto -\" \/>\n<meta property=\"og:description\" content=\"Esencial, acogedora y funcional. Ideal para quien busca practicidad en una ubicaci\u00f3n central, con una c\u00f3moda cama de 140 cm y vistas a patios interiores que garantizan tranquilidad..\" \/>\n<meta property=\"og:url\" content=\"https:\/\/www.rialtohotel.com\/es\/hotel-rialto\/habitacion-doble-economica\/\" \/>\n<meta property=\"og:site_name\" content=\"Hotel Rialto\" \/>\n<meta property=\"article:modified_time\" content=\"2026-02-20T22:07:33+00:00\" \/>\n<meta name=\"twitter:card\" content=\"summary_large_image\" \/>\n<meta name=\"twitter:label1\" content=\"Est. reading time\" \/>\n\t<meta name=\"twitter:data1\" content=\"1 minuto\" \/>\n<script type=\"application\/ld+json\" class=\"yoast-schema-graph\">{\"@context\":\"https:\/\/schema.org\",\"@graph\":[{\"@type\":\"WebPage\",\"@id\":\"https:\/\/www.rialtohotel.com\/es\/hotel-rialto\/habitacion-doble-economica\/\",\"url\":\"https:\/\/www.rialtohotel.com\/es\/hotel-rialto\/habitacion-doble-economica\/\",\"name\":\"Habitaci\u00f3n Doble Econ\u00f3mica - Hotel Rialto -\",\"isPartOf\":{\"@id\":\"https:\/\/www.rialtohotel.com\/es\/#website\"},\"datePublished\":\"2026-01-19T17:04:26+00:00\",\"dateModified\":\"2026-02-20T22:07:33+00:00\",\"description\":\"Esencial, acogedora y funcional. Ideal para quien busca practicidad en una ubicaci\u00f3n central, con una c\u00f3moda cama de 140 cm y vistas a patios interiores que garantizan tranquilidad. .\",\"breadcrumb\":{\"@id\":\"https:\/\/www.rialtohotel.com\/es\/hotel-rialto\/habitacion-doble-economica\/#breadcrumb\"},\"inLanguage\":\"es\",\"potentialAction\":[{\"@type\":\"ReadAction\",\"target\":[\"https:\/\/www.rialtohotel.com\/es\/hotel-rialto\/habitacion-doble-economica\/\"]}]},{\"@type\":\"BreadcrumbList\",\"@id\":\"https:\/\/www.rialtohotel.com\/es\/hotel-rialto\/habitacion-doble-economica\/#breadcrumb\",\"itemListElement\":[{\"@type\":\"ListItem\",\"position\":1,\"name\":\"Home\",\"item\":\"https:\/\/www.rialtohotel.com\/es\/\"},{\"@type\":\"ListItem\",\"position\":2,\"name\":\"Hotel Rialto\",\"item\":\"https:\/\/www.rialtohotel.com\/es\/hotel-rialto\/\"},{\"@type\":\"ListItem\",\"position\":3,\"name\":\"Habitaci\u00f3n Doble Econ\u00f3mica\"}]},{\"@type\":\"WebSite\",\"@id\":\"https:\/\/www.rialtohotel.com\/es\/#website\",\"url\":\"https:\/\/www.rialtohotel.com\/es\/\",\"name\":\"Hotel Rialto\",\"description\":\"\",\"publisher\":{\"@id\":\"https:\/\/www.rialtohotel.com\/es\/#organization\"},\"potentialAction\":[{\"@type\":\"SearchAction\",\"target\":{\"@type\":\"EntryPoint\",\"urlTemplate\":\"https:\/\/www.rialtohotel.com\/es\/?s={search_term_string}\"},\"query-input\":{\"@type\":\"PropertyValueSpecification\",\"valueRequired\":true,\"valueName\":\"search_term_string\"}}],\"inLanguage\":\"es\"},{\"@type\":\"Organization\",\"@id\":\"https:\/\/www.rialtohotel.com\/es\/#organization\",\"name\":\"Hotel Rialto\",\"url\":\"https:\/\/www.rialtohotel.com\/es\/\",\"logo\":{\"@type\":\"ImageObject\",\"inLanguage\":\"es\",\"@id\":\"https:\/\/www.rialtohotel.com\/es\/#\/schema\/logo\/image\/\",\"url\":\"https:\/\/www.rialtohotel.com\/wp-content\/uploads\/sites\/47\/2026\/01\/hotel_rialto_logo_c.svg\",\"contentUrl\":\"https:\/\/www.rialtohotel.com\/wp-content\/uploads\/sites\/47\/2026\/01\/hotel_rialto_logo_c.svg\",\"width\":511,\"height\":193,\"caption\":\"Hotel Rialto\"},\"image\":{\"@id\":\"https:\/\/www.rialtohotel.com\/es\/#\/schema\/logo\/image\/\"}}]}<\/script>\n<!-- \/ Yoast SEO plugin. -->","yoast_head_json":{"title":"Habitaci\u00f3n Doble Econ\u00f3mica - Hotel Rialto -","description":"Esencial, acogedora y funcional. Ideal para quien busca practicidad en una ubicaci\u00f3n central, con una c\u00f3moda cama de 140 cm y vistas a patios interiores que garantizan tranquilidad..","robots":{"index":"index","follow":"follow","max-snippet":"max-snippet:-1","max-image-preview":"max-image-preview:large","max-video-preview":"max-video-preview:-1"},"canonical":"https:\/\/www.rialtohotel.com\/es\/hotel-rialto\/habitacion-doble-economica\/","og_locale":"es_ES","og_type":"article","og_title":"Habitaci\u00f3n Doble Econ\u00f3mica - Hotel Rialto -","og_description":"Esencial, acogedora y funcional. Ideal para quien busca practicidad en una ubicaci\u00f3n central, con una c\u00f3moda cama de 140 cm y vistas a patios interiores que garantizan tranquilidad..","og_url":"https:\/\/www.rialtohotel.com\/es\/hotel-rialto\/habitacion-doble-economica\/","og_site_name":"Hotel Rialto","article_modified_time":"2026-02-20T22:07:33+00:00","twitter_card":"summary_large_image","twitter_misc":{"Est. reading time":"1 minuto"},"schema":{"@context":"https:\/\/schema.org","@graph":[{"@type":"WebPage","@id":"https:\/\/www.rialtohotel.com\/es\/hotel-rialto\/habitacion-doble-economica\/","url":"https:\/\/www.rialtohotel.com\/es\/hotel-rialto\/habitacion-doble-economica\/","name":"Habitaci\u00f3n Doble Econ\u00f3mica - Hotel Rialto -","isPartOf":{"@id":"https:\/\/www.rialtohotel.com\/es\/#website"},"datePublished":"2026-01-19T17:04:26+00:00","dateModified":"2026-02-20T22:07:33+00:00","description":"Esencial, acogedora y funcional. Ideal para quien busca practicidad en una ubicaci\u00f3n central, con una c\u00f3moda cama de 140 cm y vistas a patios interiores que garantizan tranquilidad. .","breadcrumb":{"@id":"https:\/\/www.rialtohotel.com\/es\/hotel-rialto\/habitacion-doble-economica\/#breadcrumb"},"inLanguage":"es","potentialAction":[{"@type":"ReadAction","target":["https:\/\/www.rialtohotel.com\/es\/hotel-rialto\/habitacion-doble-economica\/"]}]},{"@type":"BreadcrumbList","@id":"https:\/\/www.rialtohotel.com\/es\/hotel-rialto\/habitacion-doble-economica\/#breadcrumb","itemListElement":[{"@type":"ListItem","position":1,"name":"Home","item":"https:\/\/www.rialtohotel.com\/es\/"},{"@type":"ListItem","position":2,"name":"Hotel Rialto","item":"https:\/\/www.rialtohotel.com\/es\/hotel-rialto\/"},{"@type":"ListItem","position":3,"name":"Habitaci\u00f3n Doble Econ\u00f3mica"}]},{"@type":"WebSite","@id":"https:\/\/www.rialtohotel.com\/es\/#website","url":"https:\/\/www.rialtohotel.com\/es\/","name":"Hotel Rialto","description":"","publisher":{"@id":"https:\/\/www.rialtohotel.com\/es\/#organization"},"potentialAction":[{"@type":"SearchAction","target":{"@type":"EntryPoint","urlTemplate":"https:\/\/www.rialtohotel.com\/es\/?s={search_term_string}"},"query-input":{"@type":"PropertyValueSpecification","valueRequired":true,"valueName":"search_term_string"}}],"inLanguage":"es"},{"@type":"Organization","@id":"https:\/\/www.rialtohotel.com\/es\/#organization","name":"Hotel Rialto","url":"https:\/\/www.rialtohotel.com\/es\/","logo":{"@type":"ImageObject","inLanguage":"es","@id":"https:\/\/www.rialtohotel.com\/es\/#\/schema\/logo\/image\/","url":"https:\/\/www.rialtohotel.com\/wp-content\/uploads\/sites\/47\/2026\/01\/hotel_rialto_logo_c.svg","contentUrl":"https:\/\/www.rialtohotel.com\/wp-content\/uploads\/sites\/47\/2026\/01\/hotel_rialto_logo_c.svg","width":511,"height":193,"caption":"Hotel Rialto"},"image":{"@id":"https:\/\/www.rialtohotel.com\/es\/#\/schema\/logo\/image\/"}}]}},"acf":[],"_links":{"self":[{"href":"https:\/\/www.rialtohotel.com\/es\/wp-json\/wp\/v2\/pages\/380","targetHints":{"allow":["GET"]}}],"collection":[{"href":"https:\/\/www.rialtohotel.com\/es\/wp-json\/wp\/v2\/pages"}],"about":[{"href":"https:\/\/www.rialtohotel.com\/es\/wp-json\/wp\/v2\/types\/page"}],"author":[{"embeddable":true,"href":"https:\/\/www.rialtohotel.com\/es\/wp-json\/wp\/v2\/users\/6"}],"replies":[{"embeddable":true,"href":"https:\/\/www.rialtohotel.com\/es\/wp-json\/wp\/v2\/comments?post=380"}],"version-history":[{"count":0,"href":"https:\/\/www.rialtohotel.com\/es\/wp-json\/wp\/v2\/pages\/380\/revisions"}],"up":[{"embeddable":true,"href":"https:\/\/www.rialtohotel.com\/es\/wp-json\/wp\/v2\/pages\/276"}],"wp:attachment":[{"href":"https:\/\/www.rialtohotel.com\/es\/wp-json\/wp\/v2\/media?parent=380"}],"curies":[{"name":"wp","href":"https:\/\/api.w.org\/{rel}","templated":true}]}}