{"id":364,"date":"2026-02-04T09:47:45","date_gmt":"2026-02-04T09:47:45","guid":{"rendered":"https:\/\/rialtohotel.ms3.decms.eu\/?page_id=364"},"modified":"2026-02-11T10:36:13","modified_gmt":"2026-02-11T10:36:13","slug":"apartamento-atico-estudio-de-lujo","status":"publish","type":"page","link":"https:\/\/www.rialtohotel.com\/es\/rialto-studios\/apartamento-atico-estudio-de-lujo\/","title":{"rendered":"Apartamento \u00c1tico Estudio de Lujo"},"content":{"rendered":"<p>Si quiere tener una experiencia \u00fanica, elija el apartamento de lujo Attico.<\/p>\n<p>Desde las ventanas panor\u00e1micas se pueden disfrutar unas vistas espectaculares al Puente de Rialto y al Gran Canal.<\/p>\n<p>La vista desde el apartamento le permite ver un paisaje que cambia con el paso de las horas hasta la puesta del sol, cuando Venecia es a\u00fan m\u00e1s bonita y rom\u00e1ntica.<\/p>\n<p>El apartamento de lujo Attico es el m\u00e1s amplio y el m\u00e1s solicitado, d\u00e9se prisa en reservar para vivir una experiencia \u00fanica en Venecia.<\/p>\n<p>Caracter\u00edsticas y equipamiento: apartamento para dos personas, 79 m2, sala de estar con cocina americana, dormitorio, cuarto de ba\u00f1o con ducha.<\/p>\n","protected":false},"excerpt":{"rendered":"<p>Si quiere tener una experiencia \u00fanica, elija el apartamento de lujo Attico. Desde las ventanas panor\u00e1micas se pueden disfrutar unas vistas espectaculares al Puente de Rialto y al Gran Canal. La vista desde el apartamento le permite ver un paisaje que cambia con el paso de las horas hasta la puesta del sol, cuando Venecia [&hellip;]<\/p>\n","protected":false},"author":6,"featured_media":0,"parent":340,"menu_order":30,"comment_status":"closed","ping_status":"closed","template":"template-single-room.php","meta":{"footnotes":""},"class_list":["post-364","page","type-page","status-publish","hentry"],"yoast_head":"<!-- This site is optimized with the Yoast SEO plugin v26.9 - https:\/\/yoast.com\/product\/yoast-seo-wordpress\/ -->\n<title>Apartamento \u00c1tico Estudio de Lujo - Hotel Rialto -<\/title>\n<meta name=\"description\" content=\"Si quiere tener una experiencia \u00fanica, elija el apartamento de lujo Attico.  Desde las ventanas panor\u00e1micas se pueden disfrutar unas vistas espectaculares al Puente de Rialto y al Gran Canal.  La vista desde el apartamento le permite ver un paisaje que cambia con el paso de las horas hasta la puesta del sol, cuando Venecia es a\u00fan m\u00e1s bonita y rom\u00e1ntica.  El apartamento de lujo Attico es el m\u00e1s amplio y el m\u00e1s solicitado, d\u00e9se prisa en reservar para vivir una experiencia \u00fanica en Venecia.  Caracter\u00edsticas y equipamiento: apartamento para dos personas, 79 m2, sala de estar con cocina americana, dormitorio, cuarto de ba\u00f1o con ducha..\" \/>\n<meta name=\"robots\" content=\"index, follow, max-snippet:-1, max-image-preview:large, max-video-preview:-1\" \/>\n<link rel=\"canonical\" href=\"https:\/\/www.rialtohotel.com\/es\/rialto-studios\/apartamento-atico-estudio-de-lujo\/\" \/>\n<meta property=\"og:locale\" content=\"es_ES\" \/>\n<meta property=\"og:type\" content=\"article\" \/>\n<meta property=\"og:title\" content=\"Apartamento \u00c1tico Estudio de Lujo - Hotel Rialto -\" \/>\n<meta property=\"og:description\" content=\"Si quiere tener una experiencia \u00fanica, elija el apartamento de lujo Attico.  Desde las ventanas panor\u00e1micas se pueden disfrutar unas vistas espectaculares al Puente de Rialto y al Gran Canal.  La vista desde el apartamento le permite ver un paisaje que cambia con el paso de las horas hasta la puesta del sol, cuando Venecia es a\u00fan m\u00e1s bonita y rom\u00e1ntica.  El apartamento de lujo Attico es el m\u00e1s amplio y el m\u00e1s solicitado, d\u00e9se prisa en reservar para vivir una experiencia \u00fanica en Venecia.  Caracter\u00edsticas y equipamiento: apartamento para dos personas, 79 m2, sala de estar con cocina americana, dormitorio, cuarto de ba\u00f1o con ducha..\" \/>\n<meta property=\"og:url\" content=\"https:\/\/www.rialtohotel.com\/es\/rialto-studios\/apartamento-atico-estudio-de-lujo\/\" \/>\n<meta property=\"og:site_name\" content=\"Hotel Rialto\" \/>\n<meta property=\"article:modified_time\" content=\"2026-02-11T10:36:13+00:00\" \/>\n<meta name=\"twitter:card\" content=\"summary_large_image\" \/>\n<meta name=\"twitter:label1\" content=\"Est. reading time\" \/>\n\t<meta name=\"twitter:data1\" content=\"1 minuto\" \/>\n<script type=\"application\/ld+json\" class=\"yoast-schema-graph\">{\"@context\":\"https:\/\/schema.org\",\"@graph\":[{\"@type\":\"WebPage\",\"@id\":\"https:\/\/www.rialtohotel.com\/es\/rialto-studios\/apartamento-atico-estudio-de-lujo\/\",\"url\":\"https:\/\/www.rialtohotel.com\/es\/rialto-studios\/apartamento-atico-estudio-de-lujo\/\",\"name\":\"Apartamento \u00c1tico Estudio de Lujo - Hotel Rialto -\",\"isPartOf\":{\"@id\":\"https:\/\/www.rialtohotel.com\/es\/#website\"},\"datePublished\":\"2026-02-04T09:47:45+00:00\",\"dateModified\":\"2026-02-11T10:36:13+00:00\",\"description\":\"Si quiere tener una experiencia \u00fanica, elija el apartamento de lujo Attico. Desde las ventanas panor\u00e1micas se pueden disfrutar unas vistas espectaculares al Puente de Rialto y al Gran Canal. La vista desde el apartamento le permite ver un paisaje que cambia con el paso de las horas hasta la puesta del sol, cuando Venecia es a\u00fan m\u00e1s bonita y rom\u00e1ntica. El apartamento de lujo Attico es el m\u00e1s amplio y el m\u00e1s solicitado, d\u00e9se prisa en reservar para vivir una experiencia \u00fanica en Venecia. Caracter\u00edsticas y equipamiento: apartamento para dos personas, 79 m2, sala de estar con cocina americana, dormitorio, cuarto de ba\u00f1o con ducha..\",\"breadcrumb\":{\"@id\":\"https:\/\/www.rialtohotel.com\/es\/rialto-studios\/apartamento-atico-estudio-de-lujo\/#breadcrumb\"},\"inLanguage\":\"es\",\"potentialAction\":[{\"@type\":\"ReadAction\",\"target\":[\"https:\/\/www.rialtohotel.com\/es\/rialto-studios\/apartamento-atico-estudio-de-lujo\/\"]}]},{\"@type\":\"BreadcrumbList\",\"@id\":\"https:\/\/www.rialtohotel.com\/es\/rialto-studios\/apartamento-atico-estudio-de-lujo\/#breadcrumb\",\"itemListElement\":[{\"@type\":\"ListItem\",\"position\":1,\"name\":\"Home\",\"item\":\"https:\/\/www.rialtohotel.com\/es\/\"},{\"@type\":\"ListItem\",\"position\":2,\"name\":\"Rialto Studios\",\"item\":\"https:\/\/www.rialtohotel.com\/es\/rialto-studios\/\"},{\"@type\":\"ListItem\",\"position\":3,\"name\":\"Apartamento \u00c1tico Estudio de Lujo\"}]},{\"@type\":\"WebSite\",\"@id\":\"https:\/\/www.rialtohotel.com\/es\/#website\",\"url\":\"https:\/\/www.rialtohotel.com\/es\/\",\"name\":\"Hotel Rialto\",\"description\":\"\",\"publisher\":{\"@id\":\"https:\/\/www.rialtohotel.com\/es\/#organization\"},\"potentialAction\":[{\"@type\":\"SearchAction\",\"target\":{\"@type\":\"EntryPoint\",\"urlTemplate\":\"https:\/\/www.rialtohotel.com\/es\/?s={search_term_string}\"},\"query-input\":{\"@type\":\"PropertyValueSpecification\",\"valueRequired\":true,\"valueName\":\"search_term_string\"}}],\"inLanguage\":\"es\"},{\"@type\":\"Organization\",\"@id\":\"https:\/\/www.rialtohotel.com\/es\/#organization\",\"name\":\"Hotel Rialto\",\"url\":\"https:\/\/www.rialtohotel.com\/es\/\",\"logo\":{\"@type\":\"ImageObject\",\"inLanguage\":\"es\",\"@id\":\"https:\/\/www.rialtohotel.com\/es\/#\/schema\/logo\/image\/\",\"url\":\"https:\/\/www.rialtohotel.com\/wp-content\/uploads\/sites\/47\/2026\/01\/hotel_rialto_logo_c.svg\",\"contentUrl\":\"https:\/\/www.rialtohotel.com\/wp-content\/uploads\/sites\/47\/2026\/01\/hotel_rialto_logo_c.svg\",\"width\":511,\"height\":193,\"caption\":\"Hotel Rialto\"},\"image\":{\"@id\":\"https:\/\/www.rialtohotel.com\/es\/#\/schema\/logo\/image\/\"}}]}<\/script>\n<!-- \/ Yoast SEO plugin. -->","yoast_head_json":{"title":"Apartamento \u00c1tico Estudio de Lujo - Hotel Rialto -","description":"Si quiere tener una experiencia \u00fanica, elija el apartamento de lujo Attico.  Desde las ventanas panor\u00e1micas se pueden disfrutar unas vistas espectaculares al Puente de Rialto y al Gran Canal.  La vista desde el apartamento le permite ver un paisaje que cambia con el paso de las horas hasta la puesta del sol, cuando Venecia es a\u00fan m\u00e1s bonita y rom\u00e1ntica.  El apartamento de lujo Attico es el m\u00e1s amplio y el m\u00e1s solicitado, d\u00e9se prisa en reservar para vivir una experiencia \u00fanica en Venecia.  Caracter\u00edsticas y equipamiento: apartamento para dos personas, 79 m2, sala de estar con cocina americana, dormitorio, cuarto de ba\u00f1o con ducha..","robots":{"index":"index","follow":"follow","max-snippet":"max-snippet:-1","max-image-preview":"max-image-preview:large","max-video-preview":"max-video-preview:-1"},"canonical":"https:\/\/www.rialtohotel.com\/es\/rialto-studios\/apartamento-atico-estudio-de-lujo\/","og_locale":"es_ES","og_type":"article","og_title":"Apartamento \u00c1tico Estudio de Lujo - Hotel Rialto -","og_description":"Si quiere tener una experiencia \u00fanica, elija el apartamento de lujo Attico.  Desde las ventanas panor\u00e1micas se pueden disfrutar unas vistas espectaculares al Puente de Rialto y al Gran Canal.  La vista desde el apartamento le permite ver un paisaje que cambia con el paso de las horas hasta la puesta del sol, cuando Venecia es a\u00fan m\u00e1s bonita y rom\u00e1ntica.  El apartamento de lujo Attico es el m\u00e1s amplio y el m\u00e1s solicitado, d\u00e9se prisa en reservar para vivir una experiencia \u00fanica en Venecia.  Caracter\u00edsticas y equipamiento: apartamento para dos personas, 79 m2, sala de estar con cocina americana, dormitorio, cuarto de ba\u00f1o con ducha..","og_url":"https:\/\/www.rialtohotel.com\/es\/rialto-studios\/apartamento-atico-estudio-de-lujo\/","og_site_name":"Hotel Rialto","article_modified_time":"2026-02-11T10:36:13+00:00","twitter_card":"summary_large_image","twitter_misc":{"Est. reading time":"1 minuto"},"schema":{"@context":"https:\/\/schema.org","@graph":[{"@type":"WebPage","@id":"https:\/\/www.rialtohotel.com\/es\/rialto-studios\/apartamento-atico-estudio-de-lujo\/","url":"https:\/\/www.rialtohotel.com\/es\/rialto-studios\/apartamento-atico-estudio-de-lujo\/","name":"Apartamento \u00c1tico Estudio de Lujo - Hotel Rialto -","isPartOf":{"@id":"https:\/\/www.rialtohotel.com\/es\/#website"},"datePublished":"2026-02-04T09:47:45+00:00","dateModified":"2026-02-11T10:36:13+00:00","description":"Si quiere tener una experiencia \u00fanica, elija el apartamento de lujo Attico. Desde las ventanas panor\u00e1micas se pueden disfrutar unas vistas espectaculares al Puente de Rialto y al Gran Canal. La vista desde el apartamento le permite ver un paisaje que cambia con el paso de las horas hasta la puesta del sol, cuando Venecia es a\u00fan m\u00e1s bonita y rom\u00e1ntica. El apartamento de lujo Attico es el m\u00e1s amplio y el m\u00e1s solicitado, d\u00e9se prisa en reservar para vivir una experiencia \u00fanica en Venecia. Caracter\u00edsticas y equipamiento: apartamento para dos personas, 79 m2, sala de estar con cocina americana, dormitorio, cuarto de ba\u00f1o con ducha..","breadcrumb":{"@id":"https:\/\/www.rialtohotel.com\/es\/rialto-studios\/apartamento-atico-estudio-de-lujo\/#breadcrumb"},"inLanguage":"es","potentialAction":[{"@type":"ReadAction","target":["https:\/\/www.rialtohotel.com\/es\/rialto-studios\/apartamento-atico-estudio-de-lujo\/"]}]},{"@type":"BreadcrumbList","@id":"https:\/\/www.rialtohotel.com\/es\/rialto-studios\/apartamento-atico-estudio-de-lujo\/#breadcrumb","itemListElement":[{"@type":"ListItem","position":1,"name":"Home","item":"https:\/\/www.rialtohotel.com\/es\/"},{"@type":"ListItem","position":2,"name":"Rialto Studios","item":"https:\/\/www.rialtohotel.com\/es\/rialto-studios\/"},{"@type":"ListItem","position":3,"name":"Apartamento \u00c1tico Estudio de Lujo"}]},{"@type":"WebSite","@id":"https:\/\/www.rialtohotel.com\/es\/#website","url":"https:\/\/www.rialtohotel.com\/es\/","name":"Hotel Rialto","description":"","publisher":{"@id":"https:\/\/www.rialtohotel.com\/es\/#organization"},"potentialAction":[{"@type":"SearchAction","target":{"@type":"EntryPoint","urlTemplate":"https:\/\/www.rialtohotel.com\/es\/?s={search_term_string}"},"query-input":{"@type":"PropertyValueSpecification","valueRequired":true,"valueName":"search_term_string"}}],"inLanguage":"es"},{"@type":"Organization","@id":"https:\/\/www.rialtohotel.com\/es\/#organization","name":"Hotel Rialto","url":"https:\/\/www.rialtohotel.com\/es\/","logo":{"@type":"ImageObject","inLanguage":"es","@id":"https:\/\/www.rialtohotel.com\/es\/#\/schema\/logo\/image\/","url":"https:\/\/www.rialtohotel.com\/wp-content\/uploads\/sites\/47\/2026\/01\/hotel_rialto_logo_c.svg","contentUrl":"https:\/\/www.rialtohotel.com\/wp-content\/uploads\/sites\/47\/2026\/01\/hotel_rialto_logo_c.svg","width":511,"height":193,"caption":"Hotel Rialto"},"image":{"@id":"https:\/\/www.rialtohotel.com\/es\/#\/schema\/logo\/image\/"}}]}},"acf":[],"_links":{"self":[{"href":"https:\/\/www.rialtohotel.com\/es\/wp-json\/wp\/v2\/pages\/364","targetHints":{"allow":["GET"]}}],"collection":[{"href":"https:\/\/www.rialtohotel.com\/es\/wp-json\/wp\/v2\/pages"}],"about":[{"href":"https:\/\/www.rialtohotel.com\/es\/wp-json\/wp\/v2\/types\/page"}],"author":[{"embeddable":true,"href":"https:\/\/www.rialtohotel.com\/es\/wp-json\/wp\/v2\/users\/6"}],"replies":[{"embeddable":true,"href":"https:\/\/www.rialtohotel.com\/es\/wp-json\/wp\/v2\/comments?post=364"}],"version-history":[{"count":0,"href":"https:\/\/www.rialtohotel.com\/es\/wp-json\/wp\/v2\/pages\/364\/revisions"}],"up":[{"embeddable":true,"href":"https:\/\/www.rialtohotel.com\/es\/wp-json\/wp\/v2\/pages\/340"}],"wp:attachment":[{"href":"https:\/\/www.rialtohotel.com\/es\/wp-json\/wp\/v2\/media?parent=364"}],"curies":[{"name":"wp","href":"https:\/\/api.w.org\/{rel}","templated":true}]}}