{"id":355,"date":"2026-02-04T09:44:53","date_gmt":"2026-02-04T09:44:53","guid":{"rendered":"https:\/\/rialtohotel.ms3.decms.eu\/?page_id=355"},"modified":"2026-02-11T10:26:43","modified_gmt":"2026-02-11T10:26:43","slug":"estudio-deluxe","status":"publish","type":"page","link":"https:\/\/www.rialtohotel.com\/es\/rialto-studios\/estudio-deluxe\/","title":{"rendered":"Estudio Deluxe"},"content":{"rendered":"<p>Desde el estudio con vistas al Puente de Rialto y al Gran Canal se puede disfrutar de un panorama muy emocionante.<\/p>\n<p>Delante de usted se encuentra el tramo del Gran Canal que incluye el puente de Rialto, las tiendas pintorescas y las idas y venidas continuas de g\u00f3ndolas y barcos en el agua del canal m\u00e1s famoso del mundo.<\/p>\n<p>Equipados con las comodidades y las instalaciones m\u00e1s modernas, los apartamentos son ideales para una escapada rom\u00e1ntica en pareja a Venecia.<\/p>\n<p>Reserve ahora para obtener la mejor tarifa en l\u00ednea.<\/p>\n<p>Caracter\u00edsticas y equipamiento: apartamentos para dos personas, de 46 a 59 m2, sala de estar con cocina americana, dormitorio, cuarto de ba\u00f1o con ba\u00f1era.<\/p>\n","protected":false},"excerpt":{"rendered":"<p>Desde el estudio con vistas al Puente de Rialto y al Gran Canal se puede disfrutar de un panorama muy emocionante. Delante de usted se encuentra el tramo del Gran Canal que incluye el puente de Rialto, las tiendas pintorescas y las idas y venidas continuas de g\u00f3ndolas y barcos en el agua del canal [&hellip;]<\/p>\n","protected":false},"author":6,"featured_media":0,"parent":340,"menu_order":20,"comment_status":"closed","ping_status":"closed","template":"template-single-room.php","meta":{"footnotes":""},"class_list":["post-355","page","type-page","status-publish","hentry"],"yoast_head":"<!-- This site is optimized with the Yoast SEO plugin v26.9 - https:\/\/yoast.com\/product\/yoast-seo-wordpress\/ -->\n<title>Estudio Deluxe - Hotel Rialto -<\/title>\n<meta name=\"description\" content=\"Desde el estudio con vistas al Puente de Rialto y al Gran Canal se puede disfrutar de un panorama muy emocionante.  Delante de usted se encuentra el tramo del Gran Canal que incluye el puente de Rialto, las tiendas pintorescas y las idas y venidas continuas de g\u00f3ndolas y barcos en el agua del canal m\u00e1s famoso del mundo.  Equipados con las comodidades y las instalaciones m\u00e1s modernas, los apartamentos son ideales para una escapada rom\u00e1ntica en pareja a Venecia.  Reserve ahora para obtener la mejor tarifa en l\u00ednea.  Caracter\u00edsticas y equipamiento: apartamentos para dos personas, de 46 a 59 m2, sala de estar con cocina americana, dormitorio, cuarto de ba\u00f1o con ba\u00f1era..\" \/>\n<meta name=\"robots\" content=\"index, follow, max-snippet:-1, max-image-preview:large, max-video-preview:-1\" \/>\n<link rel=\"canonical\" href=\"https:\/\/www.rialtohotel.com\/es\/rialto-studios\/estudio-deluxe\/\" \/>\n<meta property=\"og:locale\" content=\"es_ES\" \/>\n<meta property=\"og:type\" content=\"article\" \/>\n<meta property=\"og:title\" content=\"Estudio Deluxe - Hotel Rialto -\" \/>\n<meta property=\"og:description\" content=\"Desde el estudio con vistas al Puente de Rialto y al Gran Canal se puede disfrutar de un panorama muy emocionante.  Delante de usted se encuentra el tramo del Gran Canal que incluye el puente de Rialto, las tiendas pintorescas y las idas y venidas continuas de g\u00f3ndolas y barcos en el agua del canal m\u00e1s famoso del mundo.  Equipados con las comodidades y las instalaciones m\u00e1s modernas, los apartamentos son ideales para una escapada rom\u00e1ntica en pareja a Venecia.  Reserve ahora para obtener la mejor tarifa en l\u00ednea.  Caracter\u00edsticas y equipamiento: apartamentos para dos personas, de 46 a 59 m2, sala de estar con cocina americana, dormitorio, cuarto de ba\u00f1o con ba\u00f1era..\" \/>\n<meta property=\"og:url\" content=\"https:\/\/www.rialtohotel.com\/es\/rialto-studios\/estudio-deluxe\/\" \/>\n<meta property=\"og:site_name\" content=\"Hotel Rialto\" \/>\n<meta property=\"article:modified_time\" content=\"2026-02-11T10:26:43+00:00\" \/>\n<meta name=\"twitter:card\" content=\"summary_large_image\" \/>\n<meta name=\"twitter:label1\" content=\"Est. reading time\" \/>\n\t<meta name=\"twitter:data1\" content=\"1 minuto\" \/>\n<script type=\"application\/ld+json\" class=\"yoast-schema-graph\">{\"@context\":\"https:\/\/schema.org\",\"@graph\":[{\"@type\":\"WebPage\",\"@id\":\"https:\/\/www.rialtohotel.com\/es\/rialto-studios\/estudio-deluxe\/\",\"url\":\"https:\/\/www.rialtohotel.com\/es\/rialto-studios\/estudio-deluxe\/\",\"name\":\"Estudio Deluxe - Hotel Rialto -\",\"isPartOf\":{\"@id\":\"https:\/\/www.rialtohotel.com\/es\/#website\"},\"datePublished\":\"2026-02-04T09:44:53+00:00\",\"dateModified\":\"2026-02-11T10:26:43+00:00\",\"description\":\"Desde el estudio con vistas al Puente de Rialto y al Gran Canal se puede disfrutar de un panorama muy emocionante. Delante de usted se encuentra el tramo del Gran Canal que incluye el puente de Rialto, las tiendas pintorescas y las idas y venidas continuas de g\u00f3ndolas y barcos en el agua del canal m\u00e1s famoso del mundo. Equipados con las comodidades y las instalaciones m\u00e1s modernas, los apartamentos son ideales para una escapada rom\u00e1ntica en pareja a Venecia. Reserve ahora para obtener la mejor tarifa en l\u00ednea. Caracter\u00edsticas y equipamiento: apartamentos para dos personas, de 46 a 59 m2, sala de estar con cocina americana, dormitorio, cuarto de ba\u00f1o con ba\u00f1era..\",\"breadcrumb\":{\"@id\":\"https:\/\/www.rialtohotel.com\/es\/rialto-studios\/estudio-deluxe\/#breadcrumb\"},\"inLanguage\":\"es\",\"potentialAction\":[{\"@type\":\"ReadAction\",\"target\":[\"https:\/\/www.rialtohotel.com\/es\/rialto-studios\/estudio-deluxe\/\"]}]},{\"@type\":\"BreadcrumbList\",\"@id\":\"https:\/\/www.rialtohotel.com\/es\/rialto-studios\/estudio-deluxe\/#breadcrumb\",\"itemListElement\":[{\"@type\":\"ListItem\",\"position\":1,\"name\":\"Home\",\"item\":\"https:\/\/www.rialtohotel.com\/es\/\"},{\"@type\":\"ListItem\",\"position\":2,\"name\":\"Rialto Studios\",\"item\":\"https:\/\/www.rialtohotel.com\/es\/rialto-studios\/\"},{\"@type\":\"ListItem\",\"position\":3,\"name\":\"Estudio Deluxe\"}]},{\"@type\":\"WebSite\",\"@id\":\"https:\/\/www.rialtohotel.com\/es\/#website\",\"url\":\"https:\/\/www.rialtohotel.com\/es\/\",\"name\":\"Hotel Rialto\",\"description\":\"\",\"publisher\":{\"@id\":\"https:\/\/www.rialtohotel.com\/es\/#organization\"},\"potentialAction\":[{\"@type\":\"SearchAction\",\"target\":{\"@type\":\"EntryPoint\",\"urlTemplate\":\"https:\/\/www.rialtohotel.com\/es\/?s={search_term_string}\"},\"query-input\":{\"@type\":\"PropertyValueSpecification\",\"valueRequired\":true,\"valueName\":\"search_term_string\"}}],\"inLanguage\":\"es\"},{\"@type\":\"Organization\",\"@id\":\"https:\/\/www.rialtohotel.com\/es\/#organization\",\"name\":\"Hotel Rialto\",\"url\":\"https:\/\/www.rialtohotel.com\/es\/\",\"logo\":{\"@type\":\"ImageObject\",\"inLanguage\":\"es\",\"@id\":\"https:\/\/www.rialtohotel.com\/es\/#\/schema\/logo\/image\/\",\"url\":\"https:\/\/www.rialtohotel.com\/wp-content\/uploads\/sites\/47\/2026\/01\/hotel_rialto_logo_c.svg\",\"contentUrl\":\"https:\/\/www.rialtohotel.com\/wp-content\/uploads\/sites\/47\/2026\/01\/hotel_rialto_logo_c.svg\",\"width\":511,\"height\":193,\"caption\":\"Hotel Rialto\"},\"image\":{\"@id\":\"https:\/\/www.rialtohotel.com\/es\/#\/schema\/logo\/image\/\"}}]}<\/script>\n<!-- \/ Yoast SEO plugin. -->","yoast_head_json":{"title":"Estudio Deluxe - Hotel Rialto -","description":"Desde el estudio con vistas al Puente de Rialto y al Gran Canal se puede disfrutar de un panorama muy emocionante.  Delante de usted se encuentra el tramo del Gran Canal que incluye el puente de Rialto, las tiendas pintorescas y las idas y venidas continuas de g\u00f3ndolas y barcos en el agua del canal m\u00e1s famoso del mundo.  Equipados con las comodidades y las instalaciones m\u00e1s modernas, los apartamentos son ideales para una escapada rom\u00e1ntica en pareja a Venecia.  Reserve ahora para obtener la mejor tarifa en l\u00ednea.  Caracter\u00edsticas y equipamiento: apartamentos para dos personas, de 46 a 59 m2, sala de estar con cocina americana, dormitorio, cuarto de ba\u00f1o con ba\u00f1era..","robots":{"index":"index","follow":"follow","max-snippet":"max-snippet:-1","max-image-preview":"max-image-preview:large","max-video-preview":"max-video-preview:-1"},"canonical":"https:\/\/www.rialtohotel.com\/es\/rialto-studios\/estudio-deluxe\/","og_locale":"es_ES","og_type":"article","og_title":"Estudio Deluxe - Hotel Rialto -","og_description":"Desde el estudio con vistas al Puente de Rialto y al Gran Canal se puede disfrutar de un panorama muy emocionante.  Delante de usted se encuentra el tramo del Gran Canal que incluye el puente de Rialto, las tiendas pintorescas y las idas y venidas continuas de g\u00f3ndolas y barcos en el agua del canal m\u00e1s famoso del mundo.  Equipados con las comodidades y las instalaciones m\u00e1s modernas, los apartamentos son ideales para una escapada rom\u00e1ntica en pareja a Venecia.  Reserve ahora para obtener la mejor tarifa en l\u00ednea.  Caracter\u00edsticas y equipamiento: apartamentos para dos personas, de 46 a 59 m2, sala de estar con cocina americana, dormitorio, cuarto de ba\u00f1o con ba\u00f1era..","og_url":"https:\/\/www.rialtohotel.com\/es\/rialto-studios\/estudio-deluxe\/","og_site_name":"Hotel Rialto","article_modified_time":"2026-02-11T10:26:43+00:00","twitter_card":"summary_large_image","twitter_misc":{"Est. reading time":"1 minuto"},"schema":{"@context":"https:\/\/schema.org","@graph":[{"@type":"WebPage","@id":"https:\/\/www.rialtohotel.com\/es\/rialto-studios\/estudio-deluxe\/","url":"https:\/\/www.rialtohotel.com\/es\/rialto-studios\/estudio-deluxe\/","name":"Estudio Deluxe - Hotel Rialto -","isPartOf":{"@id":"https:\/\/www.rialtohotel.com\/es\/#website"},"datePublished":"2026-02-04T09:44:53+00:00","dateModified":"2026-02-11T10:26:43+00:00","description":"Desde el estudio con vistas al Puente de Rialto y al Gran Canal se puede disfrutar de un panorama muy emocionante. Delante de usted se encuentra el tramo del Gran Canal que incluye el puente de Rialto, las tiendas pintorescas y las idas y venidas continuas de g\u00f3ndolas y barcos en el agua del canal m\u00e1s famoso del mundo. Equipados con las comodidades y las instalaciones m\u00e1s modernas, los apartamentos son ideales para una escapada rom\u00e1ntica en pareja a Venecia. Reserve ahora para obtener la mejor tarifa en l\u00ednea. Caracter\u00edsticas y equipamiento: apartamentos para dos personas, de 46 a 59 m2, sala de estar con cocina americana, dormitorio, cuarto de ba\u00f1o con ba\u00f1era..","breadcrumb":{"@id":"https:\/\/www.rialtohotel.com\/es\/rialto-studios\/estudio-deluxe\/#breadcrumb"},"inLanguage":"es","potentialAction":[{"@type":"ReadAction","target":["https:\/\/www.rialtohotel.com\/es\/rialto-studios\/estudio-deluxe\/"]}]},{"@type":"BreadcrumbList","@id":"https:\/\/www.rialtohotel.com\/es\/rialto-studios\/estudio-deluxe\/#breadcrumb","itemListElement":[{"@type":"ListItem","position":1,"name":"Home","item":"https:\/\/www.rialtohotel.com\/es\/"},{"@type":"ListItem","position":2,"name":"Rialto Studios","item":"https:\/\/www.rialtohotel.com\/es\/rialto-studios\/"},{"@type":"ListItem","position":3,"name":"Estudio Deluxe"}]},{"@type":"WebSite","@id":"https:\/\/www.rialtohotel.com\/es\/#website","url":"https:\/\/www.rialtohotel.com\/es\/","name":"Hotel Rialto","description":"","publisher":{"@id":"https:\/\/www.rialtohotel.com\/es\/#organization"},"potentialAction":[{"@type":"SearchAction","target":{"@type":"EntryPoint","urlTemplate":"https:\/\/www.rialtohotel.com\/es\/?s={search_term_string}"},"query-input":{"@type":"PropertyValueSpecification","valueRequired":true,"valueName":"search_term_string"}}],"inLanguage":"es"},{"@type":"Organization","@id":"https:\/\/www.rialtohotel.com\/es\/#organization","name":"Hotel Rialto","url":"https:\/\/www.rialtohotel.com\/es\/","logo":{"@type":"ImageObject","inLanguage":"es","@id":"https:\/\/www.rialtohotel.com\/es\/#\/schema\/logo\/image\/","url":"https:\/\/www.rialtohotel.com\/wp-content\/uploads\/sites\/47\/2026\/01\/hotel_rialto_logo_c.svg","contentUrl":"https:\/\/www.rialtohotel.com\/wp-content\/uploads\/sites\/47\/2026\/01\/hotel_rialto_logo_c.svg","width":511,"height":193,"caption":"Hotel Rialto"},"image":{"@id":"https:\/\/www.rialtohotel.com\/es\/#\/schema\/logo\/image\/"}}]}},"acf":[],"_links":{"self":[{"href":"https:\/\/www.rialtohotel.com\/es\/wp-json\/wp\/v2\/pages\/355","targetHints":{"allow":["GET"]}}],"collection":[{"href":"https:\/\/www.rialtohotel.com\/es\/wp-json\/wp\/v2\/pages"}],"about":[{"href":"https:\/\/www.rialtohotel.com\/es\/wp-json\/wp\/v2\/types\/page"}],"author":[{"embeddable":true,"href":"https:\/\/www.rialtohotel.com\/es\/wp-json\/wp\/v2\/users\/6"}],"replies":[{"embeddable":true,"href":"https:\/\/www.rialtohotel.com\/es\/wp-json\/wp\/v2\/comments?post=355"}],"version-history":[{"count":0,"href":"https:\/\/www.rialtohotel.com\/es\/wp-json\/wp\/v2\/pages\/355\/revisions"}],"up":[{"embeddable":true,"href":"https:\/\/www.rialtohotel.com\/es\/wp-json\/wp\/v2\/pages\/340"}],"wp:attachment":[{"href":"https:\/\/www.rialtohotel.com\/es\/wp-json\/wp\/v2\/media?parent=355"}],"curies":[{"name":"wp","href":"https:\/\/api.w.org\/{rel}","templated":true}]}}