{"id":340,"date":"2026-02-04T09:43:39","date_gmt":"2026-02-04T09:43:39","guid":{"rendered":"https:\/\/rialtohotel.ms3.decms.eu\/?page_id=340"},"modified":"2026-02-20T22:18:45","modified_gmt":"2026-02-20T22:18:45","slug":"rialto-studios","status":"publish","type":"page","link":"https:\/\/www.rialtohotel.com\/es\/rialto-studios\/","title":{"rendered":"Rialto Studios"},"content":{"rendered":"<p>Rialto Luxury Studios ofrece apartamentos vacacionales en Venecia con accesorios de lujo y algunos de ellos con espectaculares vistas al puente de Rialto.<br \/>\nNuestros apartamentos de lujo son ideales para una estancia rom\u00e1ntica en Venecia, ya que se encuentran en el \u00faltimo piso de un edificio noble con vistas al puente de Rialto y al Gran Canal.<\/p>\n<p>Un entorno precioso para disfrutar de la magia que solo un apartamento vacacional en Venecia puede ofrecer.<br \/>\nDecorados con estilo contempor\u00e1neo, los estudios est\u00e1n adornados con detalles de lujo y ofrecen un ambiente c\u00e1lido y relajante que los hace ideales para una estancia rom\u00e1ntica en Venecia.<\/p>\n","protected":false},"excerpt":{"rendered":"<p>Rialto Luxury Studios ofrece apartamentos vacacionales en Venecia con accesorios de lujo y algunos de ellos con espectaculares vistas al puente de Rialto. Nuestros apartamentos de lujo son ideales para una estancia rom\u00e1ntica en Venecia, ya que se encuentran en el \u00faltimo piso de un edificio noble con vistas al puente de Rialto y al [&hellip;]<\/p>\n","protected":false},"author":6,"featured_media":0,"parent":0,"menu_order":40,"comment_status":"closed","ping_status":"closed","template":"template-studios.php","meta":{"footnotes":""},"class_list":["post-340","page","type-page","status-publish","hentry"],"yoast_head":"<!-- This site is optimized with the Yoast SEO plugin v26.9 - https:\/\/yoast.com\/product\/yoast-seo-wordpress\/ -->\n<title>Rialto Studios - Hotel Rialto -<\/title>\n<meta name=\"description\" content=\"Rialto Luxury Studios ofrece apartamentos vacacionales en Venecia con accesorios de lujo y algunos de ellos con espectaculares vistas al puente de Rialto. Nuestros apartamentos de lujo son ideales para una estancia rom\u00e1ntica en Venecia, ya que se encuentran en el \u00faltimo piso de un edificio noble con vistas al puente de Rialto y al Gran Canal.  Un entorno precioso para disfrutar de la magia que solo un apartamento vacacional en Venecia puede ofrecer. Decorados con estilo contempor\u00e1neo, los estudios est\u00e1n adornados con detalles de lujo y ofrecen un ambiente c\u00e1lido y relajante que los hace ideales para una estancia rom\u00e1ntica en Venecia..\" \/>\n<meta name=\"robots\" content=\"index, follow, max-snippet:-1, max-image-preview:large, max-video-preview:-1\" \/>\n<link rel=\"canonical\" href=\"https:\/\/www.rialtohotel.com\/es\/rialto-studios\/\" \/>\n<meta property=\"og:locale\" content=\"es_ES\" \/>\n<meta property=\"og:type\" content=\"article\" \/>\n<meta property=\"og:title\" content=\"Rialto Studios - Hotel Rialto -\" \/>\n<meta property=\"og:description\" content=\"Rialto Luxury Studios ofrece apartamentos vacacionales en Venecia con accesorios de lujo y algunos de ellos con espectaculares vistas al puente de Rialto. Nuestros apartamentos de lujo son ideales para una estancia rom\u00e1ntica en Venecia, ya que se encuentran en el \u00faltimo piso de un edificio noble con vistas al puente de Rialto y al Gran Canal.  Un entorno precioso para disfrutar de la magia que solo un apartamento vacacional en Venecia puede ofrecer. Decorados con estilo contempor\u00e1neo, los estudios est\u00e1n adornados con detalles de lujo y ofrecen un ambiente c\u00e1lido y relajante que los hace ideales para una estancia rom\u00e1ntica en Venecia..\" \/>\n<meta property=\"og:url\" content=\"https:\/\/www.rialtohotel.com\/es\/rialto-studios\/\" \/>\n<meta property=\"og:site_name\" content=\"Hotel Rialto\" \/>\n<meta property=\"article:modified_time\" content=\"2026-02-20T22:18:45+00:00\" \/>\n<meta name=\"twitter:card\" content=\"summary_large_image\" \/>\n<meta name=\"twitter:label1\" content=\"Est. reading time\" \/>\n\t<meta name=\"twitter:data1\" content=\"1 minuto\" \/>\n<script type=\"application\/ld+json\" class=\"yoast-schema-graph\">{\"@context\":\"https:\/\/schema.org\",\"@graph\":[{\"@type\":\"WebPage\",\"@id\":\"https:\/\/www.rialtohotel.com\/es\/rialto-studios\/\",\"url\":\"https:\/\/www.rialtohotel.com\/es\/rialto-studios\/\",\"name\":\"Rialto Studios - Hotel Rialto -\",\"isPartOf\":{\"@id\":\"https:\/\/www.rialtohotel.com\/es\/#website\"},\"datePublished\":\"2026-02-04T09:43:39+00:00\",\"dateModified\":\"2026-02-20T22:18:45+00:00\",\"description\":\"Rialto Luxury Studios ofrece apartamentos vacacionales en Venecia con accesorios de lujo y algunos de ellos con espectaculares vistas al puente de Rialto. Nuestros apartamentos de lujo son ideales para una estancia rom\u00e1ntica en Venecia, ya que se encuentran en el \u00faltimo piso de un edificio noble con vistas al puente de Rialto y al Gran Canal. Un entorno precioso para disfrutar de la magia que solo un apartamento vacacional en Venecia puede ofrecer. Decorados con estilo contempor\u00e1neo, los estudios est\u00e1n adornados con detalles de lujo y ofrecen un ambiente c\u00e1lido y relajante que los hace ideales para una estancia rom\u00e1ntica en Venecia..\",\"breadcrumb\":{\"@id\":\"https:\/\/www.rialtohotel.com\/es\/rialto-studios\/#breadcrumb\"},\"inLanguage\":\"es\",\"potentialAction\":[{\"@type\":\"ReadAction\",\"target\":[\"https:\/\/www.rialtohotel.com\/es\/rialto-studios\/\"]}]},{\"@type\":\"BreadcrumbList\",\"@id\":\"https:\/\/www.rialtohotel.com\/es\/rialto-studios\/#breadcrumb\",\"itemListElement\":[{\"@type\":\"ListItem\",\"position\":1,\"name\":\"Home\",\"item\":\"https:\/\/www.rialtohotel.com\/es\/\"},{\"@type\":\"ListItem\",\"position\":2,\"name\":\"Rialto Studios\"}]},{\"@type\":\"WebSite\",\"@id\":\"https:\/\/www.rialtohotel.com\/es\/#website\",\"url\":\"https:\/\/www.rialtohotel.com\/es\/\",\"name\":\"Hotel Rialto\",\"description\":\"\",\"publisher\":{\"@id\":\"https:\/\/www.rialtohotel.com\/es\/#organization\"},\"potentialAction\":[{\"@type\":\"SearchAction\",\"target\":{\"@type\":\"EntryPoint\",\"urlTemplate\":\"https:\/\/www.rialtohotel.com\/es\/?s={search_term_string}\"},\"query-input\":{\"@type\":\"PropertyValueSpecification\",\"valueRequired\":true,\"valueName\":\"search_term_string\"}}],\"inLanguage\":\"es\"},{\"@type\":\"Organization\",\"@id\":\"https:\/\/www.rialtohotel.com\/es\/#organization\",\"name\":\"Hotel Rialto\",\"url\":\"https:\/\/www.rialtohotel.com\/es\/\",\"logo\":{\"@type\":\"ImageObject\",\"inLanguage\":\"es\",\"@id\":\"https:\/\/www.rialtohotel.com\/es\/#\/schema\/logo\/image\/\",\"url\":\"https:\/\/www.rialtohotel.com\/wp-content\/uploads\/sites\/47\/2026\/01\/hotel_rialto_logo_c.svg\",\"contentUrl\":\"https:\/\/www.rialtohotel.com\/wp-content\/uploads\/sites\/47\/2026\/01\/hotel_rialto_logo_c.svg\",\"width\":511,\"height\":193,\"caption\":\"Hotel Rialto\"},\"image\":{\"@id\":\"https:\/\/www.rialtohotel.com\/es\/#\/schema\/logo\/image\/\"}}]}<\/script>\n<!-- \/ Yoast SEO plugin. -->","yoast_head_json":{"title":"Rialto Studios - Hotel Rialto -","description":"Rialto Luxury Studios ofrece apartamentos vacacionales en Venecia con accesorios de lujo y algunos de ellos con espectaculares vistas al puente de Rialto. Nuestros apartamentos de lujo son ideales para una estancia rom\u00e1ntica en Venecia, ya que se encuentran en el \u00faltimo piso de un edificio noble con vistas al puente de Rialto y al Gran Canal.  Un entorno precioso para disfrutar de la magia que solo un apartamento vacacional en Venecia puede ofrecer. Decorados con estilo contempor\u00e1neo, los estudios est\u00e1n adornados con detalles de lujo y ofrecen un ambiente c\u00e1lido y relajante que los hace ideales para una estancia rom\u00e1ntica en Venecia..","robots":{"index":"index","follow":"follow","max-snippet":"max-snippet:-1","max-image-preview":"max-image-preview:large","max-video-preview":"max-video-preview:-1"},"canonical":"https:\/\/www.rialtohotel.com\/es\/rialto-studios\/","og_locale":"es_ES","og_type":"article","og_title":"Rialto Studios - Hotel Rialto -","og_description":"Rialto Luxury Studios ofrece apartamentos vacacionales en Venecia con accesorios de lujo y algunos de ellos con espectaculares vistas al puente de Rialto. Nuestros apartamentos de lujo son ideales para una estancia rom\u00e1ntica en Venecia, ya que se encuentran en el \u00faltimo piso de un edificio noble con vistas al puente de Rialto y al Gran Canal.  Un entorno precioso para disfrutar de la magia que solo un apartamento vacacional en Venecia puede ofrecer. Decorados con estilo contempor\u00e1neo, los estudios est\u00e1n adornados con detalles de lujo y ofrecen un ambiente c\u00e1lido y relajante que los hace ideales para una estancia rom\u00e1ntica en Venecia..","og_url":"https:\/\/www.rialtohotel.com\/es\/rialto-studios\/","og_site_name":"Hotel Rialto","article_modified_time":"2026-02-20T22:18:45+00:00","twitter_card":"summary_large_image","twitter_misc":{"Est. reading time":"1 minuto"},"schema":{"@context":"https:\/\/schema.org","@graph":[{"@type":"WebPage","@id":"https:\/\/www.rialtohotel.com\/es\/rialto-studios\/","url":"https:\/\/www.rialtohotel.com\/es\/rialto-studios\/","name":"Rialto Studios - Hotel Rialto -","isPartOf":{"@id":"https:\/\/www.rialtohotel.com\/es\/#website"},"datePublished":"2026-02-04T09:43:39+00:00","dateModified":"2026-02-20T22:18:45+00:00","description":"Rialto Luxury Studios ofrece apartamentos vacacionales en Venecia con accesorios de lujo y algunos de ellos con espectaculares vistas al puente de Rialto. Nuestros apartamentos de lujo son ideales para una estancia rom\u00e1ntica en Venecia, ya que se encuentran en el \u00faltimo piso de un edificio noble con vistas al puente de Rialto y al Gran Canal. Un entorno precioso para disfrutar de la magia que solo un apartamento vacacional en Venecia puede ofrecer. Decorados con estilo contempor\u00e1neo, los estudios est\u00e1n adornados con detalles de lujo y ofrecen un ambiente c\u00e1lido y relajante que los hace ideales para una estancia rom\u00e1ntica en Venecia..","breadcrumb":{"@id":"https:\/\/www.rialtohotel.com\/es\/rialto-studios\/#breadcrumb"},"inLanguage":"es","potentialAction":[{"@type":"ReadAction","target":["https:\/\/www.rialtohotel.com\/es\/rialto-studios\/"]}]},{"@type":"BreadcrumbList","@id":"https:\/\/www.rialtohotel.com\/es\/rialto-studios\/#breadcrumb","itemListElement":[{"@type":"ListItem","position":1,"name":"Home","item":"https:\/\/www.rialtohotel.com\/es\/"},{"@type":"ListItem","position":2,"name":"Rialto Studios"}]},{"@type":"WebSite","@id":"https:\/\/www.rialtohotel.com\/es\/#website","url":"https:\/\/www.rialtohotel.com\/es\/","name":"Hotel Rialto","description":"","publisher":{"@id":"https:\/\/www.rialtohotel.com\/es\/#organization"},"potentialAction":[{"@type":"SearchAction","target":{"@type":"EntryPoint","urlTemplate":"https:\/\/www.rialtohotel.com\/es\/?s={search_term_string}"},"query-input":{"@type":"PropertyValueSpecification","valueRequired":true,"valueName":"search_term_string"}}],"inLanguage":"es"},{"@type":"Organization","@id":"https:\/\/www.rialtohotel.com\/es\/#organization","name":"Hotel Rialto","url":"https:\/\/www.rialtohotel.com\/es\/","logo":{"@type":"ImageObject","inLanguage":"es","@id":"https:\/\/www.rialtohotel.com\/es\/#\/schema\/logo\/image\/","url":"https:\/\/www.rialtohotel.com\/wp-content\/uploads\/sites\/47\/2026\/01\/hotel_rialto_logo_c.svg","contentUrl":"https:\/\/www.rialtohotel.com\/wp-content\/uploads\/sites\/47\/2026\/01\/hotel_rialto_logo_c.svg","width":511,"height":193,"caption":"Hotel Rialto"},"image":{"@id":"https:\/\/www.rialtohotel.com\/es\/#\/schema\/logo\/image\/"}}]}},"acf":[],"_links":{"self":[{"href":"https:\/\/www.rialtohotel.com\/es\/wp-json\/wp\/v2\/pages\/340","targetHints":{"allow":["GET"]}}],"collection":[{"href":"https:\/\/www.rialtohotel.com\/es\/wp-json\/wp\/v2\/pages"}],"about":[{"href":"https:\/\/www.rialtohotel.com\/es\/wp-json\/wp\/v2\/types\/page"}],"author":[{"embeddable":true,"href":"https:\/\/www.rialtohotel.com\/es\/wp-json\/wp\/v2\/users\/6"}],"replies":[{"embeddable":true,"href":"https:\/\/www.rialtohotel.com\/es\/wp-json\/wp\/v2\/comments?post=340"}],"version-history":[{"count":0,"href":"https:\/\/www.rialtohotel.com\/es\/wp-json\/wp\/v2\/pages\/340\/revisions"}],"wp:attachment":[{"href":"https:\/\/www.rialtohotel.com\/es\/wp-json\/wp\/v2\/media?parent=340"}],"curies":[{"name":"wp","href":"https:\/\/api.w.org\/{rel}","templated":true}]}}