{"id":334,"date":"2026-01-19T16:00:00","date_gmt":"2026-01-19T16:00:00","guid":{"rendered":"https:\/\/rialtohotel.ms3.decms.eu\/?page_id=334"},"modified":"2026-02-20T22:13:27","modified_gmt":"2026-02-20T22:13:27","slug":"ca-rialto-house","status":"publish","type":"page","link":"https:\/\/www.rialtohotel.com\/es\/ca-rialto-house\/","title":{"rendered":"C\u00e0 Rialto House"},"content":{"rendered":"<p>Adyacente al Hotel Rialto, pero con una entrada independiente, <strong>Ca&#8217; Rialto House<\/strong> ofrece <strong>espl\u00e9ndidas Habitaciones vacaciones Venecia con estilo del siglo XVIII<\/strong>.\u00a0Ambientes de encanto y relax, cuidados al detalle, donde se respira el clima de la\u00a0<b>Venecia<\/b>\u00a0m\u00e1s aut\u00e9ntica, para unas\u00a0<b>vacaciones rom\u00e1nticas<\/b>\u00a0e inolvidables.<\/p>\n<p>Dotadas de las <b>comodidades m\u00e1s modernas<\/b>, amplias, con techos altos: habitaciones individuales, dobles y triples, a pocos metros del espl\u00e9ndido Puente de Rialto y del Canal Grande, en una de las zonas m\u00e1s fascinantes de\u00a0<b>Venecia<\/b>, para acceder f\u00e1cilmente a las principales atracciones de la ciudad.\u00a0Todas las habitaciones tienen ba\u00f1era o ducha, <b>aire acondicionado<\/b>, l\u00ednea telef\u00f3nica directa, <b>TV v\u00eda sat\u00e9lite<\/b>, minibar y secador de pelo. Las habitaciones est\u00e1n situadas en la 1\u00aa planta. No hay ascensor.<\/p>\n","protected":false},"excerpt":{"rendered":"<p>Adyacente al Hotel Rialto, pero con una entrada independiente, Ca&#8217; Rialto House ofrece espl\u00e9ndidas Habitaciones vacaciones Venecia con estilo del siglo XVIII.\u00a0Ambientes de encanto y relax, cuidados al detalle, donde se respira el clima de la\u00a0Venecia\u00a0m\u00e1s aut\u00e9ntica, para unas\u00a0vacaciones rom\u00e1nticas\u00a0e inolvidables. Dotadas de las comodidades m\u00e1s modernas, amplias, con techos altos: habitaciones individuales, dobles y [&hellip;]<\/p>\n","protected":false},"author":6,"featured_media":0,"parent":0,"menu_order":30,"comment_status":"closed","ping_status":"closed","template":"template-rooms.php","meta":{"footnotes":""},"class_list":["post-334","page","type-page","status-publish","hentry"],"yoast_head":"<!-- This site is optimized with the Yoast SEO plugin v26.9 - https:\/\/yoast.com\/product\/yoast-seo-wordpress\/ -->\n<title>C\u00e0 Rialto House - Hotel Rialto -<\/title>\n<meta name=\"description\" content=\"Adyacente al Hotel Rialto, pero con una entrada independiente, Ca&#039; Rialto House ofrece espl\u00e9ndidas Habitaciones vacaciones Venecia con estilo del siglo XVIII.\u00a0Ambientes de encanto y relax, cuidados al detalle, donde se respira el clima de la\u00a0Venecia\u00a0m\u00e1s aut\u00e9ntica, para unas\u00a0vacaciones rom\u00e1nticas\u00a0e inolvidables.  Dotadas de las comodidades m\u00e1s modernas, amplias, con techos altos: habitaciones individuales, dobles y triples, a pocos metros del espl\u00e9ndido Puente de Rialto y del Canal Grande, en una de las zonas m\u00e1s fascinantes de\u00a0Venecia, para acceder f\u00e1cilmente a las principales atracciones de la ciudad.\u00a0Todas las habitaciones tienen ba\u00f1era o ducha, aire acondicionado, l\u00ednea telef\u00f3nica directa, TV v\u00eda sat\u00e9lite, minibar y secador de pelo. Las habitaciones est\u00e1n situadas en la 1\u00aa planta\" \/>\n<meta name=\"robots\" content=\"index, follow, max-snippet:-1, max-image-preview:large, max-video-preview:-1\" \/>\n<link rel=\"canonical\" href=\"https:\/\/www.rialtohotel.com\/es\/ca-rialto-house\/\" \/>\n<meta property=\"og:locale\" content=\"es_ES\" \/>\n<meta property=\"og:type\" content=\"article\" \/>\n<meta property=\"og:title\" content=\"C\u00e0 Rialto House - Hotel Rialto -\" \/>\n<meta property=\"og:description\" content=\"Adyacente al Hotel Rialto, pero con una entrada independiente, Ca&#039; Rialto House ofrece espl\u00e9ndidas Habitaciones vacaciones Venecia con estilo del siglo XVIII.\u00a0Ambientes de encanto y relax, cuidados al detalle, donde se respira el clima de la\u00a0Venecia\u00a0m\u00e1s aut\u00e9ntica, para unas\u00a0vacaciones rom\u00e1nticas\u00a0e inolvidables.  Dotadas de las comodidades m\u00e1s modernas, amplias, con techos altos: habitaciones individuales, dobles y triples, a pocos metros del espl\u00e9ndido Puente de Rialto y del Canal Grande, en una de las zonas m\u00e1s fascinantes de\u00a0Venecia, para acceder f\u00e1cilmente a las principales atracciones de la ciudad.\u00a0Todas las habitaciones tienen ba\u00f1era o ducha, aire acondicionado, l\u00ednea telef\u00f3nica directa, TV v\u00eda sat\u00e9lite, minibar y secador de pelo. Las habitaciones est\u00e1n situadas en la 1\u00aa planta\" \/>\n<meta property=\"og:url\" content=\"https:\/\/www.rialtohotel.com\/es\/ca-rialto-house\/\" \/>\n<meta property=\"og:site_name\" content=\"Hotel Rialto\" \/>\n<meta property=\"article:modified_time\" content=\"2026-02-20T22:13:27+00:00\" \/>\n<meta name=\"twitter:card\" content=\"summary_large_image\" \/>\n<meta name=\"twitter:label1\" content=\"Est. reading time\" \/>\n\t<meta name=\"twitter:data1\" content=\"1 minuto\" \/>\n<script type=\"application\/ld+json\" class=\"yoast-schema-graph\">{\"@context\":\"https:\/\/schema.org\",\"@graph\":[{\"@type\":\"WebPage\",\"@id\":\"https:\/\/www.rialtohotel.com\/es\/ca-rialto-house\/\",\"url\":\"https:\/\/www.rialtohotel.com\/es\/ca-rialto-house\/\",\"name\":\"C\u00e0 Rialto House - Hotel Rialto -\",\"isPartOf\":{\"@id\":\"https:\/\/www.rialtohotel.com\/es\/#website\"},\"datePublished\":\"2026-01-19T16:00:00+00:00\",\"dateModified\":\"2026-02-20T22:13:27+00:00\",\"description\":\"Adyacente al Hotel Rialto, pero con una entrada independiente, Ca' Rialto House ofrece espl\u00e9ndidas Habitaciones vacaciones Venecia con estilo del siglo XVIII.\u00a0Ambientes de encanto y relax, cuidados al detalle, donde se respira el clima de la\u00a0Venecia\u00a0m\u00e1s aut\u00e9ntica, para unas\u00a0vacaciones rom\u00e1nticas\u00a0e inolvidables. Dotadas de las comodidades m\u00e1s modernas, amplias, con techos altos: habitaciones individuales, dobles y triples, a pocos metros del espl\u00e9ndido Puente de Rialto y del Canal Grande, en una de las zonas m\u00e1s fascinantes de\u00a0Venecia, para acceder f\u00e1cilmente a las principales atracciones de la ciudad.\u00a0Todas las habitaciones tienen ba\u00f1era o ducha, aire acondicionado, l\u00ednea telef\u00f3nica directa, TV v\u00eda sat\u00e9lite, minibar y secador de pelo. Las habitaciones est\u00e1n situadas en la 1\u00aa planta\",\"breadcrumb\":{\"@id\":\"https:\/\/www.rialtohotel.com\/es\/ca-rialto-house\/#breadcrumb\"},\"inLanguage\":\"es\",\"potentialAction\":[{\"@type\":\"ReadAction\",\"target\":[\"https:\/\/www.rialtohotel.com\/es\/ca-rialto-house\/\"]}]},{\"@type\":\"BreadcrumbList\",\"@id\":\"https:\/\/www.rialtohotel.com\/es\/ca-rialto-house\/#breadcrumb\",\"itemListElement\":[{\"@type\":\"ListItem\",\"position\":1,\"name\":\"Home\",\"item\":\"https:\/\/www.rialtohotel.com\/es\/\"},{\"@type\":\"ListItem\",\"position\":2,\"name\":\"C\u00e0 Rialto House\"}]},{\"@type\":\"WebSite\",\"@id\":\"https:\/\/www.rialtohotel.com\/es\/#website\",\"url\":\"https:\/\/www.rialtohotel.com\/es\/\",\"name\":\"Hotel Rialto\",\"description\":\"\",\"publisher\":{\"@id\":\"https:\/\/www.rialtohotel.com\/es\/#organization\"},\"potentialAction\":[{\"@type\":\"SearchAction\",\"target\":{\"@type\":\"EntryPoint\",\"urlTemplate\":\"https:\/\/www.rialtohotel.com\/es\/?s={search_term_string}\"},\"query-input\":{\"@type\":\"PropertyValueSpecification\",\"valueRequired\":true,\"valueName\":\"search_term_string\"}}],\"inLanguage\":\"es\"},{\"@type\":\"Organization\",\"@id\":\"https:\/\/www.rialtohotel.com\/es\/#organization\",\"name\":\"Hotel Rialto\",\"url\":\"https:\/\/www.rialtohotel.com\/es\/\",\"logo\":{\"@type\":\"ImageObject\",\"inLanguage\":\"es\",\"@id\":\"https:\/\/www.rialtohotel.com\/es\/#\/schema\/logo\/image\/\",\"url\":\"https:\/\/www.rialtohotel.com\/wp-content\/uploads\/sites\/47\/2026\/01\/hotel_rialto_logo_c.svg\",\"contentUrl\":\"https:\/\/www.rialtohotel.com\/wp-content\/uploads\/sites\/47\/2026\/01\/hotel_rialto_logo_c.svg\",\"width\":511,\"height\":193,\"caption\":\"Hotel Rialto\"},\"image\":{\"@id\":\"https:\/\/www.rialtohotel.com\/es\/#\/schema\/logo\/image\/\"}}]}<\/script>\n<!-- \/ Yoast SEO plugin. -->","yoast_head_json":{"title":"C\u00e0 Rialto House - Hotel Rialto -","description":"Adyacente al Hotel Rialto, pero con una entrada independiente, Ca' Rialto House ofrece espl\u00e9ndidas Habitaciones vacaciones Venecia con estilo del siglo XVIII.\u00a0Ambientes de encanto y relax, cuidados al detalle, donde se respira el clima de la\u00a0Venecia\u00a0m\u00e1s aut\u00e9ntica, para unas\u00a0vacaciones rom\u00e1nticas\u00a0e inolvidables.  Dotadas de las comodidades m\u00e1s modernas, amplias, con techos altos: habitaciones individuales, dobles y triples, a pocos metros del espl\u00e9ndido Puente de Rialto y del Canal Grande, en una de las zonas m\u00e1s fascinantes de\u00a0Venecia, para acceder f\u00e1cilmente a las principales atracciones de la ciudad.\u00a0Todas las habitaciones tienen ba\u00f1era o ducha, aire acondicionado, l\u00ednea telef\u00f3nica directa, TV v\u00eda sat\u00e9lite, minibar y secador de pelo. Las habitaciones est\u00e1n situadas en la 1\u00aa planta","robots":{"index":"index","follow":"follow","max-snippet":"max-snippet:-1","max-image-preview":"max-image-preview:large","max-video-preview":"max-video-preview:-1"},"canonical":"https:\/\/www.rialtohotel.com\/es\/ca-rialto-house\/","og_locale":"es_ES","og_type":"article","og_title":"C\u00e0 Rialto House - Hotel Rialto -","og_description":"Adyacente al Hotel Rialto, pero con una entrada independiente, Ca' Rialto House ofrece espl\u00e9ndidas Habitaciones vacaciones Venecia con estilo del siglo XVIII.\u00a0Ambientes de encanto y relax, cuidados al detalle, donde se respira el clima de la\u00a0Venecia\u00a0m\u00e1s aut\u00e9ntica, para unas\u00a0vacaciones rom\u00e1nticas\u00a0e inolvidables.  Dotadas de las comodidades m\u00e1s modernas, amplias, con techos altos: habitaciones individuales, dobles y triples, a pocos metros del espl\u00e9ndido Puente de Rialto y del Canal Grande, en una de las zonas m\u00e1s fascinantes de\u00a0Venecia, para acceder f\u00e1cilmente a las principales atracciones de la ciudad.\u00a0Todas las habitaciones tienen ba\u00f1era o ducha, aire acondicionado, l\u00ednea telef\u00f3nica directa, TV v\u00eda sat\u00e9lite, minibar y secador de pelo. Las habitaciones est\u00e1n situadas en la 1\u00aa planta","og_url":"https:\/\/www.rialtohotel.com\/es\/ca-rialto-house\/","og_site_name":"Hotel Rialto","article_modified_time":"2026-02-20T22:13:27+00:00","twitter_card":"summary_large_image","twitter_misc":{"Est. reading time":"1 minuto"},"schema":{"@context":"https:\/\/schema.org","@graph":[{"@type":"WebPage","@id":"https:\/\/www.rialtohotel.com\/es\/ca-rialto-house\/","url":"https:\/\/www.rialtohotel.com\/es\/ca-rialto-house\/","name":"C\u00e0 Rialto House - Hotel Rialto -","isPartOf":{"@id":"https:\/\/www.rialtohotel.com\/es\/#website"},"datePublished":"2026-01-19T16:00:00+00:00","dateModified":"2026-02-20T22:13:27+00:00","description":"Adyacente al Hotel Rialto, pero con una entrada independiente, Ca' Rialto House ofrece espl\u00e9ndidas Habitaciones vacaciones Venecia con estilo del siglo XVIII.\u00a0Ambientes de encanto y relax, cuidados al detalle, donde se respira el clima de la\u00a0Venecia\u00a0m\u00e1s aut\u00e9ntica, para unas\u00a0vacaciones rom\u00e1nticas\u00a0e inolvidables. Dotadas de las comodidades m\u00e1s modernas, amplias, con techos altos: habitaciones individuales, dobles y triples, a pocos metros del espl\u00e9ndido Puente de Rialto y del Canal Grande, en una de las zonas m\u00e1s fascinantes de\u00a0Venecia, para acceder f\u00e1cilmente a las principales atracciones de la ciudad.\u00a0Todas las habitaciones tienen ba\u00f1era o ducha, aire acondicionado, l\u00ednea telef\u00f3nica directa, TV v\u00eda sat\u00e9lite, minibar y secador de pelo. Las habitaciones est\u00e1n situadas en la 1\u00aa planta","breadcrumb":{"@id":"https:\/\/www.rialtohotel.com\/es\/ca-rialto-house\/#breadcrumb"},"inLanguage":"es","potentialAction":[{"@type":"ReadAction","target":["https:\/\/www.rialtohotel.com\/es\/ca-rialto-house\/"]}]},{"@type":"BreadcrumbList","@id":"https:\/\/www.rialtohotel.com\/es\/ca-rialto-house\/#breadcrumb","itemListElement":[{"@type":"ListItem","position":1,"name":"Home","item":"https:\/\/www.rialtohotel.com\/es\/"},{"@type":"ListItem","position":2,"name":"C\u00e0 Rialto House"}]},{"@type":"WebSite","@id":"https:\/\/www.rialtohotel.com\/es\/#website","url":"https:\/\/www.rialtohotel.com\/es\/","name":"Hotel Rialto","description":"","publisher":{"@id":"https:\/\/www.rialtohotel.com\/es\/#organization"},"potentialAction":[{"@type":"SearchAction","target":{"@type":"EntryPoint","urlTemplate":"https:\/\/www.rialtohotel.com\/es\/?s={search_term_string}"},"query-input":{"@type":"PropertyValueSpecification","valueRequired":true,"valueName":"search_term_string"}}],"inLanguage":"es"},{"@type":"Organization","@id":"https:\/\/www.rialtohotel.com\/es\/#organization","name":"Hotel Rialto","url":"https:\/\/www.rialtohotel.com\/es\/","logo":{"@type":"ImageObject","inLanguage":"es","@id":"https:\/\/www.rialtohotel.com\/es\/#\/schema\/logo\/image\/","url":"https:\/\/www.rialtohotel.com\/wp-content\/uploads\/sites\/47\/2026\/01\/hotel_rialto_logo_c.svg","contentUrl":"https:\/\/www.rialtohotel.com\/wp-content\/uploads\/sites\/47\/2026\/01\/hotel_rialto_logo_c.svg","width":511,"height":193,"caption":"Hotel Rialto"},"image":{"@id":"https:\/\/www.rialtohotel.com\/es\/#\/schema\/logo\/image\/"}}]}},"acf":[],"_links":{"self":[{"href":"https:\/\/www.rialtohotel.com\/es\/wp-json\/wp\/v2\/pages\/334","targetHints":{"allow":["GET"]}}],"collection":[{"href":"https:\/\/www.rialtohotel.com\/es\/wp-json\/wp\/v2\/pages"}],"about":[{"href":"https:\/\/www.rialtohotel.com\/es\/wp-json\/wp\/v2\/types\/page"}],"author":[{"embeddable":true,"href":"https:\/\/www.rialtohotel.com\/es\/wp-json\/wp\/v2\/users\/6"}],"replies":[{"embeddable":true,"href":"https:\/\/www.rialtohotel.com\/es\/wp-json\/wp\/v2\/comments?post=334"}],"version-history":[{"count":0,"href":"https:\/\/www.rialtohotel.com\/es\/wp-json\/wp\/v2\/pages\/334\/revisions"}],"wp:attachment":[{"href":"https:\/\/www.rialtohotel.com\/es\/wp-json\/wp\/v2\/media?parent=334"}],"curies":[{"name":"wp","href":"https:\/\/api.w.org\/{rel}","templated":true}]}}