{"id":276,"date":"2026-01-19T15:59:46","date_gmt":"2026-01-19T15:59:46","guid":{"rendered":"https:\/\/rialtohotel.ms3.decms.eu\/?page_id=276"},"modified":"2026-02-20T22:11:38","modified_gmt":"2026-02-20T22:11:38","slug":"hotel-rialto","status":"publish","type":"page","link":"https:\/\/www.rialtohotel.com\/es\/hotel-rialto\/","title":{"rendered":"Hotel Rialto"},"content":{"rendered":"<p>En el <strong>Hotel Rialto<\/strong> no pod\u00edan faltar las comodidades y servicios modernos para el mejor de los <strong>hoteles 4 estrellas Venecia<\/strong>, entre ellos, en los ambientes comunes: <b>equipo con conexi\u00f3n a internet<\/b>, cajas fuertes y <b>ascensor<\/b> para subir c\u00f3modamente a cada una de las plantas y a la <b>terraza con vistas panor\u00e1micas<\/b>. Los clientes tendr\u00e1n siempre a su disposici\u00f3n los servicios de conserje, portaequipajes y canguro (bajo petici\u00f3n) y, adem\u00e1s, servicio de <b>porter\u00eda 24h<\/b>, personal multiling\u00fce, servicio de lavander\u00eda, servicio de habitaciones. El bar est\u00e1 gestionado por otra empresa.<\/p>\n<p>De abril a octubre, el <strong>desayuno se sirve en la terraza en la planta baja, <\/strong>para disfrutar de la extraordinaria vista del puente de Rialto. Todas las <b>habitaciones<\/b> disponen de ba\u00f1era o ducha, aire acondicionado, tel\u00e9fono directo, televisi\u00f3n v\u00eda sat\u00e9lite, minibar y secador de pelo. Delante del hotel se encuentran, adem\u00e1s, los atraques para las g\u00f3ndolas, taxis fluviales y para los vaporetti ACTV 1 y 2.<\/p>\n","protected":false},"excerpt":{"rendered":"<p>En el Hotel Rialto no pod\u00edan faltar las comodidades y servicios modernos para el mejor de los hoteles 4 estrellas Venecia, entre ellos, en los ambientes comunes: equipo con conexi\u00f3n a internet, cajas fuertes y ascensor para subir c\u00f3modamente a cada una de las plantas y a la terraza con vistas panor\u00e1micas. Los clientes tendr\u00e1n [&hellip;]<\/p>\n","protected":false},"author":6,"featured_media":0,"parent":0,"menu_order":20,"comment_status":"closed","ping_status":"closed","template":"template-rooms.php","meta":{"footnotes":""},"class_list":["post-276","page","type-page","status-publish","hentry"],"yoast_head":"<!-- This site is optimized with the Yoast SEO plugin v26.9 - https:\/\/yoast.com\/product\/yoast-seo-wordpress\/ -->\n<title>Hotel Rialto - Hotel Rialto -<\/title>\n<meta name=\"description\" content=\"En el Hotel Rialto no pod\u00edan faltar las comodidades y servicios modernos para el mejor de los hoteles 4 estrellas Venecia, entre ellos, en los ambientes comunes: equipo con conexi\u00f3n a internet, cajas fuertes y ascensor para subir c\u00f3modamente a cada una de las plantas y a la terraza con vistas panor\u00e1micas. Los clientes tendr\u00e1n siempre a su disposici\u00f3n los servicios de conserje, portaequipajes y canguro (bajo petici\u00f3n) y, adem\u00e1s, servicio de porter\u00eda 24h, personal multiling\u00fce, servicio de lavander\u00eda, servicio de habitaciones\" \/>\n<meta name=\"robots\" content=\"index, follow, max-snippet:-1, max-image-preview:large, max-video-preview:-1\" \/>\n<link rel=\"canonical\" href=\"https:\/\/www.rialtohotel.com\/es\/hotel-rialto\/\" \/>\n<meta property=\"og:locale\" content=\"es_ES\" \/>\n<meta property=\"og:type\" content=\"article\" \/>\n<meta property=\"og:title\" content=\"Hotel Rialto - Hotel Rialto -\" \/>\n<meta property=\"og:description\" content=\"En el Hotel Rialto no pod\u00edan faltar las comodidades y servicios modernos para el mejor de los hoteles 4 estrellas Venecia, entre ellos, en los ambientes comunes: equipo con conexi\u00f3n a internet, cajas fuertes y ascensor para subir c\u00f3modamente a cada una de las plantas y a la terraza con vistas panor\u00e1micas. Los clientes tendr\u00e1n siempre a su disposici\u00f3n los servicios de conserje, portaequipajes y canguro (bajo petici\u00f3n) y, adem\u00e1s, servicio de porter\u00eda 24h, personal multiling\u00fce, servicio de lavander\u00eda, servicio de habitaciones\" \/>\n<meta property=\"og:url\" content=\"https:\/\/www.rialtohotel.com\/es\/hotel-rialto\/\" \/>\n<meta property=\"og:site_name\" content=\"Hotel Rialto\" \/>\n<meta property=\"article:modified_time\" content=\"2026-02-20T22:11:38+00:00\" \/>\n<meta name=\"twitter:card\" content=\"summary_large_image\" \/>\n<meta name=\"twitter:label1\" content=\"Est. reading time\" \/>\n\t<meta name=\"twitter:data1\" content=\"1 minuto\" \/>\n<script type=\"application\/ld+json\" class=\"yoast-schema-graph\">{\"@context\":\"https:\/\/schema.org\",\"@graph\":[{\"@type\":\"WebPage\",\"@id\":\"https:\/\/www.rialtohotel.com\/es\/hotel-rialto\/\",\"url\":\"https:\/\/www.rialtohotel.com\/es\/hotel-rialto\/\",\"name\":\"Hotel Rialto - Hotel Rialto -\",\"isPartOf\":{\"@id\":\"https:\/\/www.rialtohotel.com\/es\/#website\"},\"datePublished\":\"2026-01-19T15:59:46+00:00\",\"dateModified\":\"2026-02-20T22:11:38+00:00\",\"description\":\"En el Hotel Rialto no pod\u00edan faltar las comodidades y servicios modernos para el mejor de los hoteles 4 estrellas Venecia, entre ellos, en los ambientes comunes: equipo con conexi\u00f3n a internet, cajas fuertes y ascensor para subir c\u00f3modamente a cada una de las plantas y a la terraza con vistas panor\u00e1micas. Los clientes tendr\u00e1n siempre a su disposici\u00f3n los servicios de conserje, portaequipajes y canguro (bajo petici\u00f3n) y, adem\u00e1s, servicio de porter\u00eda 24h, personal multiling\u00fce, servicio de lavander\u00eda, servicio de habitaciones\",\"breadcrumb\":{\"@id\":\"https:\/\/www.rialtohotel.com\/es\/hotel-rialto\/#breadcrumb\"},\"inLanguage\":\"es\",\"potentialAction\":[{\"@type\":\"ReadAction\",\"target\":[\"https:\/\/www.rialtohotel.com\/es\/hotel-rialto\/\"]}]},{\"@type\":\"BreadcrumbList\",\"@id\":\"https:\/\/www.rialtohotel.com\/es\/hotel-rialto\/#breadcrumb\",\"itemListElement\":[{\"@type\":\"ListItem\",\"position\":1,\"name\":\"Home\",\"item\":\"https:\/\/www.rialtohotel.com\/es\/\"},{\"@type\":\"ListItem\",\"position\":2,\"name\":\"Hotel Rialto\"}]},{\"@type\":\"WebSite\",\"@id\":\"https:\/\/www.rialtohotel.com\/es\/#website\",\"url\":\"https:\/\/www.rialtohotel.com\/es\/\",\"name\":\"Hotel Rialto\",\"description\":\"\",\"publisher\":{\"@id\":\"https:\/\/www.rialtohotel.com\/es\/#organization\"},\"potentialAction\":[{\"@type\":\"SearchAction\",\"target\":{\"@type\":\"EntryPoint\",\"urlTemplate\":\"https:\/\/www.rialtohotel.com\/es\/?s={search_term_string}\"},\"query-input\":{\"@type\":\"PropertyValueSpecification\",\"valueRequired\":true,\"valueName\":\"search_term_string\"}}],\"inLanguage\":\"es\"},{\"@type\":\"Organization\",\"@id\":\"https:\/\/www.rialtohotel.com\/es\/#organization\",\"name\":\"Hotel Rialto\",\"url\":\"https:\/\/www.rialtohotel.com\/es\/\",\"logo\":{\"@type\":\"ImageObject\",\"inLanguage\":\"es\",\"@id\":\"https:\/\/www.rialtohotel.com\/es\/#\/schema\/logo\/image\/\",\"url\":\"https:\/\/www.rialtohotel.com\/wp-content\/uploads\/sites\/47\/2026\/01\/hotel_rialto_logo_c.svg\",\"contentUrl\":\"https:\/\/www.rialtohotel.com\/wp-content\/uploads\/sites\/47\/2026\/01\/hotel_rialto_logo_c.svg\",\"width\":511,\"height\":193,\"caption\":\"Hotel Rialto\"},\"image\":{\"@id\":\"https:\/\/www.rialtohotel.com\/es\/#\/schema\/logo\/image\/\"}}]}<\/script>\n<!-- \/ Yoast SEO plugin. -->","yoast_head_json":{"title":"Hotel Rialto - Hotel Rialto -","description":"En el Hotel Rialto no pod\u00edan faltar las comodidades y servicios modernos para el mejor de los hoteles 4 estrellas Venecia, entre ellos, en los ambientes comunes: equipo con conexi\u00f3n a internet, cajas fuertes y ascensor para subir c\u00f3modamente a cada una de las plantas y a la terraza con vistas panor\u00e1micas. Los clientes tendr\u00e1n siempre a su disposici\u00f3n los servicios de conserje, portaequipajes y canguro (bajo petici\u00f3n) y, adem\u00e1s, servicio de porter\u00eda 24h, personal multiling\u00fce, servicio de lavander\u00eda, servicio de habitaciones","robots":{"index":"index","follow":"follow","max-snippet":"max-snippet:-1","max-image-preview":"max-image-preview:large","max-video-preview":"max-video-preview:-1"},"canonical":"https:\/\/www.rialtohotel.com\/es\/hotel-rialto\/","og_locale":"es_ES","og_type":"article","og_title":"Hotel Rialto - Hotel Rialto -","og_description":"En el Hotel Rialto no pod\u00edan faltar las comodidades y servicios modernos para el mejor de los hoteles 4 estrellas Venecia, entre ellos, en los ambientes comunes: equipo con conexi\u00f3n a internet, cajas fuertes y ascensor para subir c\u00f3modamente a cada una de las plantas y a la terraza con vistas panor\u00e1micas. Los clientes tendr\u00e1n siempre a su disposici\u00f3n los servicios de conserje, portaequipajes y canguro (bajo petici\u00f3n) y, adem\u00e1s, servicio de porter\u00eda 24h, personal multiling\u00fce, servicio de lavander\u00eda, servicio de habitaciones","og_url":"https:\/\/www.rialtohotel.com\/es\/hotel-rialto\/","og_site_name":"Hotel Rialto","article_modified_time":"2026-02-20T22:11:38+00:00","twitter_card":"summary_large_image","twitter_misc":{"Est. reading time":"1 minuto"},"schema":{"@context":"https:\/\/schema.org","@graph":[{"@type":"WebPage","@id":"https:\/\/www.rialtohotel.com\/es\/hotel-rialto\/","url":"https:\/\/www.rialtohotel.com\/es\/hotel-rialto\/","name":"Hotel Rialto - Hotel Rialto -","isPartOf":{"@id":"https:\/\/www.rialtohotel.com\/es\/#website"},"datePublished":"2026-01-19T15:59:46+00:00","dateModified":"2026-02-20T22:11:38+00:00","description":"En el Hotel Rialto no pod\u00edan faltar las comodidades y servicios modernos para el mejor de los hoteles 4 estrellas Venecia, entre ellos, en los ambientes comunes: equipo con conexi\u00f3n a internet, cajas fuertes y ascensor para subir c\u00f3modamente a cada una de las plantas y a la terraza con vistas panor\u00e1micas. Los clientes tendr\u00e1n siempre a su disposici\u00f3n los servicios de conserje, portaequipajes y canguro (bajo petici\u00f3n) y, adem\u00e1s, servicio de porter\u00eda 24h, personal multiling\u00fce, servicio de lavander\u00eda, servicio de habitaciones","breadcrumb":{"@id":"https:\/\/www.rialtohotel.com\/es\/hotel-rialto\/#breadcrumb"},"inLanguage":"es","potentialAction":[{"@type":"ReadAction","target":["https:\/\/www.rialtohotel.com\/es\/hotel-rialto\/"]}]},{"@type":"BreadcrumbList","@id":"https:\/\/www.rialtohotel.com\/es\/hotel-rialto\/#breadcrumb","itemListElement":[{"@type":"ListItem","position":1,"name":"Home","item":"https:\/\/www.rialtohotel.com\/es\/"},{"@type":"ListItem","position":2,"name":"Hotel Rialto"}]},{"@type":"WebSite","@id":"https:\/\/www.rialtohotel.com\/es\/#website","url":"https:\/\/www.rialtohotel.com\/es\/","name":"Hotel Rialto","description":"","publisher":{"@id":"https:\/\/www.rialtohotel.com\/es\/#organization"},"potentialAction":[{"@type":"SearchAction","target":{"@type":"EntryPoint","urlTemplate":"https:\/\/www.rialtohotel.com\/es\/?s={search_term_string}"},"query-input":{"@type":"PropertyValueSpecification","valueRequired":true,"valueName":"search_term_string"}}],"inLanguage":"es"},{"@type":"Organization","@id":"https:\/\/www.rialtohotel.com\/es\/#organization","name":"Hotel Rialto","url":"https:\/\/www.rialtohotel.com\/es\/","logo":{"@type":"ImageObject","inLanguage":"es","@id":"https:\/\/www.rialtohotel.com\/es\/#\/schema\/logo\/image\/","url":"https:\/\/www.rialtohotel.com\/wp-content\/uploads\/sites\/47\/2026\/01\/hotel_rialto_logo_c.svg","contentUrl":"https:\/\/www.rialtohotel.com\/wp-content\/uploads\/sites\/47\/2026\/01\/hotel_rialto_logo_c.svg","width":511,"height":193,"caption":"Hotel Rialto"},"image":{"@id":"https:\/\/www.rialtohotel.com\/es\/#\/schema\/logo\/image\/"}}]}},"acf":[],"_links":{"self":[{"href":"https:\/\/www.rialtohotel.com\/es\/wp-json\/wp\/v2\/pages\/276","targetHints":{"allow":["GET"]}}],"collection":[{"href":"https:\/\/www.rialtohotel.com\/es\/wp-json\/wp\/v2\/pages"}],"about":[{"href":"https:\/\/www.rialtohotel.com\/es\/wp-json\/wp\/v2\/types\/page"}],"author":[{"embeddable":true,"href":"https:\/\/www.rialtohotel.com\/es\/wp-json\/wp\/v2\/users\/6"}],"replies":[{"embeddable":true,"href":"https:\/\/www.rialtohotel.com\/es\/wp-json\/wp\/v2\/comments?post=276"}],"version-history":[{"count":0,"href":"https:\/\/www.rialtohotel.com\/es\/wp-json\/wp\/v2\/pages\/276\/revisions"}],"wp:attachment":[{"href":"https:\/\/www.rialtohotel.com\/es\/wp-json\/wp\/v2\/media?parent=276"}],"curies":[{"name":"wp","href":"https:\/\/api.w.org\/{rel}","templated":true}]}}