{"id":248,"date":"2026-01-13T14:16:42","date_gmt":"2026-01-13T14:16:42","guid":{"rendered":"https:\/\/rialtohotel.ms3.decms.eu\/?page_id=248"},"modified":"2026-02-24T06:59:31","modified_gmt":"2026-02-24T06:59:31","slug":"rialto-hotel-ca-rialto-house","status":"publish","type":"page","link":"https:\/\/www.rialtohotel.com\/es\/","title":{"rendered":"Rialto Hotel &#038; C\u00e0 Rialto House"},"content":{"rendered":"<p>Por fin en Venecia, por fin en Rialto para vivir la magia de Venecia, un lugar \u00fanico.<br \/>\nEn el coraz\u00f3n de Venecia, frente al puente de Rialto, con la ciudad m\u00e1s bonita del mundo esper\u00e1ndole.<br \/>\nRialto Unique Experience se complace en ofrecer tres tipos de estancias diferentes, para que los hu\u00e9spedes vivan las vacaciones en un hotel de Venecia o siguiendo sus propios sue\u00f1os y deseos.<\/p>\n","protected":false},"excerpt":{"rendered":"<p>Por fin en Venecia, por fin en Rialto para vivir la magia de Venecia, un lugar \u00fanico. En el coraz\u00f3n de Venecia, frente al puente de Rialto, con la ciudad m\u00e1s bonita del mundo esper\u00e1ndole. Rialto Unique Experience se complace en ofrecer tres tipos de estancias diferentes, para que los hu\u00e9spedes vivan las vacaciones en [&hellip;]<\/p>\n","protected":false},"author":6,"featured_media":0,"parent":0,"menu_order":10,"comment_status":"closed","ping_status":"closed","template":"","meta":{"footnotes":""},"class_list":["post-248","page","type-page","status-publish","hentry"],"yoast_head":"<!-- This site is optimized with the Yoast SEO plugin v26.9 - https:\/\/yoast.com\/product\/yoast-seo-wordpress\/ -->\n<title>Rialto Hotel &amp; C\u00e0 Rialto House - Hotel Rialto -<\/title>\n<meta name=\"description\" content=\"Por fin en Venecia, por fin en Rialto para vivir la magia de Venecia, un lugar \u00fanico. En el coraz\u00f3n de Venecia, frente al puente de Rialto, con la ciudad m\u00e1s bonita del mundo esper\u00e1ndole. Rialto Unique Experience se complace en ofrecer tres tipos de estancias diferentes, para que los hu\u00e9spedes vivan las vacaciones en un hotel de Venecia o siguiendo sus propios sue\u00f1os y deseos..\" \/>\n<meta name=\"robots\" content=\"index, follow, max-snippet:-1, max-image-preview:large, max-video-preview:-1\" \/>\n<link rel=\"canonical\" href=\"https:\/\/www.rialtohotel.com\/es\/\" \/>\n<meta property=\"og:locale\" content=\"es_ES\" \/>\n<meta property=\"og:type\" content=\"article\" \/>\n<meta property=\"og:title\" content=\"Rialto Hotel &amp; C\u00e0 Rialto House - Hotel Rialto -\" \/>\n<meta property=\"og:description\" content=\"Por fin en Venecia, por fin en Rialto para vivir la magia de Venecia, un lugar \u00fanico. En el coraz\u00f3n de Venecia, frente al puente de Rialto, con la ciudad m\u00e1s bonita del mundo esper\u00e1ndole. Rialto Unique Experience se complace en ofrecer tres tipos de estancias diferentes, para que los hu\u00e9spedes vivan las vacaciones en un hotel de Venecia o siguiendo sus propios sue\u00f1os y deseos..\" \/>\n<meta property=\"og:url\" content=\"https:\/\/www.rialtohotel.com\/es\/\" \/>\n<meta property=\"og:site_name\" content=\"Hotel Rialto\" \/>\n<meta property=\"article:modified_time\" content=\"2026-02-24T06:59:31+00:00\" \/>\n<meta name=\"twitter:card\" content=\"summary_large_image\" \/>\n<meta name=\"twitter:label1\" content=\"Est. reading time\" \/>\n\t<meta name=\"twitter:data1\" content=\"1 minuto\" \/>\n<script type=\"application\/ld+json\" class=\"yoast-schema-graph\">{\"@context\":\"https:\/\/schema.org\",\"@graph\":[{\"@type\":\"WebPage\",\"@id\":\"https:\/\/www.rialtohotel.com\/es\/\",\"url\":\"https:\/\/www.rialtohotel.com\/es\/\",\"name\":\"Rialto Hotel & C\u00e0 Rialto House - Hotel Rialto -\",\"isPartOf\":{\"@id\":\"https:\/\/www.rialtohotel.com\/es\/#website\"},\"datePublished\":\"2026-01-13T14:16:42+00:00\",\"dateModified\":\"2026-02-24T06:59:31+00:00\",\"description\":\"Por fin en Venecia, por fin en Rialto para vivir la magia de Venecia, un lugar \u00fanico. En el coraz\u00f3n de Venecia, frente al puente de Rialto, con la ciudad m\u00e1s bonita del mundo esper\u00e1ndole. Rialto Unique Experience se complace en ofrecer tres tipos de estancias diferentes, para que los hu\u00e9spedes vivan las vacaciones en un hotel de Venecia o siguiendo sus propios sue\u00f1os y deseos..\",\"breadcrumb\":{\"@id\":\"https:\/\/www.rialtohotel.com\/es\/#breadcrumb\"},\"inLanguage\":\"es\",\"potentialAction\":[{\"@type\":\"ReadAction\",\"target\":[\"https:\/\/www.rialtohotel.com\/es\/\"]}]},{\"@type\":\"BreadcrumbList\",\"@id\":\"https:\/\/www.rialtohotel.com\/es\/#breadcrumb\",\"itemListElement\":[{\"@type\":\"ListItem\",\"position\":1,\"name\":\"Home\",\"item\":\"https:\/\/www.rialtohotel.com\/es\/\"},{\"@type\":\"ListItem\",\"position\":2,\"name\":\"Rialto Hotel &#038; C\u00e0 Rialto House\"}]},{\"@type\":\"WebSite\",\"@id\":\"https:\/\/www.rialtohotel.com\/es\/#website\",\"url\":\"https:\/\/www.rialtohotel.com\/es\/\",\"name\":\"Hotel Rialto\",\"description\":\"\",\"publisher\":{\"@id\":\"https:\/\/www.rialtohotel.com\/es\/#organization\"},\"potentialAction\":[{\"@type\":\"SearchAction\",\"target\":{\"@type\":\"EntryPoint\",\"urlTemplate\":\"https:\/\/www.rialtohotel.com\/es\/?s={search_term_string}\"},\"query-input\":{\"@type\":\"PropertyValueSpecification\",\"valueRequired\":true,\"valueName\":\"search_term_string\"}}],\"inLanguage\":\"es\"},{\"@type\":\"Organization\",\"@id\":\"https:\/\/www.rialtohotel.com\/es\/#organization\",\"name\":\"Hotel Rialto\",\"url\":\"https:\/\/www.rialtohotel.com\/es\/\",\"logo\":{\"@type\":\"ImageObject\",\"inLanguage\":\"es\",\"@id\":\"https:\/\/www.rialtohotel.com\/es\/#\/schema\/logo\/image\/\",\"url\":\"https:\/\/www.rialtohotel.com\/wp-content\/uploads\/sites\/47\/2026\/01\/hotel_rialto_logo_c.svg\",\"contentUrl\":\"https:\/\/www.rialtohotel.com\/wp-content\/uploads\/sites\/47\/2026\/01\/hotel_rialto_logo_c.svg\",\"width\":511,\"height\":193,\"caption\":\"Hotel Rialto\"},\"image\":{\"@id\":\"https:\/\/www.rialtohotel.com\/es\/#\/schema\/logo\/image\/\"}}]}<\/script>\n<!-- \/ Yoast SEO plugin. -->","yoast_head_json":{"title":"Rialto Hotel & C\u00e0 Rialto House - Hotel Rialto -","description":"Por fin en Venecia, por fin en Rialto para vivir la magia de Venecia, un lugar \u00fanico. En el coraz\u00f3n de Venecia, frente al puente de Rialto, con la ciudad m\u00e1s bonita del mundo esper\u00e1ndole. Rialto Unique Experience se complace en ofrecer tres tipos de estancias diferentes, para que los hu\u00e9spedes vivan las vacaciones en un hotel de Venecia o siguiendo sus propios sue\u00f1os y deseos..","robots":{"index":"index","follow":"follow","max-snippet":"max-snippet:-1","max-image-preview":"max-image-preview:large","max-video-preview":"max-video-preview:-1"},"canonical":"https:\/\/www.rialtohotel.com\/es\/","og_locale":"es_ES","og_type":"article","og_title":"Rialto Hotel & C\u00e0 Rialto House - Hotel Rialto -","og_description":"Por fin en Venecia, por fin en Rialto para vivir la magia de Venecia, un lugar \u00fanico. En el coraz\u00f3n de Venecia, frente al puente de Rialto, con la ciudad m\u00e1s bonita del mundo esper\u00e1ndole. Rialto Unique Experience se complace en ofrecer tres tipos de estancias diferentes, para que los hu\u00e9spedes vivan las vacaciones en un hotel de Venecia o siguiendo sus propios sue\u00f1os y deseos..","og_url":"https:\/\/www.rialtohotel.com\/es\/","og_site_name":"Hotel Rialto","article_modified_time":"2026-02-24T06:59:31+00:00","twitter_card":"summary_large_image","twitter_misc":{"Est. reading time":"1 minuto"},"schema":{"@context":"https:\/\/schema.org","@graph":[{"@type":"WebPage","@id":"https:\/\/www.rialtohotel.com\/es\/","url":"https:\/\/www.rialtohotel.com\/es\/","name":"Rialto Hotel & C\u00e0 Rialto House - Hotel Rialto -","isPartOf":{"@id":"https:\/\/www.rialtohotel.com\/es\/#website"},"datePublished":"2026-01-13T14:16:42+00:00","dateModified":"2026-02-24T06:59:31+00:00","description":"Por fin en Venecia, por fin en Rialto para vivir la magia de Venecia, un lugar \u00fanico. En el coraz\u00f3n de Venecia, frente al puente de Rialto, con la ciudad m\u00e1s bonita del mundo esper\u00e1ndole. Rialto Unique Experience se complace en ofrecer tres tipos de estancias diferentes, para que los hu\u00e9spedes vivan las vacaciones en un hotel de Venecia o siguiendo sus propios sue\u00f1os y deseos..","breadcrumb":{"@id":"https:\/\/www.rialtohotel.com\/es\/#breadcrumb"},"inLanguage":"es","potentialAction":[{"@type":"ReadAction","target":["https:\/\/www.rialtohotel.com\/es\/"]}]},{"@type":"BreadcrumbList","@id":"https:\/\/www.rialtohotel.com\/es\/#breadcrumb","itemListElement":[{"@type":"ListItem","position":1,"name":"Home","item":"https:\/\/www.rialtohotel.com\/es\/"},{"@type":"ListItem","position":2,"name":"Rialto Hotel &#038; C\u00e0 Rialto House"}]},{"@type":"WebSite","@id":"https:\/\/www.rialtohotel.com\/es\/#website","url":"https:\/\/www.rialtohotel.com\/es\/","name":"Hotel Rialto","description":"","publisher":{"@id":"https:\/\/www.rialtohotel.com\/es\/#organization"},"potentialAction":[{"@type":"SearchAction","target":{"@type":"EntryPoint","urlTemplate":"https:\/\/www.rialtohotel.com\/es\/?s={search_term_string}"},"query-input":{"@type":"PropertyValueSpecification","valueRequired":true,"valueName":"search_term_string"}}],"inLanguage":"es"},{"@type":"Organization","@id":"https:\/\/www.rialtohotel.com\/es\/#organization","name":"Hotel Rialto","url":"https:\/\/www.rialtohotel.com\/es\/","logo":{"@type":"ImageObject","inLanguage":"es","@id":"https:\/\/www.rialtohotel.com\/es\/#\/schema\/logo\/image\/","url":"https:\/\/www.rialtohotel.com\/wp-content\/uploads\/sites\/47\/2026\/01\/hotel_rialto_logo_c.svg","contentUrl":"https:\/\/www.rialtohotel.com\/wp-content\/uploads\/sites\/47\/2026\/01\/hotel_rialto_logo_c.svg","width":511,"height":193,"caption":"Hotel Rialto"},"image":{"@id":"https:\/\/www.rialtohotel.com\/es\/#\/schema\/logo\/image\/"}}]}},"acf":[],"_links":{"self":[{"href":"https:\/\/www.rialtohotel.com\/es\/wp-json\/wp\/v2\/pages\/248","targetHints":{"allow":["GET"]}}],"collection":[{"href":"https:\/\/www.rialtohotel.com\/es\/wp-json\/wp\/v2\/pages"}],"about":[{"href":"https:\/\/www.rialtohotel.com\/es\/wp-json\/wp\/v2\/types\/page"}],"author":[{"embeddable":true,"href":"https:\/\/www.rialtohotel.com\/es\/wp-json\/wp\/v2\/users\/6"}],"replies":[{"embeddable":true,"href":"https:\/\/www.rialtohotel.com\/es\/wp-json\/wp\/v2\/comments?post=248"}],"version-history":[{"count":0,"href":"https:\/\/www.rialtohotel.com\/es\/wp-json\/wp\/v2\/pages\/248\/revisions"}],"wp:attachment":[{"href":"https:\/\/www.rialtohotel.com\/es\/wp-json\/wp\/v2\/media?parent=248"}],"curies":[{"name":"wp","href":"https:\/\/api.w.org\/{rel}","templated":true}]}}