{"id":385,"date":"2026-01-19T17:04:11","date_gmt":"2026-01-19T17:04:11","guid":{"rendered":"https:\/\/rialtohotel.ms3.decms.eu\/?page_id=385"},"modified":"2026-02-11T15:18:45","modified_gmt":"2026-02-11T15:18:45","slug":"classic-doppelzimmer-zweibettzimmer","status":"publish","type":"page","link":"https:\/\/www.rialtohotel.com\/de\/hotel-rialto\/classic-doppelzimmer-zweibettzimmer\/","title":{"rendered":"Classic Doppelzimmer \/ Zweibettzimmer"},"content":{"rendered":"<p style=\"text-align: center;\">Tauchen Sie ein in die Atmosph\u00e4re der Serenissima. Mit klassischen M\u00f6beln und liebevollen Details ist das Classic Zimmer die ideale Wahl f\u00fcr alle, die das wahre Venedig suchen.<\/p>\n<p style=\"text-align: center;\">Die Fenster blicken auf malerische versteckte Innenh\u00f6fe.<\/p>\n","protected":false},"excerpt":{"rendered":"<p>Tauchen Sie ein in die Atmosph\u00e4re der Serenissima. Mit klassischen M\u00f6beln und liebevollen Details ist das Classic Zimmer die ideale Wahl f\u00fcr alle, die das wahre Venedig suchen. Die Fenster blicken auf malerische versteckte Innenh\u00f6fe.<\/p>\n","protected":false},"author":6,"featured_media":0,"parent":274,"menu_order":50,"comment_status":"closed","ping_status":"closed","template":"template-single-room.php","meta":{"footnotes":""},"class_list":["post-385","page","type-page","status-publish","hentry"],"yoast_head":"<!-- This site is optimized with the Yoast SEO plugin v26.9 - https:\/\/yoast.com\/product\/yoast-seo-wordpress\/ -->\n<title>Classic Doppelzimmer \/ Zweibettzimmer - Hotel Rialto -<\/title>\n<meta name=\"description\" content=\"Tauchen Sie ein in die Atmosph\u00e4re der Serenissima. Mit klassischen M\u00f6beln und liebevollen Details ist das Classic Zimmer die ideale Wahl f\u00fcr alle, die das wahre Venedig suchen. Die Fenster blicken auf malerische versteckte Innenh\u00f6fe.\" \/>\n<meta name=\"robots\" content=\"index, follow, max-snippet:-1, max-image-preview:large, max-video-preview:-1\" \/>\n<link rel=\"canonical\" href=\"https:\/\/www.rialtohotel.com\/de\/hotel-rialto\/classic-doppelzimmer-zweibettzimmer\/\" \/>\n<meta property=\"og:locale\" content=\"de_DE\" \/>\n<meta property=\"og:type\" content=\"article\" \/>\n<meta property=\"og:title\" content=\"Classic Doppelzimmer \/ Zweibettzimmer - Hotel Rialto -\" \/>\n<meta property=\"og:description\" content=\"Tauchen Sie ein in die Atmosph\u00e4re der Serenissima. Mit klassischen M\u00f6beln und liebevollen Details ist das Classic Zimmer die ideale Wahl f\u00fcr alle, die das wahre Venedig suchen. Die Fenster blicken auf malerische versteckte Innenh\u00f6fe.\" \/>\n<meta property=\"og:url\" content=\"https:\/\/www.rialtohotel.com\/de\/hotel-rialto\/classic-doppelzimmer-zweibettzimmer\/\" \/>\n<meta property=\"og:site_name\" content=\"Hotel Rialto\" \/>\n<meta property=\"article:modified_time\" content=\"2026-02-11T15:18:45+00:00\" \/>\n<meta name=\"twitter:card\" content=\"summary_large_image\" \/>\n<meta name=\"twitter:label1\" content=\"Est. reading time\" \/>\n\t<meta name=\"twitter:data1\" content=\"1\u00a0Minute\" \/>\n<script type=\"application\/ld+json\" class=\"yoast-schema-graph\">{\"@context\":\"https:\/\/schema.org\",\"@graph\":[{\"@type\":\"WebPage\",\"@id\":\"https:\/\/www.rialtohotel.com\/de\/hotel-rialto\/classic-doppelzimmer-zweibettzimmer\/\",\"url\":\"https:\/\/www.rialtohotel.com\/de\/hotel-rialto\/classic-doppelzimmer-zweibettzimmer\/\",\"name\":\"Classic Doppelzimmer \/ Zweibettzimmer - Hotel Rialto -\",\"isPartOf\":{\"@id\":\"https:\/\/www.rialtohotel.com\/de\/#website\"},\"datePublished\":\"2026-01-19T17:04:11+00:00\",\"dateModified\":\"2026-02-11T15:18:45+00:00\",\"description\":\"Tauchen Sie ein in die Atmosph\u00e4re der Serenissima. Mit klassischen M\u00f6beln und liebevollen Details ist das Classic Zimmer die ideale Wahl f\u00fcr alle, die das wahre Venedig suchen. Die Fenster blicken auf malerische versteckte Innenh\u00f6fe.\",\"breadcrumb\":{\"@id\":\"https:\/\/www.rialtohotel.com\/de\/hotel-rialto\/classic-doppelzimmer-zweibettzimmer\/#breadcrumb\"},\"inLanguage\":\"de\",\"potentialAction\":[{\"@type\":\"ReadAction\",\"target\":[\"https:\/\/www.rialtohotel.com\/de\/hotel-rialto\/classic-doppelzimmer-zweibettzimmer\/\"]}]},{\"@type\":\"BreadcrumbList\",\"@id\":\"https:\/\/www.rialtohotel.com\/de\/hotel-rialto\/classic-doppelzimmer-zweibettzimmer\/#breadcrumb\",\"itemListElement\":[{\"@type\":\"ListItem\",\"position\":1,\"name\":\"Home\",\"item\":\"https:\/\/www.rialtohotel.com\/de\/\"},{\"@type\":\"ListItem\",\"position\":2,\"name\":\"Hotel Rialto\",\"item\":\"https:\/\/www.rialtohotel.com\/de\/hotel-rialto\/\"},{\"@type\":\"ListItem\",\"position\":3,\"name\":\"Classic Doppelzimmer \/ Zweibettzimmer\"}]},{\"@type\":\"WebSite\",\"@id\":\"https:\/\/www.rialtohotel.com\/de\/#website\",\"url\":\"https:\/\/www.rialtohotel.com\/de\/\",\"name\":\"Hotel Rialto\",\"description\":\"\",\"publisher\":{\"@id\":\"https:\/\/www.rialtohotel.com\/de\/#organization\"},\"potentialAction\":[{\"@type\":\"SearchAction\",\"target\":{\"@type\":\"EntryPoint\",\"urlTemplate\":\"https:\/\/www.rialtohotel.com\/de\/?s={search_term_string}\"},\"query-input\":{\"@type\":\"PropertyValueSpecification\",\"valueRequired\":true,\"valueName\":\"search_term_string\"}}],\"inLanguage\":\"de\"},{\"@type\":\"Organization\",\"@id\":\"https:\/\/www.rialtohotel.com\/de\/#organization\",\"name\":\"Hotel Rialto\",\"url\":\"https:\/\/www.rialtohotel.com\/de\/\",\"logo\":{\"@type\":\"ImageObject\",\"inLanguage\":\"de\",\"@id\":\"https:\/\/www.rialtohotel.com\/de\/#\/schema\/logo\/image\/\",\"url\":\"https:\/\/www.rialtohotel.com\/wp-content\/uploads\/sites\/47\/2026\/01\/hotel_rialto_logo_c.svg\",\"contentUrl\":\"https:\/\/www.rialtohotel.com\/wp-content\/uploads\/sites\/47\/2026\/01\/hotel_rialto_logo_c.svg\",\"width\":511,\"height\":193,\"caption\":\"Hotel Rialto\"},\"image\":{\"@id\":\"https:\/\/www.rialtohotel.com\/de\/#\/schema\/logo\/image\/\"}}]}<\/script>\n<!-- \/ Yoast SEO plugin. -->","yoast_head_json":{"title":"Classic Doppelzimmer \/ Zweibettzimmer - Hotel Rialto -","description":"Tauchen Sie ein in die Atmosph\u00e4re der Serenissima. Mit klassischen M\u00f6beln und liebevollen Details ist das Classic Zimmer die ideale Wahl f\u00fcr alle, die das wahre Venedig suchen. Die Fenster blicken auf malerische versteckte Innenh\u00f6fe.","robots":{"index":"index","follow":"follow","max-snippet":"max-snippet:-1","max-image-preview":"max-image-preview:large","max-video-preview":"max-video-preview:-1"},"canonical":"https:\/\/www.rialtohotel.com\/de\/hotel-rialto\/classic-doppelzimmer-zweibettzimmer\/","og_locale":"de_DE","og_type":"article","og_title":"Classic Doppelzimmer \/ Zweibettzimmer - Hotel Rialto -","og_description":"Tauchen Sie ein in die Atmosph\u00e4re der Serenissima. Mit klassischen M\u00f6beln und liebevollen Details ist das Classic Zimmer die ideale Wahl f\u00fcr alle, die das wahre Venedig suchen. Die Fenster blicken auf malerische versteckte Innenh\u00f6fe.","og_url":"https:\/\/www.rialtohotel.com\/de\/hotel-rialto\/classic-doppelzimmer-zweibettzimmer\/","og_site_name":"Hotel Rialto","article_modified_time":"2026-02-11T15:18:45+00:00","twitter_card":"summary_large_image","twitter_misc":{"Est. reading time":"1\u00a0Minute"},"schema":{"@context":"https:\/\/schema.org","@graph":[{"@type":"WebPage","@id":"https:\/\/www.rialtohotel.com\/de\/hotel-rialto\/classic-doppelzimmer-zweibettzimmer\/","url":"https:\/\/www.rialtohotel.com\/de\/hotel-rialto\/classic-doppelzimmer-zweibettzimmer\/","name":"Classic Doppelzimmer \/ Zweibettzimmer - Hotel Rialto -","isPartOf":{"@id":"https:\/\/www.rialtohotel.com\/de\/#website"},"datePublished":"2026-01-19T17:04:11+00:00","dateModified":"2026-02-11T15:18:45+00:00","description":"Tauchen Sie ein in die Atmosph\u00e4re der Serenissima. Mit klassischen M\u00f6beln und liebevollen Details ist das Classic Zimmer die ideale Wahl f\u00fcr alle, die das wahre Venedig suchen. Die Fenster blicken auf malerische versteckte Innenh\u00f6fe.","breadcrumb":{"@id":"https:\/\/www.rialtohotel.com\/de\/hotel-rialto\/classic-doppelzimmer-zweibettzimmer\/#breadcrumb"},"inLanguage":"de","potentialAction":[{"@type":"ReadAction","target":["https:\/\/www.rialtohotel.com\/de\/hotel-rialto\/classic-doppelzimmer-zweibettzimmer\/"]}]},{"@type":"BreadcrumbList","@id":"https:\/\/www.rialtohotel.com\/de\/hotel-rialto\/classic-doppelzimmer-zweibettzimmer\/#breadcrumb","itemListElement":[{"@type":"ListItem","position":1,"name":"Home","item":"https:\/\/www.rialtohotel.com\/de\/"},{"@type":"ListItem","position":2,"name":"Hotel Rialto","item":"https:\/\/www.rialtohotel.com\/de\/hotel-rialto\/"},{"@type":"ListItem","position":3,"name":"Classic Doppelzimmer \/ Zweibettzimmer"}]},{"@type":"WebSite","@id":"https:\/\/www.rialtohotel.com\/de\/#website","url":"https:\/\/www.rialtohotel.com\/de\/","name":"Hotel Rialto","description":"","publisher":{"@id":"https:\/\/www.rialtohotel.com\/de\/#organization"},"potentialAction":[{"@type":"SearchAction","target":{"@type":"EntryPoint","urlTemplate":"https:\/\/www.rialtohotel.com\/de\/?s={search_term_string}"},"query-input":{"@type":"PropertyValueSpecification","valueRequired":true,"valueName":"search_term_string"}}],"inLanguage":"de"},{"@type":"Organization","@id":"https:\/\/www.rialtohotel.com\/de\/#organization","name":"Hotel Rialto","url":"https:\/\/www.rialtohotel.com\/de\/","logo":{"@type":"ImageObject","inLanguage":"de","@id":"https:\/\/www.rialtohotel.com\/de\/#\/schema\/logo\/image\/","url":"https:\/\/www.rialtohotel.com\/wp-content\/uploads\/sites\/47\/2026\/01\/hotel_rialto_logo_c.svg","contentUrl":"https:\/\/www.rialtohotel.com\/wp-content\/uploads\/sites\/47\/2026\/01\/hotel_rialto_logo_c.svg","width":511,"height":193,"caption":"Hotel Rialto"},"image":{"@id":"https:\/\/www.rialtohotel.com\/de\/#\/schema\/logo\/image\/"}}]}},"acf":[],"_links":{"self":[{"href":"https:\/\/www.rialtohotel.com\/de\/wp-json\/wp\/v2\/pages\/385","targetHints":{"allow":["GET"]}}],"collection":[{"href":"https:\/\/www.rialtohotel.com\/de\/wp-json\/wp\/v2\/pages"}],"about":[{"href":"https:\/\/www.rialtohotel.com\/de\/wp-json\/wp\/v2\/types\/page"}],"author":[{"embeddable":true,"href":"https:\/\/www.rialtohotel.com\/de\/wp-json\/wp\/v2\/users\/6"}],"replies":[{"embeddable":true,"href":"https:\/\/www.rialtohotel.com\/de\/wp-json\/wp\/v2\/comments?post=385"}],"version-history":[{"count":0,"href":"https:\/\/www.rialtohotel.com\/de\/wp-json\/wp\/v2\/pages\/385\/revisions"}],"up":[{"embeddable":true,"href":"https:\/\/www.rialtohotel.com\/de\/wp-json\/wp\/v2\/pages\/274"}],"wp:attachment":[{"href":"https:\/\/www.rialtohotel.com\/de\/wp-json\/wp\/v2\/media?parent=385"}],"curies":[{"name":"wp","href":"https:\/\/api.w.org\/{rel}","templated":true}]}}