{"id":376,"date":"2026-01-19T17:04:26","date_gmt":"2026-01-19T17:04:26","guid":{"rendered":"https:\/\/rialtohotel.ms3.decms.eu\/?page_id=376"},"modified":"2026-02-20T22:06:48","modified_gmt":"2026-02-20T22:06:48","slug":"economy-doppelzimmer","status":"publish","type":"page","link":"https:\/\/www.rialtohotel.com\/de\/hotel-rialto\/economy-doppelzimmer\/","title":{"rendered":"Economy Doppelzimmer"},"content":{"rendered":"<p style=\"text-align: center;\">Wesentlich, gem\u00fctlich und funktional.<\/p>\n<p style=\"text-align: center;\">Ideal f\u00fcr G\u00e4ste, die Wert auf eine zentrale Lage legen. Mit einem bequemen 140 cm breiten Bett bietet dieses Zimmer Ruhe mit Blick auf die Innenh\u00f6fe, nur wenige Schritte vom Rialtomarkt entfernt.<\/p>\n","protected":false},"excerpt":{"rendered":"<p>Wesentlich, gem\u00fctlich und funktional. Ideal f\u00fcr G\u00e4ste, die Wert auf eine zentrale Lage legen. Mit einem bequemen 140 cm breiten Bett bietet dieses Zimmer Ruhe mit Blick auf die Innenh\u00f6fe, nur wenige Schritte vom Rialtomarkt entfernt.<\/p>\n","protected":false},"author":6,"featured_media":0,"parent":274,"menu_order":60,"comment_status":"closed","ping_status":"closed","template":"template-single-room.php","meta":{"footnotes":""},"class_list":["post-376","page","type-page","status-publish","hentry"],"yoast_head":"<!-- This site is optimized with the Yoast SEO plugin v26.9 - https:\/\/yoast.com\/product\/yoast-seo-wordpress\/ -->\n<title>Economy Doppelzimmer - Hotel Rialto -<\/title>\n<meta name=\"description\" content=\"Wesentlich, gem\u00fctlich und funktional. Ideal f\u00fcr G\u00e4ste, die Wert auf eine zentrale Lage legen. Mit einem bequemen 140 cm breiten Bett bietet dieses Zimmer Ruhe mit Blick auf die Innenh\u00f6fe, nur wenige Schritte vom Rialtomarkt entfernt.\" \/>\n<meta name=\"robots\" content=\"index, follow, max-snippet:-1, max-image-preview:large, max-video-preview:-1\" \/>\n<link rel=\"canonical\" href=\"https:\/\/www.rialtohotel.com\/de\/hotel-rialto\/economy-doppelzimmer\/\" \/>\n<meta property=\"og:locale\" content=\"de_DE\" \/>\n<meta property=\"og:type\" content=\"article\" \/>\n<meta property=\"og:title\" content=\"Economy Doppelzimmer - Hotel Rialto -\" \/>\n<meta property=\"og:description\" content=\"Wesentlich, gem\u00fctlich und funktional. Ideal f\u00fcr G\u00e4ste, die Wert auf eine zentrale Lage legen. Mit einem bequemen 140 cm breiten Bett bietet dieses Zimmer Ruhe mit Blick auf die Innenh\u00f6fe, nur wenige Schritte vom Rialtomarkt entfernt.\" \/>\n<meta property=\"og:url\" content=\"https:\/\/www.rialtohotel.com\/de\/hotel-rialto\/economy-doppelzimmer\/\" \/>\n<meta property=\"og:site_name\" content=\"Hotel Rialto\" \/>\n<meta property=\"article:modified_time\" content=\"2026-02-20T22:06:48+00:00\" \/>\n<meta name=\"twitter:card\" content=\"summary_large_image\" \/>\n<meta name=\"twitter:label1\" content=\"Est. reading time\" \/>\n\t<meta name=\"twitter:data1\" content=\"1\u00a0Minute\" \/>\n<script type=\"application\/ld+json\" class=\"yoast-schema-graph\">{\"@context\":\"https:\/\/schema.org\",\"@graph\":[{\"@type\":\"WebPage\",\"@id\":\"https:\/\/www.rialtohotel.com\/de\/hotel-rialto\/economy-doppelzimmer\/\",\"url\":\"https:\/\/www.rialtohotel.com\/de\/hotel-rialto\/economy-doppelzimmer\/\",\"name\":\"Economy Doppelzimmer - Hotel Rialto -\",\"isPartOf\":{\"@id\":\"https:\/\/www.rialtohotel.com\/de\/#website\"},\"datePublished\":\"2026-01-19T17:04:26+00:00\",\"dateModified\":\"2026-02-20T22:06:48+00:00\",\"description\":\"Wesentlich, gem\u00fctlich und funktional. Ideal f\u00fcr G\u00e4ste, die Wert auf eine zentrale Lage legen. Mit einem bequemen 140 cm breiten Bett bietet dieses Zimmer Ruhe mit Blick auf die Innenh\u00f6fe, nur wenige Schritte vom Rialtomarkt entfernt.\",\"breadcrumb\":{\"@id\":\"https:\/\/www.rialtohotel.com\/de\/hotel-rialto\/economy-doppelzimmer\/#breadcrumb\"},\"inLanguage\":\"de\",\"potentialAction\":[{\"@type\":\"ReadAction\",\"target\":[\"https:\/\/www.rialtohotel.com\/de\/hotel-rialto\/economy-doppelzimmer\/\"]}]},{\"@type\":\"BreadcrumbList\",\"@id\":\"https:\/\/www.rialtohotel.com\/de\/hotel-rialto\/economy-doppelzimmer\/#breadcrumb\",\"itemListElement\":[{\"@type\":\"ListItem\",\"position\":1,\"name\":\"Home\",\"item\":\"https:\/\/www.rialtohotel.com\/de\/\"},{\"@type\":\"ListItem\",\"position\":2,\"name\":\"Hotel Rialto\",\"item\":\"https:\/\/www.rialtohotel.com\/de\/hotel-rialto\/\"},{\"@type\":\"ListItem\",\"position\":3,\"name\":\"Economy Doppelzimmer\"}]},{\"@type\":\"WebSite\",\"@id\":\"https:\/\/www.rialtohotel.com\/de\/#website\",\"url\":\"https:\/\/www.rialtohotel.com\/de\/\",\"name\":\"Hotel Rialto\",\"description\":\"\",\"publisher\":{\"@id\":\"https:\/\/www.rialtohotel.com\/de\/#organization\"},\"potentialAction\":[{\"@type\":\"SearchAction\",\"target\":{\"@type\":\"EntryPoint\",\"urlTemplate\":\"https:\/\/www.rialtohotel.com\/de\/?s={search_term_string}\"},\"query-input\":{\"@type\":\"PropertyValueSpecification\",\"valueRequired\":true,\"valueName\":\"search_term_string\"}}],\"inLanguage\":\"de\"},{\"@type\":\"Organization\",\"@id\":\"https:\/\/www.rialtohotel.com\/de\/#organization\",\"name\":\"Hotel Rialto\",\"url\":\"https:\/\/www.rialtohotel.com\/de\/\",\"logo\":{\"@type\":\"ImageObject\",\"inLanguage\":\"de\",\"@id\":\"https:\/\/www.rialtohotel.com\/de\/#\/schema\/logo\/image\/\",\"url\":\"https:\/\/www.rialtohotel.com\/wp-content\/uploads\/sites\/47\/2026\/01\/hotel_rialto_logo_c.svg\",\"contentUrl\":\"https:\/\/www.rialtohotel.com\/wp-content\/uploads\/sites\/47\/2026\/01\/hotel_rialto_logo_c.svg\",\"width\":511,\"height\":193,\"caption\":\"Hotel Rialto\"},\"image\":{\"@id\":\"https:\/\/www.rialtohotel.com\/de\/#\/schema\/logo\/image\/\"}}]}<\/script>\n<!-- \/ Yoast SEO plugin. -->","yoast_head_json":{"title":"Economy Doppelzimmer - Hotel Rialto -","description":"Wesentlich, gem\u00fctlich und funktional. Ideal f\u00fcr G\u00e4ste, die Wert auf eine zentrale Lage legen. Mit einem bequemen 140 cm breiten Bett bietet dieses Zimmer Ruhe mit Blick auf die Innenh\u00f6fe, nur wenige Schritte vom Rialtomarkt entfernt.","robots":{"index":"index","follow":"follow","max-snippet":"max-snippet:-1","max-image-preview":"max-image-preview:large","max-video-preview":"max-video-preview:-1"},"canonical":"https:\/\/www.rialtohotel.com\/de\/hotel-rialto\/economy-doppelzimmer\/","og_locale":"de_DE","og_type":"article","og_title":"Economy Doppelzimmer - Hotel Rialto -","og_description":"Wesentlich, gem\u00fctlich und funktional. Ideal f\u00fcr G\u00e4ste, die Wert auf eine zentrale Lage legen. Mit einem bequemen 140 cm breiten Bett bietet dieses Zimmer Ruhe mit Blick auf die Innenh\u00f6fe, nur wenige Schritte vom Rialtomarkt entfernt.","og_url":"https:\/\/www.rialtohotel.com\/de\/hotel-rialto\/economy-doppelzimmer\/","og_site_name":"Hotel Rialto","article_modified_time":"2026-02-20T22:06:48+00:00","twitter_card":"summary_large_image","twitter_misc":{"Est. reading time":"1\u00a0Minute"},"schema":{"@context":"https:\/\/schema.org","@graph":[{"@type":"WebPage","@id":"https:\/\/www.rialtohotel.com\/de\/hotel-rialto\/economy-doppelzimmer\/","url":"https:\/\/www.rialtohotel.com\/de\/hotel-rialto\/economy-doppelzimmer\/","name":"Economy Doppelzimmer - Hotel Rialto -","isPartOf":{"@id":"https:\/\/www.rialtohotel.com\/de\/#website"},"datePublished":"2026-01-19T17:04:26+00:00","dateModified":"2026-02-20T22:06:48+00:00","description":"Wesentlich, gem\u00fctlich und funktional. Ideal f\u00fcr G\u00e4ste, die Wert auf eine zentrale Lage legen. Mit einem bequemen 140 cm breiten Bett bietet dieses Zimmer Ruhe mit Blick auf die Innenh\u00f6fe, nur wenige Schritte vom Rialtomarkt entfernt.","breadcrumb":{"@id":"https:\/\/www.rialtohotel.com\/de\/hotel-rialto\/economy-doppelzimmer\/#breadcrumb"},"inLanguage":"de","potentialAction":[{"@type":"ReadAction","target":["https:\/\/www.rialtohotel.com\/de\/hotel-rialto\/economy-doppelzimmer\/"]}]},{"@type":"BreadcrumbList","@id":"https:\/\/www.rialtohotel.com\/de\/hotel-rialto\/economy-doppelzimmer\/#breadcrumb","itemListElement":[{"@type":"ListItem","position":1,"name":"Home","item":"https:\/\/www.rialtohotel.com\/de\/"},{"@type":"ListItem","position":2,"name":"Hotel Rialto","item":"https:\/\/www.rialtohotel.com\/de\/hotel-rialto\/"},{"@type":"ListItem","position":3,"name":"Economy Doppelzimmer"}]},{"@type":"WebSite","@id":"https:\/\/www.rialtohotel.com\/de\/#website","url":"https:\/\/www.rialtohotel.com\/de\/","name":"Hotel Rialto","description":"","publisher":{"@id":"https:\/\/www.rialtohotel.com\/de\/#organization"},"potentialAction":[{"@type":"SearchAction","target":{"@type":"EntryPoint","urlTemplate":"https:\/\/www.rialtohotel.com\/de\/?s={search_term_string}"},"query-input":{"@type":"PropertyValueSpecification","valueRequired":true,"valueName":"search_term_string"}}],"inLanguage":"de"},{"@type":"Organization","@id":"https:\/\/www.rialtohotel.com\/de\/#organization","name":"Hotel Rialto","url":"https:\/\/www.rialtohotel.com\/de\/","logo":{"@type":"ImageObject","inLanguage":"de","@id":"https:\/\/www.rialtohotel.com\/de\/#\/schema\/logo\/image\/","url":"https:\/\/www.rialtohotel.com\/wp-content\/uploads\/sites\/47\/2026\/01\/hotel_rialto_logo_c.svg","contentUrl":"https:\/\/www.rialtohotel.com\/wp-content\/uploads\/sites\/47\/2026\/01\/hotel_rialto_logo_c.svg","width":511,"height":193,"caption":"Hotel Rialto"},"image":{"@id":"https:\/\/www.rialtohotel.com\/de\/#\/schema\/logo\/image\/"}}]}},"acf":[],"_links":{"self":[{"href":"https:\/\/www.rialtohotel.com\/de\/wp-json\/wp\/v2\/pages\/376","targetHints":{"allow":["GET"]}}],"collection":[{"href":"https:\/\/www.rialtohotel.com\/de\/wp-json\/wp\/v2\/pages"}],"about":[{"href":"https:\/\/www.rialtohotel.com\/de\/wp-json\/wp\/v2\/types\/page"}],"author":[{"embeddable":true,"href":"https:\/\/www.rialtohotel.com\/de\/wp-json\/wp\/v2\/users\/6"}],"replies":[{"embeddable":true,"href":"https:\/\/www.rialtohotel.com\/de\/wp-json\/wp\/v2\/comments?post=376"}],"version-history":[{"count":0,"href":"https:\/\/www.rialtohotel.com\/de\/wp-json\/wp\/v2\/pages\/376\/revisions"}],"up":[{"embeddable":true,"href":"https:\/\/www.rialtohotel.com\/de\/wp-json\/wp\/v2\/pages\/274"}],"wp:attachment":[{"href":"https:\/\/www.rialtohotel.com\/de\/wp-json\/wp\/v2\/media?parent=376"}],"curies":[{"name":"wp","href":"https:\/\/api.w.org\/{rel}","templated":true}]}}