{"id":347,"date":"2026-02-04T09:43:49","date_gmt":"2026-02-04T09:43:49","guid":{"rendered":"https:\/\/rialtohotel.ms3.decms.eu\/?page_id=347"},"modified":"2026-02-11T10:12:17","modified_gmt":"2026-02-11T10:12:17","slug":"executive-studio","status":"publish","type":"page","link":"https:\/\/www.rialtohotel.com\/de\/rialto-studios\/executive-studio\/","title":{"rendered":"Executive Studio"},"content":{"rendered":"<p>Komfortable und luxuri\u00f6se Ferienwohnungen im Herzen von Venedig, mit Aussicht auf die Gasse, verw\u00f6hnt von s\u00e4mtlichem Komfort: Was gibt es Besseres f\u00fcr einen romantischen Urlaub in der sch\u00f6nsten Stadt der Welt?<\/p>\n<p>Buchen Sie jetzt; in diesen Luxus-Appartements wird sich Ihre Liebste oder Ihr Liebster garantiert neu in Sie verlieben.<\/p>\n<p>Mit Bestpreisgarantie!<\/p>\n<p>Merkmale und Ausstattung: Apartments f\u00fcr zwei Personen, 47 qm, ein Wohnzimmer mit Kochnische, Schlafzimmer, Badezimmer mit Badewanne.<\/p>\n","protected":false},"excerpt":{"rendered":"<p>Komfortable und luxuri\u00f6se Ferienwohnungen im Herzen von Venedig, mit Aussicht auf die Gasse, verw\u00f6hnt von s\u00e4mtlichem Komfort: Was gibt es Besseres f\u00fcr einen romantischen Urlaub in der sch\u00f6nsten Stadt der Welt? Buchen Sie jetzt; in diesen Luxus-Appartements wird sich Ihre Liebste oder Ihr Liebster garantiert neu in Sie verlieben. Mit Bestpreisgarantie! Merkmale und Ausstattung: Apartments [&hellip;]<\/p>\n","protected":false},"author":6,"featured_media":0,"parent":341,"menu_order":10,"comment_status":"closed","ping_status":"closed","template":"template-single-room.php","meta":{"footnotes":""},"class_list":["post-347","page","type-page","status-publish","hentry"],"yoast_head":"<!-- This site is optimized with the Yoast SEO plugin v26.9 - https:\/\/yoast.com\/product\/yoast-seo-wordpress\/ -->\n<title>Executive Studio - Hotel Rialto -<\/title>\n<meta name=\"description\" content=\"Komfortable und luxuri\u00f6se Ferienwohnungen im Herzen von Venedig, mit Aussicht auf die Gasse, verw\u00f6hnt von s\u00e4mtlichem Komfort: Was gibt es Besseres f\u00fcr einen romantischen Urlaub in der sch\u00f6nsten Stadt der Welt?  Buchen Sie jetzt; in diesen Luxus-Appartements wird sich Ihre Liebste oder Ihr Liebster garantiert neu in Sie verlieben.  Mit Bestpreisgarantie!  Merkmale und Ausstattung: Apartments f\u00fcr zwei Personen, 47 qm, ein Wohnzimmer mit Kochnische, Schlafzimmer, Badezimmer mit Badewanne..\" \/>\n<meta name=\"robots\" content=\"index, follow, max-snippet:-1, max-image-preview:large, max-video-preview:-1\" \/>\n<link rel=\"canonical\" href=\"https:\/\/www.rialtohotel.com\/de\/rialto-studios\/executive-studio\/\" \/>\n<meta property=\"og:locale\" content=\"de_DE\" \/>\n<meta property=\"og:type\" content=\"article\" \/>\n<meta property=\"og:title\" content=\"Executive Studio - Hotel Rialto -\" \/>\n<meta property=\"og:description\" content=\"Komfortable und luxuri\u00f6se Ferienwohnungen im Herzen von Venedig, mit Aussicht auf die Gasse, verw\u00f6hnt von s\u00e4mtlichem Komfort: Was gibt es Besseres f\u00fcr einen romantischen Urlaub in der sch\u00f6nsten Stadt der Welt?  Buchen Sie jetzt; in diesen Luxus-Appartements wird sich Ihre Liebste oder Ihr Liebster garantiert neu in Sie verlieben.  Mit Bestpreisgarantie!  Merkmale und Ausstattung: Apartments f\u00fcr zwei Personen, 47 qm, ein Wohnzimmer mit Kochnische, Schlafzimmer, Badezimmer mit Badewanne..\" \/>\n<meta property=\"og:url\" content=\"https:\/\/www.rialtohotel.com\/de\/rialto-studios\/executive-studio\/\" \/>\n<meta property=\"og:site_name\" content=\"Hotel Rialto\" \/>\n<meta property=\"article:modified_time\" content=\"2026-02-11T10:12:17+00:00\" \/>\n<meta name=\"twitter:card\" content=\"summary_large_image\" \/>\n<meta name=\"twitter:label1\" content=\"Est. reading time\" \/>\n\t<meta name=\"twitter:data1\" content=\"1\u00a0Minute\" \/>\n<script type=\"application\/ld+json\" class=\"yoast-schema-graph\">{\"@context\":\"https:\/\/schema.org\",\"@graph\":[{\"@type\":\"WebPage\",\"@id\":\"https:\/\/www.rialtohotel.com\/de\/rialto-studios\/executive-studio\/\",\"url\":\"https:\/\/www.rialtohotel.com\/de\/rialto-studios\/executive-studio\/\",\"name\":\"Executive Studio - Hotel Rialto -\",\"isPartOf\":{\"@id\":\"https:\/\/www.rialtohotel.com\/de\/#website\"},\"datePublished\":\"2026-02-04T09:43:49+00:00\",\"dateModified\":\"2026-02-11T10:12:17+00:00\",\"description\":\"Komfortable und luxuri\u00f6se Ferienwohnungen im Herzen von Venedig, mit Aussicht auf die Gasse, verw\u00f6hnt von s\u00e4mtlichem Komfort: Was gibt es Besseres f\u00fcr einen romantischen Urlaub in der sch\u00f6nsten Stadt der Welt? Buchen Sie jetzt; in diesen Luxus-Appartements wird sich Ihre Liebste oder Ihr Liebster garantiert neu in Sie verlieben. Mit Bestpreisgarantie! Merkmale und Ausstattung: Apartments f\u00fcr zwei Personen, 47 qm, ein Wohnzimmer mit Kochnische, Schlafzimmer, Badezimmer mit Badewanne..\",\"breadcrumb\":{\"@id\":\"https:\/\/www.rialtohotel.com\/de\/rialto-studios\/executive-studio\/#breadcrumb\"},\"inLanguage\":\"de\",\"potentialAction\":[{\"@type\":\"ReadAction\",\"target\":[\"https:\/\/www.rialtohotel.com\/de\/rialto-studios\/executive-studio\/\"]}]},{\"@type\":\"BreadcrumbList\",\"@id\":\"https:\/\/www.rialtohotel.com\/de\/rialto-studios\/executive-studio\/#breadcrumb\",\"itemListElement\":[{\"@type\":\"ListItem\",\"position\":1,\"name\":\"Home\",\"item\":\"https:\/\/www.rialtohotel.com\/de\/\"},{\"@type\":\"ListItem\",\"position\":2,\"name\":\"Rialto Studios\",\"item\":\"https:\/\/www.rialtohotel.com\/de\/rialto-studios\/\"},{\"@type\":\"ListItem\",\"position\":3,\"name\":\"Executive Studio\"}]},{\"@type\":\"WebSite\",\"@id\":\"https:\/\/www.rialtohotel.com\/de\/#website\",\"url\":\"https:\/\/www.rialtohotel.com\/de\/\",\"name\":\"Hotel Rialto\",\"description\":\"\",\"publisher\":{\"@id\":\"https:\/\/www.rialtohotel.com\/de\/#organization\"},\"potentialAction\":[{\"@type\":\"SearchAction\",\"target\":{\"@type\":\"EntryPoint\",\"urlTemplate\":\"https:\/\/www.rialtohotel.com\/de\/?s={search_term_string}\"},\"query-input\":{\"@type\":\"PropertyValueSpecification\",\"valueRequired\":true,\"valueName\":\"search_term_string\"}}],\"inLanguage\":\"de\"},{\"@type\":\"Organization\",\"@id\":\"https:\/\/www.rialtohotel.com\/de\/#organization\",\"name\":\"Hotel Rialto\",\"url\":\"https:\/\/www.rialtohotel.com\/de\/\",\"logo\":{\"@type\":\"ImageObject\",\"inLanguage\":\"de\",\"@id\":\"https:\/\/www.rialtohotel.com\/de\/#\/schema\/logo\/image\/\",\"url\":\"https:\/\/www.rialtohotel.com\/wp-content\/uploads\/sites\/47\/2026\/01\/hotel_rialto_logo_c.svg\",\"contentUrl\":\"https:\/\/www.rialtohotel.com\/wp-content\/uploads\/sites\/47\/2026\/01\/hotel_rialto_logo_c.svg\",\"width\":511,\"height\":193,\"caption\":\"Hotel Rialto\"},\"image\":{\"@id\":\"https:\/\/www.rialtohotel.com\/de\/#\/schema\/logo\/image\/\"}}]}<\/script>\n<!-- \/ Yoast SEO plugin. -->","yoast_head_json":{"title":"Executive Studio - Hotel Rialto -","description":"Komfortable und luxuri\u00f6se Ferienwohnungen im Herzen von Venedig, mit Aussicht auf die Gasse, verw\u00f6hnt von s\u00e4mtlichem Komfort: Was gibt es Besseres f\u00fcr einen romantischen Urlaub in der sch\u00f6nsten Stadt der Welt?  Buchen Sie jetzt; in diesen Luxus-Appartements wird sich Ihre Liebste oder Ihr Liebster garantiert neu in Sie verlieben.  Mit Bestpreisgarantie!  Merkmale und Ausstattung: Apartments f\u00fcr zwei Personen, 47 qm, ein Wohnzimmer mit Kochnische, Schlafzimmer, Badezimmer mit Badewanne..","robots":{"index":"index","follow":"follow","max-snippet":"max-snippet:-1","max-image-preview":"max-image-preview:large","max-video-preview":"max-video-preview:-1"},"canonical":"https:\/\/www.rialtohotel.com\/de\/rialto-studios\/executive-studio\/","og_locale":"de_DE","og_type":"article","og_title":"Executive Studio - Hotel Rialto -","og_description":"Komfortable und luxuri\u00f6se Ferienwohnungen im Herzen von Venedig, mit Aussicht auf die Gasse, verw\u00f6hnt von s\u00e4mtlichem Komfort: Was gibt es Besseres f\u00fcr einen romantischen Urlaub in der sch\u00f6nsten Stadt der Welt?  Buchen Sie jetzt; in diesen Luxus-Appartements wird sich Ihre Liebste oder Ihr Liebster garantiert neu in Sie verlieben.  Mit Bestpreisgarantie!  Merkmale und Ausstattung: Apartments f\u00fcr zwei Personen, 47 qm, ein Wohnzimmer mit Kochnische, Schlafzimmer, Badezimmer mit Badewanne..","og_url":"https:\/\/www.rialtohotel.com\/de\/rialto-studios\/executive-studio\/","og_site_name":"Hotel Rialto","article_modified_time":"2026-02-11T10:12:17+00:00","twitter_card":"summary_large_image","twitter_misc":{"Est. reading time":"1\u00a0Minute"},"schema":{"@context":"https:\/\/schema.org","@graph":[{"@type":"WebPage","@id":"https:\/\/www.rialtohotel.com\/de\/rialto-studios\/executive-studio\/","url":"https:\/\/www.rialtohotel.com\/de\/rialto-studios\/executive-studio\/","name":"Executive Studio - Hotel Rialto -","isPartOf":{"@id":"https:\/\/www.rialtohotel.com\/de\/#website"},"datePublished":"2026-02-04T09:43:49+00:00","dateModified":"2026-02-11T10:12:17+00:00","description":"Komfortable und luxuri\u00f6se Ferienwohnungen im Herzen von Venedig, mit Aussicht auf die Gasse, verw\u00f6hnt von s\u00e4mtlichem Komfort: Was gibt es Besseres f\u00fcr einen romantischen Urlaub in der sch\u00f6nsten Stadt der Welt? Buchen Sie jetzt; in diesen Luxus-Appartements wird sich Ihre Liebste oder Ihr Liebster garantiert neu in Sie verlieben. Mit Bestpreisgarantie! Merkmale und Ausstattung: Apartments f\u00fcr zwei Personen, 47 qm, ein Wohnzimmer mit Kochnische, Schlafzimmer, Badezimmer mit Badewanne..","breadcrumb":{"@id":"https:\/\/www.rialtohotel.com\/de\/rialto-studios\/executive-studio\/#breadcrumb"},"inLanguage":"de","potentialAction":[{"@type":"ReadAction","target":["https:\/\/www.rialtohotel.com\/de\/rialto-studios\/executive-studio\/"]}]},{"@type":"BreadcrumbList","@id":"https:\/\/www.rialtohotel.com\/de\/rialto-studios\/executive-studio\/#breadcrumb","itemListElement":[{"@type":"ListItem","position":1,"name":"Home","item":"https:\/\/www.rialtohotel.com\/de\/"},{"@type":"ListItem","position":2,"name":"Rialto Studios","item":"https:\/\/www.rialtohotel.com\/de\/rialto-studios\/"},{"@type":"ListItem","position":3,"name":"Executive Studio"}]},{"@type":"WebSite","@id":"https:\/\/www.rialtohotel.com\/de\/#website","url":"https:\/\/www.rialtohotel.com\/de\/","name":"Hotel Rialto","description":"","publisher":{"@id":"https:\/\/www.rialtohotel.com\/de\/#organization"},"potentialAction":[{"@type":"SearchAction","target":{"@type":"EntryPoint","urlTemplate":"https:\/\/www.rialtohotel.com\/de\/?s={search_term_string}"},"query-input":{"@type":"PropertyValueSpecification","valueRequired":true,"valueName":"search_term_string"}}],"inLanguage":"de"},{"@type":"Organization","@id":"https:\/\/www.rialtohotel.com\/de\/#organization","name":"Hotel Rialto","url":"https:\/\/www.rialtohotel.com\/de\/","logo":{"@type":"ImageObject","inLanguage":"de","@id":"https:\/\/www.rialtohotel.com\/de\/#\/schema\/logo\/image\/","url":"https:\/\/www.rialtohotel.com\/wp-content\/uploads\/sites\/47\/2026\/01\/hotel_rialto_logo_c.svg","contentUrl":"https:\/\/www.rialtohotel.com\/wp-content\/uploads\/sites\/47\/2026\/01\/hotel_rialto_logo_c.svg","width":511,"height":193,"caption":"Hotel Rialto"},"image":{"@id":"https:\/\/www.rialtohotel.com\/de\/#\/schema\/logo\/image\/"}}]}},"acf":[],"_links":{"self":[{"href":"https:\/\/www.rialtohotel.com\/de\/wp-json\/wp\/v2\/pages\/347","targetHints":{"allow":["GET"]}}],"collection":[{"href":"https:\/\/www.rialtohotel.com\/de\/wp-json\/wp\/v2\/pages"}],"about":[{"href":"https:\/\/www.rialtohotel.com\/de\/wp-json\/wp\/v2\/types\/page"}],"author":[{"embeddable":true,"href":"https:\/\/www.rialtohotel.com\/de\/wp-json\/wp\/v2\/users\/6"}],"replies":[{"embeddable":true,"href":"https:\/\/www.rialtohotel.com\/de\/wp-json\/wp\/v2\/comments?post=347"}],"version-history":[{"count":0,"href":"https:\/\/www.rialtohotel.com\/de\/wp-json\/wp\/v2\/pages\/347\/revisions"}],"up":[{"embeddable":true,"href":"https:\/\/www.rialtohotel.com\/de\/wp-json\/wp\/v2\/pages\/341"}],"wp:attachment":[{"href":"https:\/\/www.rialtohotel.com\/de\/wp-json\/wp\/v2\/media?parent=347"}],"curies":[{"name":"wp","href":"https:\/\/api.w.org\/{rel}","templated":true}]}}