{"id":341,"date":"2026-02-04T09:43:39","date_gmt":"2026-02-04T09:43:39","guid":{"rendered":"https:\/\/rialtohotel.ms3.decms.eu\/?page_id=341"},"modified":"2026-02-20T22:18:30","modified_gmt":"2026-02-20T22:18:30","slug":"rialto-studios","status":"publish","type":"page","link":"https:\/\/www.rialtohotel.com\/de\/rialto-studios\/","title":{"rendered":"Rialto Studios"},"content":{"rendered":"<p>Rialto Luxury Studios bietet <strong>Ferienwohnungen in Venedig<\/strong> mit luxuri\u00f6ser Ausstattung und spektakul\u00e4rer Aussicht auf die Rialto-Br\u00fccke.<br \/>\nUnsere Luxus-Apartments sind ideal f\u00fcr einen romantischen Aufenthalt in Venedig geeignet. Sie befinden sich im obersten Stockwerk eines Adelspalastes direkt an der Rialto-Br\u00fccke am Canal Grande.<\/p>\n<p>Eine zauberhafte Lage, an der man den Zauber genie\u00dfen kann, den nur eine Ferienwohnung in Venedig bieten kann.<br \/>\nDie im modernen Stil ausgestatteten Studios werden durch luxuri\u00f6se Details bereichert und bieten eine warme und entspannte Atmosph\u00e4re, die ideal f\u00fcr einen romantischen Aufenthalt in Venedig ist.<\/p>\n","protected":false},"excerpt":{"rendered":"<p>Rialto Luxury Studios bietet Ferienwohnungen in Venedig mit luxuri\u00f6ser Ausstattung und spektakul\u00e4rer Aussicht auf die Rialto-Br\u00fccke. Unsere Luxus-Apartments sind ideal f\u00fcr einen romantischen Aufenthalt in Venedig geeignet. Sie befinden sich im obersten Stockwerk eines Adelspalastes direkt an der Rialto-Br\u00fccke am Canal Grande. Eine zauberhafte Lage, an der man den Zauber genie\u00dfen kann, den nur eine [&hellip;]<\/p>\n","protected":false},"author":6,"featured_media":0,"parent":0,"menu_order":40,"comment_status":"closed","ping_status":"closed","template":"template-studios.php","meta":{"footnotes":""},"class_list":["post-341","page","type-page","status-publish","hentry"],"yoast_head":"<!-- This site is optimized with the Yoast SEO plugin v26.9 - https:\/\/yoast.com\/product\/yoast-seo-wordpress\/ -->\n<title>Rialto Studios - Hotel Rialto -<\/title>\n<meta name=\"description\" content=\"Rialto Luxury Studios bietet Ferienwohnungen in Venedig mit luxuri\u00f6ser Ausstattung und spektakul\u00e4rer Aussicht auf die Rialto-Br\u00fccke. Unsere Luxus-Apartments sind ideal f\u00fcr einen romantischen Aufenthalt in Venedig geeignet. Sie befinden sich im obersten Stockwerk eines Adelspalastes direkt an der Rialto-Br\u00fccke am Canal Grande.  Eine zauberhafte Lage, an der man den Zauber genie\u00dfen kann, den nur eine Ferienwohnung in Venedig bieten kann. Die im modernen Stil ausgestatteten Studios werden durch luxuri\u00f6se Details bereichert und bieten eine warme und entspannte Atmosph\u00e4re, die ideal f\u00fcr einen romantischen Aufenthalt in Venedig ist.\" \/>\n<meta name=\"robots\" content=\"index, follow, max-snippet:-1, max-image-preview:large, max-video-preview:-1\" \/>\n<link rel=\"canonical\" href=\"https:\/\/www.rialtohotel.com\/de\/rialto-studios\/\" \/>\n<meta property=\"og:locale\" content=\"de_DE\" \/>\n<meta property=\"og:type\" content=\"article\" \/>\n<meta property=\"og:title\" content=\"Rialto Studios - Hotel Rialto -\" \/>\n<meta property=\"og:description\" content=\"Rialto Luxury Studios bietet Ferienwohnungen in Venedig mit luxuri\u00f6ser Ausstattung und spektakul\u00e4rer Aussicht auf die Rialto-Br\u00fccke. Unsere Luxus-Apartments sind ideal f\u00fcr einen romantischen Aufenthalt in Venedig geeignet. Sie befinden sich im obersten Stockwerk eines Adelspalastes direkt an der Rialto-Br\u00fccke am Canal Grande.  Eine zauberhafte Lage, an der man den Zauber genie\u00dfen kann, den nur eine Ferienwohnung in Venedig bieten kann. Die im modernen Stil ausgestatteten Studios werden durch luxuri\u00f6se Details bereichert und bieten eine warme und entspannte Atmosph\u00e4re, die ideal f\u00fcr einen romantischen Aufenthalt in Venedig ist.\" \/>\n<meta property=\"og:url\" content=\"https:\/\/www.rialtohotel.com\/de\/rialto-studios\/\" \/>\n<meta property=\"og:site_name\" content=\"Hotel Rialto\" \/>\n<meta property=\"article:modified_time\" content=\"2026-02-20T22:18:30+00:00\" \/>\n<meta name=\"twitter:card\" content=\"summary_large_image\" \/>\n<meta name=\"twitter:label1\" content=\"Est. reading time\" \/>\n\t<meta name=\"twitter:data1\" content=\"1\u00a0Minute\" \/>\n<script type=\"application\/ld+json\" class=\"yoast-schema-graph\">{\"@context\":\"https:\/\/schema.org\",\"@graph\":[{\"@type\":\"WebPage\",\"@id\":\"https:\/\/www.rialtohotel.com\/de\/rialto-studios\/\",\"url\":\"https:\/\/www.rialtohotel.com\/de\/rialto-studios\/\",\"name\":\"Rialto Studios - Hotel Rialto -\",\"isPartOf\":{\"@id\":\"https:\/\/www.rialtohotel.com\/de\/#website\"},\"datePublished\":\"2026-02-04T09:43:39+00:00\",\"dateModified\":\"2026-02-20T22:18:30+00:00\",\"description\":\"Rialto Luxury Studios bietet Ferienwohnungen in Venedig mit luxuri\u00f6ser Ausstattung und spektakul\u00e4rer Aussicht auf die Rialto-Br\u00fccke. Unsere Luxus-Apartments sind ideal f\u00fcr einen romantischen Aufenthalt in Venedig geeignet. Sie befinden sich im obersten Stockwerk eines Adelspalastes direkt an der Rialto-Br\u00fccke am Canal Grande. Eine zauberhafte Lage, an der man den Zauber genie\u00dfen kann, den nur eine Ferienwohnung in Venedig bieten kann. Die im modernen Stil ausgestatteten Studios werden durch luxuri\u00f6se Details bereichert und bieten eine warme und entspannte Atmosph\u00e4re, die ideal f\u00fcr einen romantischen Aufenthalt in Venedig ist.\",\"breadcrumb\":{\"@id\":\"https:\/\/www.rialtohotel.com\/de\/rialto-studios\/#breadcrumb\"},\"inLanguage\":\"de\",\"potentialAction\":[{\"@type\":\"ReadAction\",\"target\":[\"https:\/\/www.rialtohotel.com\/de\/rialto-studios\/\"]}]},{\"@type\":\"BreadcrumbList\",\"@id\":\"https:\/\/www.rialtohotel.com\/de\/rialto-studios\/#breadcrumb\",\"itemListElement\":[{\"@type\":\"ListItem\",\"position\":1,\"name\":\"Home\",\"item\":\"https:\/\/www.rialtohotel.com\/de\/\"},{\"@type\":\"ListItem\",\"position\":2,\"name\":\"Rialto Studios\"}]},{\"@type\":\"WebSite\",\"@id\":\"https:\/\/www.rialtohotel.com\/de\/#website\",\"url\":\"https:\/\/www.rialtohotel.com\/de\/\",\"name\":\"Hotel Rialto\",\"description\":\"\",\"publisher\":{\"@id\":\"https:\/\/www.rialtohotel.com\/de\/#organization\"},\"potentialAction\":[{\"@type\":\"SearchAction\",\"target\":{\"@type\":\"EntryPoint\",\"urlTemplate\":\"https:\/\/www.rialtohotel.com\/de\/?s={search_term_string}\"},\"query-input\":{\"@type\":\"PropertyValueSpecification\",\"valueRequired\":true,\"valueName\":\"search_term_string\"}}],\"inLanguage\":\"de\"},{\"@type\":\"Organization\",\"@id\":\"https:\/\/www.rialtohotel.com\/de\/#organization\",\"name\":\"Hotel Rialto\",\"url\":\"https:\/\/www.rialtohotel.com\/de\/\",\"logo\":{\"@type\":\"ImageObject\",\"inLanguage\":\"de\",\"@id\":\"https:\/\/www.rialtohotel.com\/de\/#\/schema\/logo\/image\/\",\"url\":\"https:\/\/www.rialtohotel.com\/wp-content\/uploads\/sites\/47\/2026\/01\/hotel_rialto_logo_c.svg\",\"contentUrl\":\"https:\/\/www.rialtohotel.com\/wp-content\/uploads\/sites\/47\/2026\/01\/hotel_rialto_logo_c.svg\",\"width\":511,\"height\":193,\"caption\":\"Hotel Rialto\"},\"image\":{\"@id\":\"https:\/\/www.rialtohotel.com\/de\/#\/schema\/logo\/image\/\"}}]}<\/script>\n<!-- \/ Yoast SEO plugin. -->","yoast_head_json":{"title":"Rialto Studios - Hotel Rialto -","description":"Rialto Luxury Studios bietet Ferienwohnungen in Venedig mit luxuri\u00f6ser Ausstattung und spektakul\u00e4rer Aussicht auf die Rialto-Br\u00fccke. Unsere Luxus-Apartments sind ideal f\u00fcr einen romantischen Aufenthalt in Venedig geeignet. Sie befinden sich im obersten Stockwerk eines Adelspalastes direkt an der Rialto-Br\u00fccke am Canal Grande.  Eine zauberhafte Lage, an der man den Zauber genie\u00dfen kann, den nur eine Ferienwohnung in Venedig bieten kann. Die im modernen Stil ausgestatteten Studios werden durch luxuri\u00f6se Details bereichert und bieten eine warme und entspannte Atmosph\u00e4re, die ideal f\u00fcr einen romantischen Aufenthalt in Venedig ist.","robots":{"index":"index","follow":"follow","max-snippet":"max-snippet:-1","max-image-preview":"max-image-preview:large","max-video-preview":"max-video-preview:-1"},"canonical":"https:\/\/www.rialtohotel.com\/de\/rialto-studios\/","og_locale":"de_DE","og_type":"article","og_title":"Rialto Studios - Hotel Rialto -","og_description":"Rialto Luxury Studios bietet Ferienwohnungen in Venedig mit luxuri\u00f6ser Ausstattung und spektakul\u00e4rer Aussicht auf die Rialto-Br\u00fccke. Unsere Luxus-Apartments sind ideal f\u00fcr einen romantischen Aufenthalt in Venedig geeignet. Sie befinden sich im obersten Stockwerk eines Adelspalastes direkt an der Rialto-Br\u00fccke am Canal Grande.  Eine zauberhafte Lage, an der man den Zauber genie\u00dfen kann, den nur eine Ferienwohnung in Venedig bieten kann. Die im modernen Stil ausgestatteten Studios werden durch luxuri\u00f6se Details bereichert und bieten eine warme und entspannte Atmosph\u00e4re, die ideal f\u00fcr einen romantischen Aufenthalt in Venedig ist.","og_url":"https:\/\/www.rialtohotel.com\/de\/rialto-studios\/","og_site_name":"Hotel Rialto","article_modified_time":"2026-02-20T22:18:30+00:00","twitter_card":"summary_large_image","twitter_misc":{"Est. reading time":"1\u00a0Minute"},"schema":{"@context":"https:\/\/schema.org","@graph":[{"@type":"WebPage","@id":"https:\/\/www.rialtohotel.com\/de\/rialto-studios\/","url":"https:\/\/www.rialtohotel.com\/de\/rialto-studios\/","name":"Rialto Studios - Hotel Rialto -","isPartOf":{"@id":"https:\/\/www.rialtohotel.com\/de\/#website"},"datePublished":"2026-02-04T09:43:39+00:00","dateModified":"2026-02-20T22:18:30+00:00","description":"Rialto Luxury Studios bietet Ferienwohnungen in Venedig mit luxuri\u00f6ser Ausstattung und spektakul\u00e4rer Aussicht auf die Rialto-Br\u00fccke. Unsere Luxus-Apartments sind ideal f\u00fcr einen romantischen Aufenthalt in Venedig geeignet. Sie befinden sich im obersten Stockwerk eines Adelspalastes direkt an der Rialto-Br\u00fccke am Canal Grande. Eine zauberhafte Lage, an der man den Zauber genie\u00dfen kann, den nur eine Ferienwohnung in Venedig bieten kann. Die im modernen Stil ausgestatteten Studios werden durch luxuri\u00f6se Details bereichert und bieten eine warme und entspannte Atmosph\u00e4re, die ideal f\u00fcr einen romantischen Aufenthalt in Venedig ist.","breadcrumb":{"@id":"https:\/\/www.rialtohotel.com\/de\/rialto-studios\/#breadcrumb"},"inLanguage":"de","potentialAction":[{"@type":"ReadAction","target":["https:\/\/www.rialtohotel.com\/de\/rialto-studios\/"]}]},{"@type":"BreadcrumbList","@id":"https:\/\/www.rialtohotel.com\/de\/rialto-studios\/#breadcrumb","itemListElement":[{"@type":"ListItem","position":1,"name":"Home","item":"https:\/\/www.rialtohotel.com\/de\/"},{"@type":"ListItem","position":2,"name":"Rialto Studios"}]},{"@type":"WebSite","@id":"https:\/\/www.rialtohotel.com\/de\/#website","url":"https:\/\/www.rialtohotel.com\/de\/","name":"Hotel Rialto","description":"","publisher":{"@id":"https:\/\/www.rialtohotel.com\/de\/#organization"},"potentialAction":[{"@type":"SearchAction","target":{"@type":"EntryPoint","urlTemplate":"https:\/\/www.rialtohotel.com\/de\/?s={search_term_string}"},"query-input":{"@type":"PropertyValueSpecification","valueRequired":true,"valueName":"search_term_string"}}],"inLanguage":"de"},{"@type":"Organization","@id":"https:\/\/www.rialtohotel.com\/de\/#organization","name":"Hotel Rialto","url":"https:\/\/www.rialtohotel.com\/de\/","logo":{"@type":"ImageObject","inLanguage":"de","@id":"https:\/\/www.rialtohotel.com\/de\/#\/schema\/logo\/image\/","url":"https:\/\/www.rialtohotel.com\/wp-content\/uploads\/sites\/47\/2026\/01\/hotel_rialto_logo_c.svg","contentUrl":"https:\/\/www.rialtohotel.com\/wp-content\/uploads\/sites\/47\/2026\/01\/hotel_rialto_logo_c.svg","width":511,"height":193,"caption":"Hotel Rialto"},"image":{"@id":"https:\/\/www.rialtohotel.com\/de\/#\/schema\/logo\/image\/"}}]}},"acf":[],"_links":{"self":[{"href":"https:\/\/www.rialtohotel.com\/de\/wp-json\/wp\/v2\/pages\/341","targetHints":{"allow":["GET"]}}],"collection":[{"href":"https:\/\/www.rialtohotel.com\/de\/wp-json\/wp\/v2\/pages"}],"about":[{"href":"https:\/\/www.rialtohotel.com\/de\/wp-json\/wp\/v2\/types\/page"}],"author":[{"embeddable":true,"href":"https:\/\/www.rialtohotel.com\/de\/wp-json\/wp\/v2\/users\/6"}],"replies":[{"embeddable":true,"href":"https:\/\/www.rialtohotel.com\/de\/wp-json\/wp\/v2\/comments?post=341"}],"version-history":[{"count":0,"href":"https:\/\/www.rialtohotel.com\/de\/wp-json\/wp\/v2\/pages\/341\/revisions"}],"wp:attachment":[{"href":"https:\/\/www.rialtohotel.com\/de\/wp-json\/wp\/v2\/media?parent=341"}],"curies":[{"name":"wp","href":"https:\/\/api.w.org\/{rel}","templated":true}]}}