{"id":326,"date":"2026-01-19T16:00:00","date_gmt":"2026-01-19T16:00:00","guid":{"rendered":"https:\/\/rialtohotel.ms3.decms.eu\/?page_id=326"},"modified":"2026-02-20T22:13:04","modified_gmt":"2026-02-20T22:13:04","slug":"ca-rialto-house","status":"publish","type":"page","link":"https:\/\/www.rialtohotel.com\/de\/ca-rialto-house\/","title":{"rendered":"C\u00e0 Rialto House"},"content":{"rendered":"<p>Neben dem Hotel Rialto, aber mit einem eigenen Eingang, bietet das <strong>Ca\u2019 Rialto Housewundersch\u00f6ne Ferienzimmer Venedig im Stil des achtzehnten Jahrhunderts<\/strong>.<\/p>\n<p><b> Jahrhunderts<\/b> zu bieten hat. In einem charmanten und entspannten Ambiente, das mit viel Sorgfalt f\u00fcr Details eingerichtet wurde, sp\u00fcrt man die Atmosph\u00e4re des urspr\u00fcnglichen\u00a0<b>Venedig<\/b>\u00a0in einem unvergesslich\u00a0<b>romantischen Urlaub<\/b>.<br \/>\nDie mit s\u00e4mtlichem <b>moderndernen Komfort<\/b> eingerichteten gro\u00dfen Zimmer mit hohen Decken sind als Einzel-, Doppel- und Dreibettzimmer verf\u00fcgbar.<\/p>\n<p>Sie befinden sich nur wenige Meter von der wundersch\u00f6nen Rialtobr\u00fccke und dem Canal Grande entfernt, in einer der faszinierndsten Gegenden\u00a0<b>Venedigs<\/b> und sind ideal gelegen, um die wichtigsten Attraktionen der Stadt zu erreichen. Alle Zimmer sind mit Badewanne oder Dusche, <b>Klimaanlage<\/b>, Direktwahltelefon, <b>Satellitenfernsehen<\/b>, Minibar und Haartrockner ausgestattet. Die Zimmer befinden sich auf der 1. Etage. Es ist kein Aufzug vorhanden.<\/p>\n","protected":false},"excerpt":{"rendered":"<p>Neben dem Hotel Rialto, aber mit einem eigenen Eingang, bietet das Ca\u2019 Rialto Housewundersch\u00f6ne Ferienzimmer Venedig im Stil des achtzehnten Jahrhunderts. Jahrhunderts zu bieten hat. In einem charmanten und entspannten Ambiente, das mit viel Sorgfalt f\u00fcr Details eingerichtet wurde, sp\u00fcrt man die Atmosph\u00e4re des urspr\u00fcnglichen\u00a0Venedig\u00a0in einem unvergesslich\u00a0romantischen Urlaub. Die mit s\u00e4mtlichem moderndernen Komfort eingerichteten gro\u00dfen [&hellip;]<\/p>\n","protected":false},"author":6,"featured_media":0,"parent":0,"menu_order":30,"comment_status":"closed","ping_status":"closed","template":"template-rooms.php","meta":{"footnotes":""},"class_list":["post-326","page","type-page","status-publish","hentry"],"yoast_head":"<!-- This site is optimized with the Yoast SEO plugin v26.9 - https:\/\/yoast.com\/product\/yoast-seo-wordpress\/ -->\n<title>C\u00e0 Rialto House - Hotel Rialto -<\/title>\n<meta name=\"description\" content=\"Neben dem Hotel Rialto, aber mit einem eigenen Eingang, bietet das Ca\u2019 Rialto Housewundersch\u00f6ne Ferienzimmer Venedig im Stil des achtzehnten Jahrhunderts.   Jahrhunderts zu bieten hat. In einem charmanten und entspannten Ambiente, das mit viel Sorgfalt f\u00fcr Details eingerichtet wurde, sp\u00fcrt man die Atmosph\u00e4re des urspr\u00fcnglichen\u00a0Venedig\u00a0in einem unvergesslich\u00a0romantischen Urlaub. Die mit s\u00e4mtlichem moderndernen Komfort eingerichteten gro\u00dfen Zimmer mit hohen Decken sind als Einzel-, Doppel- und Dreibettzimmer verf\u00fcgbar.  Sie befinden sich nur wenige Meter von der wundersch\u00f6nen Rialtobr\u00fccke und dem Canal Grande entfernt, in einer der faszinierndsten Gegenden\u00a0Venedigs und sind ideal gelegen, um die wichtigsten Attraktionen der Stadt zu erreichen\" \/>\n<meta name=\"robots\" content=\"index, follow, max-snippet:-1, max-image-preview:large, max-video-preview:-1\" \/>\n<link rel=\"canonical\" href=\"https:\/\/www.rialtohotel.com\/de\/ca-rialto-house\/\" \/>\n<meta property=\"og:locale\" content=\"de_DE\" \/>\n<meta property=\"og:type\" content=\"article\" \/>\n<meta property=\"og:title\" content=\"C\u00e0 Rialto House - Hotel Rialto -\" \/>\n<meta property=\"og:description\" content=\"Neben dem Hotel Rialto, aber mit einem eigenen Eingang, bietet das Ca\u2019 Rialto Housewundersch\u00f6ne Ferienzimmer Venedig im Stil des achtzehnten Jahrhunderts.   Jahrhunderts zu bieten hat. In einem charmanten und entspannten Ambiente, das mit viel Sorgfalt f\u00fcr Details eingerichtet wurde, sp\u00fcrt man die Atmosph\u00e4re des urspr\u00fcnglichen\u00a0Venedig\u00a0in einem unvergesslich\u00a0romantischen Urlaub. Die mit s\u00e4mtlichem moderndernen Komfort eingerichteten gro\u00dfen Zimmer mit hohen Decken sind als Einzel-, Doppel- und Dreibettzimmer verf\u00fcgbar.  Sie befinden sich nur wenige Meter von der wundersch\u00f6nen Rialtobr\u00fccke und dem Canal Grande entfernt, in einer der faszinierndsten Gegenden\u00a0Venedigs und sind ideal gelegen, um die wichtigsten Attraktionen der Stadt zu erreichen\" \/>\n<meta property=\"og:url\" content=\"https:\/\/www.rialtohotel.com\/de\/ca-rialto-house\/\" \/>\n<meta property=\"og:site_name\" content=\"Hotel Rialto\" \/>\n<meta property=\"article:modified_time\" content=\"2026-02-20T22:13:04+00:00\" \/>\n<meta name=\"twitter:card\" content=\"summary_large_image\" \/>\n<meta name=\"twitter:label1\" content=\"Est. reading time\" \/>\n\t<meta name=\"twitter:data1\" content=\"1\u00a0Minute\" \/>\n<script type=\"application\/ld+json\" class=\"yoast-schema-graph\">{\"@context\":\"https:\/\/schema.org\",\"@graph\":[{\"@type\":\"WebPage\",\"@id\":\"https:\/\/www.rialtohotel.com\/de\/ca-rialto-house\/\",\"url\":\"https:\/\/www.rialtohotel.com\/de\/ca-rialto-house\/\",\"name\":\"C\u00e0 Rialto House - Hotel Rialto -\",\"isPartOf\":{\"@id\":\"https:\/\/www.rialtohotel.com\/de\/#website\"},\"datePublished\":\"2026-01-19T16:00:00+00:00\",\"dateModified\":\"2026-02-20T22:13:04+00:00\",\"description\":\"Neben dem Hotel Rialto, aber mit einem eigenen Eingang, bietet das Ca\u2019 Rialto Housewundersch\u00f6ne Ferienzimmer Venedig im Stil des achtzehnten Jahrhunderts. Jahrhunderts zu bieten hat. In einem charmanten und entspannten Ambiente, das mit viel Sorgfalt f\u00fcr Details eingerichtet wurde, sp\u00fcrt man die Atmosph\u00e4re des urspr\u00fcnglichen\u00a0Venedig\u00a0in einem unvergesslich\u00a0romantischen Urlaub. Die mit s\u00e4mtlichem moderndernen Komfort eingerichteten gro\u00dfen Zimmer mit hohen Decken sind als Einzel-, Doppel- und Dreibettzimmer verf\u00fcgbar. Sie befinden sich nur wenige Meter von der wundersch\u00f6nen Rialtobr\u00fccke und dem Canal Grande entfernt, in einer der faszinierndsten Gegenden\u00a0Venedigs und sind ideal gelegen, um die wichtigsten Attraktionen der Stadt zu erreichen\",\"breadcrumb\":{\"@id\":\"https:\/\/www.rialtohotel.com\/de\/ca-rialto-house\/#breadcrumb\"},\"inLanguage\":\"de\",\"potentialAction\":[{\"@type\":\"ReadAction\",\"target\":[\"https:\/\/www.rialtohotel.com\/de\/ca-rialto-house\/\"]}]},{\"@type\":\"BreadcrumbList\",\"@id\":\"https:\/\/www.rialtohotel.com\/de\/ca-rialto-house\/#breadcrumb\",\"itemListElement\":[{\"@type\":\"ListItem\",\"position\":1,\"name\":\"Home\",\"item\":\"https:\/\/www.rialtohotel.com\/de\/\"},{\"@type\":\"ListItem\",\"position\":2,\"name\":\"C\u00e0 Rialto House\"}]},{\"@type\":\"WebSite\",\"@id\":\"https:\/\/www.rialtohotel.com\/de\/#website\",\"url\":\"https:\/\/www.rialtohotel.com\/de\/\",\"name\":\"Hotel Rialto\",\"description\":\"\",\"publisher\":{\"@id\":\"https:\/\/www.rialtohotel.com\/de\/#organization\"},\"potentialAction\":[{\"@type\":\"SearchAction\",\"target\":{\"@type\":\"EntryPoint\",\"urlTemplate\":\"https:\/\/www.rialtohotel.com\/de\/?s={search_term_string}\"},\"query-input\":{\"@type\":\"PropertyValueSpecification\",\"valueRequired\":true,\"valueName\":\"search_term_string\"}}],\"inLanguage\":\"de\"},{\"@type\":\"Organization\",\"@id\":\"https:\/\/www.rialtohotel.com\/de\/#organization\",\"name\":\"Hotel Rialto\",\"url\":\"https:\/\/www.rialtohotel.com\/de\/\",\"logo\":{\"@type\":\"ImageObject\",\"inLanguage\":\"de\",\"@id\":\"https:\/\/www.rialtohotel.com\/de\/#\/schema\/logo\/image\/\",\"url\":\"https:\/\/www.rialtohotel.com\/wp-content\/uploads\/sites\/47\/2026\/01\/hotel_rialto_logo_c.svg\",\"contentUrl\":\"https:\/\/www.rialtohotel.com\/wp-content\/uploads\/sites\/47\/2026\/01\/hotel_rialto_logo_c.svg\",\"width\":511,\"height\":193,\"caption\":\"Hotel Rialto\"},\"image\":{\"@id\":\"https:\/\/www.rialtohotel.com\/de\/#\/schema\/logo\/image\/\"}}]}<\/script>\n<!-- \/ Yoast SEO plugin. -->","yoast_head_json":{"title":"C\u00e0 Rialto House - Hotel Rialto -","description":"Neben dem Hotel Rialto, aber mit einem eigenen Eingang, bietet das Ca\u2019 Rialto Housewundersch\u00f6ne Ferienzimmer Venedig im Stil des achtzehnten Jahrhunderts.   Jahrhunderts zu bieten hat. In einem charmanten und entspannten Ambiente, das mit viel Sorgfalt f\u00fcr Details eingerichtet wurde, sp\u00fcrt man die Atmosph\u00e4re des urspr\u00fcnglichen\u00a0Venedig\u00a0in einem unvergesslich\u00a0romantischen Urlaub. Die mit s\u00e4mtlichem moderndernen Komfort eingerichteten gro\u00dfen Zimmer mit hohen Decken sind als Einzel-, Doppel- und Dreibettzimmer verf\u00fcgbar.  Sie befinden sich nur wenige Meter von der wundersch\u00f6nen Rialtobr\u00fccke und dem Canal Grande entfernt, in einer der faszinierndsten Gegenden\u00a0Venedigs und sind ideal gelegen, um die wichtigsten Attraktionen der Stadt zu erreichen","robots":{"index":"index","follow":"follow","max-snippet":"max-snippet:-1","max-image-preview":"max-image-preview:large","max-video-preview":"max-video-preview:-1"},"canonical":"https:\/\/www.rialtohotel.com\/de\/ca-rialto-house\/","og_locale":"de_DE","og_type":"article","og_title":"C\u00e0 Rialto House - Hotel Rialto -","og_description":"Neben dem Hotel Rialto, aber mit einem eigenen Eingang, bietet das Ca\u2019 Rialto Housewundersch\u00f6ne Ferienzimmer Venedig im Stil des achtzehnten Jahrhunderts.   Jahrhunderts zu bieten hat. In einem charmanten und entspannten Ambiente, das mit viel Sorgfalt f\u00fcr Details eingerichtet wurde, sp\u00fcrt man die Atmosph\u00e4re des urspr\u00fcnglichen\u00a0Venedig\u00a0in einem unvergesslich\u00a0romantischen Urlaub. Die mit s\u00e4mtlichem moderndernen Komfort eingerichteten gro\u00dfen Zimmer mit hohen Decken sind als Einzel-, Doppel- und Dreibettzimmer verf\u00fcgbar.  Sie befinden sich nur wenige Meter von der wundersch\u00f6nen Rialtobr\u00fccke und dem Canal Grande entfernt, in einer der faszinierndsten Gegenden\u00a0Venedigs und sind ideal gelegen, um die wichtigsten Attraktionen der Stadt zu erreichen","og_url":"https:\/\/www.rialtohotel.com\/de\/ca-rialto-house\/","og_site_name":"Hotel Rialto","article_modified_time":"2026-02-20T22:13:04+00:00","twitter_card":"summary_large_image","twitter_misc":{"Est. reading time":"1\u00a0Minute"},"schema":{"@context":"https:\/\/schema.org","@graph":[{"@type":"WebPage","@id":"https:\/\/www.rialtohotel.com\/de\/ca-rialto-house\/","url":"https:\/\/www.rialtohotel.com\/de\/ca-rialto-house\/","name":"C\u00e0 Rialto House - Hotel Rialto -","isPartOf":{"@id":"https:\/\/www.rialtohotel.com\/de\/#website"},"datePublished":"2026-01-19T16:00:00+00:00","dateModified":"2026-02-20T22:13:04+00:00","description":"Neben dem Hotel Rialto, aber mit einem eigenen Eingang, bietet das Ca\u2019 Rialto Housewundersch\u00f6ne Ferienzimmer Venedig im Stil des achtzehnten Jahrhunderts. Jahrhunderts zu bieten hat. In einem charmanten und entspannten Ambiente, das mit viel Sorgfalt f\u00fcr Details eingerichtet wurde, sp\u00fcrt man die Atmosph\u00e4re des urspr\u00fcnglichen\u00a0Venedig\u00a0in einem unvergesslich\u00a0romantischen Urlaub. Die mit s\u00e4mtlichem moderndernen Komfort eingerichteten gro\u00dfen Zimmer mit hohen Decken sind als Einzel-, Doppel- und Dreibettzimmer verf\u00fcgbar. Sie befinden sich nur wenige Meter von der wundersch\u00f6nen Rialtobr\u00fccke und dem Canal Grande entfernt, in einer der faszinierndsten Gegenden\u00a0Venedigs und sind ideal gelegen, um die wichtigsten Attraktionen der Stadt zu erreichen","breadcrumb":{"@id":"https:\/\/www.rialtohotel.com\/de\/ca-rialto-house\/#breadcrumb"},"inLanguage":"de","potentialAction":[{"@type":"ReadAction","target":["https:\/\/www.rialtohotel.com\/de\/ca-rialto-house\/"]}]},{"@type":"BreadcrumbList","@id":"https:\/\/www.rialtohotel.com\/de\/ca-rialto-house\/#breadcrumb","itemListElement":[{"@type":"ListItem","position":1,"name":"Home","item":"https:\/\/www.rialtohotel.com\/de\/"},{"@type":"ListItem","position":2,"name":"C\u00e0 Rialto House"}]},{"@type":"WebSite","@id":"https:\/\/www.rialtohotel.com\/de\/#website","url":"https:\/\/www.rialtohotel.com\/de\/","name":"Hotel Rialto","description":"","publisher":{"@id":"https:\/\/www.rialtohotel.com\/de\/#organization"},"potentialAction":[{"@type":"SearchAction","target":{"@type":"EntryPoint","urlTemplate":"https:\/\/www.rialtohotel.com\/de\/?s={search_term_string}"},"query-input":{"@type":"PropertyValueSpecification","valueRequired":true,"valueName":"search_term_string"}}],"inLanguage":"de"},{"@type":"Organization","@id":"https:\/\/www.rialtohotel.com\/de\/#organization","name":"Hotel Rialto","url":"https:\/\/www.rialtohotel.com\/de\/","logo":{"@type":"ImageObject","inLanguage":"de","@id":"https:\/\/www.rialtohotel.com\/de\/#\/schema\/logo\/image\/","url":"https:\/\/www.rialtohotel.com\/wp-content\/uploads\/sites\/47\/2026\/01\/hotel_rialto_logo_c.svg","contentUrl":"https:\/\/www.rialtohotel.com\/wp-content\/uploads\/sites\/47\/2026\/01\/hotel_rialto_logo_c.svg","width":511,"height":193,"caption":"Hotel Rialto"},"image":{"@id":"https:\/\/www.rialtohotel.com\/de\/#\/schema\/logo\/image\/"}}]}},"acf":[],"_links":{"self":[{"href":"https:\/\/www.rialtohotel.com\/de\/wp-json\/wp\/v2\/pages\/326","targetHints":{"allow":["GET"]}}],"collection":[{"href":"https:\/\/www.rialtohotel.com\/de\/wp-json\/wp\/v2\/pages"}],"about":[{"href":"https:\/\/www.rialtohotel.com\/de\/wp-json\/wp\/v2\/types\/page"}],"author":[{"embeddable":true,"href":"https:\/\/www.rialtohotel.com\/de\/wp-json\/wp\/v2\/users\/6"}],"replies":[{"embeddable":true,"href":"https:\/\/www.rialtohotel.com\/de\/wp-json\/wp\/v2\/comments?post=326"}],"version-history":[{"count":0,"href":"https:\/\/www.rialtohotel.com\/de\/wp-json\/wp\/v2\/pages\/326\/revisions"}],"wp:attachment":[{"href":"https:\/\/www.rialtohotel.com\/de\/wp-json\/wp\/v2\/media?parent=326"}],"curies":[{"name":"wp","href":"https:\/\/api.w.org\/{rel}","templated":true}]}}