{"id":274,"date":"2026-01-19T15:59:46","date_gmt":"2026-01-19T15:59:46","guid":{"rendered":"https:\/\/rialtohotel.ms3.decms.eu\/?page_id=274"},"modified":"2026-02-20T22:11:12","modified_gmt":"2026-02-20T22:11:12","slug":"hotel-rialto","status":"publish","type":"page","link":"https:\/\/www.rialtohotel.com\/de\/hotel-rialto\/","title":{"rendered":"Hotel Rialto"},"content":{"rendered":"<p>Im\u00a0<strong>Hotel Rialto<\/strong> durften moderner Komfort und Leistungen f\u00fcr das beste <strong>4 Stern Hotel in Venedig <\/strong>nicht fehlen, wie zum Beispiel in den Gemeinschaftsr\u00e4umen:\u00a0<b>Internet Point<\/b>, Safe, <b>Aufzug<\/b>, um bequem die h\u00f6heren Stockwerke und die <b>Panorama-Terrasse<\/b>zu erreichen. Au\u00dferdem steht den G\u00e4sten ein Concierge- Service, Gep\u00e4ckservice und Baby Sitting (auf Anfrage) zur Verf\u00fcgung, weiterhin <b>Portier 24 Std<\/b>, vielsprachiges Personal, W\u00e4schereidienst, Zimmerservice. Die Bar wird von einer anderen Firma gef\u00fchrt.<\/p>\n<p>Von April bis Oktober wird das <strong>Fr\u00fchst\u00fcck auf der Terrasse im Erdgeschoss serviert<\/strong>, um den au\u00dfergew\u00f6hnlichen Blick auf die Rialtobr\u00fccke zu genie\u00dfen. S\u00e4mtliche <b>Zimmer<\/b> verf\u00fcgen \u00fcber Badewanne oder Dusche, Klimaanlage, Direkttelefon, Satelliten &#8211; TV, Minibar und Haartrockner. Gleich vor dem Hotel liegen au\u00dferdem Anlegestellen f\u00fcr Gondeln, Wassertaxi und die Dampfboote ACTV 1 und 2.<\/p>\n","protected":false},"excerpt":{"rendered":"<p>Im\u00a0Hotel Rialto durften moderner Komfort und Leistungen f\u00fcr das beste 4 Stern Hotel in Venedig nicht fehlen, wie zum Beispiel in den Gemeinschaftsr\u00e4umen:\u00a0Internet Point, Safe, Aufzug, um bequem die h\u00f6heren Stockwerke und die Panorama-Terrassezu erreichen. Au\u00dferdem steht den G\u00e4sten ein Concierge- Service, Gep\u00e4ckservice und Baby Sitting (auf Anfrage) zur Verf\u00fcgung, weiterhin Portier 24 Std, vielsprachiges [&hellip;]<\/p>\n","protected":false},"author":6,"featured_media":0,"parent":0,"menu_order":20,"comment_status":"closed","ping_status":"closed","template":"template-rooms.php","meta":{"footnotes":""},"class_list":["post-274","page","type-page","status-publish","hentry"],"yoast_head":"<!-- This site is optimized with the Yoast SEO plugin v26.9 - https:\/\/yoast.com\/product\/yoast-seo-wordpress\/ -->\n<title>Hotel Rialto - Hotel Rialto -<\/title>\n<meta name=\"description\" content=\"Im\u00a0Hotel Rialto durften moderner Komfort und Leistungen f\u00fcr das beste 4 Stern Hotel in Venedig nicht fehlen, wie zum Beispiel in den Gemeinschaftsr\u00e4umen:\u00a0Internet Point, Safe, Aufzug, um bequem die h\u00f6heren Stockwerke und die Panorama-Terrassezu erreichen. Au\u00dferdem steht den G\u00e4sten ein Concierge- Service, Gep\u00e4ckservice und Baby Sitting (auf Anfrage) zur Verf\u00fcgung, weiterhin Portier 24 Std, vielsprachiges Personal, W\u00e4schereidienst, Zimmerservice\" \/>\n<meta name=\"robots\" content=\"index, follow, max-snippet:-1, max-image-preview:large, max-video-preview:-1\" \/>\n<link rel=\"canonical\" href=\"https:\/\/www.rialtohotel.com\/de\/hotel-rialto\/\" \/>\n<meta property=\"og:locale\" content=\"de_DE\" \/>\n<meta property=\"og:type\" content=\"article\" \/>\n<meta property=\"og:title\" content=\"Hotel Rialto - Hotel Rialto -\" \/>\n<meta property=\"og:description\" content=\"Im\u00a0Hotel Rialto durften moderner Komfort und Leistungen f\u00fcr das beste 4 Stern Hotel in Venedig nicht fehlen, wie zum Beispiel in den Gemeinschaftsr\u00e4umen:\u00a0Internet Point, Safe, Aufzug, um bequem die h\u00f6heren Stockwerke und die Panorama-Terrassezu erreichen. Au\u00dferdem steht den G\u00e4sten ein Concierge- Service, Gep\u00e4ckservice und Baby Sitting (auf Anfrage) zur Verf\u00fcgung, weiterhin Portier 24 Std, vielsprachiges Personal, W\u00e4schereidienst, Zimmerservice\" \/>\n<meta property=\"og:url\" content=\"https:\/\/www.rialtohotel.com\/de\/hotel-rialto\/\" \/>\n<meta property=\"og:site_name\" content=\"Hotel Rialto\" \/>\n<meta property=\"article:modified_time\" content=\"2026-02-20T22:11:12+00:00\" \/>\n<meta name=\"twitter:card\" content=\"summary_large_image\" \/>\n<meta name=\"twitter:label1\" content=\"Est. reading time\" \/>\n\t<meta name=\"twitter:data1\" content=\"1\u00a0Minute\" \/>\n<script type=\"application\/ld+json\" class=\"yoast-schema-graph\">{\"@context\":\"https:\/\/schema.org\",\"@graph\":[{\"@type\":\"WebPage\",\"@id\":\"https:\/\/www.rialtohotel.com\/de\/hotel-rialto\/\",\"url\":\"https:\/\/www.rialtohotel.com\/de\/hotel-rialto\/\",\"name\":\"Hotel Rialto - Hotel Rialto -\",\"isPartOf\":{\"@id\":\"https:\/\/www.rialtohotel.com\/de\/#website\"},\"datePublished\":\"2026-01-19T15:59:46+00:00\",\"dateModified\":\"2026-02-20T22:11:12+00:00\",\"description\":\"Im\u00a0Hotel Rialto durften moderner Komfort und Leistungen f\u00fcr das beste 4 Stern Hotel in Venedig nicht fehlen, wie zum Beispiel in den Gemeinschaftsr\u00e4umen:\u00a0Internet Point, Safe, Aufzug, um bequem die h\u00f6heren Stockwerke und die Panorama-Terrassezu erreichen. Au\u00dferdem steht den G\u00e4sten ein Concierge- Service, Gep\u00e4ckservice und Baby Sitting (auf Anfrage) zur Verf\u00fcgung, weiterhin Portier 24 Std, vielsprachiges Personal, W\u00e4schereidienst, Zimmerservice\",\"breadcrumb\":{\"@id\":\"https:\/\/www.rialtohotel.com\/de\/hotel-rialto\/#breadcrumb\"},\"inLanguage\":\"de\",\"potentialAction\":[{\"@type\":\"ReadAction\",\"target\":[\"https:\/\/www.rialtohotel.com\/de\/hotel-rialto\/\"]}]},{\"@type\":\"BreadcrumbList\",\"@id\":\"https:\/\/www.rialtohotel.com\/de\/hotel-rialto\/#breadcrumb\",\"itemListElement\":[{\"@type\":\"ListItem\",\"position\":1,\"name\":\"Home\",\"item\":\"https:\/\/www.rialtohotel.com\/de\/\"},{\"@type\":\"ListItem\",\"position\":2,\"name\":\"Hotel Rialto\"}]},{\"@type\":\"WebSite\",\"@id\":\"https:\/\/www.rialtohotel.com\/de\/#website\",\"url\":\"https:\/\/www.rialtohotel.com\/de\/\",\"name\":\"Hotel Rialto\",\"description\":\"\",\"publisher\":{\"@id\":\"https:\/\/www.rialtohotel.com\/de\/#organization\"},\"potentialAction\":[{\"@type\":\"SearchAction\",\"target\":{\"@type\":\"EntryPoint\",\"urlTemplate\":\"https:\/\/www.rialtohotel.com\/de\/?s={search_term_string}\"},\"query-input\":{\"@type\":\"PropertyValueSpecification\",\"valueRequired\":true,\"valueName\":\"search_term_string\"}}],\"inLanguage\":\"de\"},{\"@type\":\"Organization\",\"@id\":\"https:\/\/www.rialtohotel.com\/de\/#organization\",\"name\":\"Hotel Rialto\",\"url\":\"https:\/\/www.rialtohotel.com\/de\/\",\"logo\":{\"@type\":\"ImageObject\",\"inLanguage\":\"de\",\"@id\":\"https:\/\/www.rialtohotel.com\/de\/#\/schema\/logo\/image\/\",\"url\":\"https:\/\/www.rialtohotel.com\/wp-content\/uploads\/sites\/47\/2026\/01\/hotel_rialto_logo_c.svg\",\"contentUrl\":\"https:\/\/www.rialtohotel.com\/wp-content\/uploads\/sites\/47\/2026\/01\/hotel_rialto_logo_c.svg\",\"width\":511,\"height\":193,\"caption\":\"Hotel Rialto\"},\"image\":{\"@id\":\"https:\/\/www.rialtohotel.com\/de\/#\/schema\/logo\/image\/\"}}]}<\/script>\n<!-- \/ Yoast SEO plugin. -->","yoast_head_json":{"title":"Hotel Rialto - Hotel Rialto -","description":"Im\u00a0Hotel Rialto durften moderner Komfort und Leistungen f\u00fcr das beste 4 Stern Hotel in Venedig nicht fehlen, wie zum Beispiel in den Gemeinschaftsr\u00e4umen:\u00a0Internet Point, Safe, Aufzug, um bequem die h\u00f6heren Stockwerke und die Panorama-Terrassezu erreichen. Au\u00dferdem steht den G\u00e4sten ein Concierge- Service, Gep\u00e4ckservice und Baby Sitting (auf Anfrage) zur Verf\u00fcgung, weiterhin Portier 24 Std, vielsprachiges Personal, W\u00e4schereidienst, Zimmerservice","robots":{"index":"index","follow":"follow","max-snippet":"max-snippet:-1","max-image-preview":"max-image-preview:large","max-video-preview":"max-video-preview:-1"},"canonical":"https:\/\/www.rialtohotel.com\/de\/hotel-rialto\/","og_locale":"de_DE","og_type":"article","og_title":"Hotel Rialto - Hotel Rialto -","og_description":"Im\u00a0Hotel Rialto durften moderner Komfort und Leistungen f\u00fcr das beste 4 Stern Hotel in Venedig nicht fehlen, wie zum Beispiel in den Gemeinschaftsr\u00e4umen:\u00a0Internet Point, Safe, Aufzug, um bequem die h\u00f6heren Stockwerke und die Panorama-Terrassezu erreichen. Au\u00dferdem steht den G\u00e4sten ein Concierge- Service, Gep\u00e4ckservice und Baby Sitting (auf Anfrage) zur Verf\u00fcgung, weiterhin Portier 24 Std, vielsprachiges Personal, W\u00e4schereidienst, Zimmerservice","og_url":"https:\/\/www.rialtohotel.com\/de\/hotel-rialto\/","og_site_name":"Hotel Rialto","article_modified_time":"2026-02-20T22:11:12+00:00","twitter_card":"summary_large_image","twitter_misc":{"Est. reading time":"1\u00a0Minute"},"schema":{"@context":"https:\/\/schema.org","@graph":[{"@type":"WebPage","@id":"https:\/\/www.rialtohotel.com\/de\/hotel-rialto\/","url":"https:\/\/www.rialtohotel.com\/de\/hotel-rialto\/","name":"Hotel Rialto - Hotel Rialto -","isPartOf":{"@id":"https:\/\/www.rialtohotel.com\/de\/#website"},"datePublished":"2026-01-19T15:59:46+00:00","dateModified":"2026-02-20T22:11:12+00:00","description":"Im\u00a0Hotel Rialto durften moderner Komfort und Leistungen f\u00fcr das beste 4 Stern Hotel in Venedig nicht fehlen, wie zum Beispiel in den Gemeinschaftsr\u00e4umen:\u00a0Internet Point, Safe, Aufzug, um bequem die h\u00f6heren Stockwerke und die Panorama-Terrassezu erreichen. Au\u00dferdem steht den G\u00e4sten ein Concierge- Service, Gep\u00e4ckservice und Baby Sitting (auf Anfrage) zur Verf\u00fcgung, weiterhin Portier 24 Std, vielsprachiges Personal, W\u00e4schereidienst, Zimmerservice","breadcrumb":{"@id":"https:\/\/www.rialtohotel.com\/de\/hotel-rialto\/#breadcrumb"},"inLanguage":"de","potentialAction":[{"@type":"ReadAction","target":["https:\/\/www.rialtohotel.com\/de\/hotel-rialto\/"]}]},{"@type":"BreadcrumbList","@id":"https:\/\/www.rialtohotel.com\/de\/hotel-rialto\/#breadcrumb","itemListElement":[{"@type":"ListItem","position":1,"name":"Home","item":"https:\/\/www.rialtohotel.com\/de\/"},{"@type":"ListItem","position":2,"name":"Hotel Rialto"}]},{"@type":"WebSite","@id":"https:\/\/www.rialtohotel.com\/de\/#website","url":"https:\/\/www.rialtohotel.com\/de\/","name":"Hotel Rialto","description":"","publisher":{"@id":"https:\/\/www.rialtohotel.com\/de\/#organization"},"potentialAction":[{"@type":"SearchAction","target":{"@type":"EntryPoint","urlTemplate":"https:\/\/www.rialtohotel.com\/de\/?s={search_term_string}"},"query-input":{"@type":"PropertyValueSpecification","valueRequired":true,"valueName":"search_term_string"}}],"inLanguage":"de"},{"@type":"Organization","@id":"https:\/\/www.rialtohotel.com\/de\/#organization","name":"Hotel Rialto","url":"https:\/\/www.rialtohotel.com\/de\/","logo":{"@type":"ImageObject","inLanguage":"de","@id":"https:\/\/www.rialtohotel.com\/de\/#\/schema\/logo\/image\/","url":"https:\/\/www.rialtohotel.com\/wp-content\/uploads\/sites\/47\/2026\/01\/hotel_rialto_logo_c.svg","contentUrl":"https:\/\/www.rialtohotel.com\/wp-content\/uploads\/sites\/47\/2026\/01\/hotel_rialto_logo_c.svg","width":511,"height":193,"caption":"Hotel Rialto"},"image":{"@id":"https:\/\/www.rialtohotel.com\/de\/#\/schema\/logo\/image\/"}}]}},"acf":[],"_links":{"self":[{"href":"https:\/\/www.rialtohotel.com\/de\/wp-json\/wp\/v2\/pages\/274","targetHints":{"allow":["GET"]}}],"collection":[{"href":"https:\/\/www.rialtohotel.com\/de\/wp-json\/wp\/v2\/pages"}],"about":[{"href":"https:\/\/www.rialtohotel.com\/de\/wp-json\/wp\/v2\/types\/page"}],"author":[{"embeddable":true,"href":"https:\/\/www.rialtohotel.com\/de\/wp-json\/wp\/v2\/users\/6"}],"replies":[{"embeddable":true,"href":"https:\/\/www.rialtohotel.com\/de\/wp-json\/wp\/v2\/comments?post=274"}],"version-history":[{"count":0,"href":"https:\/\/www.rialtohotel.com\/de\/wp-json\/wp\/v2\/pages\/274\/revisions"}],"wp:attachment":[{"href":"https:\/\/www.rialtohotel.com\/de\/wp-json\/wp\/v2\/media?parent=274"}],"curies":[{"name":"wp","href":"https:\/\/api.w.org\/{rel}","templated":true}]}}