{"id":246,"date":"2026-01-13T14:16:42","date_gmt":"2026-01-13T14:16:42","guid":{"rendered":"https:\/\/rialtohotel.ms3.decms.eu\/?page_id=246"},"modified":"2026-02-24T06:59:17","modified_gmt":"2026-02-24T06:59:17","slug":"rialto-hotel-ca-rialto-house","status":"publish","type":"page","link":"https:\/\/www.rialtohotel.com\/de\/","title":{"rendered":"Rialto Hotel &#038; C\u00e0 Rialto House"},"content":{"rendered":"<p>Endlich in Venedig, endlich in Rialto, wo man den Zauber Venedigs an einem einzigartigen Ort erleben kann.<br \/>\nMitten im Herzen von Venedig, direkt an der Rialto-Br\u00fccke, und eine der sch\u00f6nsten St\u00e4dte der Welt wartet nur darauf, entdeckt zu werden.<br \/>\nRialto Unique Experience freut sich, seinen G\u00e4sten f\u00fcr einen Traumurlaub in Venedig nach Wunsch drei verschiedene Unterbringungen anbieten zu k\u00f6nnen.<\/p>\n","protected":false},"excerpt":{"rendered":"<p>Endlich in Venedig, endlich in Rialto, wo man den Zauber Venedigs an einem einzigartigen Ort erleben kann. Mitten im Herzen von Venedig, direkt an der Rialto-Br\u00fccke, und eine der sch\u00f6nsten St\u00e4dte der Welt wartet nur darauf, entdeckt zu werden. Rialto Unique Experience freut sich, seinen G\u00e4sten f\u00fcr einen Traumurlaub in Venedig nach Wunsch drei verschiedene [&hellip;]<\/p>\n","protected":false},"author":6,"featured_media":0,"parent":0,"menu_order":10,"comment_status":"closed","ping_status":"closed","template":"","meta":{"footnotes":""},"class_list":["post-246","page","type-page","status-publish","hentry"],"yoast_head":"<!-- This site is optimized with the Yoast SEO plugin v26.9 - https:\/\/yoast.com\/product\/yoast-seo-wordpress\/ -->\n<title>Rialto Hotel &amp; C\u00e0 Rialto House - Hotel Rialto -<\/title>\n<meta name=\"description\" content=\"Endlich in Venedig, endlich in Rialto, wo man den Zauber Venedigs an einem einzigartigen Ort erleben kann. Mitten im Herzen von Venedig, direkt an der Rialto-Br\u00fccke, und eine der sch\u00f6nsten St\u00e4dte der Welt wartet nur darauf, entdeckt zu werden. Rialto Unique Experience freut sich, seinen G\u00e4sten f\u00fcr einen Traumurlaub in Venedig nach Wunsch drei verschiedene Unterbringungen anbieten zu k\u00f6nnen..\" \/>\n<meta name=\"robots\" content=\"index, follow, max-snippet:-1, max-image-preview:large, max-video-preview:-1\" \/>\n<link rel=\"canonical\" href=\"https:\/\/www.rialtohotel.com\/de\/\" \/>\n<meta property=\"og:locale\" content=\"de_DE\" \/>\n<meta property=\"og:type\" content=\"article\" \/>\n<meta property=\"og:title\" content=\"Rialto Hotel &amp; C\u00e0 Rialto House - Hotel Rialto -\" \/>\n<meta property=\"og:description\" content=\"Endlich in Venedig, endlich in Rialto, wo man den Zauber Venedigs an einem einzigartigen Ort erleben kann. Mitten im Herzen von Venedig, direkt an der Rialto-Br\u00fccke, und eine der sch\u00f6nsten St\u00e4dte der Welt wartet nur darauf, entdeckt zu werden. Rialto Unique Experience freut sich, seinen G\u00e4sten f\u00fcr einen Traumurlaub in Venedig nach Wunsch drei verschiedene Unterbringungen anbieten zu k\u00f6nnen..\" \/>\n<meta property=\"og:url\" content=\"https:\/\/www.rialtohotel.com\/de\/\" \/>\n<meta property=\"og:site_name\" content=\"Hotel Rialto\" \/>\n<meta property=\"article:modified_time\" content=\"2026-02-24T06:59:17+00:00\" \/>\n<meta name=\"twitter:card\" content=\"summary_large_image\" \/>\n<meta name=\"twitter:label1\" content=\"Est. reading time\" \/>\n\t<meta name=\"twitter:data1\" content=\"1\u00a0Minute\" \/>\n<script type=\"application\/ld+json\" class=\"yoast-schema-graph\">{\"@context\":\"https:\/\/schema.org\",\"@graph\":[{\"@type\":\"WebPage\",\"@id\":\"https:\/\/www.rialtohotel.com\/de\/\",\"url\":\"https:\/\/www.rialtohotel.com\/de\/\",\"name\":\"Rialto Hotel & C\u00e0 Rialto House - Hotel Rialto -\",\"isPartOf\":{\"@id\":\"https:\/\/www.rialtohotel.com\/de\/#website\"},\"datePublished\":\"2026-01-13T14:16:42+00:00\",\"dateModified\":\"2026-02-24T06:59:17+00:00\",\"description\":\"Endlich in Venedig, endlich in Rialto, wo man den Zauber Venedigs an einem einzigartigen Ort erleben kann. Mitten im Herzen von Venedig, direkt an der Rialto-Br\u00fccke, und eine der sch\u00f6nsten St\u00e4dte der Welt wartet nur darauf, entdeckt zu werden. Rialto Unique Experience freut sich, seinen G\u00e4sten f\u00fcr einen Traumurlaub in Venedig nach Wunsch drei verschiedene Unterbringungen anbieten zu k\u00f6nnen..\",\"breadcrumb\":{\"@id\":\"https:\/\/www.rialtohotel.com\/de\/#breadcrumb\"},\"inLanguage\":\"de\",\"potentialAction\":[{\"@type\":\"ReadAction\",\"target\":[\"https:\/\/www.rialtohotel.com\/de\/\"]}]},{\"@type\":\"BreadcrumbList\",\"@id\":\"https:\/\/www.rialtohotel.com\/de\/#breadcrumb\",\"itemListElement\":[{\"@type\":\"ListItem\",\"position\":1,\"name\":\"Home\",\"item\":\"https:\/\/www.rialtohotel.com\/de\/\"},{\"@type\":\"ListItem\",\"position\":2,\"name\":\"Rialto Hotel &#038; C\u00e0 Rialto House\"}]},{\"@type\":\"WebSite\",\"@id\":\"https:\/\/www.rialtohotel.com\/de\/#website\",\"url\":\"https:\/\/www.rialtohotel.com\/de\/\",\"name\":\"Hotel Rialto\",\"description\":\"\",\"publisher\":{\"@id\":\"https:\/\/www.rialtohotel.com\/de\/#organization\"},\"potentialAction\":[{\"@type\":\"SearchAction\",\"target\":{\"@type\":\"EntryPoint\",\"urlTemplate\":\"https:\/\/www.rialtohotel.com\/de\/?s={search_term_string}\"},\"query-input\":{\"@type\":\"PropertyValueSpecification\",\"valueRequired\":true,\"valueName\":\"search_term_string\"}}],\"inLanguage\":\"de\"},{\"@type\":\"Organization\",\"@id\":\"https:\/\/www.rialtohotel.com\/de\/#organization\",\"name\":\"Hotel Rialto\",\"url\":\"https:\/\/www.rialtohotel.com\/de\/\",\"logo\":{\"@type\":\"ImageObject\",\"inLanguage\":\"de\",\"@id\":\"https:\/\/www.rialtohotel.com\/de\/#\/schema\/logo\/image\/\",\"url\":\"https:\/\/www.rialtohotel.com\/wp-content\/uploads\/sites\/47\/2026\/01\/hotel_rialto_logo_c.svg\",\"contentUrl\":\"https:\/\/www.rialtohotel.com\/wp-content\/uploads\/sites\/47\/2026\/01\/hotel_rialto_logo_c.svg\",\"width\":511,\"height\":193,\"caption\":\"Hotel Rialto\"},\"image\":{\"@id\":\"https:\/\/www.rialtohotel.com\/de\/#\/schema\/logo\/image\/\"}}]}<\/script>\n<!-- \/ Yoast SEO plugin. -->","yoast_head_json":{"title":"Rialto Hotel & C\u00e0 Rialto House - Hotel Rialto -","description":"Endlich in Venedig, endlich in Rialto, wo man den Zauber Venedigs an einem einzigartigen Ort erleben kann. Mitten im Herzen von Venedig, direkt an der Rialto-Br\u00fccke, und eine der sch\u00f6nsten St\u00e4dte der Welt wartet nur darauf, entdeckt zu werden. Rialto Unique Experience freut sich, seinen G\u00e4sten f\u00fcr einen Traumurlaub in Venedig nach Wunsch drei verschiedene Unterbringungen anbieten zu k\u00f6nnen..","robots":{"index":"index","follow":"follow","max-snippet":"max-snippet:-1","max-image-preview":"max-image-preview:large","max-video-preview":"max-video-preview:-1"},"canonical":"https:\/\/www.rialtohotel.com\/de\/","og_locale":"de_DE","og_type":"article","og_title":"Rialto Hotel & C\u00e0 Rialto House - Hotel Rialto -","og_description":"Endlich in Venedig, endlich in Rialto, wo man den Zauber Venedigs an einem einzigartigen Ort erleben kann. Mitten im Herzen von Venedig, direkt an der Rialto-Br\u00fccke, und eine der sch\u00f6nsten St\u00e4dte der Welt wartet nur darauf, entdeckt zu werden. Rialto Unique Experience freut sich, seinen G\u00e4sten f\u00fcr einen Traumurlaub in Venedig nach Wunsch drei verschiedene Unterbringungen anbieten zu k\u00f6nnen..","og_url":"https:\/\/www.rialtohotel.com\/de\/","og_site_name":"Hotel Rialto","article_modified_time":"2026-02-24T06:59:17+00:00","twitter_card":"summary_large_image","twitter_misc":{"Est. reading time":"1\u00a0Minute"},"schema":{"@context":"https:\/\/schema.org","@graph":[{"@type":"WebPage","@id":"https:\/\/www.rialtohotel.com\/de\/","url":"https:\/\/www.rialtohotel.com\/de\/","name":"Rialto Hotel & C\u00e0 Rialto House - Hotel Rialto -","isPartOf":{"@id":"https:\/\/www.rialtohotel.com\/de\/#website"},"datePublished":"2026-01-13T14:16:42+00:00","dateModified":"2026-02-24T06:59:17+00:00","description":"Endlich in Venedig, endlich in Rialto, wo man den Zauber Venedigs an einem einzigartigen Ort erleben kann. Mitten im Herzen von Venedig, direkt an der Rialto-Br\u00fccke, und eine der sch\u00f6nsten St\u00e4dte der Welt wartet nur darauf, entdeckt zu werden. Rialto Unique Experience freut sich, seinen G\u00e4sten f\u00fcr einen Traumurlaub in Venedig nach Wunsch drei verschiedene Unterbringungen anbieten zu k\u00f6nnen..","breadcrumb":{"@id":"https:\/\/www.rialtohotel.com\/de\/#breadcrumb"},"inLanguage":"de","potentialAction":[{"@type":"ReadAction","target":["https:\/\/www.rialtohotel.com\/de\/"]}]},{"@type":"BreadcrumbList","@id":"https:\/\/www.rialtohotel.com\/de\/#breadcrumb","itemListElement":[{"@type":"ListItem","position":1,"name":"Home","item":"https:\/\/www.rialtohotel.com\/de\/"},{"@type":"ListItem","position":2,"name":"Rialto Hotel &#038; C\u00e0 Rialto House"}]},{"@type":"WebSite","@id":"https:\/\/www.rialtohotel.com\/de\/#website","url":"https:\/\/www.rialtohotel.com\/de\/","name":"Hotel Rialto","description":"","publisher":{"@id":"https:\/\/www.rialtohotel.com\/de\/#organization"},"potentialAction":[{"@type":"SearchAction","target":{"@type":"EntryPoint","urlTemplate":"https:\/\/www.rialtohotel.com\/de\/?s={search_term_string}"},"query-input":{"@type":"PropertyValueSpecification","valueRequired":true,"valueName":"search_term_string"}}],"inLanguage":"de"},{"@type":"Organization","@id":"https:\/\/www.rialtohotel.com\/de\/#organization","name":"Hotel Rialto","url":"https:\/\/www.rialtohotel.com\/de\/","logo":{"@type":"ImageObject","inLanguage":"de","@id":"https:\/\/www.rialtohotel.com\/de\/#\/schema\/logo\/image\/","url":"https:\/\/www.rialtohotel.com\/wp-content\/uploads\/sites\/47\/2026\/01\/hotel_rialto_logo_c.svg","contentUrl":"https:\/\/www.rialtohotel.com\/wp-content\/uploads\/sites\/47\/2026\/01\/hotel_rialto_logo_c.svg","width":511,"height":193,"caption":"Hotel Rialto"},"image":{"@id":"https:\/\/www.rialtohotel.com\/de\/#\/schema\/logo\/image\/"}}]}},"acf":[],"_links":{"self":[{"href":"https:\/\/www.rialtohotel.com\/de\/wp-json\/wp\/v2\/pages\/246","targetHints":{"allow":["GET"]}}],"collection":[{"href":"https:\/\/www.rialtohotel.com\/de\/wp-json\/wp\/v2\/pages"}],"about":[{"href":"https:\/\/www.rialtohotel.com\/de\/wp-json\/wp\/v2\/types\/page"}],"author":[{"embeddable":true,"href":"https:\/\/www.rialtohotel.com\/de\/wp-json\/wp\/v2\/users\/6"}],"replies":[{"embeddable":true,"href":"https:\/\/www.rialtohotel.com\/de\/wp-json\/wp\/v2\/comments?post=246"}],"version-history":[{"count":0,"href":"https:\/\/www.rialtohotel.com\/de\/wp-json\/wp\/v2\/pages\/246\/revisions"}],"wp:attachment":[{"href":"https:\/\/www.rialtohotel.com\/de\/wp-json\/wp\/v2\/media?parent=246"}],"curies":[{"name":"wp","href":"https:\/\/api.w.org\/{rel}","templated":true}]}}